{"id":4698,"date":"2019-11-05T21:15:41","date_gmt":"2019-11-05T20:15:41","guid":{"rendered":"https:\/\/dataworld.com\/?page_id=4698"},"modified":"2023-05-30T12:38:35","modified_gmt":"2023-05-30T10:38:35","slug":"sap-digital-asset-management","status":"publish","type":"page","link":"https:\/\/dataworld.com\/es\/soluciones\/sap-digital-asset-management\/","title":{"rendered":"Sistema de Gesti\u00f3n de Activos Digitales de SAP"},"content":{"rendered":"<p><section class=\"kc-elm kc-css-12806 kc_row\"><div class=\"kc-row-container  kc-container\"><div class=\"kc-wrap-columns\"><div class=\"kc-elm kc-css-753590 kc_col-sm-12 kc_column kc_col-sm-12\"><div class=\"kc-col-container\"><div class=\"kc-elm kc-css-671709 kc-raw-code\">\n\t\t\t<!-- START SAP DAM ES REVOLUTION SLIDER 6.7.41 --><p class=\"rs-p-wp-fix\"><\/p>\n\t\t\t<rs-module-wrap id=\"rev_slider_155_1_wrapper\" data-source=\"gallery\" style=\"visibility:hidden;background:#b3b3aa;padding:0;margin:0px auto;margin-top:0;margin-bottom:0;\">\n\t\t\t\t<rs-module id=\"rev_slider_155_1\" style=\"\" data-version=\"6.7.41\">\n\t\t\t\t\t<rs-slides style=\"overflow: hidden; position: absolute;\">\n\t\t\t\t\t\t<rs-slide style=\"position: absolute;\" data-key=\"rs-245\" data-title=\"Slide\" data-anim=\"ms:1000;r:0;\" data-in=\"o:0;\" data-out=\"a:false;\">\n\t\t\t\t\t\t\t<img decoding=\"async\" src=\"\/\/dataworld.com\/wp-content\/plugins\/revslider\/sr6\/assets\/assets\/dummy.png\" alt=\"Slide\" title=\"Sistema de Gesti\u00f3n de Activos Digitales de SAP\" class=\"rev-slidebg tp-rs-img rs-lazyload\" data-lazyload=\"\/\/dataworld.com\/wp-content\/plugins\/revslider\/sr6\/assets\/assets\/transparent.png\" data-bg=\"c:#b3b3aa;\" data-no-retina>\n<!--\n\t\t\t\t\t\t\t--><rs-layer\n\t\t\t\t\t\t\t\tid=\"slider-155-slide-245-layer-0\" \n\t\t\t\t\t\t\t\tdata-type=\"text\"\n\t\t\t\t\t\t\t\tdata-rsp_ch=\"on\"\n\t\t\t\t\t\t\t\tdata-xy=\"x:c;yo:100px,82px,62px,38px;\"\n\t\t\t\t\t\t\t\tdata-text=\"w:normal;l:22,18,13,8;\"\n\t\t\t\t\t\t\t\tdata-frame_999=\"o:0;st:w;\"\n\t\t\t\t\t\t\t\tstyle=\"z-index:5;font-family:'Raleway';\"\n\t\t\t\t\t\t\t>SAP Digital Asset Management (DAM) \n\t\t\t\t\t\t\t<\/rs-layer><!--\n\n\t\t\t\t\t\t\t--><rs-layer\n\t\t\t\t\t\t\t\tid=\"slider-155-slide-245-layer-1\" \n\t\t\t\t\t\t\t\tdata-type=\"text\"\n\t\t\t\t\t\t\t\tdata-rsp_ch=\"on\"\n\t\t\t\t\t\t\t\tdata-xy=\"x:c;yo:155px,128px,97px,59px;\"\n\t\t\t\t\t\t\t\tdata-text=\"w:normal;s:40,33,25,15;l:40,33,25,15;fw:700;\"\n\t\t\t\t\t\t\t\tdata-frame_999=\"o:0;st:w;\"\n\t\t\t\t\t\t\t\tstyle=\"z-index:6;font-family:'Roboto';\"\n\t\t\t\t\t\t\t>Todo sobre la gesti\u00f3n de activos digitales \n\t\t\t\t\t\t\t<\/rs-layer><!--\n-->\t\t\t\t\t<\/rs-slide>\n\t\t\t\t\t<\/rs-slides>\n\t\t\t\t<\/rs-module>\n\t\t\t\t<script>\n\t\t\t\t\tsetREVStartSize({c: 'rev_slider_155_1',rl:[1240,1024,778,480],el:[300,768,960,720],gw:[1240,1024,778,480],gh:[300,330,251,155],type:'standard',justify:'',layout:'fullwidth',mh:\"0\"});if (window.RS_MODULES!==undefined && window.RS_MODULES.modules!==undefined && window.RS_MODULES.modules[\"revslider1551\"]!==undefined) {window.RS_MODULES.modules[\"revslider1551\"].once = false;window.revapi155 = undefined;if (window.RS_MODULES.checkMinimal!==undefined) window.RS_MODULES.checkMinimal()}\n\t\t\t\t<\/script>\n\t\t\t<\/rs-module-wrap>\n\t\t\t<!-- END REVOLUTION SLIDER -->\n<\/div><div class=\"kc-elm kc-css-972036\" style=\"height: 80px; clear: both; width:100%;\"><\/div><\/div><\/div><\/div><\/div><\/section><section class=\"kc-elm kc-css-321718 kc_row\"><div class=\"kc-row-container  kc-container\"><div class=\"kc-wrap-columns\"><div class=\"kc-elm kc-css-398251 kc_col-sm-8 kc_column kc_col-sm-8\"><div class=\"kc-col-container\">\n<div class=\"kc-elm kc-css-993447 kc-title-wrap \">\n\n\t<h1 class=\"kc_title\">\u00bfQu\u00e9 es el Sistema de Gesti\u00f3n de Activos Digitales?<\/h1>\n<\/div>\n<div class=\"kc-elm kc-css-48077\" style=\"height: 20px; clear: both; width:100%;\"><\/div><div class=\"kc-elm kc-css-833394 kc_text_block\"><\/p>\n<p>La soluci\u00f3n SAP\u00ae Digital Asset Management de OpenText ayuda a las empresas de publicidad, marketing y ventas a optimizar la gesti\u00f3n de los activos de medios, como texto, im\u00e1genes, gr\u00e1ficos, v\u00eddeo, dise\u00f1os y m\u00e1s. Puede crear, administrar y reutilizar contenido de manera eficiente en toda la empresa, y en todos los canales, creando v\u00ednculos entre los activos digitales y los datos de sus productos y clientes en aplicaciones empresariales. El resultado es una mayor productividad y creatividad, un mejor control sobre la marca y la medici\u00f3n en todos los canales, menores costos y mayores rendimientos de los activos digitales.<\/p>\n<p><span style=\"font-style: inherit;\">La importaci\u00f3n y exportaci\u00f3n de archivos y su enriquecimiento con informaci\u00f3n adicional se encuentran entre las funciones principales de un Sistema de Gesti\u00f3n de Activos Digitales de SAP\u00ae. Otras funciones importantes son la b\u00fasqueda y visualizaci\u00f3n de contenidos. DAM le permite realizar b\u00fasquedas r\u00e1pidas y espec\u00edficas, lo que aumenta la productividad de sus empleados.<\/span><\/p>\n<p>\n<\/div><div class=\"kc-elm kc-css-871612\" style=\"height: 40px; clear: both; width:100%;\"><\/div>\n<div class=\"kc-elm kc-css-2540 kc-title-wrap \">\n\n\t<h1 class=\"kc_title\">Funciones de la Gesti\u00f3n de Activos Digitales <\/h1>\n<\/div>\n<div class=\"kc-elm kc-css-726864\" style=\"height: 20px; clear: both; width:100%;\"><\/div><div class=\"kc-elm kc-css-365592 kc_text_block\"><\/p>\n<p><span style=\"font-style: inherit;\">La importaci\u00f3n y exportaci\u00f3n de archivos y su enriquecimiento con informaci\u00f3n adicional se encuentran entre las funciones principales de un Sistema de Gesti\u00f3n de Activos Digitales de SAP\u00ae. Otras funciones importantes son la b\u00fasqueda y visualizaci\u00f3n de contenidos. DAM le permite realizar b\u00fasquedas r\u00e1pidas y espec\u00edficas, lo que aumenta la productividad de sus empleados.<\/span><\/p>\n<p>\n<\/div><div class=\"kc-elm kc-css-198900\" style=\"height: 20px; clear: both; width:100%;\"><\/div><div class=\"kc-elm kc-css-971768 kc-raw-code\"><style>.embed-container { position: relative; padding-bottom: 56.25%; height: 0; overflow: hidden; max-width: 100%; } .embed-container iframe, .embed-container object, .embed-container embed { position: absolute; top: 0; left: 0; width: 100%; height: 100%; }<\/style><div class='embed-container'><iframe src='https:\/\/www.youtube.com\/embed\/8tIFM3fULbw' frameborder='0' allowfullscreen><\/iframe><\/div><\/div><div class=\"kc-elm kc-css-351601\" style=\"height: 80px; clear: both; width:100%;\"><\/div>\n<div class=\"kc-elm kc-css-797740 kc-title-wrap \">\n\n\t<h1 class=\"kc_title\">\u00bfPor qu\u00e9 necesitas un sistema DAM?<\/h1>\n<\/div>\n<div class=\"kc-elm kc-css-681649\" style=\"height: 20px; clear: both; width:100%;\"><\/div><div class=\"kc-elm kc-css-677441 kc_text_block\"><\/p>\n<p>A medida que aumenta el volumen de los activos digitales, tambi\u00e9n lo hace el esfuerzo de coordinaci\u00f3n y el riesgo de duplicaci\u00f3n. Las soluciones de Gesti\u00f3n de Activos Digitales para SAP pueden ayudar aqu\u00ed. Al almacenar los activos de forma centralizada, diferentes partes pueden acceder al mismo contenido y editarlo de la misma manera que las autorizaciones establecidas en el sistema. De esta manera, se consolidan los archivos almacenados de forma descentralizada y de diferentes versiones.<\/p>\n<p>\n<\/div><div class=\"kc-elm kc-css-897240\" style=\"height: 40px; clear: both; width:100%;\"><\/div>\n<div class=\"kc-elm kc-css-887439\">\n\t<a class=\"kc_button\" href=\"https:\/\/dataworld.com\/wp-content\/uploads\/2019\/11\/Digital-Asset-Management.pdf\" target=\"_self\" title=\"\" onclick=\"\">\n\t\tObtenga m\u00e1s informaci\u00f3n en el resumen de la soluci\u00f3n de SAP \t<\/a>\n<\/div>\n<div class=\"kc-elm kc-css-148499\" style=\"height: 80px; clear: both; width:100%;\"><\/div><div class=\"kc-elm kc-css-111774 kc_row kc_row_inner\"><div class=\"kc-elm kc-css-614808 kc_col-sm-6 kc_column_inner kc_col-sm-6\"><div class=\"kc_wrapper kc-col-inner-container\"><div class=\"kc-elm kc-css-111222\" style=\"height: 40px; clear: both; width:100%;\"><\/div><div class=\"kc-elm kc-css-151973 kc_shortcode kc_single_image\">\n\n        <a rel=\"prettyPhoto\" class=\"kc-pretty-photo\" href=\"https:\/\/dataworld.com\/wp-content\/uploads\/2019\/11\/opentext-dam-1.png\" title=\"\" target=\"\">\n        <img decoding=\"async\" src=\"https:\/\/dataworld.com\/wp-content\/uploads\/2019\/11\/opentext-dam-1.png\" class=\"\" alt=\"\" \/>    <\/a>\n    <\/div>\n<div class=\"kc-elm kc-css-372694\" style=\"height: 40px; clear: both; width:100%;\"><\/div><\/div><\/div><div class=\"kc-elm kc-css-948555 kc_col-sm-6 kc_column_inner kc_col-sm-6\"><div class=\"kc_wrapper kc-col-inner-container\"><div class=\"kc-elm kc-css-853138\" style=\"height: 80px; clear: both; width:100%;\"><\/div><div class=\"kc-elm kc-css-222643 kc_shortcode kc_single_image\">\n\n        <a rel=\"prettyPhoto\" class=\"kc-pretty-photo\" href=\"https:\/\/dataworld.com\/wp-content\/uploads\/2021\/10\/download.png\" title=\"\" target=\"\">\n        <img decoding=\"async\" src=\"https:\/\/dataworld.com\/wp-content\/uploads\/2021\/10\/download.png\" class=\"\" alt=\"\" \/>    <\/a>\n    <\/div>\n<div class=\"kc-elm kc-css-358188\" style=\"height: 40px; clear: both; width:100%;\"><\/div><\/div><\/div><\/div><\/div><\/div><div class=\"kc-elm kc-css-802592 kc_col-sm-4 kc_column kc_col-sm-4\"><div class=\"kc-col-container\"><div class=\"kc-elm kc-css-402699 kc_text_block\"><\/p>\n<h2><strong>Thomas Schenk<\/strong><\/h2>\n<p><img loading=\"lazy\" decoding=\"async\" class=\"alignnone size-medium\" src=\"https:\/\/dataworld.com\/wp-content\/uploads\/2019\/11\/3F0A1121-1.jpg\" alt=\"\" width=\"2110\" height=\"1407\"><\/p>\n<p>Cont\u00e1ctame para m\u00e1s informaci\u00f3n:<br \/>+41 58 591 90 00<br \/><a href=\"mailto:thomas.schenk@dataworld.com\">thomas.schenk@dataworld.com<\/a><\/p>\n<p>\n<\/div><div class=\"kc-elm kc-css-677520 list-post-type list-post category \">No posts found<\/div><\/div><\/div><\/div><\/div><\/section><\/p>\n","protected":false},"excerpt":{"rendered":"","protected":false},"author":2,"featured_media":0,"parent":4463,"menu_order":0,"comment_status":"closed","ping_status":"closed","template":"","meta":{"footnotes":""},"class_list":["post-4698","page","type-page","status-publish","hentry"],"yoast_head":"<!-- This site is optimized with the Yoast SEO plugin v27.3 - https:\/\/yoast.com\/product\/yoast-seo-wordpress\/ -->\n<title>Sistema de Gesti\u00f3n de Activos Digitales de SAP - dataworld<\/title>\n<meta name=\"robots\" content=\"index, follow, max-snippet:-1, max-image-preview:large, max-video-preview:-1\" \/>\n<link rel=\"canonical\" href=\"https:\/\/dataworld.com\/es\/soluciones\/sap-digital-asset-management\/\" \/>\n<meta property=\"og:locale\" content=\"es_ES\" \/>\n<meta property=\"og:type\" content=\"article\" \/>\n<meta property=\"og:title\" content=\"Sistema de Gesti\u00f3n de Activos Digitales de SAP - dataworld\" \/>\n<meta property=\"og:description\" content=\"\u00bfQu\u00e9 es el Sistema de Gesti\u00f3n de Activos Digitales? La soluci\u00f3n SAP\u00ae Digital Asset Management de OpenText ayuda a las empresas de publicidad, marketing y ventas a optimizar la gesti\u00f3n de los activos de medios, como texto, im\u00e1genes, gr\u00e1ficos, v\u00eddeo, dise\u00f1os y m\u00e1s. Puede crear, administrar y reutilizar contenido de manera eficiente en toda la [&hellip;]\" \/>\n<meta property=\"og:url\" content=\"https:\/\/dataworld.com\/es\/soluciones\/sap-digital-asset-management\/\" \/>\n<meta property=\"og:site_name\" content=\"dataworld\" \/>\n<meta property=\"article:publisher\" content=\"https:\/\/www.facebook.com\/dataworldconsulting\/\" \/>\n<meta property=\"article:modified_time\" content=\"2023-05-30T10:38:35+00:00\" \/>\n<meta property=\"og:image\" content=\"https:\/\/dataworld.com\/wp-content\/uploads\/2019\/11\/opentext-dam-1.png\" \/>\n<meta name=\"twitter:card\" content=\"summary_large_image\" \/>\n<meta name=\"twitter:site\" content=\"@dW_dataworld\" \/>\n<meta name=\"twitter:label1\" content=\"Tiempo de lectura\" \/>\n\t<meta name=\"twitter:data1\" content=\"2 minutos\" \/>\n<script type=\"application\/ld+json\" class=\"yoast-schema-graph\">{\"@context\":\"https:\\\/\\\/schema.org\",\"@graph\":[{\"@type\":\"WebPage\",\"@id\":\"https:\\\/\\\/dataworld.com\\\/es\\\/soluciones\\\/sap-digital-asset-management\\\/\",\"url\":\"https:\\\/\\\/dataworld.com\\\/es\\\/soluciones\\\/sap-digital-asset-management\\\/\",\"name\":\"Sistema de Gesti\u00f3n de Activos Digitales de SAP - dataworld\",\"isPartOf\":{\"@id\":\"https:\\\/\\\/dataworld.com\\\/es\\\/#website\"},\"primaryImageOfPage\":{\"@id\":\"https:\\\/\\\/dataworld.com\\\/es\\\/soluciones\\\/sap-digital-asset-management\\\/#primaryimage\"},\"image\":{\"@id\":\"https:\\\/\\\/dataworld.com\\\/es\\\/soluciones\\\/sap-digital-asset-management\\\/#primaryimage\"},\"thumbnailUrl\":\"https:\\\/\\\/dataworld.com\\\/wp-content\\\/uploads\\\/2019\\\/11\\\/opentext-dam-1.png\",\"datePublished\":\"2019-11-05T20:15:41+00:00\",\"dateModified\":\"2023-05-30T10:38:35+00:00\",\"breadcrumb\":{\"@id\":\"https:\\\/\\\/dataworld.com\\\/es\\\/soluciones\\\/sap-digital-asset-management\\\/#breadcrumb\"},\"inLanguage\":\"es\",\"potentialAction\":[{\"@type\":\"ReadAction\",\"target\":[\"https:\\\/\\\/dataworld.com\\\/es\\\/soluciones\\\/sap-digital-asset-management\\\/\"]}]},{\"@type\":\"ImageObject\",\"inLanguage\":\"es\",\"@id\":\"https:\\\/\\\/dataworld.com\\\/es\\\/soluciones\\\/sap-digital-asset-management\\\/#primaryimage\",\"url\":\"https:\\\/\\\/dataworld.com\\\/wp-content\\\/uploads\\\/2019\\\/11\\\/opentext-dam-1.png\",\"contentUrl\":\"https:\\\/\\\/dataworld.com\\\/wp-content\\\/uploads\\\/2019\\\/11\\\/opentext-dam-1.png\"},{\"@type\":\"BreadcrumbList\",\"@id\":\"https:\\\/\\\/dataworld.com\\\/es\\\/soluciones\\\/sap-digital-asset-management\\\/#breadcrumb\",\"itemListElement\":[{\"@type\":\"ListItem\",\"position\":1,\"name\":\"Home\",\"item\":\"https:\\\/\\\/dataworld.com\\\/es\\\/\"},{\"@type\":\"ListItem\",\"position\":2,\"name\":\"Soluciones\",\"item\":\"https:\\\/\\\/dataworld.com\\\/es\\\/soluciones\\\/\"},{\"@type\":\"ListItem\",\"position\":3,\"name\":\"Sistema de Gesti\u00f3n de Activos Digitales de SAP\"}]},{\"@type\":\"WebSite\",\"@id\":\"https:\\\/\\\/dataworld.com\\\/es\\\/#website\",\"url\":\"https:\\\/\\\/dataworld.com\\\/es\\\/\",\"name\":\"dataworld\",\"description\":\"wir gestalten Ihre S4 Journey\",\"publisher\":{\"@id\":\"https:\\\/\\\/dataworld.com\\\/es\\\/#organization\"},\"potentialAction\":[{\"@type\":\"SearchAction\",\"target\":{\"@type\":\"EntryPoint\",\"urlTemplate\":\"https:\\\/\\\/dataworld.com\\\/es\\\/?s={search_term_string}\"},\"query-input\":{\"@type\":\"PropertyValueSpecification\",\"valueRequired\":true,\"valueName\":\"search_term_string\"}}],\"inLanguage\":\"es\"},{\"@type\":\"Organization\",\"@id\":\"https:\\\/\\\/dataworld.com\\\/es\\\/#organization\",\"name\":\"Data Work Consulting AG\",\"url\":\"https:\\\/\\\/dataworld.com\\\/es\\\/\",\"logo\":{\"@type\":\"ImageObject\",\"inLanguage\":\"es\",\"@id\":\"https:\\\/\\\/dataworld.com\\\/es\\\/#\\\/schema\\\/logo\\\/image\\\/\",\"url\":\"https:\\\/\\\/dataworld.com\\\/wp-content\\\/uploads\\\/2019\\\/11\\\/Quadrat.jpg\",\"contentUrl\":\"https:\\\/\\\/dataworld.com\\\/wp-content\\\/uploads\\\/2019\\\/11\\\/Quadrat.jpg\",\"width\":378,\"height\":378,\"caption\":\"Data Work Consulting AG\"},\"image\":{\"@id\":\"https:\\\/\\\/dataworld.com\\\/es\\\/#\\\/schema\\\/logo\\\/image\\\/\"},\"sameAs\":[\"https:\\\/\\\/www.facebook.com\\\/dataworldconsulting\\\/\",\"https:\\\/\\\/x.com\\\/dW_dataworld\"]}]}<\/script>\n<!-- \/ Yoast SEO plugin. -->","yoast_head_json":{"title":"Sistema de Gesti\u00f3n de Activos Digitales de SAP - dataworld","robots":{"index":"index","follow":"follow","max-snippet":"max-snippet:-1","max-image-preview":"max-image-preview:large","max-video-preview":"max-video-preview:-1"},"canonical":"https:\/\/dataworld.com\/es\/soluciones\/sap-digital-asset-management\/","og_locale":"es_ES","og_type":"article","og_title":"Sistema de Gesti\u00f3n de Activos Digitales de SAP - dataworld","og_description":"\u00bfQu\u00e9 es el Sistema de Gesti\u00f3n de Activos Digitales? La soluci\u00f3n SAP\u00ae Digital Asset Management de OpenText ayuda a las empresas de publicidad, marketing y ventas a optimizar la gesti\u00f3n de los activos de medios, como texto, im\u00e1genes, gr\u00e1ficos, v\u00eddeo, dise\u00f1os y m\u00e1s. Puede crear, administrar y reutilizar contenido de manera eficiente en toda la [&hellip;]","og_url":"https:\/\/dataworld.com\/es\/soluciones\/sap-digital-asset-management\/","og_site_name":"dataworld","article_publisher":"https:\/\/www.facebook.com\/dataworldconsulting\/","article_modified_time":"2023-05-30T10:38:35+00:00","og_image":[{"url":"https:\/\/dataworld.com\/wp-content\/uploads\/2019\/11\/opentext-dam-1.png","type":"","width":"","height":""}],"twitter_card":"summary_large_image","twitter_site":"@dW_dataworld","twitter_misc":{"Tiempo de lectura":"2 minutos"},"schema":{"@context":"https:\/\/schema.org","@graph":[{"@type":"WebPage","@id":"https:\/\/dataworld.com\/es\/soluciones\/sap-digital-asset-management\/","url":"https:\/\/dataworld.com\/es\/soluciones\/sap-digital-asset-management\/","name":"Sistema de Gesti\u00f3n de Activos Digitales de SAP - dataworld","isPartOf":{"@id":"https:\/\/dataworld.com\/es\/#website"},"primaryImageOfPage":{"@id":"https:\/\/dataworld.com\/es\/soluciones\/sap-digital-asset-management\/#primaryimage"},"image":{"@id":"https:\/\/dataworld.com\/es\/soluciones\/sap-digital-asset-management\/#primaryimage"},"thumbnailUrl":"https:\/\/dataworld.com\/wp-content\/uploads\/2019\/11\/opentext-dam-1.png","datePublished":"2019-11-05T20:15:41+00:00","dateModified":"2023-05-30T10:38:35+00:00","breadcrumb":{"@id":"https:\/\/dataworld.com\/es\/soluciones\/sap-digital-asset-management\/#breadcrumb"},"inLanguage":"es","potentialAction":[{"@type":"ReadAction","target":["https:\/\/dataworld.com\/es\/soluciones\/sap-digital-asset-management\/"]}]},{"@type":"ImageObject","inLanguage":"es","@id":"https:\/\/dataworld.com\/es\/soluciones\/sap-digital-asset-management\/#primaryimage","url":"https:\/\/dataworld.com\/wp-content\/uploads\/2019\/11\/opentext-dam-1.png","contentUrl":"https:\/\/dataworld.com\/wp-content\/uploads\/2019\/11\/opentext-dam-1.png"},{"@type":"BreadcrumbList","@id":"https:\/\/dataworld.com\/es\/soluciones\/sap-digital-asset-management\/#breadcrumb","itemListElement":[{"@type":"ListItem","position":1,"name":"Home","item":"https:\/\/dataworld.com\/es\/"},{"@type":"ListItem","position":2,"name":"Soluciones","item":"https:\/\/dataworld.com\/es\/soluciones\/"},{"@type":"ListItem","position":3,"name":"Sistema de Gesti\u00f3n de Activos Digitales de SAP"}]},{"@type":"WebSite","@id":"https:\/\/dataworld.com\/es\/#website","url":"https:\/\/dataworld.com\/es\/","name":"dataworld","description":"wir gestalten Ihre S4 Journey","publisher":{"@id":"https:\/\/dataworld.com\/es\/#organization"},"potentialAction":[{"@type":"SearchAction","target":{"@type":"EntryPoint","urlTemplate":"https:\/\/dataworld.com\/es\/?s={search_term_string}"},"query-input":{"@type":"PropertyValueSpecification","valueRequired":true,"valueName":"search_term_string"}}],"inLanguage":"es"},{"@type":"Organization","@id":"https:\/\/dataworld.com\/es\/#organization","name":"Data Work Consulting AG","url":"https:\/\/dataworld.com\/es\/","logo":{"@type":"ImageObject","inLanguage":"es","@id":"https:\/\/dataworld.com\/es\/#\/schema\/logo\/image\/","url":"https:\/\/dataworld.com\/wp-content\/uploads\/2019\/11\/Quadrat.jpg","contentUrl":"https:\/\/dataworld.com\/wp-content\/uploads\/2019\/11\/Quadrat.jpg","width":378,"height":378,"caption":"Data Work Consulting AG"},"image":{"@id":"https:\/\/dataworld.com\/es\/#\/schema\/logo\/image\/"},"sameAs":["https:\/\/www.facebook.com\/dataworldconsulting\/","https:\/\/x.com\/dW_dataworld"]}]}},"_links":{"self":[{"href":"https:\/\/dataworld.com\/es\/wp-json\/wp\/v2\/pages\/4698","targetHints":{"allow":["GET"]}}],"collection":[{"href":"https:\/\/dataworld.com\/es\/wp-json\/wp\/v2\/pages"}],"about":[{"href":"https:\/\/dataworld.com\/es\/wp-json\/wp\/v2\/types\/page"}],"author":[{"embeddable":true,"href":"https:\/\/dataworld.com\/es\/wp-json\/wp\/v2\/users\/2"}],"replies":[{"embeddable":true,"href":"https:\/\/dataworld.com\/es\/wp-json\/wp\/v2\/comments?post=4698"}],"version-history":[{"count":18,"href":"https:\/\/dataworld.com\/es\/wp-json\/wp\/v2\/pages\/4698\/revisions"}],"predecessor-version":[{"id":9834,"href":"https:\/\/dataworld.com\/es\/wp-json\/wp\/v2\/pages\/4698\/revisions\/9834"}],"up":[{"embeddable":true,"href":"https:\/\/dataworld.com\/es\/wp-json\/wp\/v2\/pages\/4463"}],"wp:attachment":[{"href":"https:\/\/dataworld.com\/es\/wp-json\/wp\/v2\/media?parent=4698"}],"curies":[{"name":"wp","href":"https:\/\/api.w.org\/{rel}","templated":true}]}}