{"id":4691,"date":"2020-06-17T09:11:18","date_gmt":"2020-06-17T07:11:18","guid":{"rendered":"https:\/\/dataworld.com\/?page_id=4691"},"modified":"2023-05-30T12:44:07","modified_gmt":"2023-05-30T10:44:07","slug":"crm-sap-c-4hana-sales-cloud","status":"publish","type":"page","link":"https:\/\/dataworld.com\/es\/soluciones\/crm-sap-c-4hana-sales-cloud\/","title":{"rendered":"SAP Sales Cloud"},"content":{"rendered":"<p><section class=\"kc-elm kc-css-432139 kc_row\"><div class=\"kc-row-container  kc-container\"><div class=\"kc-wrap-columns\"><div class=\"kc-elm kc-css-924251 kc_col-sm-12 kc_column kc_col-sm-12\"><div class=\"kc-col-container\"><div class=\"kc-elm kc-css-169242 kc-raw-code\">\n\t\t\t<!-- START SAP Sales Cloud ES REVOLUTION SLIDER 6.7.41 --><p class=\"rs-p-wp-fix\"><\/p>\n\t\t\t<rs-module-wrap id=\"rev_slider_183_1_wrapper\" data-source=\"gallery\" style=\"visibility:hidden;background:#b3b3aa;padding:0;margin:0px auto;margin-top:0;margin-bottom:0;\">\n\t\t\t\t<rs-module id=\"rev_slider_183_1\" style=\"\" data-version=\"6.7.41\">\n\t\t\t\t\t<rs-slides style=\"overflow: hidden; position: absolute;\">\n\t\t\t\t\t\t<rs-slide style=\"position: absolute;\" data-key=\"rs-277\" data-title=\"Slide\" data-anim=\"ms:1000;r:0;\" data-in=\"o:0;\" data-out=\"a:false;\">\n\t\t\t\t\t\t\t<img decoding=\"async\" src=\"\/\/dataworld.com\/wp-content\/plugins\/revslider\/sr6\/assets\/assets\/dummy.png\" alt=\"Slide\" title=\"SAP Sales Cloud\" class=\"rev-slidebg tp-rs-img rs-lazyload\" data-lazyload=\"\/\/dataworld.com\/wp-content\/plugins\/revslider\/sr6\/assets\/assets\/transparent.png\" data-bg=\"c:#b3b3aa;\" data-no-retina>\n<!--\n\t\t\t\t\t\t\t--><rs-layer\n\t\t\t\t\t\t\t\tid=\"slider-183-slide-277-layer-0\" \n\t\t\t\t\t\t\t\tdata-type=\"text\"\n\t\t\t\t\t\t\t\tdata-rsp_ch=\"on\"\n\t\t\t\t\t\t\t\tdata-xy=\"x:c;yo:100px,82px,62px,38px;\"\n\t\t\t\t\t\t\t\tdata-text=\"w:normal;l:22,18,13,8;\"\n\t\t\t\t\t\t\t\tdata-frame_999=\"o:0;st:w;\"\n\t\t\t\t\t\t\t\tstyle=\"z-index:5;font-family:'Raleway';\"\n\t\t\t\t\t\t\t>SAP Sales Cloud \n\t\t\t\t\t\t\t<\/rs-layer><!--\n\n\t\t\t\t\t\t\t--><rs-layer\n\t\t\t\t\t\t\t\tid=\"slider-183-slide-277-layer-1\" \n\t\t\t\t\t\t\t\tdata-type=\"text\"\n\t\t\t\t\t\t\t\tdata-rsp_ch=\"on\"\n\t\t\t\t\t\t\t\tdata-xy=\"x:c;yo:155px,128px,97px,59px;\"\n\t\t\t\t\t\t\t\tdata-text=\"w:normal;s:40,33,25,15;l:40,33,25,15;fw:700;a:center;\"\n\t\t\t\t\t\t\t\tdata-dim=\"w:1019px,841px,638px,403px;\"\n\t\t\t\t\t\t\t\tdata-frame_999=\"o:0;st:w;\"\n\t\t\t\t\t\t\t\tstyle=\"z-index:6;font-family:'Roboto';\"\n\t\t\t\t\t\t\t>La base para unas transacciones comerciales m\u00e1s eficientes y r\u00e1pidas \n\t\t\t\t\t\t\t<\/rs-layer><!--\n-->\t\t\t\t\t<\/rs-slide>\n\t\t\t\t\t<\/rs-slides>\n\t\t\t\t<\/rs-module>\n\t\t\t\t<script>\n\t\t\t\t\tsetREVStartSize({c: 'rev_slider_183_1',rl:[1240,1024,778,480],el:[300,330,251,155],gw:[1240,1024,778,480],gh:[300,330,251,155],type:'standard',justify:'',layout:'fullwidth',mh:\"0\"});if (window.RS_MODULES!==undefined && window.RS_MODULES.modules!==undefined && window.RS_MODULES.modules[\"revslider1831\"]!==undefined) {window.RS_MODULES.modules[\"revslider1831\"].once = false;window.revapi183 = undefined;if (window.RS_MODULES.checkMinimal!==undefined) window.RS_MODULES.checkMinimal()}\n\t\t\t\t<\/script>\n\t\t\t<\/rs-module-wrap>\n\t\t\t<!-- END REVOLUTION SLIDER -->\n<\/div><div class=\"kc-elm kc-css-149059\" style=\"height: 80px; clear: both; width:100%;\"><\/div><\/div><\/div><\/div><\/div><\/section><section class=\"kc-elm kc-css-854736 kc_row\"><div class=\"kc-row-container  kc-container\"><div class=\"kc-wrap-columns\"><div class=\"kc-elm kc-css-665831 kc_col-sm-12 kc_column kc_col-sm-12\"><div class=\"kc-col-container\"><div class=\"kc-elm kc-css-734065 kc_row kc_row_inner\"><div class=\"kc-elm kc-css-295656 kc_col-sm-8 kc_column_inner kc_col-sm-8\"><div class=\"kc_wrapper kc-col-inner-container\">\n<div class=\"kc-elm kc-css-354333 kc-title-wrap \">\n\n\t<h1 class=\"kc_title\">Nube de ventas SAP Sales Cloud<\/h1>\n<\/div>\n<div class=\"kc-elm kc-css-626096\" style=\"height: 20px; clear: both; width:100%;\"><\/div><div class=\"kc-elm kc-css-344254 kc_text_block\"><\/p>\n<p>\nLa nube de ventas de SAP Sales Cloud es una soluci\u00f3n de ventas desarrollada para los representantes de ventas. Con SAP Sales Cloud se proporcionan todos los datos necesarios para que la soluci\u00f3n est\u00e9 disponible en cualquier momento, en cualquier lugar, cualquier dispositivo y en cualquier plataforma.<\/p>\n<p>La Nube de ventas de SAP Sales Cloud ayuda a gestionar eficazmente las interacciones diarias de ventas y servicios mediante el env\u00edo y la recepci\u00f3n de se\u00f1ales entre las soluciones de front y back office y proporcionando una visi\u00f3n unificada del cliente.<\/p>\n<p>La Nube de ventas permite la sincronizaci\u00f3n de los socios de negocio, los productos y los pedidos y la gesti\u00f3n independiente de los\u00a0<span style=\"font-style: inherit;\">potenciales\u00a0<\/span><span style=\"font-style: inherit;\">clientes, las oportunidades y las campa\u00f1as, lo que permite la gesti\u00f3n de los clientes en tiempo real de forma centralizada y las oportunidades, as\u00ed como la automatizaci\u00f3n y la creaci\u00f3n inteligente de ofertas y contratos.<\/span><\/p>\n<p>Con Sales Cloud, todos los aspectos -desde el contacto inicial con el cliente hasta la finalizaci\u00f3n del proyecto- se optimizan en una \u00fanica aplicaci\u00f3n.<\/p>\n<p>\n<\/div><div class=\"kc-elm kc-css-741651\" style=\"height: 20px; clear: both; width:100%;\"><\/div><div class=\"kc-elm kc-css-39208 kc_shortcode kc_single_image\">\n\n        <a rel=\"prettyPhoto\" class=\"kc-pretty-photo\" href=\"https:\/\/dataworld.com\/wp-content\/uploads\/2020\/06\/SAP-Sales-Cloud-2.png\" title=\"\" target=\"\">\n        <img decoding=\"async\" src=\"https:\/\/dataworld.com\/wp-content\/uploads\/2020\/06\/SAP-Sales-Cloud-2.png\" class=\"\" alt=\"\" \/>    <\/a>\n    <\/div>\n<div class=\"kc-elm kc-css-386250\" style=\"height: 80px; clear: both; width:100%;\"><\/div>\n<div class=\"kc-elm kc-css-130174 kc-title-wrap \">\n\n\t<h1 class=\"kc_title\">Sus ventajas de un vistazo<\/h1>\n<\/div>\n<div class=\"kc-elm kc-css-119639\" style=\"height: 40px; clear: both; width:100%;\"><\/div><\/div><\/div><div class=\"kc-elm kc-css-270946 kc_col-sm-4 kc_column_inner kc_col-sm-4\"><div class=\"kc_wrapper kc-col-inner-container\"><div class=\"kc-elm kc-css-452073 kc_text_block\"><\/p>\n<h2><strong>\u00a0Ismael Hares<\/strong><\/h2>\n<p><img loading=\"lazy\" decoding=\"async\" class=\"alignnone size-medium\" src=\"https:\/\/dataworld.com\/wp-content\/uploads\/2022\/08\/iha_website_v1.2.jpg\" alt=\"\" width=\"865\" height=\"579\" \/><\/p>\n<p style=\"text-align: left;\">\u00a0<span style=\"font-style: inherit;\">P\u00f3ngase en contacto conmigo para una\u00a0 \u00a0 \u00a0 \u00a0demostraci\u00f3n o m\u00e1s informaci\u00f3n:<\/span><\/p>\n<p style=\"text-align: left;\">\u00a0t +41 58 591 90 00\u00a0 \u00a0 <a href=\"http:\/\/linkedin.com\/in\/ismaelhares\" target=\"_blank\" rel=\"noopener\"><span class=\"ui-provider gr b c d e f g h i j k l m n o p q r s t u v w x y z ab ac ae af ag ah ai aj ak\" dir=\"ltr\">linkedin.com\/in\/ismaelhares<\/span><\/a><span style=\"font-style: inherit;\">\u00a0 \u00a0 \u00a0 \u00a0 \u00a0 \u00a0 \u00a0 \u00a0 \u00a0 \u00a0 \u00a0 \u00a0 \u00a0 \u00a0<\/span><\/p>\n<p>\n<\/div><\/div><\/div><\/div><div class=\"kc-elm kc-css-389957 kc_row kc_row_inner\"><div class=\"kc-elm kc-css-425104 kc_col-sm-3 kc_column_inner kc_col-sm-3\"><div class=\"kc_wrapper kc-col-inner-container\"><div class=\"kc-elm kc-css-359416 kc-icon-wrapper\">\n\t\t<i class=\"et-mobile\"><\/i>\n\t<\/div>\n<div class=\"kc-elm kc-css-527650\" style=\"height: 20px; clear: both; width:100%;\"><\/div><div class=\"kc-elm kc-css-908049 kc_text_block\"><\/p>\n<p style=\"text-align: center;\">Las funciones m\u00f3viles on-line y off-line le permiten trabajar en cualquier lugar deseado y en cualquier dispositivo<\/p>\n<p>\n<\/div><div class=\"kc-elm kc-css-496014\" style=\"height: 40px; clear: both; width:100%;\"><\/div><\/div><\/div><div class=\"kc-elm kc-css-572175 kc_col-sm-3 kc_column_inner kc_col-sm-3\"><div class=\"kc_wrapper kc-col-inner-container\"><div class=\"kc-elm kc-css-316907 kc-icon-wrapper\">\n\t\t<i class=\"et-target\"><\/i>\n\t<\/div>\n<div class=\"kc-elm kc-css-702780\" style=\"height: 20px; clear: both; width:100%;\"><\/div><div class=\"kc-elm kc-css-805834 kc_text_block\"><\/p>\n<p style=\"text-align: center;\">Gesti\u00f3n centralizada y en tiempo real de los clientes y sus oportunidades<\/p>\n<p>\n<\/div><div class=\"kc-elm kc-css-294209\" style=\"height: 40px; clear: both; width:100%;\"><\/div><\/div><\/div><div class=\"kc-elm kc-css-847774 kc_col-sm-3 kc_column_inner kc_col-sm-3\"><div class=\"kc_wrapper kc-col-inner-container\"><div class=\"kc-elm kc-css-264542 kc-icon-wrapper\">\n\t\t<i class=\"et-documents\"><\/i>\n\t<\/div>\n<div class=\"kc-elm kc-css-348789\" style=\"height: 20px; clear: both; width:100%;\"><\/div><div class=\"kc-elm kc-css-25743 kc_text_block\"><\/p>\n<p style=\"text-align: center;\">Creaci\u00f3n automatizada e inteligente de ofertas y contratos<\/p>\n<p>\n<\/div><div class=\"kc-elm kc-css-384010\" style=\"height: 40px; clear: both; width:100%;\"><\/div><\/div><\/div><div class=\"kc-elm kc-css-733928 kc_col-sm-4 kc_column_inner kc_col-sm-4\"><div class=\"kc_wrapper kc-col-inner-container\"><\/div><\/div><\/div><div class=\"kc-elm kc-css-632362 kc_row kc_row_inner\"><div class=\"kc-elm kc-css-380647 kc_col-sm-3 kc_column_inner kc_col-sm-3\"><div class=\"kc_wrapper kc-col-inner-container\"><div class=\"kc-elm kc-css-414343 kc-icon-wrapper\">\n\t\t<i class=\"et-desktop\"><\/i>\n\t<\/div>\n<div class=\"kc-elm kc-css-869485\" style=\"height: 20px; clear: both; width:100%;\"><\/div><div class=\"kc-elm kc-css-618376 kc_text_block\"><\/p>\n<p style=\"text-align: center;\">Tablero de control f\u00e1cil de usar y personalizable<\/p>\n<p>\n<\/div><div class=\"kc-elm kc-css-301993\" style=\"height: 40px; clear: both; width:100%;\"><\/div><\/div><\/div><div class=\"kc-elm kc-css-925155 kc_col-sm-3 kc_column_inner kc_col-sm-3\"><div class=\"kc_wrapper kc-col-inner-container\"><div class=\"kc-elm kc-css-33409 kc-icon-wrapper\">\n\t\t<i class=\"et-bargraph\"><\/i>\n\t<\/div>\n<div class=\"kc-elm kc-css-842232\" style=\"height: 20px; clear: both; width:100%;\"><\/div><div class=\"kc-elm kc-css-76398 kc_text_block\"><\/p>\n<p style=\"text-align: center;\">Previsiones de ventas precisas<\/p>\n<p>\n<\/div><div class=\"kc-elm kc-css-977549\" style=\"height: 40px; clear: both; width:100%;\"><\/div><\/div><\/div><div class=\"kc-elm kc-css-754445 kc_col-sm-3 kc_column_inner kc_col-sm-3\"><div class=\"kc_wrapper kc-col-inner-container\"><div class=\"kc-elm kc-css-843898 kc-icon-wrapper\">\n\t\t<i class=\"et-linegraph\"><\/i>\n\t<\/div>\n<div class=\"kc-elm kc-css-590067\" style=\"height: 20px; clear: both; width:100%;\"><\/div><div class=\"kc-elm kc-css-212094 kc_text_block\"><\/p>\n<p style=\"text-align: center;\">Conocimiento del cliente y del negocio en tiempo real, incluyendo an\u00e1lisis predictivo<\/p>\n<p>\n<\/div><div class=\"kc-elm kc-css-36512\" style=\"height: 40px; clear: both; width:100%;\"><\/div><\/div><\/div><div class=\"kc-elm kc-css-339420 kc_col-sm-4 kc_column_inner kc_col-sm-4\"><div class=\"kc_wrapper kc-col-inner-container\"><\/div><\/div><\/div><div class=\"kc-elm kc-css-859166 kc_row kc_row_inner\"><div class=\"kc-elm kc-css-205761 kc_col-sm-8 kc_column_inner kc_col-sm-8\"><div class=\"kc_wrapper kc-col-inner-container\"><div class=\"kc-elm kc-css-555728\" style=\"height: 40px; clear: both; width:100%;\"><\/div>\n<div class=\"kc-elm kc-css-865982 kc-title-wrap \">\n\n\t<h1 class=\"kc_title\">Funciones de la nube de ventas de SAP Sales Cloud<\/h1>\n<\/div>\n<div class=\"kc-elm kc-css-49200\" style=\"height: 20px; clear: both; width:100%;\"><\/div><div class=\"kc-elm kc-css-668402 kc_text_block\"><\/p>\n<p>\nA trav\u00e9s de la Nube de Ventas de SAP C\/4HANA se obtiene una visi\u00f3n de 360 grados de la informaci\u00f3n de los clientes, las tareas y las encuestas, as\u00ed como las acciones relevantes para las visitas a los clientes. SAP Sales Cloud le permite capturar, calificar y convertir los clientes potenciales en oportunidades. Estas oportunidades se pueden mantener y evaluar m\u00e1s adelante con informaci\u00f3n exhaustiva sobre los clientes, actividades relevantes para las fases y datos sobre la competencia hasta que se puedan incorporar al proceso de oferta. Una vez aceptadas las ofertas, puede crear pedidos de ventas que se pueden seguir procesando en el Back Office. Mientras tanto, los representantes de ventas pueden utilizar la previsi\u00f3n de ventas para pronosticar su negocio potencial y compararlo continuamente con sus cuotas.<\/p>\n<p>\n<\/div><div class=\"kc-elm kc-css-650546\" style=\"height: 40px; clear: both; width:100%;\"><\/div><div class=\"kc-elm kc-css-222608 kc-raw-code\"><style>.embed-container { position: relative; padding-bottom: 56.25%; height: 0; overflow: hidden; max-width: 100%; } .embed-container iframe, .embed-container object, .embed-container embed { position: absolute; top: 0; left: 0; width: 100%; height: 100%; }<\/style><div class='embed-container'><iframe src='https:\/\/www.youtube.com\/embed\/AbyXK8QMOAo' frameborder='0' allowfullscreen><\/iframe><\/div>\r\n<\/div><div class=\"kc-elm kc-css-943876\" style=\"height: 40px; clear: both; width:100%;\"><\/div><\/div><\/div><div class=\"kc-elm kc-css-276620 kc_col-sm-4 kc_column_inner kc_col-sm-4\"><div class=\"kc_wrapper kc-col-inner-container\"><\/div><\/div><\/div><\/div><\/div><\/div><\/div><\/section><\/p>\n","protected":false},"excerpt":{"rendered":"","protected":false},"author":2,"featured_media":0,"parent":4463,"menu_order":0,"comment_status":"closed","ping_status":"closed","template":"","meta":{"footnotes":""},"class_list":["post-4691","page","type-page","status-publish","hentry"],"yoast_head":"<!-- This site is optimized with the Yoast SEO plugin v27.3 - https:\/\/yoast.com\/product\/yoast-seo-wordpress\/ -->\n<title>SAP Sales Cloud - dataworld<\/title>\n<meta name=\"robots\" content=\"index, follow, max-snippet:-1, max-image-preview:large, max-video-preview:-1\" \/>\n<link rel=\"canonical\" href=\"https:\/\/dataworld.com\/es\/soluciones\/crm-sap-c-4hana-sales-cloud\/\" \/>\n<meta property=\"og:locale\" content=\"es_ES\" \/>\n<meta property=\"og:type\" content=\"article\" \/>\n<meta property=\"og:title\" content=\"SAP Sales Cloud - dataworld\" \/>\n<meta property=\"og:description\" content=\"Nube de ventas SAP Sales Cloud La nube de ventas de SAP Sales Cloud es una soluci\u00f3n de ventas desarrollada para los representantes de ventas. Con SAP Sales Cloud se proporcionan todos los datos necesarios para que la soluci\u00f3n est\u00e9 disponible en cualquier momento, en cualquier lugar, cualquier dispositivo y en cualquier plataforma. La Nube [&hellip;]\" \/>\n<meta property=\"og:url\" content=\"https:\/\/dataworld.com\/es\/soluciones\/crm-sap-c-4hana-sales-cloud\/\" \/>\n<meta property=\"og:site_name\" content=\"dataworld\" \/>\n<meta property=\"article:publisher\" content=\"https:\/\/www.facebook.com\/dataworldconsulting\/\" \/>\n<meta property=\"article:modified_time\" content=\"2023-05-30T10:44:07+00:00\" \/>\n<meta property=\"og:image\" content=\"https:\/\/dataworld.com\/wp-content\/uploads\/2020\/06\/SAP-Sales-Cloud-2.png\" \/>\n<meta name=\"twitter:card\" content=\"summary_large_image\" \/>\n<meta name=\"twitter:site\" content=\"@dW_dataworld\" \/>\n<meta name=\"twitter:label1\" content=\"Tiempo de lectura\" \/>\n\t<meta name=\"twitter:data1\" content=\"4 minutos\" \/>\n<script type=\"application\/ld+json\" class=\"yoast-schema-graph\">{\"@context\":\"https:\\\/\\\/schema.org\",\"@graph\":[{\"@type\":\"WebPage\",\"@id\":\"https:\\\/\\\/dataworld.com\\\/es\\\/soluciones\\\/crm-sap-c-4hana-sales-cloud\\\/\",\"url\":\"https:\\\/\\\/dataworld.com\\\/es\\\/soluciones\\\/crm-sap-c-4hana-sales-cloud\\\/\",\"name\":\"SAP Sales Cloud - dataworld\",\"isPartOf\":{\"@id\":\"https:\\\/\\\/dataworld.com\\\/es\\\/#website\"},\"primaryImageOfPage\":{\"@id\":\"https:\\\/\\\/dataworld.com\\\/es\\\/soluciones\\\/crm-sap-c-4hana-sales-cloud\\\/#primaryimage\"},\"image\":{\"@id\":\"https:\\\/\\\/dataworld.com\\\/es\\\/soluciones\\\/crm-sap-c-4hana-sales-cloud\\\/#primaryimage\"},\"thumbnailUrl\":\"https:\\\/\\\/dataworld.com\\\/wp-content\\\/uploads\\\/2020\\\/06\\\/SAP-Sales-Cloud-2.png\",\"datePublished\":\"2020-06-17T07:11:18+00:00\",\"dateModified\":\"2023-05-30T10:44:07+00:00\",\"breadcrumb\":{\"@id\":\"https:\\\/\\\/dataworld.com\\\/es\\\/soluciones\\\/crm-sap-c-4hana-sales-cloud\\\/#breadcrumb\"},\"inLanguage\":\"es\",\"potentialAction\":[{\"@type\":\"ReadAction\",\"target\":[\"https:\\\/\\\/dataworld.com\\\/es\\\/soluciones\\\/crm-sap-c-4hana-sales-cloud\\\/\"]}]},{\"@type\":\"ImageObject\",\"inLanguage\":\"es\",\"@id\":\"https:\\\/\\\/dataworld.com\\\/es\\\/soluciones\\\/crm-sap-c-4hana-sales-cloud\\\/#primaryimage\",\"url\":\"https:\\\/\\\/dataworld.com\\\/wp-content\\\/uploads\\\/2020\\\/06\\\/SAP-Sales-Cloud-2.png\",\"contentUrl\":\"https:\\\/\\\/dataworld.com\\\/wp-content\\\/uploads\\\/2020\\\/06\\\/SAP-Sales-Cloud-2.png\"},{\"@type\":\"BreadcrumbList\",\"@id\":\"https:\\\/\\\/dataworld.com\\\/es\\\/soluciones\\\/crm-sap-c-4hana-sales-cloud\\\/#breadcrumb\",\"itemListElement\":[{\"@type\":\"ListItem\",\"position\":1,\"name\":\"Home\",\"item\":\"https:\\\/\\\/dataworld.com\\\/es\\\/\"},{\"@type\":\"ListItem\",\"position\":2,\"name\":\"Soluciones\",\"item\":\"https:\\\/\\\/dataworld.com\\\/es\\\/soluciones\\\/\"},{\"@type\":\"ListItem\",\"position\":3,\"name\":\"SAP Sales Cloud\"}]},{\"@type\":\"WebSite\",\"@id\":\"https:\\\/\\\/dataworld.com\\\/es\\\/#website\",\"url\":\"https:\\\/\\\/dataworld.com\\\/es\\\/\",\"name\":\"dataworld\",\"description\":\"wir gestalten Ihre S4 Journey\",\"publisher\":{\"@id\":\"https:\\\/\\\/dataworld.com\\\/es\\\/#organization\"},\"potentialAction\":[{\"@type\":\"SearchAction\",\"target\":{\"@type\":\"EntryPoint\",\"urlTemplate\":\"https:\\\/\\\/dataworld.com\\\/es\\\/?s={search_term_string}\"},\"query-input\":{\"@type\":\"PropertyValueSpecification\",\"valueRequired\":true,\"valueName\":\"search_term_string\"}}],\"inLanguage\":\"es\"},{\"@type\":\"Organization\",\"@id\":\"https:\\\/\\\/dataworld.com\\\/es\\\/#organization\",\"name\":\"Data Work Consulting AG\",\"url\":\"https:\\\/\\\/dataworld.com\\\/es\\\/\",\"logo\":{\"@type\":\"ImageObject\",\"inLanguage\":\"es\",\"@id\":\"https:\\\/\\\/dataworld.com\\\/es\\\/#\\\/schema\\\/logo\\\/image\\\/\",\"url\":\"https:\\\/\\\/dataworld.com\\\/wp-content\\\/uploads\\\/2019\\\/11\\\/Quadrat.jpg\",\"contentUrl\":\"https:\\\/\\\/dataworld.com\\\/wp-content\\\/uploads\\\/2019\\\/11\\\/Quadrat.jpg\",\"width\":378,\"height\":378,\"caption\":\"Data Work Consulting AG\"},\"image\":{\"@id\":\"https:\\\/\\\/dataworld.com\\\/es\\\/#\\\/schema\\\/logo\\\/image\\\/\"},\"sameAs\":[\"https:\\\/\\\/www.facebook.com\\\/dataworldconsulting\\\/\",\"https:\\\/\\\/x.com\\\/dW_dataworld\"]}]}<\/script>\n<!-- \/ Yoast SEO plugin. -->","yoast_head_json":{"title":"SAP Sales Cloud - dataworld","robots":{"index":"index","follow":"follow","max-snippet":"max-snippet:-1","max-image-preview":"max-image-preview:large","max-video-preview":"max-video-preview:-1"},"canonical":"https:\/\/dataworld.com\/es\/soluciones\/crm-sap-c-4hana-sales-cloud\/","og_locale":"es_ES","og_type":"article","og_title":"SAP Sales Cloud - dataworld","og_description":"Nube de ventas SAP Sales Cloud La nube de ventas de SAP Sales Cloud es una soluci\u00f3n de ventas desarrollada para los representantes de ventas. Con SAP Sales Cloud se proporcionan todos los datos necesarios para que la soluci\u00f3n est\u00e9 disponible en cualquier momento, en cualquier lugar, cualquier dispositivo y en cualquier plataforma. La Nube [&hellip;]","og_url":"https:\/\/dataworld.com\/es\/soluciones\/crm-sap-c-4hana-sales-cloud\/","og_site_name":"dataworld","article_publisher":"https:\/\/www.facebook.com\/dataworldconsulting\/","article_modified_time":"2023-05-30T10:44:07+00:00","og_image":[{"url":"https:\/\/dataworld.com\/wp-content\/uploads\/2020\/06\/SAP-Sales-Cloud-2.png","type":"","width":"","height":""}],"twitter_card":"summary_large_image","twitter_site":"@dW_dataworld","twitter_misc":{"Tiempo de lectura":"4 minutos"},"schema":{"@context":"https:\/\/schema.org","@graph":[{"@type":"WebPage","@id":"https:\/\/dataworld.com\/es\/soluciones\/crm-sap-c-4hana-sales-cloud\/","url":"https:\/\/dataworld.com\/es\/soluciones\/crm-sap-c-4hana-sales-cloud\/","name":"SAP Sales Cloud - dataworld","isPartOf":{"@id":"https:\/\/dataworld.com\/es\/#website"},"primaryImageOfPage":{"@id":"https:\/\/dataworld.com\/es\/soluciones\/crm-sap-c-4hana-sales-cloud\/#primaryimage"},"image":{"@id":"https:\/\/dataworld.com\/es\/soluciones\/crm-sap-c-4hana-sales-cloud\/#primaryimage"},"thumbnailUrl":"https:\/\/dataworld.com\/wp-content\/uploads\/2020\/06\/SAP-Sales-Cloud-2.png","datePublished":"2020-06-17T07:11:18+00:00","dateModified":"2023-05-30T10:44:07+00:00","breadcrumb":{"@id":"https:\/\/dataworld.com\/es\/soluciones\/crm-sap-c-4hana-sales-cloud\/#breadcrumb"},"inLanguage":"es","potentialAction":[{"@type":"ReadAction","target":["https:\/\/dataworld.com\/es\/soluciones\/crm-sap-c-4hana-sales-cloud\/"]}]},{"@type":"ImageObject","inLanguage":"es","@id":"https:\/\/dataworld.com\/es\/soluciones\/crm-sap-c-4hana-sales-cloud\/#primaryimage","url":"https:\/\/dataworld.com\/wp-content\/uploads\/2020\/06\/SAP-Sales-Cloud-2.png","contentUrl":"https:\/\/dataworld.com\/wp-content\/uploads\/2020\/06\/SAP-Sales-Cloud-2.png"},{"@type":"BreadcrumbList","@id":"https:\/\/dataworld.com\/es\/soluciones\/crm-sap-c-4hana-sales-cloud\/#breadcrumb","itemListElement":[{"@type":"ListItem","position":1,"name":"Home","item":"https:\/\/dataworld.com\/es\/"},{"@type":"ListItem","position":2,"name":"Soluciones","item":"https:\/\/dataworld.com\/es\/soluciones\/"},{"@type":"ListItem","position":3,"name":"SAP Sales Cloud"}]},{"@type":"WebSite","@id":"https:\/\/dataworld.com\/es\/#website","url":"https:\/\/dataworld.com\/es\/","name":"dataworld","description":"wir gestalten Ihre S4 Journey","publisher":{"@id":"https:\/\/dataworld.com\/es\/#organization"},"potentialAction":[{"@type":"SearchAction","target":{"@type":"EntryPoint","urlTemplate":"https:\/\/dataworld.com\/es\/?s={search_term_string}"},"query-input":{"@type":"PropertyValueSpecification","valueRequired":true,"valueName":"search_term_string"}}],"inLanguage":"es"},{"@type":"Organization","@id":"https:\/\/dataworld.com\/es\/#organization","name":"Data Work Consulting AG","url":"https:\/\/dataworld.com\/es\/","logo":{"@type":"ImageObject","inLanguage":"es","@id":"https:\/\/dataworld.com\/es\/#\/schema\/logo\/image\/","url":"https:\/\/dataworld.com\/wp-content\/uploads\/2019\/11\/Quadrat.jpg","contentUrl":"https:\/\/dataworld.com\/wp-content\/uploads\/2019\/11\/Quadrat.jpg","width":378,"height":378,"caption":"Data Work Consulting AG"},"image":{"@id":"https:\/\/dataworld.com\/es\/#\/schema\/logo\/image\/"},"sameAs":["https:\/\/www.facebook.com\/dataworldconsulting\/","https:\/\/x.com\/dW_dataworld"]}]}},"_links":{"self":[{"href":"https:\/\/dataworld.com\/es\/wp-json\/wp\/v2\/pages\/4691","targetHints":{"allow":["GET"]}}],"collection":[{"href":"https:\/\/dataworld.com\/es\/wp-json\/wp\/v2\/pages"}],"about":[{"href":"https:\/\/dataworld.com\/es\/wp-json\/wp\/v2\/types\/page"}],"author":[{"embeddable":true,"href":"https:\/\/dataworld.com\/es\/wp-json\/wp\/v2\/users\/2"}],"replies":[{"embeddable":true,"href":"https:\/\/dataworld.com\/es\/wp-json\/wp\/v2\/comments?post=4691"}],"version-history":[{"count":19,"href":"https:\/\/dataworld.com\/es\/wp-json\/wp\/v2\/pages\/4691\/revisions"}],"predecessor-version":[{"id":9841,"href":"https:\/\/dataworld.com\/es\/wp-json\/wp\/v2\/pages\/4691\/revisions\/9841"}],"up":[{"embeddable":true,"href":"https:\/\/dataworld.com\/es\/wp-json\/wp\/v2\/pages\/4463"}],"wp:attachment":[{"href":"https:\/\/dataworld.com\/es\/wp-json\/wp\/v2\/media?parent=4691"}],"curies":[{"name":"wp","href":"https:\/\/api.w.org\/{rel}","templated":true}]}}