{"id":4522,"date":"2019-11-04T18:34:11","date_gmt":"2019-11-04T17:34:11","guid":{"rendered":"https:\/\/dataworld.com\/unternehmen\/noticias-y-blog\/"},"modified":"2021-10-27T10:17:43","modified_gmt":"2021-10-27T08:17:43","slug":"noticias-y-blog","status":"publish","type":"page","link":"https:\/\/dataworld.com\/es\/compania\/noticias-y-blog\/","title":{"rendered":"Noticias y Blog"},"content":{"rendered":"<p><section class=\"kc-elm kc-css-491971 kc_row\"><div class=\"kc-row-container  kc-container\"><div class=\"kc-wrap-columns\"><div class=\"kc-elm kc-css-857055 kc_col-sm-12 kc_column kc_col-sm-12\"><div class=\"kc-col-container\"><div class=\"kc-elm kc-css-951752 kc-raw-code\">\n\t\t\t<!-- START News &amp; Blog ES REVOLUTION SLIDER 6.7.41 --><p class=\"rs-p-wp-fix\"><\/p>\n\t\t\t<rs-module-wrap id=\"rev_slider_146_1_wrapper\" data-source=\"gallery\" style=\"visibility:hidden;background:transparent;padding:0;margin:0px auto;margin-top:0;margin-bottom:0;\">\n\t\t\t\t<rs-module id=\"rev_slider_146_1\" style=\"\" data-version=\"6.7.41\">\n\t\t\t\t\t<rs-slides style=\"overflow: hidden; position: absolute;\">\n\t\t\t\t\t\t<rs-slide style=\"position: absolute;\" data-key=\"rs-229\" data-title=\"Slide\" data-anim=\"ms:1000;r:0;\" data-in=\"o:0;\" data-out=\"a:false;\">\n\t\t\t\t\t\t\t<img decoding=\"async\" src=\"\/\/dataworld.com\/wp-content\/plugins\/revslider\/sr6\/assets\/assets\/dummy.png\" alt=\"Slide\" title=\"Noticias y Blog\" class=\"rev-slidebg tp-rs-img rs-lazyload\" data-lazyload=\"\/\/dataworld.com\/wp-content\/plugins\/revslider\/sr6\/assets\/assets\/transparent.png\" data-bg=\"c:#b3b3aa;\" data-no-retina>\n<!--\n\t\t\t\t\t\t\t--><rs-layer\n\t\t\t\t\t\t\t\tid=\"slider-146-slide-229-layer-1\" \n\t\t\t\t\t\t\t\tdata-type=\"text\"\n\t\t\t\t\t\t\t\tdata-color=\"#ffffff\"\n\t\t\t\t\t\t\t\tdata-rsp_ch=\"on\"\n\t\t\t\t\t\t\t\tdata-xy=\"x:c;y:100px;\"\n\t\t\t\t\t\t\t\tdata-text=\"w:normal;l:22;\"\n\t\t\t\t\t\t\t\tdata-frame_999=\"o:0;st:w;\"\n\t\t\t\t\t\t\t\tstyle=\"z-index:6;font-family:'Raleway';\"\n\t\t\t\t\t\t\t>NOTICIAS & BLOG \n\t\t\t\t\t\t\t<\/rs-layer><!--\n\n\t\t\t\t\t\t\t--><rs-layer\n\t\t\t\t\t\t\t\tid=\"slider-146-slide-229-layer-2\" \n\t\t\t\t\t\t\t\tdata-type=\"text\"\n\t\t\t\t\t\t\t\tdata-color=\"#ffffff\"\n\t\t\t\t\t\t\t\tdata-rsp_ch=\"on\"\n\t\t\t\t\t\t\t\tdata-xy=\"x:c;y:155px;\"\n\t\t\t\t\t\t\t\tdata-text=\"w:normal;s:40;l:40;fw:700;\"\n\t\t\t\t\t\t\t\tdata-frame_999=\"o:0;st:w;\"\n\t\t\t\t\t\t\t\tstyle=\"z-index:7;font-family:'Roboto';\"\n\t\t\t\t\t\t\t>Inf\u00f3rmate sobre las noticias de dataworld \n\t\t\t\t\t\t\t<\/rs-layer><!--\n-->\t\t\t\t\t<\/rs-slide>\n\t\t\t\t\t<\/rs-slides>\n\t\t\t\t<\/rs-module>\n\t\t\t\t<script>\n\t\t\t\t\tsetREVStartSize({c: 'rev_slider_146_1',rl:[1240,1024,778,480],el:[300],gw:[1240],gh:[300],type:'standard',justify:'',layout:'fullwidth',mh:\"0\"});if (window.RS_MODULES!==undefined && window.RS_MODULES.modules!==undefined && window.RS_MODULES.modules[\"revslider1461\"]!==undefined) {window.RS_MODULES.modules[\"revslider1461\"].once = false;window.revapi146 = undefined;if (window.RS_MODULES.checkMinimal!==undefined) window.RS_MODULES.checkMinimal()}\n\t\t\t\t<\/script>\n\t\t\t<\/rs-module-wrap>\n\t\t\t<!-- END REVOLUTION SLIDER -->\n<\/div><div class=\"kc-elm kc-css-649804\" style=\"height: 80px; clear: both; width:100%;\"><\/div><\/div><\/div><\/div><\/div><\/section><section class=\"kc-elm kc-css-504757 kc_row\"><div class=\"kc-row-container  kc-container\"><div class=\"kc-wrap-columns\"><div class=\"kc-elm kc-css-926144 kc_col-sm-12 kc_column kc_col-sm-12\"><div class=\"kc-col-container\"><div class=\"kc-elm kc-css-334232 list-post-type list-post category \"><h3 class=\"list-post-title\">T\u00edtulo reciente <\/h3>\t\t<div class=\"list-item post-3363\">\n\t\t\t<div class=\"post-content\">\n\t\t\t\t<figure>\n\t\t\t\t\t\t\t\t\t<\/figure>\n\t\t\t\t<h3><a href=\"https:\/\/dataworld.com\/es\/2020\/02\/05\/sap-erp-mantenimiento-extendido-hasta-2027-2030\/\">SAP ERP extiende su mantenimiento hasta 2027\/2030<\/a><\/h3>\n\t\t\t\t<div class=\"kc-entry_meta\">\n\t\t\t\t<span class=\"date\"><i class=\"sl-clock\"><\/i> <time class=\"entry-date\" datetime=\"2020-02-05T11:16:48+01:00\">5 de febrero de 2020<\/time><\/span>\t\t\t\t<\/div>\n\t\t\t\t<div class=\"text\">\n\t\t\t\t\tLa fecha de finalizaci\u00f3n del mantenimiento de SAP Business Suite 7, originalmente anunciada para finales de 2025, se extiende hasta finales de 2027. El mantenimiento extendido opcional es incluso posible hasta finales de 2030. Con ello, SAP ofrece a sus clientes una mayor seguridad de inversi\u00f3n y una planificaci\u00f3n a ...\t\t\t\t<\/div>\n\n\n\t\t\t\t\t\t\t\t\t<a class=\"kc-read-more\" href=\"https:\/\/dataworld.com\/es\/2020\/02\/05\/sap-erp-mantenimiento-extendido-hasta-2027-2030\/\">M\u00e1s informaci\u00f3n<\/a>\n\t\t\t\t\t\t\t<\/div>\n\n\t\t<\/div>\n\t\t\t\t<div class=\"list-item post-3320\">\n\t\t\t<div class=\"post-content\">\n\t\t\t\t<figure>\n\t\t\t\t\t\t\t\t\t<\/figure>\n\t\t\t\t<h3><a href=\"https:\/\/dataworld.com\/es\/2020\/01\/31\/sap-now-basel-2020\/\">SAP NOW Basilea 2020<\/a><\/h3>\n\t\t\t\t<div class=\"kc-entry_meta\">\n\t\t\t\t<span class=\"date\"><i class=\"sl-clock\"><\/i> <time class=\"entry-date\" datetime=\"2020-01-31T09:02:00+01:00\">31 de enero de 2020<\/time><\/span>\t\t\t\t<\/div>\n\t\t\t\t<div class=\"text\">\n\t\t\t\t\tSAP NOW Basilea 2020 Durante dos inspiradores d\u00edas, los responsables de las decisiones de los negocios, ciencia y nuevas tecnolog\u00edas se reunir\u00e1n de nuevo en SAP NOW en Basilea. Los procesos empresariales inteligentes que, en combinaci\u00f3n con los datos emp\u00edricos, miden e interpretan las emociones humanas y las transforman en ...\t\t\t\t<\/div>\n\n\n\t\t\t\t\t\t\t\t\t<a class=\"kc-read-more\" href=\"https:\/\/dataworld.com\/es\/2020\/01\/31\/sap-now-basel-2020\/\">M\u00e1s informaci\u00f3n<\/a>\n\t\t\t\t\t\t\t<\/div>\n\n\t\t<\/div>\n\t\t\t\t<div class=\"list-item post-3324\">\n\t\t\t<div class=\"post-content\">\n\t\t\t\t<figure>\n\t\t\t\t\t\t\t\t\t<\/figure>\n\t\t\t\t<h3><a href=\"https:\/\/dataworld.com\/es\/2019\/11\/28\/opentext-content-suite-y-extended-ecm-version-16-ep7\/\">OpenText Content Suite y Extended ECM Version 16 EP7<\/a><\/h3>\n\t\t\t\t<div class=\"kc-entry_meta\">\n\t\t\t\t<span class=\"date\"><i class=\"sl-clock\"><\/i> <time class=\"entry-date\" datetime=\"2019-11-28T09:15:18+01:00\">28 de noviembre de 2019<\/time><\/span>\t\t\t\t<\/div>\n\t\t\t\t<div class=\"text\">\n\t\t\t\t\tOpenText acaba de anunciar el lanzamiento de OpenText \u2122 Content Suite 16.2.10 EP7 y OpenText \u2122 Extended ECM 16.2.10 EP7. Las plataformas Content Suite y Extended ECM est\u00e1n a partir de ahora completamente sistematizados en contenedores para una mejor provisi\u00f3n y manejo de las implementaciones. Innovaciones de la Extended ECM ...\t\t\t\t<\/div>\n\n\n\t\t\t\t\t\t\t\t\t<a class=\"kc-read-more\" href=\"https:\/\/dataworld.com\/es\/2019\/11\/28\/opentext-content-suite-y-extended-ecm-version-16-ep7\/\">M\u00e1s informaci\u00f3n<\/a>\n\t\t\t\t\t\t\t<\/div>\n\n\t\t<\/div>\n\t\t\t\t<div class=\"list-item post-3359\">\n\t\t\t<div class=\"post-content\">\n\t\t\t\t<figure>\n\t\t\t\t\t\t\t\t\t<\/figure>\n\t\t\t\t<h3><a href=\"https:\/\/dataworld.com\/es\/2019\/11\/22\/nuestro-sitio-web-con-una-nueva-apariencia\/\">Nuestra web con nueva apariencia<\/a><\/h3>\n\t\t\t\t<div class=\"kc-entry_meta\">\n\t\t\t\t<span class=\"date\"><i class=\"sl-clock\"><\/i> <time class=\"entry-date\" datetime=\"2019-11-22T17:05:00+01:00\">22 de noviembre de 2019<\/time><\/span>\t\t\t\t<\/div>\n\t\t\t\t<div class=\"text\">\n\t\t\t\t\tQueremos proporcionar al lector interesado toda la informaci\u00f3n sobre temas de SAP S\/4 y OpenText. Para ello, hemos actualizado nuestra presencia en Internet y escogido las \u00faltimas tendencias. En el futuro, puede encontrar aqu\u00ed la actualidad sobre DSAG, SAP y OpenText, incluyendo hojas de ruta y planificaci\u00f3n de lanzamientos. Muchas ...\t\t\t\t<\/div>\n\n\n\t\t\t\t\t\t\t\t\t<a class=\"kc-read-more\" href=\"https:\/\/dataworld.com\/es\/2019\/11\/22\/nuestro-sitio-web-con-una-nueva-apariencia\/\">M\u00e1s informaci\u00f3n<\/a>\n\t\t\t\t\t\t\t<\/div>\n\n\t\t<\/div>\n\t\t\t\t<div class=\"list-item post-3437\">\n\t\t\t<div class=\"post-content\">\n\t\t\t\t<figure>\n\t\t\t\t\t\t\t\t\t<\/figure>\n\t\t\t\t<h3><a href=\"https:\/\/dataworld.com\/es\/2019\/08\/15\/focus-build-ist-nun-integriert-in-sap-solman\/\">SAP Solution Manager lanza la nueva versi\u00f3n de Focused Build<\/a><\/h3>\n\t\t\t\t<div class=\"kc-entry_meta\">\n\t\t\t\t<span class=\"date\"><i class=\"sl-clock\"><\/i> <time class=\"entry-date\" datetime=\"2019-08-15T11:00:54+02:00\">15 de agosto de 2019<\/time><\/span>\t\t\t\t<\/div>\n\t\t\t\t<div class=\"text\">\n\t\t\t\t\t&nbsp; El 12 de agosto de 2019, SAP lanz\u00f3 el nuevo paquete de soporte 4 de Focused Build lo que demuestra que el complemento Solution Manager ha alcanzado una s\u00f3lida madurez t\u00e9cnica como resultado de varias implementaciones. Una raz\u00f3n m\u00e1s para profundizar en el tema es que el complemento Focused ...\t\t\t\t<\/div>\n\n\n\t\t\t\t\t\t\t\t\t<a class=\"kc-read-more\" href=\"https:\/\/dataworld.com\/es\/2019\/08\/15\/focus-build-ist-nun-integriert-in-sap-solman\/\">M\u00e1s informaci\u00f3n<\/a>\n\t\t\t\t\t\t\t<\/div>\n\n\t\t<\/div>\n\t\t<\/div><\/div><\/div><\/div><\/div><\/section><\/p>\n","protected":false},"excerpt":{"rendered":"","protected":false},"author":2,"featured_media":0,"parent":2767,"menu_order":0,"comment_status":"closed","ping_status":"closed","template":"","meta":{"footnotes":""},"class_list":["post-4522","page","type-page","status-publish","hentry"],"yoast_head":"<!-- This site is optimized with the Yoast SEO plugin v27.3 - https:\/\/yoast.com\/product\/yoast-seo-wordpress\/ -->\n<title>Noticias y Blog - dataworld<\/title>\n<meta name=\"robots\" content=\"index, follow, max-snippet:-1, max-image-preview:large, max-video-preview:-1\" \/>\n<link rel=\"canonical\" href=\"https:\/\/dataworld.com\/es\/compania\/noticias-y-blog\/\" \/>\n<meta property=\"og:locale\" content=\"es_ES\" \/>\n<meta property=\"og:type\" content=\"article\" \/>\n<meta property=\"og:title\" content=\"Noticias y Blog - dataworld\" \/>\n<meta property=\"og:description\" content=\"NOTICIAS &#038; BLOG Inf\u00f3rmate sobre las noticias de dataworld T\u00edtulo reciente SAP ERP extiende su mantenimiento hasta 2027\/2030 5. febrero 2020 La fecha de finalizaci\u00f3n del mantenimiento de SAP Business Suite 7, originalmente anunciada para finales de 2025, se extiende hasta finales de 2027. El mantenimiento extendido opcional es incluso posible hasta finales de 2030. [&hellip;]\" \/>\n<meta property=\"og:url\" content=\"https:\/\/dataworld.com\/es\/compania\/noticias-y-blog\/\" \/>\n<meta property=\"og:site_name\" content=\"dataworld\" \/>\n<meta property=\"article:publisher\" content=\"https:\/\/www.facebook.com\/dataworldconsulting\/\" \/>\n<meta property=\"article:modified_time\" content=\"2021-10-27T08:17:43+00:00\" \/>\n<meta name=\"twitter:card\" content=\"summary_large_image\" \/>\n<meta name=\"twitter:site\" content=\"@dW_dataworld\" \/>\n<meta name=\"twitter:label1\" content=\"Tiempo de lectura\" \/>\n\t<meta name=\"twitter:data1\" content=\"2 minutos\" \/>\n<script type=\"application\/ld+json\" class=\"yoast-schema-graph\">{\"@context\":\"https:\\\/\\\/schema.org\",\"@graph\":[{\"@type\":\"WebPage\",\"@id\":\"https:\\\/\\\/dataworld.com\\\/es\\\/compania\\\/noticias-y-blog\\\/\",\"url\":\"https:\\\/\\\/dataworld.com\\\/es\\\/compania\\\/noticias-y-blog\\\/\",\"name\":\"Noticias y Blog - dataworld\",\"isPartOf\":{\"@id\":\"https:\\\/\\\/dataworld.com\\\/es\\\/#website\"},\"datePublished\":\"2019-11-04T17:34:11+00:00\",\"dateModified\":\"2021-10-27T08:17:43+00:00\",\"breadcrumb\":{\"@id\":\"https:\\\/\\\/dataworld.com\\\/es\\\/compania\\\/noticias-y-blog\\\/#breadcrumb\"},\"inLanguage\":\"es\",\"potentialAction\":[{\"@type\":\"ReadAction\",\"target\":[\"https:\\\/\\\/dataworld.com\\\/es\\\/compania\\\/noticias-y-blog\\\/\"]}]},{\"@type\":\"BreadcrumbList\",\"@id\":\"https:\\\/\\\/dataworld.com\\\/es\\\/compania\\\/noticias-y-blog\\\/#breadcrumb\",\"itemListElement\":[{\"@type\":\"ListItem\",\"position\":1,\"name\":\"Home\",\"item\":\"https:\\\/\\\/dataworld.com\\\/es\\\/\"},{\"@type\":\"ListItem\",\"position\":2,\"name\":\"Compa\u00f1\u00eda\",\"item\":\"https:\\\/\\\/dataworld.com\\\/es\\\/compania\\\/\"},{\"@type\":\"ListItem\",\"position\":3,\"name\":\"Noticias y Blog\"}]},{\"@type\":\"WebSite\",\"@id\":\"https:\\\/\\\/dataworld.com\\\/es\\\/#website\",\"url\":\"https:\\\/\\\/dataworld.com\\\/es\\\/\",\"name\":\"dataworld\",\"description\":\"wir gestalten Ihre S4 Journey\",\"publisher\":{\"@id\":\"https:\\\/\\\/dataworld.com\\\/es\\\/#organization\"},\"potentialAction\":[{\"@type\":\"SearchAction\",\"target\":{\"@type\":\"EntryPoint\",\"urlTemplate\":\"https:\\\/\\\/dataworld.com\\\/es\\\/?s={search_term_string}\"},\"query-input\":{\"@type\":\"PropertyValueSpecification\",\"valueRequired\":true,\"valueName\":\"search_term_string\"}}],\"inLanguage\":\"es\"},{\"@type\":\"Organization\",\"@id\":\"https:\\\/\\\/dataworld.com\\\/es\\\/#organization\",\"name\":\"Data Work Consulting AG\",\"url\":\"https:\\\/\\\/dataworld.com\\\/es\\\/\",\"logo\":{\"@type\":\"ImageObject\",\"inLanguage\":\"es\",\"@id\":\"https:\\\/\\\/dataworld.com\\\/es\\\/#\\\/schema\\\/logo\\\/image\\\/\",\"url\":\"https:\\\/\\\/dataworld.com\\\/wp-content\\\/uploads\\\/2019\\\/11\\\/Quadrat.jpg\",\"contentUrl\":\"https:\\\/\\\/dataworld.com\\\/wp-content\\\/uploads\\\/2019\\\/11\\\/Quadrat.jpg\",\"width\":378,\"height\":378,\"caption\":\"Data Work Consulting AG\"},\"image\":{\"@id\":\"https:\\\/\\\/dataworld.com\\\/es\\\/#\\\/schema\\\/logo\\\/image\\\/\"},\"sameAs\":[\"https:\\\/\\\/www.facebook.com\\\/dataworldconsulting\\\/\",\"https:\\\/\\\/x.com\\\/dW_dataworld\"]}]}<\/script>\n<!-- \/ Yoast SEO plugin. -->","yoast_head_json":{"title":"Noticias y Blog - dataworld","robots":{"index":"index","follow":"follow","max-snippet":"max-snippet:-1","max-image-preview":"max-image-preview:large","max-video-preview":"max-video-preview:-1"},"canonical":"https:\/\/dataworld.com\/es\/compania\/noticias-y-blog\/","og_locale":"es_ES","og_type":"article","og_title":"Noticias y Blog - dataworld","og_description":"NOTICIAS &#038; BLOG Inf\u00f3rmate sobre las noticias de dataworld T\u00edtulo reciente SAP ERP extiende su mantenimiento hasta 2027\/2030 5. febrero 2020 La fecha de finalizaci\u00f3n del mantenimiento de SAP Business Suite 7, originalmente anunciada para finales de 2025, se extiende hasta finales de 2027. El mantenimiento extendido opcional es incluso posible hasta finales de 2030. [&hellip;]","og_url":"https:\/\/dataworld.com\/es\/compania\/noticias-y-blog\/","og_site_name":"dataworld","article_publisher":"https:\/\/www.facebook.com\/dataworldconsulting\/","article_modified_time":"2021-10-27T08:17:43+00:00","twitter_card":"summary_large_image","twitter_site":"@dW_dataworld","twitter_misc":{"Tiempo de lectura":"2 minutos"},"schema":{"@context":"https:\/\/schema.org","@graph":[{"@type":"WebPage","@id":"https:\/\/dataworld.com\/es\/compania\/noticias-y-blog\/","url":"https:\/\/dataworld.com\/es\/compania\/noticias-y-blog\/","name":"Noticias y Blog - dataworld","isPartOf":{"@id":"https:\/\/dataworld.com\/es\/#website"},"datePublished":"2019-11-04T17:34:11+00:00","dateModified":"2021-10-27T08:17:43+00:00","breadcrumb":{"@id":"https:\/\/dataworld.com\/es\/compania\/noticias-y-blog\/#breadcrumb"},"inLanguage":"es","potentialAction":[{"@type":"ReadAction","target":["https:\/\/dataworld.com\/es\/compania\/noticias-y-blog\/"]}]},{"@type":"BreadcrumbList","@id":"https:\/\/dataworld.com\/es\/compania\/noticias-y-blog\/#breadcrumb","itemListElement":[{"@type":"ListItem","position":1,"name":"Home","item":"https:\/\/dataworld.com\/es\/"},{"@type":"ListItem","position":2,"name":"Compa\u00f1\u00eda","item":"https:\/\/dataworld.com\/es\/compania\/"},{"@type":"ListItem","position":3,"name":"Noticias y Blog"}]},{"@type":"WebSite","@id":"https:\/\/dataworld.com\/es\/#website","url":"https:\/\/dataworld.com\/es\/","name":"dataworld","description":"wir gestalten Ihre S4 Journey","publisher":{"@id":"https:\/\/dataworld.com\/es\/#organization"},"potentialAction":[{"@type":"SearchAction","target":{"@type":"EntryPoint","urlTemplate":"https:\/\/dataworld.com\/es\/?s={search_term_string}"},"query-input":{"@type":"PropertyValueSpecification","valueRequired":true,"valueName":"search_term_string"}}],"inLanguage":"es"},{"@type":"Organization","@id":"https:\/\/dataworld.com\/es\/#organization","name":"Data Work Consulting AG","url":"https:\/\/dataworld.com\/es\/","logo":{"@type":"ImageObject","inLanguage":"es","@id":"https:\/\/dataworld.com\/es\/#\/schema\/logo\/image\/","url":"https:\/\/dataworld.com\/wp-content\/uploads\/2019\/11\/Quadrat.jpg","contentUrl":"https:\/\/dataworld.com\/wp-content\/uploads\/2019\/11\/Quadrat.jpg","width":378,"height":378,"caption":"Data Work Consulting AG"},"image":{"@id":"https:\/\/dataworld.com\/es\/#\/schema\/logo\/image\/"},"sameAs":["https:\/\/www.facebook.com\/dataworldconsulting\/","https:\/\/x.com\/dW_dataworld"]}]}},"_links":{"self":[{"href":"https:\/\/dataworld.com\/es\/wp-json\/wp\/v2\/pages\/4522","targetHints":{"allow":["GET"]}}],"collection":[{"href":"https:\/\/dataworld.com\/es\/wp-json\/wp\/v2\/pages"}],"about":[{"href":"https:\/\/dataworld.com\/es\/wp-json\/wp\/v2\/types\/page"}],"author":[{"embeddable":true,"href":"https:\/\/dataworld.com\/es\/wp-json\/wp\/v2\/users\/2"}],"replies":[{"embeddable":true,"href":"https:\/\/dataworld.com\/es\/wp-json\/wp\/v2\/comments?post=4522"}],"version-history":[{"count":2,"href":"https:\/\/dataworld.com\/es\/wp-json\/wp\/v2\/pages\/4522\/revisions"}],"predecessor-version":[{"id":7970,"href":"https:\/\/dataworld.com\/es\/wp-json\/wp\/v2\/pages\/4522\/revisions\/7970"}],"up":[{"embeddable":true,"href":"https:\/\/dataworld.com\/es\/wp-json\/wp\/v2\/pages\/2767"}],"wp:attachment":[{"href":"https:\/\/dataworld.com\/es\/wp-json\/wp\/v2\/media?parent=4522"}],"curies":[{"name":"wp","href":"https:\/\/api.w.org\/{rel}","templated":true}]}}