{"id":4516,"date":"2019-11-05T21:07:49","date_gmt":"2019-11-05T20:07:49","guid":{"rendered":"https:\/\/dataworld.com\/?page_id=4516"},"modified":"2021-10-27T11:56:40","modified_gmt":"2021-10-27T09:56:40","slug":"transformando-documentos-y-procesos-con-opentext","status":"publish","type":"page","link":"https:\/\/dataworld.com\/es\/tendencias\/transformando-documentos-y-procesos-con-opentext\/","title":{"rendered":"Transformando documentos y procesos con OpenText"},"content":{"rendered":"<p><section class=\"kc-elm kc-css-954122 kc_row\"><div class=\"kc-row-container  kc-container\"><div class=\"kc-wrap-columns\"><div class=\"kc-elm kc-css-247289 kc_col-sm-12 kc_column kc_col-sm-12\"><div class=\"kc-col-container\"><div class=\"kc-elm kc-css-454367 kc-raw-code\">\n\t\t\t<!-- START Documents Transform ES REVOLUTION SLIDER 6.7.41 --><p class=\"rs-p-wp-fix\"><\/p>\n\t\t\t<rs-module-wrap id=\"rev_slider_187_1_wrapper\" data-source=\"gallery\" style=\"visibility:hidden;background:#b3b3aa;padding:0;margin:0px auto;margin-top:0;margin-bottom:0;\">\n\t\t\t\t<rs-module id=\"rev_slider_187_1\" style=\"\" data-version=\"6.7.41\">\n\t\t\t\t\t<rs-slides style=\"overflow: hidden; position: absolute;\">\n\t\t\t\t\t\t<rs-slide style=\"position: absolute;\" data-key=\"rs-281\" data-title=\"Slide\" data-anim=\"ms:1000;r:0;\" data-in=\"o:0;\" data-out=\"a:false;\">\n\t\t\t\t\t\t\t<img decoding=\"async\" src=\"\/\/dataworld.com\/wp-content\/plugins\/revslider\/sr6\/assets\/assets\/dummy.png\" alt=\"Slide\" title=\"Transformando documentos y procesos con OpenText\" class=\"rev-slidebg tp-rs-img rs-lazyload\" data-lazyload=\"\/\/dataworld.com\/wp-content\/plugins\/revslider\/sr6\/assets\/assets\/transparent.png\" data-bg=\"c:#b3b3aa;\" data-no-retina>\n<!--\n\t\t\t\t\t\t\t--><rs-layer\n\t\t\t\t\t\t\t\tid=\"slider-187-slide-281-layer-0\" \n\t\t\t\t\t\t\t\tdata-type=\"text\"\n\t\t\t\t\t\t\t\tdata-rsp_ch=\"on\"\n\t\t\t\t\t\t\t\tdata-xy=\"x:c;yo:100px,82px,62px,38px;\"\n\t\t\t\t\t\t\t\tdata-text=\"w:normal;l:22,18,13,8;\"\n\t\t\t\t\t\t\t\tdata-frame_999=\"o:0;st:w;\"\n\t\t\t\t\t\t\t\tstyle=\"z-index:5;font-family:'Raleway';\"\n\t\t\t\t\t\t\t>TRANSFORMANDO DOCUMENTOS Y PROCESOS CON OPENTEXT \n\t\t\t\t\t\t\t<\/rs-layer><!--\n\n\t\t\t\t\t\t\t--><rs-layer\n\t\t\t\t\t\t\t\tid=\"slider-187-slide-281-layer-1\" \n\t\t\t\t\t\t\t\tdata-type=\"text\"\n\t\t\t\t\t\t\t\tdata-rsp_ch=\"on\"\n\t\t\t\t\t\t\t\tdata-xy=\"x:c;yo:155px,128px,97px,59px;\"\n\t\t\t\t\t\t\t\tdata-text=\"w:normal;s:40,33,25,15;l:40,33,25,15;fw:700;\"\n\t\t\t\t\t\t\t\tdata-frame_999=\"o:0;st:w;\"\n\t\t\t\t\t\t\t\tstyle=\"z-index:6;font-family:'Roboto';\"\n\t\t\t\t\t\t\t>Como especialistas en OpenText estamos a su disposici\u00f3n \n\t\t\t\t\t\t\t<\/rs-layer><!--\n-->\t\t\t\t\t<\/rs-slide>\n\t\t\t\t\t<\/rs-slides>\n\t\t\t\t<\/rs-module>\n\t\t\t\t<script>\n\t\t\t\t\tsetREVStartSize({c: 'rev_slider_187_1',rl:[1240,1024,778,480],el:[300,768,960,720],gw:[1240,1024,778,480],gh:[300,330,251,155],type:'standard',justify:'',layout:'fullwidth',mh:\"0\"});if (window.RS_MODULES!==undefined && window.RS_MODULES.modules!==undefined && window.RS_MODULES.modules[\"revslider1871\"]!==undefined) {window.RS_MODULES.modules[\"revslider1871\"].once = false;window.revapi187 = undefined;if (window.RS_MODULES.checkMinimal!==undefined) window.RS_MODULES.checkMinimal()}\n\t\t\t\t<\/script>\n\t\t\t<\/rs-module-wrap>\n\t\t\t<!-- END REVOLUTION SLIDER -->\n<\/div><div class=\"kc-elm kc-css-306430\" style=\"height: 80px; clear: both; width:100%;\"><\/div><\/div><\/div><\/div><\/div><\/section><section class=\"kc-elm kc-css-194827 kc_row\"><div class=\"kc-row-container  kc-container\"><div class=\"kc-wrap-columns\"><div class=\"kc-elm kc-css-143189 kc_col-sm-12 kc_column kc_col-sm-12\"><div class=\"kc-col-container\">\n<div class=\"kc-elm kc-css-145942 kc-title-wrap \">\n\n\t<h1 class=\"kc_title\">Por qu\u00e9 OpenText y SAP S\/4HANA encajan perfectamente<\/h1>\n<\/div>\n<div class=\"kc-elm kc-css-187788\" style=\"height: 20px; clear: both; width:100%;\"><\/div><div class=\"kc-elm kc-css-874487 kc_text_block\"><\/p>\n<p>\nLa esencia de la digitalizaci\u00f3n es la empresa inteligente, en red e impulsada por la informaci\u00f3n. Esto requiere una generaci\u00f3n completamente nueva de aplicaciones de negocio que no solo procesen gran magnitud de datos sino m\u00e1s r\u00e1pido que antes, sino que tambi\u00e9n permitan el an\u00e1lisis de informaci\u00f3n en tiempo real. SAP S\/4HANA es una nueva generaci\u00f3n, desde la base de datos HANA hasta la interfaz SAP Fiori. Para garantizar que este mundo nuevo no se limite a los datos, sino que tambi\u00e9n incluya toda la informaci\u00f3n no estructurada, se necesitan soluciones OpenText. Las empresas pueden confiar en ellos: OpenText ha aceptado este desaf\u00edo y lo est\u00e1 dominando en todos los niveles, as\u00ed como en todas las \u00e1reas. Durante 25 a\u00f1os, OpenText y SAP han sido el d\u00fao perfecto: tambi\u00e9n y especialmente para SAP HANA y SAP S\/4HANA.<\/p>\n<p><span style=\"color: #23282d; font-weight: 600; font-style: inherit;\">\u00a0<\/span><\/p>\n<p><span style=\"color: #23282d; font-weight: 600; font-style: inherit;\">Comunicaci\u00f3n personalizada<\/span><\/p>\n<p>El procesamiento y evaluaci\u00f3n de datos m\u00e1s r\u00e1pidos abren posibilidades completamente nuevas para la comunicaci\u00f3n individualizada, especialmente con los clientes. Por ejemplo, una factura \u00ababurrida\u00bb puede convertirse en un instrumento de marketing moderno con sugerencias concretas para otras tarifas o suplementos arancelarios, para productos y servicios nuevos o diferentes, en funci\u00f3n del uso previo realizado por el cliente. Adem\u00e1s de las conocidas listas de datos de las facturas, estos documentos -ya sea enviados on line o por correo postal-, tambi\u00e9n contienen im\u00e1genes y referencias a otros formatos como v\u00eddeos, podcasts, etc., todos personalizados y adaptados a la situaci\u00f3n de cada cliente.<\/p>\n<p>Sin embargo, este grado de individualizaci\u00f3n, que combina las \u00e1reas tradicionalmente separadas de marketing, servicio al cliente y contabilidad financiera, solo es posible mediante la automatizaci\u00f3n y la integraci\u00f3n, tanto en el backend como en la interfaz. Porque si bien SAP C\/4HANA y SAP Fiori proporcionan el procesamiento y an\u00e1lisis modernos de los datos del cliente y su presentaci\u00f3n, los formatosdigitales como im\u00e1genes, gr\u00e1ficos, videos y archivos de audio tambi\u00e9n deben administrarse y vincularse autom\u00e1ticamente a los datos y fusionarse en el documentos on-line o impresos. Esto se logra con las soluciones OpenText <a href=\"https:\/\/dataworld.com\/en\/solutions\/sap-digital-asset-management\/\">Gesti\u00f3n de activos digitales<\/a>, Presentaci\u00f3n de documentos y <a href=\"https:\/\/dataworld.com\/losungen\/sap-enterprise-content-management\/\">ECM extendido<\/a>.<\/p>\n<p><span style=\"color: #23282d; font-weight: 600; font-style: inherit;\">\u00a0<\/span><\/p>\n<p><span style=\"color: #23282d; font-weight: 600; font-style: inherit;\">Comunicaci\u00f3n de entrada automatizada<\/span><\/p>\n<p>SAP S\/4HANA y SAP C\/4HANA son los coches de carreras de las aplicaciones empresariales. Por el contrario, en muchos casos, la comunicaci\u00f3n de entrada parece ser una pastilla de freno. Esto se debe a que todav\u00eda se requieren muchos pasos manuales all\u00ed, que no solo requieren mucho tiempo sino que tambi\u00e9n son propensos a errores. OpenText ofrece una variedad de soluciones y tecnolog\u00edas para acelerar las comunicaciones entrantes. Mediante el uso de mecanismos de autoaprendizaje, OpenText Business Center permite niveles de automatizaci\u00f3n del 90% y m\u00e1s en la captura y procesamiento de informaci\u00f3n de entrada. Lo mismo se aplica a la soluci\u00f3n OpenText Vendor Invoice Management, que se adapta especialmente a las facturas entrantes y se basa directamente en SAP S\/4HANA Finance, lo que permite un proceso totalmente automatizado desde la captura de facturas hasta el pago, no solo en las instalaciones, sino tambi\u00e9n en la nube S\/ 4HANA.<\/p>\n<p><span style=\"color: #23282d; font-weight: 600; font-style: inherit;\">\u00a0<\/span><\/p>\n<p><span style=\"color: #23282d; font-weight: 600; font-style: inherit;\">Contenido como parte de los procesos<\/span><\/p>\n<p>El 80% y m\u00e1s de la informaci\u00f3n corporativa es contenido, es decir, informaci\u00f3n no estructurada, que en muchos casos todav\u00eda se almacena en silos de IT. Por otro lado, gracias a la nueva generaci\u00f3n de software empresarial, especialmente de SAP, las empresas pueden eliminar sus silos de datos. Esta disparidad impide que las empresas se den cuenta del valor total de su contenido. Esto se debe a que la informaci\u00f3n no estructurada tambi\u00e9n debe estar disponible m\u00e1s all\u00e1 de los l\u00edmites de la aplicaci\u00f3n y del sistema, o incluso mejor: debe proporcionarse activamente en el lugar correcto del proceso en el momento correcto y de la manera m\u00e1s autom\u00e1tica posible. Esto es lo que se esconde detr\u00e1s del concepto de \u00abprocesos comerciales enriquecidos en contenido\u00bb, con los cuales OpenText est\u00e1 totalmente comprometido.<\/p>\n<p>Ejemplos ilustrativos de esto en el contexto de SAP S\/4HANA son las soluciones OpenText Archiving y Document Access, as\u00ed como <a href=\"\/?page_id=2621\">OpenText Extended ECM<\/a>. Todos usan SAP HANA como base de datos. Esto significa que no solo contribuyen a un mayor valor agregado despu\u00e9s de la migraci\u00f3n a SAP S\/4HANA, sino que tambi\u00e9n ayudan durante la migraci\u00f3n, por ejemplo, al reducir el tama\u00f1o de la base de datos y, por lo tanto, los costes, los tiempos de inactividad son m\u00e1s cortos durante el cambio a la nueva generaci\u00f3n de software y los costes de administraci\u00f3n son menores.<\/p>\n<p><span style=\"color: #23282d; font-weight: 600; font-style: inherit;\">\u00a0<\/span><\/p>\n<p><span style=\"color: #23282d; font-weight: 600; font-style: inherit;\">OpenText y SAP S\/4HANA: certificado y calificado<\/span><\/p>\n<p>La estrecha rekaci\u00f3n entre OpenText y SAP cumple ahora 25 a\u00f1os. Ning\u00fan otro proveedor ofrece m\u00e1s soluciones que est\u00e9n en la lista de precios de SAP que OpenText. Todas las soluciones OpenText para clientes de SAP est\u00e1n certificadas para SAP S\/4HANA. Las ofertas de OpenText vendidas por el propio SAP como extensiones de soluci\u00f3n tambi\u00e9n est\u00e1n calificadas para SAP S\/4HANA y, por lo tanto, se han sometido a un proceso de certificaci\u00f3n particularmente estricto.<\/p>\n<p>Por lo tanto, los clientes de SAP pueden estar seguros de que su inversi\u00f3n en OpenText est\u00e1 protegida. Adem\u00e1s, las ofertas OpenText para SAP S\/4HANA y SAP C\/4HANA ayudan a aumentar el valor de las inversiones de los clientes en las nuevas generaciones de software de Walldorf. Esto se debe a que OpenText se ejecuta en SAP HANA y utiliza sus capacidades anal\u00edticas. Adem\u00e1s, OpenText est\u00e1 integrado con SAP S\/4HANA y SAP C\/4HANA, as\u00ed como con SAP Fiori. Independientemente de si los clientes deciden implementar en la nube o en su propio entorno de TI, el d\u00fao de OpenText y SAP los coloca del lado de los ganadores de digitalizaci\u00f3n.<\/p>\n<p>\n<\/div><div class=\"kc-elm kc-css-725912\" style=\"height: 20px; clear: both; width:100%;\"><\/div><\/div><\/div><\/div><\/div><\/section><\/p>\n","protected":false},"excerpt":{"rendered":"","protected":false},"author":2,"featured_media":0,"parent":4510,"menu_order":0,"comment_status":"closed","ping_status":"closed","template":"","meta":{"footnotes":""},"class_list":["post-4516","page","type-page","status-publish","hentry"],"yoast_head":"<!-- This site is optimized with the Yoast SEO plugin v27.4 - https:\/\/yoast.com\/product\/yoast-seo-wordpress\/ -->\n<title>Transformando documentos y procesos con OpenText - dataworld<\/title>\n<meta name=\"robots\" content=\"index, follow, max-snippet:-1, max-image-preview:large, max-video-preview:-1\" \/>\n<link rel=\"canonical\" href=\"https:\/\/dataworld.com\/es\/tendencias\/transformando-documentos-y-procesos-con-opentext\/\" \/>\n<meta property=\"og:locale\" content=\"es_ES\" \/>\n<meta property=\"og:type\" content=\"article\" \/>\n<meta property=\"og:title\" content=\"Transformando documentos y procesos con OpenText - dataworld\" \/>\n<meta property=\"og:description\" content=\"TRANSFORMANDO DOCUMENTOS Y PROCESOS CON OPENTEXT Como especialistas en OpenText estamos a su disposici\u00f3n Por qu\u00e9 OpenText y SAP S\/4HANA encajan perfectamente La esencia de la digitalizaci\u00f3n es la empresa inteligente, en red e impulsada por la informaci\u00f3n. Esto requiere una generaci\u00f3n completamente nueva de aplicaciones de negocio que no solo procesen gran magnitud de [&hellip;]\" \/>\n<meta property=\"og:url\" content=\"https:\/\/dataworld.com\/es\/tendencias\/transformando-documentos-y-procesos-con-opentext\/\" \/>\n<meta property=\"og:site_name\" content=\"dataworld\" \/>\n<meta property=\"article:publisher\" content=\"https:\/\/www.facebook.com\/dataworldconsulting\/\" \/>\n<meta property=\"article:modified_time\" content=\"2021-10-27T09:56:40+00:00\" \/>\n<meta name=\"twitter:card\" content=\"summary_large_image\" \/>\n<meta name=\"twitter:site\" content=\"@dW_dataworld\" \/>\n<meta name=\"twitter:label1\" content=\"Tiempo de lectura\" \/>\n\t<meta name=\"twitter:data1\" content=\"5 minutos\" \/>\n<script type=\"application\/ld+json\" class=\"yoast-schema-graph\">{\"@context\":\"https:\\\/\\\/schema.org\",\"@graph\":[{\"@type\":\"WebPage\",\"@id\":\"https:\\\/\\\/dataworld.com\\\/es\\\/tendencias\\\/transformando-documentos-y-procesos-con-opentext\\\/\",\"url\":\"https:\\\/\\\/dataworld.com\\\/es\\\/tendencias\\\/transformando-documentos-y-procesos-con-opentext\\\/\",\"name\":\"Transformando documentos y procesos con OpenText - dataworld\",\"isPartOf\":{\"@id\":\"https:\\\/\\\/dataworld.com\\\/es\\\/#website\"},\"datePublished\":\"2019-11-05T20:07:49+00:00\",\"dateModified\":\"2021-10-27T09:56:40+00:00\",\"breadcrumb\":{\"@id\":\"https:\\\/\\\/dataworld.com\\\/es\\\/tendencias\\\/transformando-documentos-y-procesos-con-opentext\\\/#breadcrumb\"},\"inLanguage\":\"es\",\"potentialAction\":[{\"@type\":\"ReadAction\",\"target\":[\"https:\\\/\\\/dataworld.com\\\/es\\\/tendencias\\\/transformando-documentos-y-procesos-con-opentext\\\/\"]}]},{\"@type\":\"BreadcrumbList\",\"@id\":\"https:\\\/\\\/dataworld.com\\\/es\\\/tendencias\\\/transformando-documentos-y-procesos-con-opentext\\\/#breadcrumb\",\"itemListElement\":[{\"@type\":\"ListItem\",\"position\":1,\"name\":\"Home\",\"item\":\"https:\\\/\\\/dataworld.com\\\/es\\\/\"},{\"@type\":\"ListItem\",\"position\":2,\"name\":\"Tendencias\",\"item\":\"https:\\\/\\\/dataworld.com\\\/es\\\/tendencias\\\/\"},{\"@type\":\"ListItem\",\"position\":3,\"name\":\"Transformando documentos y procesos con OpenText\"}]},{\"@type\":\"WebSite\",\"@id\":\"https:\\\/\\\/dataworld.com\\\/es\\\/#website\",\"url\":\"https:\\\/\\\/dataworld.com\\\/es\\\/\",\"name\":\"dataworld\",\"description\":\"wir gestalten Ihre S4 Journey\",\"publisher\":{\"@id\":\"https:\\\/\\\/dataworld.com\\\/es\\\/#organization\"},\"potentialAction\":[{\"@type\":\"SearchAction\",\"target\":{\"@type\":\"EntryPoint\",\"urlTemplate\":\"https:\\\/\\\/dataworld.com\\\/es\\\/?s={search_term_string}\"},\"query-input\":{\"@type\":\"PropertyValueSpecification\",\"valueRequired\":true,\"valueName\":\"search_term_string\"}}],\"inLanguage\":\"es\"},{\"@type\":\"Organization\",\"@id\":\"https:\\\/\\\/dataworld.com\\\/es\\\/#organization\",\"name\":\"Data Work Consulting AG\",\"url\":\"https:\\\/\\\/dataworld.com\\\/es\\\/\",\"logo\":{\"@type\":\"ImageObject\",\"inLanguage\":\"es\",\"@id\":\"https:\\\/\\\/dataworld.com\\\/es\\\/#\\\/schema\\\/logo\\\/image\\\/\",\"url\":\"https:\\\/\\\/dataworld.com\\\/wp-content\\\/uploads\\\/2019\\\/11\\\/Quadrat.jpg\",\"contentUrl\":\"https:\\\/\\\/dataworld.com\\\/wp-content\\\/uploads\\\/2019\\\/11\\\/Quadrat.jpg\",\"width\":378,\"height\":378,\"caption\":\"Data Work Consulting AG\"},\"image\":{\"@id\":\"https:\\\/\\\/dataworld.com\\\/es\\\/#\\\/schema\\\/logo\\\/image\\\/\"},\"sameAs\":[\"https:\\\/\\\/www.facebook.com\\\/dataworldconsulting\\\/\",\"https:\\\/\\\/x.com\\\/dW_dataworld\"]}]}<\/script>\n<!-- \/ Yoast SEO plugin. -->","yoast_head_json":{"title":"Transformando documentos y procesos con OpenText - dataworld","robots":{"index":"index","follow":"follow","max-snippet":"max-snippet:-1","max-image-preview":"max-image-preview:large","max-video-preview":"max-video-preview:-1"},"canonical":"https:\/\/dataworld.com\/es\/tendencias\/transformando-documentos-y-procesos-con-opentext\/","og_locale":"es_ES","og_type":"article","og_title":"Transformando documentos y procesos con OpenText - dataworld","og_description":"TRANSFORMANDO DOCUMENTOS Y PROCESOS CON OPENTEXT Como especialistas en OpenText estamos a su disposici\u00f3n Por qu\u00e9 OpenText y SAP S\/4HANA encajan perfectamente La esencia de la digitalizaci\u00f3n es la empresa inteligente, en red e impulsada por la informaci\u00f3n. Esto requiere una generaci\u00f3n completamente nueva de aplicaciones de negocio que no solo procesen gran magnitud de [&hellip;]","og_url":"https:\/\/dataworld.com\/es\/tendencias\/transformando-documentos-y-procesos-con-opentext\/","og_site_name":"dataworld","article_publisher":"https:\/\/www.facebook.com\/dataworldconsulting\/","article_modified_time":"2021-10-27T09:56:40+00:00","twitter_card":"summary_large_image","twitter_site":"@dW_dataworld","twitter_misc":{"Tiempo de lectura":"5 minutos"},"schema":{"@context":"https:\/\/schema.org","@graph":[{"@type":"WebPage","@id":"https:\/\/dataworld.com\/es\/tendencias\/transformando-documentos-y-procesos-con-opentext\/","url":"https:\/\/dataworld.com\/es\/tendencias\/transformando-documentos-y-procesos-con-opentext\/","name":"Transformando documentos y procesos con OpenText - dataworld","isPartOf":{"@id":"https:\/\/dataworld.com\/es\/#website"},"datePublished":"2019-11-05T20:07:49+00:00","dateModified":"2021-10-27T09:56:40+00:00","breadcrumb":{"@id":"https:\/\/dataworld.com\/es\/tendencias\/transformando-documentos-y-procesos-con-opentext\/#breadcrumb"},"inLanguage":"es","potentialAction":[{"@type":"ReadAction","target":["https:\/\/dataworld.com\/es\/tendencias\/transformando-documentos-y-procesos-con-opentext\/"]}]},{"@type":"BreadcrumbList","@id":"https:\/\/dataworld.com\/es\/tendencias\/transformando-documentos-y-procesos-con-opentext\/#breadcrumb","itemListElement":[{"@type":"ListItem","position":1,"name":"Home","item":"https:\/\/dataworld.com\/es\/"},{"@type":"ListItem","position":2,"name":"Tendencias","item":"https:\/\/dataworld.com\/es\/tendencias\/"},{"@type":"ListItem","position":3,"name":"Transformando documentos y procesos con OpenText"}]},{"@type":"WebSite","@id":"https:\/\/dataworld.com\/es\/#website","url":"https:\/\/dataworld.com\/es\/","name":"dataworld","description":"wir gestalten Ihre S4 Journey","publisher":{"@id":"https:\/\/dataworld.com\/es\/#organization"},"potentialAction":[{"@type":"SearchAction","target":{"@type":"EntryPoint","urlTemplate":"https:\/\/dataworld.com\/es\/?s={search_term_string}"},"query-input":{"@type":"PropertyValueSpecification","valueRequired":true,"valueName":"search_term_string"}}],"inLanguage":"es"},{"@type":"Organization","@id":"https:\/\/dataworld.com\/es\/#organization","name":"Data Work Consulting AG","url":"https:\/\/dataworld.com\/es\/","logo":{"@type":"ImageObject","inLanguage":"es","@id":"https:\/\/dataworld.com\/es\/#\/schema\/logo\/image\/","url":"https:\/\/dataworld.com\/wp-content\/uploads\/2019\/11\/Quadrat.jpg","contentUrl":"https:\/\/dataworld.com\/wp-content\/uploads\/2019\/11\/Quadrat.jpg","width":378,"height":378,"caption":"Data Work Consulting AG"},"image":{"@id":"https:\/\/dataworld.com\/es\/#\/schema\/logo\/image\/"},"sameAs":["https:\/\/www.facebook.com\/dataworldconsulting\/","https:\/\/x.com\/dW_dataworld"]}]}},"_links":{"self":[{"href":"https:\/\/dataworld.com\/es\/wp-json\/wp\/v2\/pages\/4516","targetHints":{"allow":["GET"]}}],"collection":[{"href":"https:\/\/dataworld.com\/es\/wp-json\/wp\/v2\/pages"}],"about":[{"href":"https:\/\/dataworld.com\/es\/wp-json\/wp\/v2\/types\/page"}],"author":[{"embeddable":true,"href":"https:\/\/dataworld.com\/es\/wp-json\/wp\/v2\/users\/2"}],"replies":[{"embeddable":true,"href":"https:\/\/dataworld.com\/es\/wp-json\/wp\/v2\/comments?post=4516"}],"version-history":[{"count":8,"href":"https:\/\/dataworld.com\/es\/wp-json\/wp\/v2\/pages\/4516\/revisions"}],"predecessor-version":[{"id":8014,"href":"https:\/\/dataworld.com\/es\/wp-json\/wp\/v2\/pages\/4516\/revisions\/8014"}],"up":[{"embeddable":true,"href":"https:\/\/dataworld.com\/es\/wp-json\/wp\/v2\/pages\/4510"}],"wp:attachment":[{"href":"https:\/\/dataworld.com\/es\/wp-json\/wp\/v2\/media?parent=4516"}],"curies":[{"name":"wp","href":"https:\/\/api.w.org\/{rel}","templated":true}]}}