{"id":4514,"date":"2019-11-05T21:07:18","date_gmt":"2019-11-05T20:07:18","guid":{"rendered":"https:\/\/dataworld.com\/?page_id=4514"},"modified":"2021-10-27T13:25:32","modified_gmt":"2021-10-27T11:25:32","slug":"s4-la-empresa-inteligente","status":"publish","type":"page","link":"https:\/\/dataworld.com\/es\/tendencias\/s4-la-empresa-inteligente\/","title":{"rendered":"S4 &#8211; La empresa inteligente"},"content":{"rendered":"<p><section class=\"kc-elm kc-css-15912 kc_row\"><div class=\"kc-row-container  kc-container\"><div class=\"kc-wrap-columns\"><div class=\"kc-elm kc-css-373864 kc_col-sm-12 kc_column kc_col-sm-12\"><div class=\"kc-col-container\"><div class=\"kc-elm kc-css-205301 kc-raw-code\">\n\t\t\t<!-- START S4  intelligent Enterprise ES REVOLUTION SLIDER 6.7.41 --><p class=\"rs-p-wp-fix\"><\/p>\n\t\t\t<rs-module-wrap id=\"rev_slider_188_1_wrapper\" data-source=\"gallery\" style=\"visibility:hidden;background:#b3b3aa;padding:0;margin:0px auto;margin-top:0;margin-bottom:0;\">\n\t\t\t\t<rs-module id=\"rev_slider_188_1\" style=\"\" data-version=\"6.7.41\">\n\t\t\t\t\t<rs-slides style=\"overflow: hidden; position: absolute;\">\n\t\t\t\t\t\t<rs-slide style=\"position: absolute;\" data-key=\"rs-282\" data-title=\"Slide\" data-anim=\"ms:1000;r:0;\" data-in=\"o:0;\" data-out=\"a:false;\">\n\t\t\t\t\t\t\t<img decoding=\"async\" src=\"\/\/dataworld.com\/wp-content\/plugins\/revslider\/sr6\/assets\/assets\/dummy.png\" alt=\"Slide\" title=\"S4 &#8211; La empresa inteligente\" class=\"rev-slidebg tp-rs-img rs-lazyload\" data-lazyload=\"\/\/dataworld.com\/wp-content\/plugins\/revslider\/sr6\/assets\/assets\/transparent.png\" data-bg=\"c:#b3b3aa;\" data-no-retina>\n<!--\n\t\t\t\t\t\t\t--><rs-layer\n\t\t\t\t\t\t\t\tid=\"slider-188-slide-282-layer-0\" \n\t\t\t\t\t\t\t\tdata-type=\"text\"\n\t\t\t\t\t\t\t\tdata-rsp_ch=\"on\"\n\t\t\t\t\t\t\t\tdata-xy=\"x:c;yo:108px,89px,67px,41px;\"\n\t\t\t\t\t\t\t\tdata-text=\"w:normal;l:22,18,13,8;\"\n\t\t\t\t\t\t\t\tdata-frame_999=\"o:0;st:w;\"\n\t\t\t\t\t\t\t\tstyle=\"z-index:5;font-family:'Raleway';\"\n\t\t\t\t\t\t\t>S4 - LA EMPRESA INTELIGENTE \n\t\t\t\t\t\t\t<\/rs-layer><!--\n\n\t\t\t\t\t\t\t--><rs-layer\n\t\t\t\t\t\t\t\tid=\"slider-188-slide-282-layer-1\" \n\t\t\t\t\t\t\t\tdata-type=\"text\"\n\t\t\t\t\t\t\t\tdata-rsp_ch=\"on\"\n\t\t\t\t\t\t\t\tdata-xy=\"x:c;yo:190px,156px,118px,72px;\"\n\t\t\t\t\t\t\t\tdata-text=\"w:normal;s:40,33,25,15;l:40,33,25,15;fw:700;\"\n\t\t\t\t\t\t\t\tdata-frame_999=\"o:0;st:w;\"\n\t\t\t\t\t\t\t\tstyle=\"z-index:6;font-family:'Roboto';\"\n\t\t\t\t\t\t\t>Le aconsejamos sobre el tema de la empresa inteligente \n\t\t\t\t\t\t\t<\/rs-layer><!--\n-->\t\t\t\t\t<\/rs-slide>\n\t\t\t\t\t<\/rs-slides>\n\t\t\t\t<\/rs-module>\n\t\t\t\t<script>\n\t\t\t\t\tsetREVStartSize({c: 'rev_slider_188_1',rl:[1240,1024,778,480],el:[300,768,960,720],gw:[1240,1024,778,480],gh:[300,330,251,155],type:'standard',justify:'',layout:'fullwidth',mh:\"0\"});if (window.RS_MODULES!==undefined && window.RS_MODULES.modules!==undefined && window.RS_MODULES.modules[\"revslider1881\"]!==undefined) {window.RS_MODULES.modules[\"revslider1881\"].once = false;window.revapi188 = undefined;if (window.RS_MODULES.checkMinimal!==undefined) window.RS_MODULES.checkMinimal()}\n\t\t\t\t<\/script>\n\t\t\t<\/rs-module-wrap>\n\t\t\t<!-- END REVOLUTION SLIDER -->\n<\/div><div class=\"kc-elm kc-css-279887\" style=\"height: 80px; clear: both; width:100%;\"><\/div>\n<div class=\"kc-elm kc-css-40253 kc-call-to-action kc-cta-2 kc-is-button\">\n\n\t<div class=\"kc-cta-desc\"><h2>Paquete S4 preconfigurado<\/h2><div class=\"kc-cta-text\">El paquete Kickstarter especialmente desarrollado para las PYMES le permite digitalizar sus procesos de back office. Desde la recepci\u00f3n electr\u00f3nica de facturas hasta el registro de tiempos y la conciliaci\u00f3n bancaria autom\u00e1tica, el paquete contiene todo lo que una PYME necesita. El paquete estandarizado se puede ampliar con Fiori Apps, el SAP Sales Cloud y mucho m\u00e1s. El resumen detallado de las funciones se puede encontrar aqu\u00ed:<\/div><\/div><div class=\"kc-cta-button\"><a href=\"https:\/\/dataworld.com\/wp-content\/uploads\/2021\/06\/Whitepaper-Mittelstandspaket-S_4HANA-v2.0.pdf\">Resumen funcional<\/a><\/div>\n<\/div>\n<div class=\"kc-elm kc-css-967511\" style=\"height: 80px; clear: both; width:100%;\"><\/div><div class=\"kc-elm kc-css-519014 kc_text_block\"><\/p>\n<p>\nLa empresa inteligente es una estrategia que convierte los datos en acciones en todas las \u00e1reas de negocio. Acelera la automatizaci\u00f3n de procesos y la introducci\u00f3n de innovaciones, abre nuevas \u00e1reas de crecimiento y crea experiencias extraordinarias y positivas.<\/p>\n<p>\n<\/div><div class=\"kc-elm kc-css-971205\" style=\"height: 20px; clear: both; width:100%;\"><\/div><div class=\"kc-elm kc-css-618846 kc-raw-code\"><style>.embed-container { position: relative; padding-bottom: 56.25%; height: 0; overflow: hidden; max-width: 100%; } .embed-container iframe, .embed-container object, .embed-container embed { position: absolute; top: 0; left: 0; width: 100%; height: 100%; }<\/style><div class='embed-container'><iframe src='https:\/\/www.youtube.com\/embed\/U_0HJ2Ycpzk' frameborder='0' allowfullscreen><\/iframe><\/div><\/div><div class=\"kc-elm kc-css-900513\" style=\"height: 40px; clear: both; width:100%;\"><\/div><\/div><\/div><\/div><\/div><\/section><section class=\"kc-elm kc-css-854307 kc_row\"><div class=\"kc-row-container  kc-container\"><div class=\"kc-wrap-columns\"><div class=\"kc-elm kc-css-374203 kc_col-sm-4 kc_column kc_col-sm-4\"><div class=\"kc-col-container\"><div class=\"kc-elm kc-css-974747\" style=\"height: 20px; clear: both; width:100%;\"><\/div><div class=\"kc-elm kc-css-554751 kc_text_block\"><\/p>\n<p>\n<b>Cerrar la brecha de experiencia<\/b><\/p>\n<p>Adopte un enfoque estrat\u00e9gico para crear una conexi\u00f3n m\u00e1s profunda en sus interacciones con clientes y empleados. Rastree el valor en tiempo real y combine esta informaci\u00f3n con datos operativos. Obtenga informaci\u00f3n para mejorar las experiencias de clientes, empleados, productos y marcas.<\/p>\n<p>\n<\/div><\/div><\/div><div class=\"kc-elm kc-css-530466 kc_col-sm-4 kc_column kc_col-sm-4\"><div class=\"kc-col-container\"><div class=\"kc-elm kc-css-744943\" style=\"height: 20px; clear: both; width:100%;\"><\/div><div class=\"kc-elm kc-css-696126 kc_text_block\"><\/p>\n<p>\n<b>Aprovechar nuevas fuentes de crecimiento<\/b><\/p>\n<p>Integre funciones inteligentes en sus procesos para que pueda anticiparse a las necesidades y responder r\u00e1pidamente a la demanda con su desarrollo, producci\u00f3n y entregas. Inspire a sus clientes con nuevos servicios, productos y modelos comerciales, e involucre a toda su plantilla para promover un mayor crecimiento.<\/p>\n<p>\n<\/div><\/div><\/div><div class=\"kc-elm kc-css-565854 kc_col-sm-4 kc_column kc_col-sm-4\"><div class=\"kc-col-container\"><div class=\"kc-elm kc-css-407652\" style=\"height: 20px; clear: both; width:100%;\"><\/div><div class=\"kc-elm kc-css-493351 kc_text_block\"><\/p>\n<p>\n<b>Marcando el ritmo de la industria<\/b><\/p>\n<p>Introduzca tecnolog\u00edas inteligentes como la Inteligencia Artificial, el aprendizaje autom\u00e1tico, blockchain y el Internet de las Cosas. Con estas innovaciones, se pondr\u00e1 a la vanguardia de su industria y determinar\u00e1 su futuro. Automatice procesos, prediga resultados y alcance niveles m\u00e1s altos de eficiencia y agilidad.<\/p>\n<p>\n<\/div><\/div><\/div><\/div><\/div><\/section><section class=\"kc-elm kc-css-912555 kc_row\"><div class=\"kc-row-container  kc-container\"><div class=\"kc-wrap-columns\"><div class=\"kc-elm kc-css-723651 kc_col-sm-12 kc_column kc_col-sm-12\"><div class=\"kc-col-container\"><div class=\"kc-elm kc-css-660408\" style=\"height: 20px; clear: both; width:100%;\"><\/div>\n<div class=\"kc-elm kc-css-352932 kc-animated kc-animate-eff-fadeIn kc-animate-delay-150\">\n\t<a class=\"kc_button\" href=\"https:\/\/dataworld.com\/wp-content\/uploads\/2019\/11\/Das-intelligente-Unternehmen.pdf\" target=\"_self\" title=\"\" onclick=\"\">\n\t\t<i class=\"et-book-open\"><\/i> Descargue el folleto\t<\/a>\n<\/div>\n<\/div><\/div><\/div><\/div><\/section><section class=\"kc-elm kc-css-650295 kc_row\"><div class=\"kc-row-container  kc-container\"><div class=\"kc-wrap-columns\"><div class=\"kc-elm kc-css-650168 kc_col-sm-12 kc_column kc_col-sm-12\"><div class=\"kc-col-container\"><div class=\"kc-elm kc-css-800756\" style=\"height: 80px; clear: both; width:100%;\"><\/div><div class=\"kc-elm kc-css-50136 kc_text_block\"><\/p>\n<p>\n<b>La empresa inteligente: una estrategia para el \u00e9xito en la econom\u00eda de la experiencia<\/b><\/p>\n<p>Los tel\u00e9fonos inteligentes y las redes sociales hacen m\u00e1s f\u00e1cil que nunca que los clientes y empleados vean qu\u00e9 compa\u00f1\u00edas ofrecen experiencias sobresalientes y cu\u00e1les no. Por lo tanto, una estrategia correcta es crucial.<\/p>\n<p>\n<\/div><\/div><\/div><\/div><\/div><\/section><section class=\"kc-elm kc-css-262755 kc_row\"><div class=\"kc-row-container  kc-container\"><div class=\"kc-wrap-columns\"><div class=\"kc-elm kc-css-142949 kc_col-sm-6 kc_column kc_col-sm-6\"><div class=\"kc-col-container\"><div class=\"kc-elm kc-css-605560\" style=\"height: 20px; clear: both; width:100%;\"><\/div><div class=\"kc-elm kc-css-954588 kc_shortcode kc_single_image\">\n\n        <img decoding=\"async\" src=\"https:\/\/dataworld.com\/wp-content\/uploads\/2019\/11\/NewEconomy_Intelligent_enterprise.jpg\" class=\"\" alt=\"\" \/>    <\/div>\n<div class=\"kc-elm kc-css-407590\" style=\"height: 20px; clear: both; width:100%;\"><\/div><\/div><\/div><div class=\"kc-elm kc-css-21403 kc_col-sm-6 kc_column kc_col-sm-6\"><div class=\"kc-col-container\"><div class=\"kc-elm kc-css-84476\" style=\"height: 20px; clear: both; width:100%;\"><\/div><div class=\"kc-elm kc-css-429799 kc_text_block\"><\/p>\n<p>\n<b>Cerrar la brecha de experiencia<\/b><\/p>\n<p>El 80% de los CEO creen que su compa\u00f1\u00eda ofrece una experiencia a nivel mundial, pero s\u00f3lo el 8% de los clientes est\u00e1 de acuerdo. Descubra c\u00f3mo una estrategia comercial inteligente puede ayudarle a obtener una comprensi\u00f3n profunda de lo que los clientes, y sus empleados realmente piensan y por qu\u00e9. Ser\u00e1 en ese momento cuando pueda cerrar la brecha de experiencia.<\/p>\n<p>\n<\/div>\n<div class=\"kc-elm kc-css-843625 kc-animated kc-animate-eff-fadeIn kc-animate-delay-150\">\n\t<a class=\"kc_button\" href=\"https:\/\/dataworld.com\/wp-content\/uploads\/2019\/11\/Bridging-the-Experience-Gap.pdf\" target=\"_self\" title=\"\" onclick=\"\">\n\t\t<i class=\"et-book-open\"><\/i> Descargue el folleto\t<\/a>\n<\/div>\n<div class=\"kc-elm kc-css-920757\" style=\"height: 20px; clear: both; width:100%;\"><\/div><\/div><\/div><\/div><\/div><\/section><\/p>\n","protected":false},"excerpt":{"rendered":"","protected":false},"author":2,"featured_media":0,"parent":4510,"menu_order":0,"comment_status":"closed","ping_status":"closed","template":"","meta":{"footnotes":""},"class_list":["post-4514","page","type-page","status-publish","hentry"],"yoast_head":"<!-- This site is optimized with the Yoast SEO plugin v27.4 - https:\/\/yoast.com\/product\/yoast-seo-wordpress\/ -->\n<title>S4 - La empresa inteligente - dataworld<\/title>\n<meta name=\"robots\" content=\"index, follow, max-snippet:-1, max-image-preview:large, max-video-preview:-1\" \/>\n<link rel=\"canonical\" href=\"https:\/\/dataworld.com\/es\/tendencias\/s4-la-empresa-inteligente\/\" \/>\n<meta property=\"og:locale\" content=\"es_ES\" \/>\n<meta property=\"og:type\" content=\"article\" \/>\n<meta property=\"og:title\" content=\"S4 - La empresa inteligente - dataworld\" \/>\n<meta property=\"og:description\" content=\"S4 &#8211; LA EMPRESA INTELIGENTE Le aconsejamos sobre el tema de la empresa inteligente Paquete S4 preconfigurado El paquete Kickstarter especialmente desarrollado para las PYMES le permite digitalizar sus procesos de back office. Desde la recepci\u00f3n electr\u00f3nica de facturas hasta el registro de tiempos y la conciliaci\u00f3n bancaria autom\u00e1tica, el paquete contiene todo lo que [&hellip;]\" \/>\n<meta property=\"og:url\" content=\"https:\/\/dataworld.com\/es\/tendencias\/s4-la-empresa-inteligente\/\" \/>\n<meta property=\"og:site_name\" content=\"dataworld\" \/>\n<meta property=\"article:publisher\" content=\"https:\/\/www.facebook.com\/dataworldconsulting\/\" \/>\n<meta property=\"article:modified_time\" content=\"2021-10-27T11:25:32+00:00\" \/>\n<meta property=\"og:image\" content=\"https:\/\/dataworld.com\/wp-content\/uploads\/2019\/11\/NewEconomy_Intelligent_enterprise.jpg\" \/>\n<meta name=\"twitter:card\" content=\"summary_large_image\" \/>\n<meta name=\"twitter:site\" content=\"@dW_dataworld\" \/>\n<meta name=\"twitter:label1\" content=\"Tiempo de lectura\" \/>\n\t<meta name=\"twitter:data1\" content=\"2 minutos\" \/>\n<script type=\"application\/ld+json\" class=\"yoast-schema-graph\">{\"@context\":\"https:\\\/\\\/schema.org\",\"@graph\":[{\"@type\":\"WebPage\",\"@id\":\"https:\\\/\\\/dataworld.com\\\/es\\\/tendencias\\\/s4-la-empresa-inteligente\\\/\",\"url\":\"https:\\\/\\\/dataworld.com\\\/es\\\/tendencias\\\/s4-la-empresa-inteligente\\\/\",\"name\":\"S4 - La empresa inteligente - dataworld\",\"isPartOf\":{\"@id\":\"https:\\\/\\\/dataworld.com\\\/es\\\/#website\"},\"primaryImageOfPage\":{\"@id\":\"https:\\\/\\\/dataworld.com\\\/es\\\/tendencias\\\/s4-la-empresa-inteligente\\\/#primaryimage\"},\"image\":{\"@id\":\"https:\\\/\\\/dataworld.com\\\/es\\\/tendencias\\\/s4-la-empresa-inteligente\\\/#primaryimage\"},\"thumbnailUrl\":\"https:\\\/\\\/dataworld.com\\\/wp-content\\\/uploads\\\/2019\\\/11\\\/NewEconomy_Intelligent_enterprise.jpg\",\"datePublished\":\"2019-11-05T20:07:18+00:00\",\"dateModified\":\"2021-10-27T11:25:32+00:00\",\"breadcrumb\":{\"@id\":\"https:\\\/\\\/dataworld.com\\\/es\\\/tendencias\\\/s4-la-empresa-inteligente\\\/#breadcrumb\"},\"inLanguage\":\"es\",\"potentialAction\":[{\"@type\":\"ReadAction\",\"target\":[\"https:\\\/\\\/dataworld.com\\\/es\\\/tendencias\\\/s4-la-empresa-inteligente\\\/\"]}]},{\"@type\":\"ImageObject\",\"inLanguage\":\"es\",\"@id\":\"https:\\\/\\\/dataworld.com\\\/es\\\/tendencias\\\/s4-la-empresa-inteligente\\\/#primaryimage\",\"url\":\"https:\\\/\\\/dataworld.com\\\/wp-content\\\/uploads\\\/2019\\\/11\\\/NewEconomy_Intelligent_enterprise.jpg\",\"contentUrl\":\"https:\\\/\\\/dataworld.com\\\/wp-content\\\/uploads\\\/2019\\\/11\\\/NewEconomy_Intelligent_enterprise.jpg\"},{\"@type\":\"BreadcrumbList\",\"@id\":\"https:\\\/\\\/dataworld.com\\\/es\\\/tendencias\\\/s4-la-empresa-inteligente\\\/#breadcrumb\",\"itemListElement\":[{\"@type\":\"ListItem\",\"position\":1,\"name\":\"Home\",\"item\":\"https:\\\/\\\/dataworld.com\\\/es\\\/\"},{\"@type\":\"ListItem\",\"position\":2,\"name\":\"Tendencias\",\"item\":\"https:\\\/\\\/dataworld.com\\\/es\\\/tendencias\\\/\"},{\"@type\":\"ListItem\",\"position\":3,\"name\":\"S4 &#8211; La empresa inteligente\"}]},{\"@type\":\"WebSite\",\"@id\":\"https:\\\/\\\/dataworld.com\\\/es\\\/#website\",\"url\":\"https:\\\/\\\/dataworld.com\\\/es\\\/\",\"name\":\"dataworld\",\"description\":\"wir gestalten Ihre S4 Journey\",\"publisher\":{\"@id\":\"https:\\\/\\\/dataworld.com\\\/es\\\/#organization\"},\"potentialAction\":[{\"@type\":\"SearchAction\",\"target\":{\"@type\":\"EntryPoint\",\"urlTemplate\":\"https:\\\/\\\/dataworld.com\\\/es\\\/?s={search_term_string}\"},\"query-input\":{\"@type\":\"PropertyValueSpecification\",\"valueRequired\":true,\"valueName\":\"search_term_string\"}}],\"inLanguage\":\"es\"},{\"@type\":\"Organization\",\"@id\":\"https:\\\/\\\/dataworld.com\\\/es\\\/#organization\",\"name\":\"Data Work Consulting AG\",\"url\":\"https:\\\/\\\/dataworld.com\\\/es\\\/\",\"logo\":{\"@type\":\"ImageObject\",\"inLanguage\":\"es\",\"@id\":\"https:\\\/\\\/dataworld.com\\\/es\\\/#\\\/schema\\\/logo\\\/image\\\/\",\"url\":\"https:\\\/\\\/dataworld.com\\\/wp-content\\\/uploads\\\/2019\\\/11\\\/Quadrat.jpg\",\"contentUrl\":\"https:\\\/\\\/dataworld.com\\\/wp-content\\\/uploads\\\/2019\\\/11\\\/Quadrat.jpg\",\"width\":378,\"height\":378,\"caption\":\"Data Work Consulting AG\"},\"image\":{\"@id\":\"https:\\\/\\\/dataworld.com\\\/es\\\/#\\\/schema\\\/logo\\\/image\\\/\"},\"sameAs\":[\"https:\\\/\\\/www.facebook.com\\\/dataworldconsulting\\\/\",\"https:\\\/\\\/x.com\\\/dW_dataworld\"]}]}<\/script>\n<!-- \/ Yoast SEO plugin. -->","yoast_head_json":{"title":"S4 - La empresa inteligente - dataworld","robots":{"index":"index","follow":"follow","max-snippet":"max-snippet:-1","max-image-preview":"max-image-preview:large","max-video-preview":"max-video-preview:-1"},"canonical":"https:\/\/dataworld.com\/es\/tendencias\/s4-la-empresa-inteligente\/","og_locale":"es_ES","og_type":"article","og_title":"S4 - La empresa inteligente - dataworld","og_description":"S4 &#8211; LA EMPRESA INTELIGENTE Le aconsejamos sobre el tema de la empresa inteligente Paquete S4 preconfigurado El paquete Kickstarter especialmente desarrollado para las PYMES le permite digitalizar sus procesos de back office. Desde la recepci\u00f3n electr\u00f3nica de facturas hasta el registro de tiempos y la conciliaci\u00f3n bancaria autom\u00e1tica, el paquete contiene todo lo que [&hellip;]","og_url":"https:\/\/dataworld.com\/es\/tendencias\/s4-la-empresa-inteligente\/","og_site_name":"dataworld","article_publisher":"https:\/\/www.facebook.com\/dataworldconsulting\/","article_modified_time":"2021-10-27T11:25:32+00:00","og_image":[{"url":"https:\/\/dataworld.com\/wp-content\/uploads\/2019\/11\/NewEconomy_Intelligent_enterprise.jpg","type":"","width":"","height":""}],"twitter_card":"summary_large_image","twitter_site":"@dW_dataworld","twitter_misc":{"Tiempo de lectura":"2 minutos"},"schema":{"@context":"https:\/\/schema.org","@graph":[{"@type":"WebPage","@id":"https:\/\/dataworld.com\/es\/tendencias\/s4-la-empresa-inteligente\/","url":"https:\/\/dataworld.com\/es\/tendencias\/s4-la-empresa-inteligente\/","name":"S4 - La empresa inteligente - dataworld","isPartOf":{"@id":"https:\/\/dataworld.com\/es\/#website"},"primaryImageOfPage":{"@id":"https:\/\/dataworld.com\/es\/tendencias\/s4-la-empresa-inteligente\/#primaryimage"},"image":{"@id":"https:\/\/dataworld.com\/es\/tendencias\/s4-la-empresa-inteligente\/#primaryimage"},"thumbnailUrl":"https:\/\/dataworld.com\/wp-content\/uploads\/2019\/11\/NewEconomy_Intelligent_enterprise.jpg","datePublished":"2019-11-05T20:07:18+00:00","dateModified":"2021-10-27T11:25:32+00:00","breadcrumb":{"@id":"https:\/\/dataworld.com\/es\/tendencias\/s4-la-empresa-inteligente\/#breadcrumb"},"inLanguage":"es","potentialAction":[{"@type":"ReadAction","target":["https:\/\/dataworld.com\/es\/tendencias\/s4-la-empresa-inteligente\/"]}]},{"@type":"ImageObject","inLanguage":"es","@id":"https:\/\/dataworld.com\/es\/tendencias\/s4-la-empresa-inteligente\/#primaryimage","url":"https:\/\/dataworld.com\/wp-content\/uploads\/2019\/11\/NewEconomy_Intelligent_enterprise.jpg","contentUrl":"https:\/\/dataworld.com\/wp-content\/uploads\/2019\/11\/NewEconomy_Intelligent_enterprise.jpg"},{"@type":"BreadcrumbList","@id":"https:\/\/dataworld.com\/es\/tendencias\/s4-la-empresa-inteligente\/#breadcrumb","itemListElement":[{"@type":"ListItem","position":1,"name":"Home","item":"https:\/\/dataworld.com\/es\/"},{"@type":"ListItem","position":2,"name":"Tendencias","item":"https:\/\/dataworld.com\/es\/tendencias\/"},{"@type":"ListItem","position":3,"name":"S4 &#8211; La empresa inteligente"}]},{"@type":"WebSite","@id":"https:\/\/dataworld.com\/es\/#website","url":"https:\/\/dataworld.com\/es\/","name":"dataworld","description":"wir gestalten Ihre S4 Journey","publisher":{"@id":"https:\/\/dataworld.com\/es\/#organization"},"potentialAction":[{"@type":"SearchAction","target":{"@type":"EntryPoint","urlTemplate":"https:\/\/dataworld.com\/es\/?s={search_term_string}"},"query-input":{"@type":"PropertyValueSpecification","valueRequired":true,"valueName":"search_term_string"}}],"inLanguage":"es"},{"@type":"Organization","@id":"https:\/\/dataworld.com\/es\/#organization","name":"Data Work Consulting AG","url":"https:\/\/dataworld.com\/es\/","logo":{"@type":"ImageObject","inLanguage":"es","@id":"https:\/\/dataworld.com\/es\/#\/schema\/logo\/image\/","url":"https:\/\/dataworld.com\/wp-content\/uploads\/2019\/11\/Quadrat.jpg","contentUrl":"https:\/\/dataworld.com\/wp-content\/uploads\/2019\/11\/Quadrat.jpg","width":378,"height":378,"caption":"Data Work Consulting AG"},"image":{"@id":"https:\/\/dataworld.com\/es\/#\/schema\/logo\/image\/"},"sameAs":["https:\/\/www.facebook.com\/dataworldconsulting\/","https:\/\/x.com\/dW_dataworld"]}]}},"_links":{"self":[{"href":"https:\/\/dataworld.com\/es\/wp-json\/wp\/v2\/pages\/4514","targetHints":{"allow":["GET"]}}],"collection":[{"href":"https:\/\/dataworld.com\/es\/wp-json\/wp\/v2\/pages"}],"about":[{"href":"https:\/\/dataworld.com\/es\/wp-json\/wp\/v2\/types\/page"}],"author":[{"embeddable":true,"href":"https:\/\/dataworld.com\/es\/wp-json\/wp\/v2\/users\/2"}],"replies":[{"embeddable":true,"href":"https:\/\/dataworld.com\/es\/wp-json\/wp\/v2\/comments?post=4514"}],"version-history":[{"count":9,"href":"https:\/\/dataworld.com\/es\/wp-json\/wp\/v2\/pages\/4514\/revisions"}],"predecessor-version":[{"id":8881,"href":"https:\/\/dataworld.com\/es\/wp-json\/wp\/v2\/pages\/4514\/revisions\/8881"}],"up":[{"embeddable":true,"href":"https:\/\/dataworld.com\/es\/wp-json\/wp\/v2\/pages\/4510"}],"wp:attachment":[{"href":"https:\/\/dataworld.com\/es\/wp-json\/wp\/v2\/media?parent=4514"}],"curies":[{"name":"wp","href":"https:\/\/api.w.org\/{rel}","templated":true}]}}