{"id":4505,"date":"2019-11-22T11:12:54","date_gmt":"2019-11-22T10:12:54","guid":{"rendered":"https:\/\/dataworld.com\/?page_id=4505"},"modified":"2022-11-15T11:23:41","modified_gmt":"2022-11-15T10:23:41","slug":"apoyo","status":"publish","type":"page","link":"https:\/\/dataworld.com\/es\/apoyo\/","title":{"rendered":"Apoyo"},"content":{"rendered":"<p><section class=\"kc-elm kc-css-625988 kc_row\"><div class=\"kc-row-container  kc-container\"><div class=\"kc-wrap-columns\"><div class=\"kc-elm kc-css-172269 kc_col-sm-12 kc_column kc_col-sm-12\"><div class=\"kc-col-container\"><div class=\"kc-elm kc-css-627663 kc-raw-code\">\n\t\t\t<!-- START Support ES REVOLUTION SLIDER 6.7.41 --><p class=\"rs-p-wp-fix\"><\/p>\n\t\t\t<rs-module-wrap id=\"rev_slider_143_1_wrapper\" data-source=\"gallery\" style=\"visibility:hidden;background:transparent;padding:0;margin:0px auto;margin-top:0;margin-bottom:0;\">\n\t\t\t\t<rs-module id=\"rev_slider_143_1\" style=\"\" data-version=\"6.7.41\">\n\t\t\t\t\t<rs-slides style=\"overflow: hidden; position: absolute;\">\n\t\t\t\t\t\t<rs-slide style=\"position: absolute;\" data-key=\"rs-226\" data-title=\"Slide\" data-anim=\"ms:1000;r:0;\" data-in=\"o:0;\" data-out=\"a:false;\">\n\t\t\t\t\t\t\t<img decoding=\"async\" src=\"\/\/dataworld.com\/wp-content\/plugins\/revslider\/sr6\/assets\/assets\/dummy.png\" alt=\"Slide\" title=\"Apoyo\" class=\"rev-slidebg tp-rs-img rs-lazyload\" data-lazyload=\"\/\/dataworld.com\/wp-content\/plugins\/revslider\/sr6\/assets\/assets\/transparent.png\" data-bg=\"c:#666661;\" data-no-retina>\n<!--\n\t\t\t\t\t\t\t--><rs-layer\n\t\t\t\t\t\t\t\tid=\"slider-143-slide-226-layer-1\" \n\t\t\t\t\t\t\t\tdata-type=\"text\"\n\t\t\t\t\t\t\t\tdata-rsp_ch=\"on\"\n\t\t\t\t\t\t\t\tdata-xy=\"x:c;yo:90px,74px,56px,34px;\"\n\t\t\t\t\t\t\t\tdata-text=\"w:normal;l:22,18,13,8;\"\n\t\t\t\t\t\t\t\tdata-frame_999=\"o:0;st:w;\"\n\t\t\t\t\t\t\t\tstyle=\"z-index:6;font-family:'Raleway';\"\n\t\t\t\t\t\t\t>APOYO \n\t\t\t\t\t\t\t<\/rs-layer><!--\n\n\t\t\t\t\t\t\t--><rs-layer\n\t\t\t\t\t\t\t\tid=\"slider-143-slide-226-layer-2\" \n\t\t\t\t\t\t\t\tdata-type=\"text\"\n\t\t\t\t\t\t\t\tdata-rsp_ch=\"on\"\n\t\t\t\t\t\t\t\tdata-xy=\"x:c;yo:154px,127px,96px,59px;\"\n\t\t\t\t\t\t\t\tdata-text=\"w:normal;s:40,33,25,15;l:40,33,25,15;fw:700;\"\n\t\t\t\t\t\t\t\tdata-frame_999=\"o:0;st:w;\"\n\t\t\t\t\t\t\t\tstyle=\"z-index:7;font-family:'Roboto';\"\n\t\t\t\t\t\t\t>Nuestro apoyo est\u00e1 siempre disponible para usted \n\t\t\t\t\t\t\t<\/rs-layer><!--\n-->\t\t\t\t\t<\/rs-slide>\n\t\t\t\t\t<\/rs-slides>\n\t\t\t\t<\/rs-module>\n\t\t\t\t<script>\n\t\t\t\t\tsetREVStartSize({c: 'rev_slider_143_1',rl:[1240,1024,778,480],el:[300,330,251,155],gw:[1240,1024,778,480],gh:[300,330,251,155],type:'standard',justify:'',layout:'fullwidth',mh:\"0\"});if (window.RS_MODULES!==undefined && window.RS_MODULES.modules!==undefined && window.RS_MODULES.modules[\"revslider1431\"]!==undefined) {window.RS_MODULES.modules[\"revslider1431\"].once = false;window.revapi143 = undefined;if (window.RS_MODULES.checkMinimal!==undefined) window.RS_MODULES.checkMinimal()}\n\t\t\t\t<\/script>\n\t\t\t<\/rs-module-wrap>\n\t\t\t<!-- END REVOLUTION SLIDER -->\n<\/div><div class=\"kc-elm kc-css-113734\" style=\"height: 80px; clear: both; width:100%;\"><\/div><div class=\"kc-elm kc-css-32181 kc_text_block\"><\/p>\n<p>\nLa configuraci\u00f3n de su software requiere soporte personalizado. Nuestros especialistas en su \u00e1rea conocen sus necesidades por su experiencia pr\u00e1ctica y pueden acompa\u00f1ar su proyecto desde la A a la Z.<\/p>\n<p>Adem\u00e1s, nuestros expertos est\u00e1n constantemente involucrados en los \u00faltimos desarrollos tecnol\u00f3gicos y pueden brindarle un asesoramiento \u00f3ptimo para elegir el modelo de negocio m\u00e1s adecuado para usted.<\/p>\n<p>Por supuesto, le ofrecemos Acuerdos de Nivel de S<span style=\"font-style: inherit;\">ervicio\u00a0<\/span><span style=\"font-style: inherit;\">(SLA &#8211;<\/span><span style=\"color: #666666; font-family: &#039;MyriadPro Light&#039;, sans-serif; font-size: 15px; font-style: inherit;\">Service Level Agreements<\/span><span style=\"font-style: inherit;\">) para que pueda confiar en nosotros al 100%. Nuestros especialistas est\u00e1n a su disposici\u00f3n los 365 d\u00edas del a\u00f1o y responden a sus necesidades dentro del tiempo acordado.<\/span><\/p>\n<p>\n<\/div><div class=\"kc-elm kc-css-578944\" style=\"height: 20px; clear: both; width:100%;\"><\/div><\/div><\/div><\/div><\/div><\/section><section class=\"kc-elm kc-css-504437 kc_row\"><div class=\"kc-row-container  kc-container\"><div class=\"kc-wrap-columns\"><div class=\"kc-elm kc-css-515342 kc_col-sm-7 kc_column kc_col-sm-7\"><div class=\"kc-col-container\"><div class=\"kc-elm kc-css-431074 kc_text_block\"><\/p>\n<h2><strong>Soporte al cliente:&nbsp;<\/strong><\/h2>\n<div>\n<p>Inicio de sesi\u00f3n en el portal del cliente: <a style=\"background-color: #ffffff;\" href=\"https:\/\/servicedesk.dataworld.com\/sap\/bc\/ui5_ui5\/ui2\/ushell\/shells\/abap\/FioriLaunchpad.html\" target=\"_blank\" rel=\"noopener noreferrer\">https:\/\/servicedesk.dataworld.com\/sap\/bc\/ui2\/flp<\/a><\/p>\n<p><a style=\"background-color: #ffffff;\" href=\"https:\/\/get.teamviewer.com\/dataworld\" target=\"_blank\" rel=\"noopener noreferrer\">Compartir pantalla remota<\/a><\/p>\n<\/div>\n<div>\n<h2><strong>L\u00ednea directa \/ direcci\u00f3n de correo electr\u00f3nico:<\/strong><\/h2>\n<p>+41 848 204 333<\/p>\n<p>+41 58 591 90 99 (desde el extranjero)<\/p>\n<p><a href=\"mailto:support@dataworld.com\">support@dataworld.com<\/a><\/p>\n<\/div>\n<p>\n<\/div><\/div><\/div><div class=\"kc-elm kc-css-719081 kc_col-sm-5 kc_column kc_col-sm-5\"><div class=\"kc-col-container\"><div class=\"kc-elm kc-css-236247 kc_text_block\"><\/p>\n<h2><b>\u00a1Los incidentes de m\u00e1xima prioridad s\u00f3lo se pueden abrir por tel\u00e9fono!<\/b><\/h2>\n<p>\n<\/div><\/div><\/div><\/div><\/div><\/section><\/p>\n","protected":false},"excerpt":{"rendered":"","protected":false},"author":2,"featured_media":0,"parent":0,"menu_order":0,"comment_status":"closed","ping_status":"closed","template":"","meta":{"footnotes":""},"class_list":["post-4505","page","type-page","status-publish","hentry"],"yoast_head":"<!-- This site is optimized with the Yoast SEO plugin v27.3 - https:\/\/yoast.com\/product\/yoast-seo-wordpress\/ -->\n<title>Apoyo - dataworld<\/title>\n<meta name=\"robots\" content=\"index, follow, max-snippet:-1, max-image-preview:large, max-video-preview:-1\" \/>\n<link rel=\"canonical\" href=\"https:\/\/dataworld.com\/es\/apoyo\/\" \/>\n<meta property=\"og:locale\" content=\"es_ES\" \/>\n<meta property=\"og:type\" content=\"article\" \/>\n<meta property=\"og:title\" content=\"Apoyo - dataworld\" \/>\n<meta property=\"og:description\" content=\"La configuraci\u00f3n de su software requiere soporte personalizado. Nuestros especialistas en su \u00e1rea conocen sus necesidades por su experiencia pr\u00e1ctica y pueden acompa\u00f1ar su proyecto desde la A a la Z. Adem\u00e1s, nuestros expertos est\u00e1n constantemente involucrados en los \u00faltimos desarrollos tecnol\u00f3gicos y pueden brindarle un asesoramiento \u00f3ptimo para elegir el modelo de negocio m\u00e1s [&hellip;]\" \/>\n<meta property=\"og:url\" content=\"https:\/\/dataworld.com\/es\/apoyo\/\" \/>\n<meta property=\"og:site_name\" content=\"dataworld\" \/>\n<meta property=\"article:publisher\" content=\"https:\/\/www.facebook.com\/dataworldconsulting\/\" \/>\n<meta property=\"article:modified_time\" content=\"2022-11-15T10:23:41+00:00\" \/>\n<meta name=\"twitter:card\" content=\"summary_large_image\" \/>\n<meta name=\"twitter:site\" content=\"@dW_dataworld\" \/>\n<meta name=\"twitter:label1\" content=\"Tiempo de lectura\" \/>\n\t<meta name=\"twitter:data1\" content=\"1 minuto\" \/>\n<script type=\"application\/ld+json\" class=\"yoast-schema-graph\">{\"@context\":\"https:\\\/\\\/schema.org\",\"@graph\":[{\"@type\":\"WebPage\",\"@id\":\"https:\\\/\\\/dataworld.com\\\/es\\\/apoyo\\\/\",\"url\":\"https:\\\/\\\/dataworld.com\\\/es\\\/apoyo\\\/\",\"name\":\"Apoyo - dataworld\",\"isPartOf\":{\"@id\":\"https:\\\/\\\/dataworld.com\\\/es\\\/#website\"},\"datePublished\":\"2019-11-22T10:12:54+00:00\",\"dateModified\":\"2022-11-15T10:23:41+00:00\",\"breadcrumb\":{\"@id\":\"https:\\\/\\\/dataworld.com\\\/es\\\/apoyo\\\/#breadcrumb\"},\"inLanguage\":\"es\",\"potentialAction\":[{\"@type\":\"ReadAction\",\"target\":[\"https:\\\/\\\/dataworld.com\\\/es\\\/apoyo\\\/\"]}]},{\"@type\":\"BreadcrumbList\",\"@id\":\"https:\\\/\\\/dataworld.com\\\/es\\\/apoyo\\\/#breadcrumb\",\"itemListElement\":[{\"@type\":\"ListItem\",\"position\":1,\"name\":\"Home\",\"item\":\"https:\\\/\\\/dataworld.com\\\/es\\\/\"},{\"@type\":\"ListItem\",\"position\":2,\"name\":\"Apoyo\"}]},{\"@type\":\"WebSite\",\"@id\":\"https:\\\/\\\/dataworld.com\\\/es\\\/#website\",\"url\":\"https:\\\/\\\/dataworld.com\\\/es\\\/\",\"name\":\"dataworld\",\"description\":\"wir gestalten Ihre S4 Journey\",\"publisher\":{\"@id\":\"https:\\\/\\\/dataworld.com\\\/es\\\/#organization\"},\"potentialAction\":[{\"@type\":\"SearchAction\",\"target\":{\"@type\":\"EntryPoint\",\"urlTemplate\":\"https:\\\/\\\/dataworld.com\\\/es\\\/?s={search_term_string}\"},\"query-input\":{\"@type\":\"PropertyValueSpecification\",\"valueRequired\":true,\"valueName\":\"search_term_string\"}}],\"inLanguage\":\"es\"},{\"@type\":\"Organization\",\"@id\":\"https:\\\/\\\/dataworld.com\\\/es\\\/#organization\",\"name\":\"Data Work Consulting AG\",\"url\":\"https:\\\/\\\/dataworld.com\\\/es\\\/\",\"logo\":{\"@type\":\"ImageObject\",\"inLanguage\":\"es\",\"@id\":\"https:\\\/\\\/dataworld.com\\\/es\\\/#\\\/schema\\\/logo\\\/image\\\/\",\"url\":\"https:\\\/\\\/dataworld.com\\\/wp-content\\\/uploads\\\/2019\\\/11\\\/Quadrat.jpg\",\"contentUrl\":\"https:\\\/\\\/dataworld.com\\\/wp-content\\\/uploads\\\/2019\\\/11\\\/Quadrat.jpg\",\"width\":378,\"height\":378,\"caption\":\"Data Work Consulting AG\"},\"image\":{\"@id\":\"https:\\\/\\\/dataworld.com\\\/es\\\/#\\\/schema\\\/logo\\\/image\\\/\"},\"sameAs\":[\"https:\\\/\\\/www.facebook.com\\\/dataworldconsulting\\\/\",\"https:\\\/\\\/x.com\\\/dW_dataworld\"]}]}<\/script>\n<!-- \/ Yoast SEO plugin. -->","yoast_head_json":{"title":"Apoyo - dataworld","robots":{"index":"index","follow":"follow","max-snippet":"max-snippet:-1","max-image-preview":"max-image-preview:large","max-video-preview":"max-video-preview:-1"},"canonical":"https:\/\/dataworld.com\/es\/apoyo\/","og_locale":"es_ES","og_type":"article","og_title":"Apoyo - dataworld","og_description":"La configuraci\u00f3n de su software requiere soporte personalizado. Nuestros especialistas en su \u00e1rea conocen sus necesidades por su experiencia pr\u00e1ctica y pueden acompa\u00f1ar su proyecto desde la A a la Z. Adem\u00e1s, nuestros expertos est\u00e1n constantemente involucrados en los \u00faltimos desarrollos tecnol\u00f3gicos y pueden brindarle un asesoramiento \u00f3ptimo para elegir el modelo de negocio m\u00e1s [&hellip;]","og_url":"https:\/\/dataworld.com\/es\/apoyo\/","og_site_name":"dataworld","article_publisher":"https:\/\/www.facebook.com\/dataworldconsulting\/","article_modified_time":"2022-11-15T10:23:41+00:00","twitter_card":"summary_large_image","twitter_site":"@dW_dataworld","twitter_misc":{"Tiempo de lectura":"1 minuto"},"schema":{"@context":"https:\/\/schema.org","@graph":[{"@type":"WebPage","@id":"https:\/\/dataworld.com\/es\/apoyo\/","url":"https:\/\/dataworld.com\/es\/apoyo\/","name":"Apoyo - dataworld","isPartOf":{"@id":"https:\/\/dataworld.com\/es\/#website"},"datePublished":"2019-11-22T10:12:54+00:00","dateModified":"2022-11-15T10:23:41+00:00","breadcrumb":{"@id":"https:\/\/dataworld.com\/es\/apoyo\/#breadcrumb"},"inLanguage":"es","potentialAction":[{"@type":"ReadAction","target":["https:\/\/dataworld.com\/es\/apoyo\/"]}]},{"@type":"BreadcrumbList","@id":"https:\/\/dataworld.com\/es\/apoyo\/#breadcrumb","itemListElement":[{"@type":"ListItem","position":1,"name":"Home","item":"https:\/\/dataworld.com\/es\/"},{"@type":"ListItem","position":2,"name":"Apoyo"}]},{"@type":"WebSite","@id":"https:\/\/dataworld.com\/es\/#website","url":"https:\/\/dataworld.com\/es\/","name":"dataworld","description":"wir gestalten Ihre S4 Journey","publisher":{"@id":"https:\/\/dataworld.com\/es\/#organization"},"potentialAction":[{"@type":"SearchAction","target":{"@type":"EntryPoint","urlTemplate":"https:\/\/dataworld.com\/es\/?s={search_term_string}"},"query-input":{"@type":"PropertyValueSpecification","valueRequired":true,"valueName":"search_term_string"}}],"inLanguage":"es"},{"@type":"Organization","@id":"https:\/\/dataworld.com\/es\/#organization","name":"Data Work Consulting AG","url":"https:\/\/dataworld.com\/es\/","logo":{"@type":"ImageObject","inLanguage":"es","@id":"https:\/\/dataworld.com\/es\/#\/schema\/logo\/image\/","url":"https:\/\/dataworld.com\/wp-content\/uploads\/2019\/11\/Quadrat.jpg","contentUrl":"https:\/\/dataworld.com\/wp-content\/uploads\/2019\/11\/Quadrat.jpg","width":378,"height":378,"caption":"Data Work Consulting AG"},"image":{"@id":"https:\/\/dataworld.com\/es\/#\/schema\/logo\/image\/"},"sameAs":["https:\/\/www.facebook.com\/dataworldconsulting\/","https:\/\/x.com\/dW_dataworld"]}]}},"_links":{"self":[{"href":"https:\/\/dataworld.com\/es\/wp-json\/wp\/v2\/pages\/4505","targetHints":{"allow":["GET"]}}],"collection":[{"href":"https:\/\/dataworld.com\/es\/wp-json\/wp\/v2\/pages"}],"about":[{"href":"https:\/\/dataworld.com\/es\/wp-json\/wp\/v2\/types\/page"}],"author":[{"embeddable":true,"href":"https:\/\/dataworld.com\/es\/wp-json\/wp\/v2\/users\/2"}],"replies":[{"embeddable":true,"href":"https:\/\/dataworld.com\/es\/wp-json\/wp\/v2\/comments?post=4505"}],"version-history":[{"count":18,"href":"https:\/\/dataworld.com\/es\/wp-json\/wp\/v2\/pages\/4505\/revisions"}],"predecessor-version":[{"id":9549,"href":"https:\/\/dataworld.com\/es\/wp-json\/wp\/v2\/pages\/4505\/revisions\/9549"}],"wp:attachment":[{"href":"https:\/\/dataworld.com\/es\/wp-json\/wp\/v2\/media?parent=4505"}],"curies":[{"name":"wp","href":"https:\/\/api.w.org\/{rel}","templated":true}]}}