{"id":4499,"date":"2019-11-05T11:01:05","date_gmt":"2019-11-05T10:01:05","guid":{"rendered":"https:\/\/dataworld.com\/?page_id=4499"},"modified":"2023-05-30T12:38:03","modified_gmt":"2023-05-30T10:38:03","slug":"sap-solution-manager","status":"publish","type":"page","link":"https:\/\/dataworld.com\/es\/soluciones\/sap-solution-manager\/","title":{"rendered":"SAP Solution Manager"},"content":{"rendered":"<p><section class=\"kc-elm kc-css-209104 kc_row\"><div class=\"kc-row-container  kc-container\"><div class=\"kc-wrap-columns\"><div class=\"kc-elm kc-css-477012 kc_col-sm-12 kc_column kc_col-sm-12\"><div class=\"kc-col-container\"><div class=\"kc-elm kc-css-750868 kc-raw-code\">\n\t\t\t<!-- START SAP Solman ES REVOLUTION SLIDER 6.7.41 --><p class=\"rs-p-wp-fix\"><\/p>\n\t\t\t<rs-module-wrap id=\"rev_slider_156_1_wrapper\" data-source=\"gallery\" style=\"visibility:hidden;background:#b3b3aa;padding:0;margin:0px auto;margin-top:0;margin-bottom:0;\">\n\t\t\t\t<rs-module id=\"rev_slider_156_1\" style=\"\" data-version=\"6.7.41\">\n\t\t\t\t\t<rs-slides style=\"overflow: hidden; position: absolute;\">\n\t\t\t\t\t\t<rs-slide style=\"position: absolute;\" data-key=\"rs-246\" data-title=\"Slide\" data-anim=\"ms:1000;r:0;\" data-in=\"o:0;\" data-out=\"a:false;\">\n\t\t\t\t\t\t\t<img decoding=\"async\" src=\"\/\/dataworld.com\/wp-content\/plugins\/revslider\/sr6\/assets\/assets\/dummy.png\" alt=\"Slide\" title=\"SAP Solution Manager\" class=\"rev-slidebg tp-rs-img rs-lazyload\" data-lazyload=\"\/\/dataworld.com\/wp-content\/plugins\/revslider\/sr6\/assets\/assets\/transparent.png\" data-bg=\"c:#b3b3aa;\" data-no-retina>\n<!--\n\t\t\t\t\t\t\t--><rs-layer\n\t\t\t\t\t\t\t\tid=\"slider-156-slide-246-layer-0\" \n\t\t\t\t\t\t\t\tdata-type=\"text\"\n\t\t\t\t\t\t\t\tdata-rsp_ch=\"on\"\n\t\t\t\t\t\t\t\tdata-xy=\"x:c;yo:100px,82px,62px,38px;\"\n\t\t\t\t\t\t\t\tdata-text=\"w:normal;l:22,18,13,8;\"\n\t\t\t\t\t\t\t\tdata-frame_999=\"o:0;st:w;\"\n\t\t\t\t\t\t\t\tstyle=\"z-index:5;font-family:'Raleway';\"\n\t\t\t\t\t\t\t>SAP SOLMAN \n\t\t\t\t\t\t\t<\/rs-layer><!--\n\n\t\t\t\t\t\t\t--><rs-layer\n\t\t\t\t\t\t\t\tid=\"slider-156-slide-246-layer-1\" \n\t\t\t\t\t\t\t\tdata-type=\"text\"\n\t\t\t\t\t\t\t\tdata-rsp_ch=\"on\"\n\t\t\t\t\t\t\t\tdata-xy=\"x:c;yo:155px,128px,97px,59px;\"\n\t\t\t\t\t\t\t\tdata-text=\"w:normal;s:40,33,25,15;l:40,33,25,15;fw:700;\"\n\t\t\t\t\t\t\t\tdata-frame_999=\"o:0;st:w;\"\n\t\t\t\t\t\t\t\tstyle=\"z-index:6;font-family:'Roboto';\"\n\t\t\t\t\t\t\t>Todo sobre SAP Solution Manager \n\t\t\t\t\t\t\t<\/rs-layer><!--\n-->\t\t\t\t\t<\/rs-slide>\n\t\t\t\t\t<\/rs-slides>\n\t\t\t\t<\/rs-module>\n\t\t\t\t<script>\n\t\t\t\t\tsetREVStartSize({c: 'rev_slider_156_1',rl:[1240,1024,778,480],el:[300,768,960,720],gw:[1240,1024,778,480],gh:[300,330,251,155],type:'standard',justify:'',layout:'fullwidth',mh:\"0\"});if (window.RS_MODULES!==undefined && window.RS_MODULES.modules!==undefined && window.RS_MODULES.modules[\"revslider1561\"]!==undefined) {window.RS_MODULES.modules[\"revslider1561\"].once = false;window.revapi156 = undefined;if (window.RS_MODULES.checkMinimal!==undefined) window.RS_MODULES.checkMinimal()}\n\t\t\t\t<\/script>\n\t\t\t<\/rs-module-wrap>\n\t\t\t<!-- END REVOLUTION SLIDER -->\n<\/div><div class=\"kc-elm kc-css-327715\" style=\"height: 80px; clear: both; width:100%;\"><\/div><\/div><\/div><\/div><\/div><\/section><section class=\"kc-elm kc-css-359897 kc_row\"><div class=\"kc-row-container  kc-container\"><div class=\"kc-wrap-columns\"><div class=\"kc-elm kc-css-737936 kc_col-sm-8 kc_column kc_col-sm-8\"><div class=\"kc-col-container\">\n<div class=\"kc-elm kc-css-333425 kc-title-wrap \">\n\n\t<h1 class=\"kc_title\">SAP Solution Manager: herramientas para la integraci\u00f3n y gesti\u00f3n del ciclo de vida de las aplicaciones (ALM)<\/h1>\n<\/div>\n<div class=\"kc-elm kc-css-362087\" style=\"height: 20px; clear: both; width:100%;\"><\/div><div class=\"kc-elm kc-css-334875 kc_text_block\"><\/p>\n<p>Hoy en d\u00eda, los procesos respaldados por la tecnolog\u00eda de la informaci\u00f3n son tan comunes en las medianas empresas como lo son en las corporaciones globales. Las soluciones de software innovadoras facilitan la colaboraci\u00f3n en ventas, producci\u00f3n, servicio al cliente, finanzas y gesti\u00f3n de recursos humanos. Para evitar que la arena entre en los engranajes, las compa\u00f1\u00edas deben supervisar continuamente y seguir desarrollando a\u00fan m\u00e1s su sistema. Esto incluye monitoreo central, documentaci\u00f3n coherente y la gesti\u00f3n fiable de pruebas y la gesti\u00f3n de solicitudes de cambio (ChaRM).<\/p>\n<p>SAP Solution Manager le proporciona las herramientas necesarias para establecer una gesti\u00f3n central del ciclo de vida de las aplicaciones (ALM). Los procesos y funciones espec\u00edficos de ALM en SAP Solution Manager dan soporte a todo el ciclo de vida de cada aplicaci\u00f3n (desarrollo y realizaci\u00f3n, implementaci\u00f3n y puesta en marcha, operaci\u00f3n, mantenimiento y soporte despu\u00e9s de la vida \u00fatil, gesti\u00f3n de pruebas y gesti\u00f3n de solicitudes de cambio).<\/p>\n<p>\n<\/div><div class=\"kc-elm kc-css-202929\" style=\"height: 40px; clear: both; width:100%;\"><\/div>\n<div class=\"kc-elm kc-css-868017 kc-title-wrap \">\n\n\t<h1 class=\"kc_title\">SAP Solution Manager: los beneficios de su empresa de un vistazo<\/h1>\n<\/div>\n<div class=\"kc-elm kc-css-249228\" style=\"height: 20px; clear: both; width:100%;\"><\/div><div class=\"kc-elm kc-css-321034 kc_accordion_wrapper\">\n<div class=\"kc-elm kc-css-670650 kc_accordion_section group \"><h3 class=\"kc_accordion_header ui-accordion-header\"><span class=\"ui-accordion-header-icon ui-icon\"><\/span><a href=\"#facilitar-la-administracion-de-las-tecnologias-de-la-informacion\" data-prevent=\"scroll\"><i class=\"\"><\/i> Facilitar la administraci\u00f3n de las tecnolog\u00edas de la informaci\u00f3n<\/a><\/h3><div class=\"kc_accordion_content ui-accordion-content kc_clearfix\"><div class=\"kc-panel-body\"><div class=\"kc-elm kc-css-502807 kc_text_block\"><\/p>\n<p>La aplicaci\u00f3n de parches, la instalaci\u00f3n de nuevas soluciones de software, la actualizaci\u00f3n de sistemas: la administraci\u00f3n de los entornos de aplicaciones de toda la empresa es una tarea gigantesca. El monitoreo constante y centralizado ayuda a controlar las aplicaciones de manera eficiente y a contrarrestar los problemas t\u00e9cnicos.<\/p>\n<p>\n<\/div><\/div><\/div><\/div><div class=\"kc-elm kc-css-716990 kc_accordion_section group \"><h3 class=\"kc_accordion_header ui-accordion-header\"><span class=\"ui-accordion-header-icon ui-icon\"><\/span><a href=\"#optimizar-los-procedimientos-operativos\" data-prevent=\"scroll\"><i class=\"\"><\/i> Optimizar los procedimientos operativos<\/a><\/h3><div class=\"kc_accordion_content ui-accordion-content kc_clearfix\"><div class=\"kc-panel-body\"><div class=\"kc-elm kc-css-596015 kc_text_block\"><\/p>\n<p>A medida que avanza la digitalizaci\u00f3n, la arquitectura tencol\u00f3gica de toda la empresa se vuelve cada vez m\u00e1s compleja. SAP ITService Management (ITSM) ayuda a planificar, controlar y optimizar los sistemas para que se ajusten. Esto acorta los tiempos de procesamiento, agiliza las operaciones de IT y mejora la colaboraci\u00f3n.<\/p>\n<p>\n<\/div><\/div><\/div><\/div><div class=\"kc-elm kc-css-717710 kc_accordion_section group \"><h3 class=\"kc_accordion_header ui-accordion-header\"><span class=\"ui-accordion-header-icon ui-icon\"><\/span><a href=\"#prevenir-incidentes\" data-prevent=\"scroll\"><i class=\"\"><\/i> Prevenir incidentes<\/a><\/h3><div class=\"kc_accordion_content ui-accordion-content kc_clearfix\"><div class=\"kc-panel-body\"><div class=\"kc-elm kc-css-724623 kc_text_block\"><\/p>\n<p>El perfecto funcionamiento del sistema tecnol\u00f3gico es un factor de \u00e9xito fundamental para todas las empresas. Sin embargo, en muchas ocasiones, el manejo sistem\u00e1tico de pruebas a\u00fan es dif\u00edcil de encontrar. Las rutinas de prueba automatizadas y los tests ayudan a evitar fallos en el sistema y a optimizar procesos.<\/p>\n<p>\n<\/div><\/div><\/div><\/div><div class=\"kc-elm kc-css-744867 kc_accordion_section group \"><h3 class=\"kc_accordion_header ui-accordion-header\"><span class=\"ui-accordion-header-icon ui-icon\"><\/span><a href=\"#reduccion-de-perdidas\" data-prevent=\"scroll\"><i class=\"\"><\/i> Reducci\u00f3n de p\u00e9rdidas <\/a><\/h3><div class=\"kc_accordion_content ui-accordion-content kc_clearfix\"><div class=\"kc-panel-body\"><div class=\"kc-elm kc-css-353187 kc_text_block\"><\/p>\n<p>Si desea mantener controladas las complejas estructuras de SAP, la supervisi\u00f3n automatizada es imprescindible. S\u00f3lo se pueden remediar r\u00e1pidamente los fallos del proceso si las evaluaciones est\u00e1n centralmente agrupadas y debidamente organizadas y las responsabilidades son claramente reconocibles.<\/p>\n<p>\n<\/div><\/div><\/div><\/div><div class=\"kc-elm kc-css-488998 kc_accordion_section group \"><h3 class=\"kc_accordion_header ui-accordion-header\"><span class=\"ui-accordion-header-icon ui-icon\"><\/span><a href=\"#acelerar-las-adaptaciones-del-sistema\" data-prevent=\"scroll\"><i class=\"\"><\/i> Acelerar las adaptaciones del sistema<\/a><\/h3><div class=\"kc_accordion_content ui-accordion-content kc_clearfix\"><div class=\"kc-panel-body\"><div class=\"kc-elm kc-css-38681 kc_text_block\"><\/p>\n<p>Eliminar las p\u00e9rdidas de rendimiento, el mal funcionamiento y los fallos del sistema les cuesta mucho tiempo y dinero a los departamentos de IT: se deben verificar las solicitudes de cambio, identificar los errores y hacer las correcciones. Un sistema central de gesti\u00f3n solicitud de cambio de SAP (ChaRM) simplifica la planificaci\u00f3n y el monitoreo y aumenta el mantenimiento y la eficiencia del proyecto.<\/p>\n<p>\n<\/div><\/div><\/div><\/div><\/div>\n<\/div><\/div><div class=\"kc-elm kc-css-665506 kc_col-sm-4 kc_column kc_col-sm-4\"><div class=\"kc-col-container\">\n<div class=\"kc-elm kc-css-479593 kc-team kc-team-1\">\n\n\t<figure class=\"content-image\"><img decoding=\"async\" src=\"https:\/\/dataworld.com\/wp-content\/uploads\/2019\/11\/3F0A1153.jpg\" alt=\"\"><\/figure><div class=\"content-title\">Christian Bl\u00e4uenstein<\/div><div class=\"content-subtitle\">CEO<\/div><div class=\"content-desc\">Cont\u00e1cteme para saber m\u00e1s sobre el SAP Solution Manager.<\/div><div class=\"content-button\"><a href=\"mailto:christian.blaeuenstein@dataworld.com?subject=SAP Solution Manager\">+41 58 591 90 00<\/a><\/div>\n<\/div>\n<div class=\"kc-elm kc-css-383046\" style=\"height: 20px; clear: both; width:100%;\"><\/div><\/div><\/div><\/div><\/div><\/section><section class=\"kc-elm kc-css-195694 kc_row\"><div class=\"kc-row-container  kc-container\"><div class=\"kc-wrap-columns\"><div class=\"kc-elm kc-css-669783 kc_col-sm-12 kc_column kc_col-sm-12\"><div class=\"kc-col-container\"><div class=\"kc-elm kc-css-848060\" style=\"height: 20px; clear: both; width:100%;\"><\/div>\n<div class=\"kc-elm kc-css-873755 kc-blog-posts kc-blog-posts-3 kc-blog-grid kc_blog_masonry kc-image-align-both\">\n\t\n\t\t\n\t\t\t\t<div class=\"post-grid grid-3\">\n\t\t\t\t\t<div class=\"kc-list-item-3\">\n\t\t\t\t\t\t\t\t\t\t\t\t<div class=\"content\">\n\t\t\t\t\t\t\t<h2 class=\"post-title-alt\"><a\n\t\t\t\t\t\t\t\thref=\"https:\/\/dataworld.com\/es\/2020\/02\/05\/sap-erp-mantenimiento-extendido-hasta-2027-2030\/\">SAP ERP extiende su mantenimiento hasta 2027\/2030<\/a>\n\t\t\t\t\t\t\t<\/h2>\n\t\t\t\t\t\t\t\t\t\t\t\t\t\t\t<div class=\"entry-meta\">\n\t\t\t\t\t\t\t\t\t\t\t\t\t\t\t\t\t\t\t<span class=\"kc-post-author\"><a\n\t\t\t\t\t\t\t\t\t\t\t\thref=\"https:\/\/dataworld.com\/es\/author\/dw_chb\/\"\n\t\t\t\t\t\t\t\t\t\t\t\ttitle=\"Posts by Christian Bl\u00e4uenstein\"\n\t\t\t\t\t\t\t\t\t\t\t\trel=\"author\">Christian Bl\u00e4uenstein<\/a><\/span>\n\t\t\t\t\t\t\t\t\t\t\t\t\t\t\t\t\t\t\t\t\t\t\t\t\t\t\t<span class=\"entry-date\"><a\n\t\t\t\t\t\t\t\t\t\t\thref=\"https:\/\/dataworld.com\/es\/2020\/02\/05\/sap-erp-mantenimiento-extendido-hasta-2027-2030\/\">febrero 05, 2020<\/a><\/span>\n\t\t\t\t\t\t\t\t\t\t\t\t\t\t\t\t\t\t\t\t\t\t\t\t\t\t\t\t\t\t\t\t\t\t\t\t\t\t\t<span class=\"entry-cats\"><a href=\"https:\/\/dataworld.com\/es\/category\/news-en-es\/\" rel=\"category tag\">News<\/a>, <a href=\"https:\/\/dataworld.com\/es\/category\/sap_solman-es\/\" rel=\"category tag\">SAP_SOLMAN<\/a><\/span>\n\t\t\t\t\t\t\t\t\t\t\t\t\t\t\t\t\t\t\t\t\t\t\t\t\t\t\t<\/div>\n\t\t\t\t\t\t\t\t\t\t\t\t\t\t\t\t\t\t\t\t\t\t<div class=\"entry-excerpt\">\n\t\t\t\t\t\t\t\t\t<p>La fecha de finalizaci\u00f3n del mantenimiento de SAP Business Suite 7, originalmente anunciada para finales de 2025, se extiende hasta&hellip;<\/p>\n\t\t\t\t\t\t\t\t<\/div>\n\t\t\t\t\t\t\t\t\t\t\t\t\t\t<a href=\"https:\/\/dataworld.com\/es\/2020\/02\/05\/sap-erp-mantenimiento-extendido-hasta-2027-2030\/\"\n\t\t\t\t\t\t\t   class=\"kc-post-2-button\">M\u00e1s informaci\u00f3n <i\n\t\t\t\t\t\t\t\t\tclass=\"fa fa-angle-right\" aria-hidden=\"true\"><\/i><\/a>\n\t\t\t\t\t\t\t\t\t\t\t\t\t<\/div>\n\t\t\t\t\t<\/div>\n\t\t\t\t<\/div>\n\n\t\t\t\t\n\t\t\t\t<div class=\"post-grid grid-3\">\n\t\t\t\t\t<div class=\"kc-list-item-3\">\n\t\t\t\t\t\t\t\t\t\t\t\t<div class=\"content\">\n\t\t\t\t\t\t\t<h2 class=\"post-title-alt\"><a\n\t\t\t\t\t\t\t\thref=\"https:\/\/dataworld.com\/es\/2019\/08\/15\/focus-build-ist-nun-integriert-in-sap-solman\/\">SAP Solution Manager lanza la nueva versi\u00f3n de Focused Build<\/a>\n\t\t\t\t\t\t\t<\/h2>\n\t\t\t\t\t\t\t\t\t\t\t\t\t\t\t<div class=\"entry-meta\">\n\t\t\t\t\t\t\t\t\t\t\t\t\t\t\t\t\t\t\t<span class=\"kc-post-author\"><a\n\t\t\t\t\t\t\t\t\t\t\t\thref=\"https:\/\/dataworld.com\/es\/author\/dw_admin\/\"\n\t\t\t\t\t\t\t\t\t\t\t\ttitle=\"Posts by dw_admin\"\n\t\t\t\t\t\t\t\t\t\t\t\trel=\"author\">dw_admin<\/a><\/span>\n\t\t\t\t\t\t\t\t\t\t\t\t\t\t\t\t\t\t\t\t\t\t\t\t\t\t\t<span class=\"entry-date\"><a\n\t\t\t\t\t\t\t\t\t\t\thref=\"https:\/\/dataworld.com\/es\/2019\/08\/15\/focus-build-ist-nun-integriert-in-sap-solman\/\">agosto 15, 2019<\/a><\/span>\n\t\t\t\t\t\t\t\t\t\t\t\t\t\t\t\t\t\t\t\t\t\t\t\t\t\t\t\t\t\t\t\t\t\t\t\t\t\t\t<span class=\"entry-cats\"><a href=\"https:\/\/dataworld.com\/es\/category\/news-en-es\/\" rel=\"category tag\">News<\/a>, <a href=\"https:\/\/dataworld.com\/es\/category\/sap_solman-es\/\" rel=\"category tag\">SAP_SOLMAN<\/a><\/span>\n\t\t\t\t\t\t\t\t\t\t\t\t\t\t\t\t\t\t\t\t\t\t\t\t\t\t\t<\/div>\n\t\t\t\t\t\t\t\t\t\t\t\t\t\t\t\t\t\t\t\t\t\t<div class=\"entry-excerpt\">\n\t\t\t\t\t\t\t\t\t<p>&nbsp; El 12 de agosto de 2019, SAP lanz\u00f3 el nuevo paquete de soporte 4 de Focused Build lo que&hellip;<\/p>\n\t\t\t\t\t\t\t\t<\/div>\n\t\t\t\t\t\t\t\t\t\t\t\t\t\t<a href=\"https:\/\/dataworld.com\/es\/2019\/08\/15\/focus-build-ist-nun-integriert-in-sap-solman\/\"\n\t\t\t\t\t\t\t   class=\"kc-post-2-button\">M\u00e1s informaci\u00f3n <i\n\t\t\t\t\t\t\t\t\tclass=\"fa fa-angle-right\" aria-hidden=\"true\"><\/i><\/a>\n\t\t\t\t\t\t\t\t\t\t\t\t\t<\/div>\n\t\t\t\t\t<\/div>\n\t\t\t\t<\/div>\n\n\t\t\t\t\n\t\n<\/div>\n<div class=\"kc-elm kc-css-885547\" style=\"height: 20px; clear: both; width:100%;\"><\/div><\/div><\/div><\/div><\/div><\/section><\/p>\n","protected":false},"excerpt":{"rendered":"","protected":false},"author":2,"featured_media":0,"parent":4463,"menu_order":0,"comment_status":"closed","ping_status":"closed","template":"","meta":{"footnotes":""},"class_list":["post-4499","page","type-page","status-publish","hentry"],"yoast_head":"<!-- This site is optimized with the Yoast SEO plugin v27.3 - https:\/\/yoast.com\/product\/yoast-seo-wordpress\/ -->\n<title>SAP Solution Manager - dataworld<\/title>\n<meta name=\"robots\" content=\"index, follow, max-snippet:-1, max-image-preview:large, max-video-preview:-1\" \/>\n<link rel=\"canonical\" href=\"https:\/\/dataworld.com\/es\/soluciones\/sap-solution-manager\/\" \/>\n<meta property=\"og:locale\" content=\"es_ES\" \/>\n<meta property=\"og:type\" content=\"article\" \/>\n<meta property=\"og:title\" content=\"SAP Solution Manager - dataworld\" \/>\n<meta property=\"og:description\" content=\"SAP Solution Manager: herramientas para la integraci\u00f3n y gesti\u00f3n del ciclo de vida de las aplicaciones (ALM) Hoy en d\u00eda, los procesos respaldados por la tecnolog\u00eda de la informaci\u00f3n son tan comunes en las medianas empresas como lo son en las corporaciones globales. Las soluciones de software innovadoras facilitan la colaboraci\u00f3n en ventas, producci\u00f3n, servicio [&hellip;]\" \/>\n<meta property=\"og:url\" content=\"https:\/\/dataworld.com\/es\/soluciones\/sap-solution-manager\/\" \/>\n<meta property=\"og:site_name\" content=\"dataworld\" \/>\n<meta property=\"article:publisher\" content=\"https:\/\/www.facebook.com\/dataworldconsulting\/\" \/>\n<meta property=\"article:modified_time\" content=\"2023-05-30T10:38:03+00:00\" \/>\n<meta property=\"og:image\" content=\"https:\/\/dataworld.com\/wp-content\/uploads\/2019\/11\/3F0A1153.jpg\" \/>\n<meta name=\"twitter:card\" content=\"summary_large_image\" \/>\n<meta name=\"twitter:site\" content=\"@dW_dataworld\" \/>\n<meta name=\"twitter:label1\" content=\"Tiempo de lectura\" \/>\n\t<meta name=\"twitter:data1\" content=\"3 minutos\" \/>\n<script type=\"application\/ld+json\" class=\"yoast-schema-graph\">{\"@context\":\"https:\\\/\\\/schema.org\",\"@graph\":[{\"@type\":\"WebPage\",\"@id\":\"https:\\\/\\\/dataworld.com\\\/es\\\/soluciones\\\/sap-solution-manager\\\/\",\"url\":\"https:\\\/\\\/dataworld.com\\\/es\\\/soluciones\\\/sap-solution-manager\\\/\",\"name\":\"SAP Solution Manager - dataworld\",\"isPartOf\":{\"@id\":\"https:\\\/\\\/dataworld.com\\\/es\\\/#website\"},\"primaryImageOfPage\":{\"@id\":\"https:\\\/\\\/dataworld.com\\\/es\\\/soluciones\\\/sap-solution-manager\\\/#primaryimage\"},\"image\":{\"@id\":\"https:\\\/\\\/dataworld.com\\\/es\\\/soluciones\\\/sap-solution-manager\\\/#primaryimage\"},\"thumbnailUrl\":\"https:\\\/\\\/dataworld.com\\\/wp-content\\\/uploads\\\/2019\\\/11\\\/3F0A1153.jpg\",\"datePublished\":\"2019-11-05T10:01:05+00:00\",\"dateModified\":\"2023-05-30T10:38:03+00:00\",\"breadcrumb\":{\"@id\":\"https:\\\/\\\/dataworld.com\\\/es\\\/soluciones\\\/sap-solution-manager\\\/#breadcrumb\"},\"inLanguage\":\"es\",\"potentialAction\":[{\"@type\":\"ReadAction\",\"target\":[\"https:\\\/\\\/dataworld.com\\\/es\\\/soluciones\\\/sap-solution-manager\\\/\"]}]},{\"@type\":\"ImageObject\",\"inLanguage\":\"es\",\"@id\":\"https:\\\/\\\/dataworld.com\\\/es\\\/soluciones\\\/sap-solution-manager\\\/#primaryimage\",\"url\":\"https:\\\/\\\/dataworld.com\\\/wp-content\\\/uploads\\\/2019\\\/11\\\/3F0A1153.jpg\",\"contentUrl\":\"https:\\\/\\\/dataworld.com\\\/wp-content\\\/uploads\\\/2019\\\/11\\\/3F0A1153.jpg\"},{\"@type\":\"BreadcrumbList\",\"@id\":\"https:\\\/\\\/dataworld.com\\\/es\\\/soluciones\\\/sap-solution-manager\\\/#breadcrumb\",\"itemListElement\":[{\"@type\":\"ListItem\",\"position\":1,\"name\":\"Home\",\"item\":\"https:\\\/\\\/dataworld.com\\\/es\\\/\"},{\"@type\":\"ListItem\",\"position\":2,\"name\":\"Soluciones\",\"item\":\"https:\\\/\\\/dataworld.com\\\/es\\\/soluciones\\\/\"},{\"@type\":\"ListItem\",\"position\":3,\"name\":\"SAP Solution Manager\"}]},{\"@type\":\"WebSite\",\"@id\":\"https:\\\/\\\/dataworld.com\\\/es\\\/#website\",\"url\":\"https:\\\/\\\/dataworld.com\\\/es\\\/\",\"name\":\"dataworld\",\"description\":\"wir gestalten Ihre S4 Journey\",\"publisher\":{\"@id\":\"https:\\\/\\\/dataworld.com\\\/es\\\/#organization\"},\"potentialAction\":[{\"@type\":\"SearchAction\",\"target\":{\"@type\":\"EntryPoint\",\"urlTemplate\":\"https:\\\/\\\/dataworld.com\\\/es\\\/?s={search_term_string}\"},\"query-input\":{\"@type\":\"PropertyValueSpecification\",\"valueRequired\":true,\"valueName\":\"search_term_string\"}}],\"inLanguage\":\"es\"},{\"@type\":\"Organization\",\"@id\":\"https:\\\/\\\/dataworld.com\\\/es\\\/#organization\",\"name\":\"Data Work Consulting AG\",\"url\":\"https:\\\/\\\/dataworld.com\\\/es\\\/\",\"logo\":{\"@type\":\"ImageObject\",\"inLanguage\":\"es\",\"@id\":\"https:\\\/\\\/dataworld.com\\\/es\\\/#\\\/schema\\\/logo\\\/image\\\/\",\"url\":\"https:\\\/\\\/dataworld.com\\\/wp-content\\\/uploads\\\/2019\\\/11\\\/Quadrat.jpg\",\"contentUrl\":\"https:\\\/\\\/dataworld.com\\\/wp-content\\\/uploads\\\/2019\\\/11\\\/Quadrat.jpg\",\"width\":378,\"height\":378,\"caption\":\"Data Work Consulting AG\"},\"image\":{\"@id\":\"https:\\\/\\\/dataworld.com\\\/es\\\/#\\\/schema\\\/logo\\\/image\\\/\"},\"sameAs\":[\"https:\\\/\\\/www.facebook.com\\\/dataworldconsulting\\\/\",\"https:\\\/\\\/x.com\\\/dW_dataworld\"]}]}<\/script>\n<!-- \/ Yoast SEO plugin. -->","yoast_head_json":{"title":"SAP Solution Manager - dataworld","robots":{"index":"index","follow":"follow","max-snippet":"max-snippet:-1","max-image-preview":"max-image-preview:large","max-video-preview":"max-video-preview:-1"},"canonical":"https:\/\/dataworld.com\/es\/soluciones\/sap-solution-manager\/","og_locale":"es_ES","og_type":"article","og_title":"SAP Solution Manager - dataworld","og_description":"SAP Solution Manager: herramientas para la integraci\u00f3n y gesti\u00f3n del ciclo de vida de las aplicaciones (ALM) Hoy en d\u00eda, los procesos respaldados por la tecnolog\u00eda de la informaci\u00f3n son tan comunes en las medianas empresas como lo son en las corporaciones globales. Las soluciones de software innovadoras facilitan la colaboraci\u00f3n en ventas, producci\u00f3n, servicio [&hellip;]","og_url":"https:\/\/dataworld.com\/es\/soluciones\/sap-solution-manager\/","og_site_name":"dataworld","article_publisher":"https:\/\/www.facebook.com\/dataworldconsulting\/","article_modified_time":"2023-05-30T10:38:03+00:00","og_image":[{"url":"https:\/\/dataworld.com\/wp-content\/uploads\/2019\/11\/3F0A1153.jpg","type":"","width":"","height":""}],"twitter_card":"summary_large_image","twitter_site":"@dW_dataworld","twitter_misc":{"Tiempo de lectura":"3 minutos"},"schema":{"@context":"https:\/\/schema.org","@graph":[{"@type":"WebPage","@id":"https:\/\/dataworld.com\/es\/soluciones\/sap-solution-manager\/","url":"https:\/\/dataworld.com\/es\/soluciones\/sap-solution-manager\/","name":"SAP Solution Manager - dataworld","isPartOf":{"@id":"https:\/\/dataworld.com\/es\/#website"},"primaryImageOfPage":{"@id":"https:\/\/dataworld.com\/es\/soluciones\/sap-solution-manager\/#primaryimage"},"image":{"@id":"https:\/\/dataworld.com\/es\/soluciones\/sap-solution-manager\/#primaryimage"},"thumbnailUrl":"https:\/\/dataworld.com\/wp-content\/uploads\/2019\/11\/3F0A1153.jpg","datePublished":"2019-11-05T10:01:05+00:00","dateModified":"2023-05-30T10:38:03+00:00","breadcrumb":{"@id":"https:\/\/dataworld.com\/es\/soluciones\/sap-solution-manager\/#breadcrumb"},"inLanguage":"es","potentialAction":[{"@type":"ReadAction","target":["https:\/\/dataworld.com\/es\/soluciones\/sap-solution-manager\/"]}]},{"@type":"ImageObject","inLanguage":"es","@id":"https:\/\/dataworld.com\/es\/soluciones\/sap-solution-manager\/#primaryimage","url":"https:\/\/dataworld.com\/wp-content\/uploads\/2019\/11\/3F0A1153.jpg","contentUrl":"https:\/\/dataworld.com\/wp-content\/uploads\/2019\/11\/3F0A1153.jpg"},{"@type":"BreadcrumbList","@id":"https:\/\/dataworld.com\/es\/soluciones\/sap-solution-manager\/#breadcrumb","itemListElement":[{"@type":"ListItem","position":1,"name":"Home","item":"https:\/\/dataworld.com\/es\/"},{"@type":"ListItem","position":2,"name":"Soluciones","item":"https:\/\/dataworld.com\/es\/soluciones\/"},{"@type":"ListItem","position":3,"name":"SAP Solution Manager"}]},{"@type":"WebSite","@id":"https:\/\/dataworld.com\/es\/#website","url":"https:\/\/dataworld.com\/es\/","name":"dataworld","description":"wir gestalten Ihre S4 Journey","publisher":{"@id":"https:\/\/dataworld.com\/es\/#organization"},"potentialAction":[{"@type":"SearchAction","target":{"@type":"EntryPoint","urlTemplate":"https:\/\/dataworld.com\/es\/?s={search_term_string}"},"query-input":{"@type":"PropertyValueSpecification","valueRequired":true,"valueName":"search_term_string"}}],"inLanguage":"es"},{"@type":"Organization","@id":"https:\/\/dataworld.com\/es\/#organization","name":"Data Work Consulting AG","url":"https:\/\/dataworld.com\/es\/","logo":{"@type":"ImageObject","inLanguage":"es","@id":"https:\/\/dataworld.com\/es\/#\/schema\/logo\/image\/","url":"https:\/\/dataworld.com\/wp-content\/uploads\/2019\/11\/Quadrat.jpg","contentUrl":"https:\/\/dataworld.com\/wp-content\/uploads\/2019\/11\/Quadrat.jpg","width":378,"height":378,"caption":"Data Work Consulting AG"},"image":{"@id":"https:\/\/dataworld.com\/es\/#\/schema\/logo\/image\/"},"sameAs":["https:\/\/www.facebook.com\/dataworldconsulting\/","https:\/\/x.com\/dW_dataworld"]}]}},"_links":{"self":[{"href":"https:\/\/dataworld.com\/es\/wp-json\/wp\/v2\/pages\/4499","targetHints":{"allow":["GET"]}}],"collection":[{"href":"https:\/\/dataworld.com\/es\/wp-json\/wp\/v2\/pages"}],"about":[{"href":"https:\/\/dataworld.com\/es\/wp-json\/wp\/v2\/types\/page"}],"author":[{"embeddable":true,"href":"https:\/\/dataworld.com\/es\/wp-json\/wp\/v2\/users\/2"}],"replies":[{"embeddable":true,"href":"https:\/\/dataworld.com\/es\/wp-json\/wp\/v2\/comments?post=4499"}],"version-history":[{"count":14,"href":"https:\/\/dataworld.com\/es\/wp-json\/wp\/v2\/pages\/4499\/revisions"}],"predecessor-version":[{"id":9833,"href":"https:\/\/dataworld.com\/es\/wp-json\/wp\/v2\/pages\/4499\/revisions\/9833"}],"up":[{"embeddable":true,"href":"https:\/\/dataworld.com\/es\/wp-json\/wp\/v2\/pages\/4463"}],"wp:attachment":[{"href":"https:\/\/dataworld.com\/es\/wp-json\/wp\/v2\/media?parent=4499"}],"curies":[{"name":"wp","href":"https:\/\/api.w.org\/{rel}","templated":true}]}}