{"id":4488,"date":"2019-11-20T21:44:22","date_gmt":"2019-11-20T20:44:22","guid":{"rendered":"https:\/\/dataworld.com\/?page_id=4488"},"modified":"2023-05-30T12:54:30","modified_gmt":"2023-05-30T10:54:30","slug":"gestion-de-facturas-de-sap-vim","status":"publish","type":"page","link":"https:\/\/dataworld.com\/es\/soluciones\/gestion-de-facturas-de-sap-vim\/","title":{"rendered":"Gesti\u00f3n de facturas en SAP (VIM)"},"content":{"rendered":"<p><section class=\"kc-elm kc-css-423227 kc_row\"><div class=\"kc-row-container  kc-container\"><div class=\"kc-wrap-columns\"><div class=\"kc-elm kc-css-522228 kc_col-sm-12 kc_column kc_col-sm-12\"><div class=\"kc-col-container\"><div class=\"kc-elm kc-css-440021 kc-raw-code\">\n\t\t\t<!-- START SAP VIM ES REVOLUTION SLIDER 6.7.41 --><p class=\"rs-p-wp-fix\"><\/p>\n\t\t\t<rs-module-wrap id=\"rev_slider_158_1_wrapper\" data-source=\"gallery\" style=\"visibility:hidden;background:#b3b3aa;padding:0;margin:0px auto;margin-top:0;margin-bottom:0;\">\n\t\t\t\t<rs-module id=\"rev_slider_158_1\" style=\"\" data-version=\"6.7.41\">\n\t\t\t\t\t<rs-slides style=\"overflow: hidden; position: absolute;\">\n\t\t\t\t\t\t<rs-slide style=\"position: absolute;\" data-key=\"rs-248\" data-title=\"Slide\" data-anim=\"ms:1000;r:0;\" data-in=\"o:0;\" data-out=\"a:false;\">\n\t\t\t\t\t\t\t<img decoding=\"async\" src=\"\/\/dataworld.com\/wp-content\/plugins\/revslider\/sr6\/assets\/assets\/dummy.png\" alt=\"Slide\" title=\"Gesti\u00f3n de facturas en SAP (VIM)\" class=\"rev-slidebg tp-rs-img rs-lazyload\" data-lazyload=\"\/\/dataworld.com\/wp-content\/plugins\/revslider\/sr6\/assets\/assets\/transparent.png\" data-bg=\"c:#b3b3aa;\" data-no-retina>\n<!--\n\t\t\t\t\t\t\t--><rs-layer\n\t\t\t\t\t\t\t\tid=\"slider-158-slide-248-layer-0\" \n\t\t\t\t\t\t\t\tdata-type=\"text\"\n\t\t\t\t\t\t\t\tdata-rsp_ch=\"on\"\n\t\t\t\t\t\t\t\tdata-xy=\"x:c;yo:100px,82px,62px,38px;\"\n\t\t\t\t\t\t\t\tdata-text=\"w:normal;l:22,18,13,8;\"\n\t\t\t\t\t\t\t\tdata-frame_999=\"o:0;st:w;\"\n\t\t\t\t\t\t\t\tstyle=\"z-index:5;font-family:'Raleway';\"\n\t\t\t\t\t\t\t>SAP VIM \n\t\t\t\t\t\t\t<\/rs-layer><!--\n\n\t\t\t\t\t\t\t--><rs-layer\n\t\t\t\t\t\t\t\tid=\"slider-158-slide-248-layer-1\" \n\t\t\t\t\t\t\t\tdata-type=\"text\"\n\t\t\t\t\t\t\t\tdata-rsp_ch=\"on\"\n\t\t\t\t\t\t\t\tdata-xy=\"x:c;yo:155px,128px,97px,59px;\"\n\t\t\t\t\t\t\t\tdata-text=\"w:normal;s:40,33,25,15;l:40,33,25,15;fw:700;\"\n\t\t\t\t\t\t\t\tdata-frame_999=\"o:0;st:w;\"\n\t\t\t\t\t\t\t\tstyle=\"z-index:6;font-family:'Roboto';\"\n\t\t\t\t\t\t\t>Nos complace informarles sobre SAP Invoice Management \n\t\t\t\t\t\t\t<\/rs-layer><!--\n-->\t\t\t\t\t<\/rs-slide>\n\t\t\t\t\t<\/rs-slides>\n\t\t\t\t<\/rs-module>\n\t\t\t\t<script>\n\t\t\t\t\tsetREVStartSize({c: 'rev_slider_158_1',rl:[1240,1024,778,480],el:[300,330,251,155],gw:[1240,1024,778,480],gh:[300,330,251,155],type:'standard',justify:'',layout:'fullwidth',mh:\"0\"});if (window.RS_MODULES!==undefined && window.RS_MODULES.modules!==undefined && window.RS_MODULES.modules[\"revslider1581\"]!==undefined) {window.RS_MODULES.modules[\"revslider1581\"].once = false;window.revapi158 = undefined;if (window.RS_MODULES.checkMinimal!==undefined) window.RS_MODULES.checkMinimal()}\n\t\t\t\t<\/script>\n\t\t\t<\/rs-module-wrap>\n\t\t\t<!-- END REVOLUTION SLIDER -->\n<\/div><div class=\"kc-elm kc-css-486321\" style=\"height: 80px; clear: both; width:100%;\"><\/div><\/div><\/div><\/div><\/div><\/section><section class=\"kc-elm kc-css-905989 kc_row\"><div class=\"kc-row-container  kc-container\"><div class=\"kc-wrap-columns\"><div class=\"kc-elm kc-css-131976 kc_col-sm-8 kc_column kc_col-sm-8\"><div class=\"kc-col-container\">\n<div class=\"kc-elm kc-css-138749 kc-title-wrap \">\n\n\t<h1 class=\"kc_title\">Proceso de recepci\u00f3n de facturas (acreedores)<\/h1>\n<\/div>\n<div class=\"kc-elm kc-css-346719\" style=\"height: 20px; clear: both; width:100%;\"><\/div><div class=\"kc-elm kc-css-218885 kc_text_block\"><\/p>\n<p>\nSAP Vendor Invoice Management (VIM) de OpenText optimiza y simplifica el proceso de las facturas de proveedores entrantes al digitalizar las facturas, registrar el documento en el sistema SAP, ejecutar y supervisar el proceso de aprobaci\u00f3n de m\u00faltiples niveles (flujo de trabajo) hasta la liberaci\u00f3n del pago al proveedor.<\/p>\n<p>Al automatizar el proceso, sus empleados solo participan en el proceso en los casos excepcionales que usted defina. Una gran parte de las facturas que ahora se ingresan manualmente y se env\u00edan para aprobaci\u00f3n pasan por el proceso autom\u00e1ticamente. El aumento de la calidad, la reducci\u00f3n de los tiempos de procesamiento, la explotaci\u00f3n de posibles descuentos por pronto pago y la concentraci\u00f3ne de los empleados en las facturas que entran dentro de la definici\u00f3n de excepci\u00f3n son las consecuencias positivas de esta optimizaci\u00f3n del proceso. Adem\u00e1s, la pronta determinaci\u00f3n de cuentas por cobrar abiertas ser\u00e1 una gran ventaja para la administraci\u00f3n de efectivo.<\/p>\n<p>El proceso tambi\u00e9n garantiza que las partes involucradas puedan llevar a cabo sus tareas de manera r\u00e1pida, f\u00e1cil y en dispositivos m\u00f3viles de acuerdo con las normas internas de competencia. Los per\u00edodos de archivo y retenci\u00f3n est\u00e1n garantizados al mismo tiempo a trav\u00e9s de la conexi\u00f3n al archivo central.<\/p>\n<p>\n<\/div><div class=\"kc-elm kc-css-478016\" style=\"height: 40px; clear: both; width:100%;\"><\/div>\n<div class=\"kc-elm kc-css-240847 kc-title-wrap \">\n\n\t<h1 class=\"kc_title\">Opci\u00f3n OCR<\/h1>\n<\/div>\n<div class=\"kc-elm kc-css-388040\" style=\"height: 20px; clear: both; width:100%;\"><\/div><div class=\"kc-elm kc-css-679247 kc_text_block\"><\/p>\n<p>\nPara que el proceso sea a\u00fan m\u00e1s automatizado y \u00f3ptimo, se puede agregar la opci\u00f3n OCR. La opci\u00f3n OCR lee datos del documento durante el proceso de escaneo y captura autom\u00e1ticamente un documento de factura en SAP. Si los documentos no se crean completamente en SAP de acuerdo con reglas predefinidas, se requiere un procesamiento manual. Esta correcci\u00f3n se puede dar al sistema como una plantilla para una mayor correcci\u00f3n de errores y se procesar\u00e1n casos similares en el futuro de acuerdo con el patr\u00f3n aprendido.<\/p>\n<p>P\u00f3ngase en contacto con nuestros especialistas para obtener una demostraci\u00f3n o si tiene alguna pregunta.<\/p>\n<p>\n<\/div><div class=\"kc-elm kc-css-551702\" style=\"height: 40px; clear: both; width:100%;\"><\/div>\n<div class=\"kc-elm kc-css-660372 kc-title-wrap \">\n\n\t<h1 class=\"kc_title\">Sus ventajas de un vistazo<\/h1>\n<\/div>\n<div class=\"kc-elm kc-css-533159\" style=\"height: 40px; clear: both; width:100%;\"><\/div><div class=\"kc-elm kc-css-251431 kc_row kc_row_inner\"><div class=\"kc-elm kc-css-32631 kc_col-sm-4 kc_column_inner kc_col-sm-4\"><div class=\"kc_wrapper kc-col-inner-container\"><div class=\"kc-elm kc-css-936107 kc-icon-wrapper\">\n\t\t<i class=\"et-global\"><\/i>\n\t<\/div>\n<div class=\"kc-elm kc-css-358937\" style=\"height: 20px; clear: both; width:100%;\"><\/div><div class=\"kc-elm kc-css-141982 kc_text_block\"><\/p>\n<p style=\"text-align: center;\">Tiempos de procesamiento m\u00e1s cortos<\/p>\n<p>\n<\/div><div class=\"kc-elm kc-css-736207\" style=\"height: 40px; clear: both; width:100%;\"><\/div><\/div><\/div><div class=\"kc-elm kc-css-336960 kc_col-sm-4 kc_column_inner kc_col-sm-4\"><div class=\"kc_wrapper kc-col-inner-container\"><div class=\"kc-elm kc-css-622281 kc-icon-wrapper\">\n\t\t<i class=\"et-presentation\"><\/i>\n\t<\/div>\n<div class=\"kc-elm kc-css-149593\" style=\"height: 20px; clear: both; width:100%;\"><\/div><div class=\"kc-elm kc-css-960095 kc_text_block\"><\/p>\n<p style=\"text-align: center;\">Procesos uniformes para facturas en papel, electr\u00f3nicas y digitales<\/p>\n<p>\n<\/div><div class=\"kc-elm kc-css-270840\" style=\"height: 40px; clear: both; width:100%;\"><\/div><\/div><\/div><div class=\"kc-elm kc-css-376604 kc_col-sm-4 kc_column_inner kc_col-sm-4\"><div class=\"kc_wrapper kc-col-inner-container\"><div class=\"kc-elm kc-css-124952 kc-icon-wrapper\">\n\t\t<i class=\"et-bargraph\"><\/i>\n\t<\/div>\n<div class=\"kc-elm kc-css-59873\" style=\"height: 20px; clear: both; width:100%;\"><\/div><div class=\"kc-elm kc-css-5273 kc_text_block\"><\/p>\n<p style=\"text-align: center;\">Posibilidad de aprobaci\u00f3n a trav\u00e9s de dispositivos m\u00f3viles (tablets, tel\u00e9fonos m\u00f3viles)<\/p>\n<p>\n<\/div><div class=\"kc-elm kc-css-620837\" style=\"height: 40px; clear: both; width:100%;\"><\/div><\/div><\/div><\/div><div class=\"kc-elm kc-css-329325 kc_row kc_row_inner\"><div class=\"kc-elm kc-css-470422 kc_col-sm-4 kc_column_inner kc_col-sm-4\"><div class=\"kc_wrapper kc-col-inner-container\"><div class=\"kc-elm kc-css-473667 kc-icon-wrapper\">\n\t\t<i class=\"et-linegraph\"><\/i>\n\t<\/div>\n<div class=\"kc-elm kc-css-758194\" style=\"height: 20px; clear: both; width:100%;\"><\/div><div class=\"kc-elm kc-css-489066 kc_text_block\"><\/p>\n<p style=\"text-align: center;\">Reducci\u00f3n de la complejidad<\/p>\n<p>\n<\/div><div class=\"kc-elm kc-css-824312\" style=\"height: 40px; clear: both; width:100%;\"><\/div><\/div><\/div><div class=\"kc-elm kc-css-823588 kc_col-sm-4 kc_column_inner kc_col-sm-4\"><div class=\"kc_wrapper kc-col-inner-container\"><div class=\"kc-elm kc-css-952553 kc-icon-wrapper\">\n\t\t<i class=\"et-documents\"><\/i>\n\t<\/div>\n<div class=\"kc-elm kc-css-795427\" style=\"height: 20px; clear: both; width:100%;\"><\/div><div class=\"kc-elm kc-css-126711 kc_text_block\"><\/p>\n<p style=\"text-align: center;\">Eliminaci\u00f3n del almacenamiento descentralizado<\/p>\n<p>\n<\/div><div class=\"kc-elm kc-css-858837\" style=\"height: 40px; clear: both; width:100%;\"><\/div><\/div><\/div><div class=\"kc-elm kc-css-310993 kc_col-sm-4 kc_column_inner kc_col-sm-4\"><div class=\"kc_wrapper kc-col-inner-container\"><div class=\"kc-elm kc-css-548277 kc-icon-wrapper\">\n\t\t<i class=\"et-wallet\"><\/i>\n\t<\/div>\n<div class=\"kc-elm kc-css-95611\" style=\"height: 20px; clear: both; width:100%;\"><\/div><div class=\"kc-elm kc-css-212271 kc_text_block\"><\/p>\n<p style=\"text-align: center;\">Aprovechamiento de posibles deducciones en cuenta<\/p>\n<p>\n<\/div><div class=\"kc-elm kc-css-681775\" style=\"height: 40px; clear: both; width:100%;\"><\/div><\/div><\/div><\/div><\/div><\/div><div class=\"kc-elm kc-css-23921 kc_col-sm-4 kc_column kc_col-sm-4\"><div class=\"kc-col-container\"><div class=\"kc-elm kc-css-453367 kc_text_block\"><\/p>\n<h2><strong>\u00a0Ismael Hares<\/strong><\/h2>\n<p><img loading=\"lazy\" decoding=\"async\" class=\"alignnone size-medium\" src=\"https:\/\/dataworld.com\/wp-content\/uploads\/2022\/08\/iha_website_v1.2.jpg\" alt=\"\" width=\"865\" height=\"579\" \/><\/p>\n<p style=\"text-align: left;\">\u00a0<span style=\"font-style: inherit;\">P\u00f3ngase en contacto conmigo para una\u00a0 \u00a0 \u00a0 \u00a0demostraci\u00f3n o m\u00e1s informaci\u00f3n:<\/span><\/p>\n<p style=\"text-align: left;\">\u00a0t +41 58 591 90 00\u00a0 \u00a0 <a href=\"http:\/\/linkedin.com\/in\/ismaelhares\" target=\"_blank\" rel=\"noopener\"><span class=\"ui-provider gr b c d e f g h i j k l m n o p q r s t u v w x y z ab ac ae af ag ah ai aj ak\" dir=\"ltr\">linkedin.com\/in\/ismaelhares<\/span><\/a><span style=\"font-style: inherit;\">\u00a0 \u00a0 \u00a0 \u00a0 \u00a0 \u00a0 \u00a0 \u00a0 \u00a0 \u00a0 \u00a0 \u00a0 \u00a0 \u00a0<\/span><\/p>\n<p>\n<\/div>\n<div class=\"kc-elm kc-css-684668 divider_line\">\n\t<div class=\"divider_inner divider_line1\">\n\t\t\t<\/div>\n<\/div>\n<div class=\"kc-elm kc-css-351269 list-post-type list-post category \">No posts found<\/div><\/div><\/div><\/div><\/div><\/section><\/p>\n","protected":false},"excerpt":{"rendered":"","protected":false},"author":2,"featured_media":0,"parent":4463,"menu_order":0,"comment_status":"closed","ping_status":"closed","template":"","meta":{"footnotes":""},"class_list":["post-4488","page","type-page","status-publish","hentry"],"yoast_head":"<!-- This site is optimized with the Yoast SEO plugin v27.3 - https:\/\/yoast.com\/product\/yoast-seo-wordpress\/ -->\n<title>Gesti\u00f3n de facturas en SAP (VIM) - dataworld<\/title>\n<meta name=\"robots\" content=\"index, follow, max-snippet:-1, max-image-preview:large, max-video-preview:-1\" \/>\n<link rel=\"canonical\" href=\"https:\/\/dataworld.com\/es\/soluciones\/gestion-de-facturas-de-sap-vim\/\" \/>\n<meta property=\"og:locale\" content=\"es_ES\" \/>\n<meta property=\"og:type\" content=\"article\" \/>\n<meta property=\"og:title\" content=\"Gesti\u00f3n de facturas en SAP (VIM) - dataworld\" \/>\n<meta property=\"og:description\" content=\"Proceso de recepci\u00f3n de facturas (acreedores) SAP Vendor Invoice Management (VIM) de OpenText optimiza y simplifica el proceso de las facturas de proveedores entrantes al digitalizar las facturas, registrar el documento en el sistema SAP, ejecutar y supervisar el proceso de aprobaci\u00f3n de m\u00faltiples niveles (flujo de trabajo) hasta la liberaci\u00f3n del pago al proveedor. [&hellip;]\" \/>\n<meta property=\"og:url\" content=\"https:\/\/dataworld.com\/es\/soluciones\/gestion-de-facturas-de-sap-vim\/\" \/>\n<meta property=\"og:site_name\" content=\"dataworld\" \/>\n<meta property=\"article:publisher\" content=\"https:\/\/www.facebook.com\/dataworldconsulting\/\" \/>\n<meta property=\"article:modified_time\" content=\"2023-05-30T10:54:30+00:00\" \/>\n<meta property=\"og:image\" content=\"https:\/\/dataworld.com\/wp-content\/uploads\/2022\/08\/iha_website_v1.2.jpg\" \/>\n<meta name=\"twitter:card\" content=\"summary_large_image\" \/>\n<meta name=\"twitter:site\" content=\"@dW_dataworld\" \/>\n<meta name=\"twitter:label1\" content=\"Tiempo de lectura\" \/>\n\t<meta name=\"twitter:data1\" content=\"4 minutos\" \/>\n<script type=\"application\/ld+json\" class=\"yoast-schema-graph\">{\"@context\":\"https:\\\/\\\/schema.org\",\"@graph\":[{\"@type\":\"WebPage\",\"@id\":\"https:\\\/\\\/dataworld.com\\\/es\\\/soluciones\\\/gestion-de-facturas-de-sap-vim\\\/\",\"url\":\"https:\\\/\\\/dataworld.com\\\/es\\\/soluciones\\\/gestion-de-facturas-de-sap-vim\\\/\",\"name\":\"Gesti\u00f3n de facturas en SAP (VIM) - dataworld\",\"isPartOf\":{\"@id\":\"https:\\\/\\\/dataworld.com\\\/es\\\/#website\"},\"primaryImageOfPage\":{\"@id\":\"https:\\\/\\\/dataworld.com\\\/es\\\/soluciones\\\/gestion-de-facturas-de-sap-vim\\\/#primaryimage\"},\"image\":{\"@id\":\"https:\\\/\\\/dataworld.com\\\/es\\\/soluciones\\\/gestion-de-facturas-de-sap-vim\\\/#primaryimage\"},\"thumbnailUrl\":\"https:\\\/\\\/dataworld.com\\\/wp-content\\\/uploads\\\/2022\\\/08\\\/iha_website_v1.2.jpg\",\"datePublished\":\"2019-11-20T20:44:22+00:00\",\"dateModified\":\"2023-05-30T10:54:30+00:00\",\"breadcrumb\":{\"@id\":\"https:\\\/\\\/dataworld.com\\\/es\\\/soluciones\\\/gestion-de-facturas-de-sap-vim\\\/#breadcrumb\"},\"inLanguage\":\"es\",\"potentialAction\":[{\"@type\":\"ReadAction\",\"target\":[\"https:\\\/\\\/dataworld.com\\\/es\\\/soluciones\\\/gestion-de-facturas-de-sap-vim\\\/\"]}]},{\"@type\":\"ImageObject\",\"inLanguage\":\"es\",\"@id\":\"https:\\\/\\\/dataworld.com\\\/es\\\/soluciones\\\/gestion-de-facturas-de-sap-vim\\\/#primaryimage\",\"url\":\"https:\\\/\\\/dataworld.com\\\/wp-content\\\/uploads\\\/2022\\\/08\\\/iha_website_v1.2.jpg\",\"contentUrl\":\"https:\\\/\\\/dataworld.com\\\/wp-content\\\/uploads\\\/2022\\\/08\\\/iha_website_v1.2.jpg\"},{\"@type\":\"BreadcrumbList\",\"@id\":\"https:\\\/\\\/dataworld.com\\\/es\\\/soluciones\\\/gestion-de-facturas-de-sap-vim\\\/#breadcrumb\",\"itemListElement\":[{\"@type\":\"ListItem\",\"position\":1,\"name\":\"Home\",\"item\":\"https:\\\/\\\/dataworld.com\\\/es\\\/\"},{\"@type\":\"ListItem\",\"position\":2,\"name\":\"Soluciones\",\"item\":\"https:\\\/\\\/dataworld.com\\\/es\\\/soluciones\\\/\"},{\"@type\":\"ListItem\",\"position\":3,\"name\":\"Gesti\u00f3n de facturas en SAP (VIM)\"}]},{\"@type\":\"WebSite\",\"@id\":\"https:\\\/\\\/dataworld.com\\\/es\\\/#website\",\"url\":\"https:\\\/\\\/dataworld.com\\\/es\\\/\",\"name\":\"dataworld\",\"description\":\"wir gestalten Ihre S4 Journey\",\"publisher\":{\"@id\":\"https:\\\/\\\/dataworld.com\\\/es\\\/#organization\"},\"potentialAction\":[{\"@type\":\"SearchAction\",\"target\":{\"@type\":\"EntryPoint\",\"urlTemplate\":\"https:\\\/\\\/dataworld.com\\\/es\\\/?s={search_term_string}\"},\"query-input\":{\"@type\":\"PropertyValueSpecification\",\"valueRequired\":true,\"valueName\":\"search_term_string\"}}],\"inLanguage\":\"es\"},{\"@type\":\"Organization\",\"@id\":\"https:\\\/\\\/dataworld.com\\\/es\\\/#organization\",\"name\":\"Data Work Consulting AG\",\"url\":\"https:\\\/\\\/dataworld.com\\\/es\\\/\",\"logo\":{\"@type\":\"ImageObject\",\"inLanguage\":\"es\",\"@id\":\"https:\\\/\\\/dataworld.com\\\/es\\\/#\\\/schema\\\/logo\\\/image\\\/\",\"url\":\"https:\\\/\\\/dataworld.com\\\/wp-content\\\/uploads\\\/2019\\\/11\\\/Quadrat.jpg\",\"contentUrl\":\"https:\\\/\\\/dataworld.com\\\/wp-content\\\/uploads\\\/2019\\\/11\\\/Quadrat.jpg\",\"width\":378,\"height\":378,\"caption\":\"Data Work Consulting AG\"},\"image\":{\"@id\":\"https:\\\/\\\/dataworld.com\\\/es\\\/#\\\/schema\\\/logo\\\/image\\\/\"},\"sameAs\":[\"https:\\\/\\\/www.facebook.com\\\/dataworldconsulting\\\/\",\"https:\\\/\\\/x.com\\\/dW_dataworld\"]}]}<\/script>\n<!-- \/ Yoast SEO plugin. -->","yoast_head_json":{"title":"Gesti\u00f3n de facturas en SAP (VIM) - dataworld","robots":{"index":"index","follow":"follow","max-snippet":"max-snippet:-1","max-image-preview":"max-image-preview:large","max-video-preview":"max-video-preview:-1"},"canonical":"https:\/\/dataworld.com\/es\/soluciones\/gestion-de-facturas-de-sap-vim\/","og_locale":"es_ES","og_type":"article","og_title":"Gesti\u00f3n de facturas en SAP (VIM) - dataworld","og_description":"Proceso de recepci\u00f3n de facturas (acreedores) SAP Vendor Invoice Management (VIM) de OpenText optimiza y simplifica el proceso de las facturas de proveedores entrantes al digitalizar las facturas, registrar el documento en el sistema SAP, ejecutar y supervisar el proceso de aprobaci\u00f3n de m\u00faltiples niveles (flujo de trabajo) hasta la liberaci\u00f3n del pago al proveedor. [&hellip;]","og_url":"https:\/\/dataworld.com\/es\/soluciones\/gestion-de-facturas-de-sap-vim\/","og_site_name":"dataworld","article_publisher":"https:\/\/www.facebook.com\/dataworldconsulting\/","article_modified_time":"2023-05-30T10:54:30+00:00","og_image":[{"url":"https:\/\/dataworld.com\/wp-content\/uploads\/2022\/08\/iha_website_v1.2.jpg","type":"","width":"","height":""}],"twitter_card":"summary_large_image","twitter_site":"@dW_dataworld","twitter_misc":{"Tiempo de lectura":"4 minutos"},"schema":{"@context":"https:\/\/schema.org","@graph":[{"@type":"WebPage","@id":"https:\/\/dataworld.com\/es\/soluciones\/gestion-de-facturas-de-sap-vim\/","url":"https:\/\/dataworld.com\/es\/soluciones\/gestion-de-facturas-de-sap-vim\/","name":"Gesti\u00f3n de facturas en SAP (VIM) - dataworld","isPartOf":{"@id":"https:\/\/dataworld.com\/es\/#website"},"primaryImageOfPage":{"@id":"https:\/\/dataworld.com\/es\/soluciones\/gestion-de-facturas-de-sap-vim\/#primaryimage"},"image":{"@id":"https:\/\/dataworld.com\/es\/soluciones\/gestion-de-facturas-de-sap-vim\/#primaryimage"},"thumbnailUrl":"https:\/\/dataworld.com\/wp-content\/uploads\/2022\/08\/iha_website_v1.2.jpg","datePublished":"2019-11-20T20:44:22+00:00","dateModified":"2023-05-30T10:54:30+00:00","breadcrumb":{"@id":"https:\/\/dataworld.com\/es\/soluciones\/gestion-de-facturas-de-sap-vim\/#breadcrumb"},"inLanguage":"es","potentialAction":[{"@type":"ReadAction","target":["https:\/\/dataworld.com\/es\/soluciones\/gestion-de-facturas-de-sap-vim\/"]}]},{"@type":"ImageObject","inLanguage":"es","@id":"https:\/\/dataworld.com\/es\/soluciones\/gestion-de-facturas-de-sap-vim\/#primaryimage","url":"https:\/\/dataworld.com\/wp-content\/uploads\/2022\/08\/iha_website_v1.2.jpg","contentUrl":"https:\/\/dataworld.com\/wp-content\/uploads\/2022\/08\/iha_website_v1.2.jpg"},{"@type":"BreadcrumbList","@id":"https:\/\/dataworld.com\/es\/soluciones\/gestion-de-facturas-de-sap-vim\/#breadcrumb","itemListElement":[{"@type":"ListItem","position":1,"name":"Home","item":"https:\/\/dataworld.com\/es\/"},{"@type":"ListItem","position":2,"name":"Soluciones","item":"https:\/\/dataworld.com\/es\/soluciones\/"},{"@type":"ListItem","position":3,"name":"Gesti\u00f3n de facturas en SAP (VIM)"}]},{"@type":"WebSite","@id":"https:\/\/dataworld.com\/es\/#website","url":"https:\/\/dataworld.com\/es\/","name":"dataworld","description":"wir gestalten Ihre S4 Journey","publisher":{"@id":"https:\/\/dataworld.com\/es\/#organization"},"potentialAction":[{"@type":"SearchAction","target":{"@type":"EntryPoint","urlTemplate":"https:\/\/dataworld.com\/es\/?s={search_term_string}"},"query-input":{"@type":"PropertyValueSpecification","valueRequired":true,"valueName":"search_term_string"}}],"inLanguage":"es"},{"@type":"Organization","@id":"https:\/\/dataworld.com\/es\/#organization","name":"Data Work Consulting AG","url":"https:\/\/dataworld.com\/es\/","logo":{"@type":"ImageObject","inLanguage":"es","@id":"https:\/\/dataworld.com\/es\/#\/schema\/logo\/image\/","url":"https:\/\/dataworld.com\/wp-content\/uploads\/2019\/11\/Quadrat.jpg","contentUrl":"https:\/\/dataworld.com\/wp-content\/uploads\/2019\/11\/Quadrat.jpg","width":378,"height":378,"caption":"Data Work Consulting AG"},"image":{"@id":"https:\/\/dataworld.com\/es\/#\/schema\/logo\/image\/"},"sameAs":["https:\/\/www.facebook.com\/dataworldconsulting\/","https:\/\/x.com\/dW_dataworld"]}]}},"_links":{"self":[{"href":"https:\/\/dataworld.com\/es\/wp-json\/wp\/v2\/pages\/4488","targetHints":{"allow":["GET"]}}],"collection":[{"href":"https:\/\/dataworld.com\/es\/wp-json\/wp\/v2\/pages"}],"about":[{"href":"https:\/\/dataworld.com\/es\/wp-json\/wp\/v2\/types\/page"}],"author":[{"embeddable":true,"href":"https:\/\/dataworld.com\/es\/wp-json\/wp\/v2\/users\/2"}],"replies":[{"embeddable":true,"href":"https:\/\/dataworld.com\/es\/wp-json\/wp\/v2\/comments?post=4488"}],"version-history":[{"count":22,"href":"https:\/\/dataworld.com\/es\/wp-json\/wp\/v2\/pages\/4488\/revisions"}],"predecessor-version":[{"id":9853,"href":"https:\/\/dataworld.com\/es\/wp-json\/wp\/v2\/pages\/4488\/revisions\/9853"}],"up":[{"embeddable":true,"href":"https:\/\/dataworld.com\/es\/wp-json\/wp\/v2\/pages\/4463"}],"wp:attachment":[{"href":"https:\/\/dataworld.com\/es\/wp-json\/wp\/v2\/media?parent=4488"}],"curies":[{"name":"wp","href":"https:\/\/api.w.org\/{rel}","templated":true}]}}