{"id":4486,"date":"2019-11-05T21:13:45","date_gmt":"2019-11-05T20:13:45","guid":{"rendered":"https:\/\/dataworld.com\/?page_id=4486"},"modified":"2023-05-30T12:49:23","modified_gmt":"2023-05-30T10:49:23","slug":"sap-extendio-ecm","status":"publish","type":"page","link":"https:\/\/dataworld.com\/es\/soluciones\/sap-extendio-ecm\/","title":{"rendered":"SAP extended ECM"},"content":{"rendered":"<p><section class=\"kc-elm kc-css-822399 kc_row\"><div class=\"kc-row-container  kc-container\"><div class=\"kc-wrap-columns\"><div class=\"kc-elm kc-css-990842 kc_col-sm-12 kc_column kc_col-sm-12\"><div class=\"kc-col-container\"><div class=\"kc-elm kc-css-418692 kc-raw-code\">\n\t\t\t<!-- START SAP ECM ES REVOLUTION SLIDER 6.7.41 --><p class=\"rs-p-wp-fix\"><\/p>\n\t\t\t<rs-module-wrap id=\"rev_slider_154_1_wrapper\" data-source=\"gallery\" style=\"visibility:hidden;background:#b3b3aa;padding:0;margin:0px auto;margin-top:0;margin-bottom:0;\">\n\t\t\t\t<rs-module id=\"rev_slider_154_1\" style=\"\" data-version=\"6.7.41\">\n\t\t\t\t\t<rs-slides style=\"overflow: hidden; position: absolute;\">\n\t\t\t\t\t\t<rs-slide style=\"position: absolute;\" data-key=\"rs-244\" data-title=\"Slide\" data-anim=\"ms:1000;r:0;\" data-in=\"o:0;\" data-out=\"a:false;\">\n\t\t\t\t\t\t\t<img decoding=\"async\" src=\"\/\/dataworld.com\/wp-content\/plugins\/revslider\/sr6\/assets\/assets\/dummy.png\" alt=\"Slide\" title=\"SAP extended ECM\" class=\"rev-slidebg tp-rs-img rs-lazyload\" data-lazyload=\"\/\/dataworld.com\/wp-content\/plugins\/revslider\/sr6\/assets\/assets\/transparent.png\" data-bg=\"c:#b3b3aa;\" data-no-retina>\n<!--\n\t\t\t\t\t\t\t--><rs-layer\n\t\t\t\t\t\t\t\tid=\"slider-154-slide-244-layer-0\" \n\t\t\t\t\t\t\t\tdata-type=\"text\"\n\t\t\t\t\t\t\t\tdata-rsp_ch=\"on\"\n\t\t\t\t\t\t\t\tdata-xy=\"x:c;yo:100px,82px,62px,38px;\"\n\t\t\t\t\t\t\t\tdata-text=\"w:normal;l:22,18,13,8;\"\n\t\t\t\t\t\t\t\tdata-frame_999=\"o:0;st:w;\"\n\t\t\t\t\t\t\t\tstyle=\"z-index:5;font-family:'Raleway';\"\n\t\t\t\t\t\t\t>SAP ECM \n\t\t\t\t\t\t\t<\/rs-layer><!--\n\n\t\t\t\t\t\t\t--><rs-layer\n\t\t\t\t\t\t\t\tid=\"slider-154-slide-244-layer-1\" \n\t\t\t\t\t\t\t\tdata-type=\"text\"\n\t\t\t\t\t\t\t\tdata-rsp_ch=\"on\"\n\t\t\t\t\t\t\t\tdata-xy=\"x:c;yo:155px,128px,97px,59px;\"\n\t\t\t\t\t\t\t\tdata-text=\"w:normal;s:40,33,25,15;l:40,33,25,15;fw:700;\"\n\t\t\t\t\t\t\t\tdata-frame_999=\"o:0;st:w;\"\n\t\t\t\t\t\t\t\tstyle=\"z-index:6;font-family:'Roboto';\"\n\t\t\t\t\t\t\t>Todo sobre la gesti\u00f3n de contenidos con SAP ECM \n\t\t\t\t\t\t\t<\/rs-layer><!--\n-->\t\t\t\t\t<\/rs-slide>\n\t\t\t\t\t<\/rs-slides>\n\t\t\t\t<\/rs-module>\n\t\t\t\t<script>\n\t\t\t\t\tsetREVStartSize({c: 'rev_slider_154_1',rl:[1240,1024,778,480],el:[300,768,960,720],gw:[1240,1024,778,480],gh:[300,330,251,155],type:'standard',justify:'',layout:'fullwidth',mh:\"0\"});if (window.RS_MODULES!==undefined && window.RS_MODULES.modules!==undefined && window.RS_MODULES.modules[\"revslider1541\"]!==undefined) {window.RS_MODULES.modules[\"revslider1541\"].once = false;window.revapi154 = undefined;if (window.RS_MODULES.checkMinimal!==undefined) window.RS_MODULES.checkMinimal()}\n\t\t\t\t<\/script>\n\t\t\t<\/rs-module-wrap>\n\t\t\t<!-- END REVOLUTION SLIDER -->\n<\/div><div class=\"kc-elm kc-css-586169\" style=\"height: 80px; clear: both; width:100%;\"><\/div><\/div><\/div><\/div><\/div><\/section><section class=\"kc-elm kc-css-613207 kc-animated kc-animate-eff-fadeInUp kc_row\"><div class=\"kc-row-container  kc-container\"><div class=\"kc-wrap-columns\"><div class=\"kc-elm kc-css-546613 kc_col-sm-8 kc_column kc_col-sm-8\"><div class=\"kc-col-container\">\n<div class=\"kc-elm kc-css-602020 kc-title-wrap \">\n\n\t<h1 class=\"kc_title\">SAP Enterprise Content Management (xECM)<\/h1>\n<\/div>\n<div class=\"kc-elm kc-css-240477\" style=\"height: 20px; clear: both; width:100%;\"><\/div><div class=\"kc-elm kc-css-435502 kc_text_block\"><\/p>\n<p>\nTodo el mundo habla de la transformaci\u00f3n digital. Pero si pregunta con m\u00e1s precisi\u00f3n lo que cada uno entiende por ella, las respuestas var\u00edan ampliamente y presentan una empresa con desaf\u00edos fundamentales.<\/p>\n<p>Preguntas como:<\/p>\n<ul>\n<li>\u00bfSon posibles nuestros procesos?<\/li>\n<li>\u00bfQuiz\u00e1s incluso tengamos que cambiar nuestro modelo de negocio?<\/li>\n<li>\u00bfQu\u00e9 grado de automatizaci\u00f3n es posible?<\/li>\n<li>\u00bfQu\u00e9 automatizaci\u00f3n realmente queremos?<\/li>\n<li>\u00bfEn qu\u00e9 procesos tenemos que destacarnos de nuestros competidores ahora o en el futuro?<\/li>\n<\/ul>\n<p>Tendremos que enfrentarnos a estas y otras preguntas en el futuro.<\/p>\n<p>Sin embargo, lo que quedar\u00e1 es el principio de colgar cosas en el proceso comercial. Si se analizan los procesos actuales, la informaci\u00f3n est\u00e1 disponible en diferentes formatos o debe crearse o entregarse en diferentes formatos durante el proceso. Por un lado, se trata de datos estructurados, como los datos de aplicaci\u00f3n, pero tambi\u00e9n informaci\u00f3n en papel o documentos en formato electr\u00f3nico. Para digitalizar un proceso se requiere un formato legible por m\u00e1quina. La experiencia demuestra que cuanto antes se pueda acceder a los datos electr\u00f3nicos, mayores ser\u00e1n los ahorros en el proceso de digitalizaci\u00f3n.<\/p>\n<p>SAP xECM de OpenText conecta los procesos (ERP, CRM, SRM, etc.) con el contenido no estructurado (correo electr\u00f3nico, Word, Excel, pdf, etc.). La plataforma le permite optimizar sus procesos en SAP, m\u00e1s all\u00e1 de los l\u00edmites del sistema y tambi\u00e9n incluir los aspectos m\u00f3viles de hoy en d\u00eda.<\/p>\n<p>\n<\/div><div class=\"kc-elm kc-css-962242\" style=\"height: 40px; clear: both; width:100%;\"><\/div>\n\t<div class=\"kc-elm kc-css-376763 kc_shortcode kc_video_play kc_video_wrapper\" data-video=\"https:\/\/vimeo.com\/180170542\" data-width=\"600\" data-height=\"338.98305084746\" data-fullwidth=\"yes\" data-autoplay=\"\" data-loop=\"yes\" data-control=\"yes\" data-related=\"\" data-showinfo=\"\" data-kc-video-mute=\"\">\n\t\t\t<\/div>\n\n<div class=\"kc-elm kc-css-142464\" style=\"height: 80px; clear: both; width:100%;\"><\/div>\n<div class=\"kc-elm kc-css-770957 kc-title-wrap \">\n\n\t<h1 class=\"kc_title\">Sus beneficios en un vistazo<\/h1>\n<\/div>\n<div class=\"kc-elm kc-css-667767\" style=\"height: 40px; clear: both; width:100%;\"><\/div><div class=\"kc-elm kc-css-20157 kc_row kc_row_inner\"><div class=\"kc-elm kc-css-262108 kc_col-sm-3 kc_column_inner kc_col-sm-3\"><div class=\"kc_wrapper kc-col-inner-container\"><div class=\"kc-elm kc-css-121181 kc-icon-wrapper\">\n\t\t<i class=\"et-global\"><\/i>\n\t<\/div>\n<div class=\"kc-elm kc-css-263130\" style=\"height: 20px; clear: both; width:100%;\"><\/div><div class=\"kc-elm kc-css-568501 kc_text_block\"><\/p>\n<p style=\"text-align: center;\">Optimizaci\u00f3n \/ automatizaci\u00f3n de procesos a trav\u00e9s de formatos electr\u00f3nicos legibles<\/p>\n<p>\n<\/div><div class=\"kc-elm kc-css-210010\" style=\"height: 40px; clear: both; width:100%;\"><\/div><\/div><\/div><div class=\"kc-elm kc-css-345987 kc_col-sm-3 kc_column_inner kc_col-sm-3\"><div class=\"kc_wrapper kc-col-inner-container\"><div class=\"kc-elm kc-css-816776 kc-icon-wrapper\">\n\t\t<i class=\"et-presentation\"><\/i>\n\t<\/div>\n<div class=\"kc-elm kc-css-538180\" style=\"height: 20px; clear: both; width:100%;\"><\/div><div class=\"kc-elm kc-css-200406 kc_text_block\"><\/p>\n<p style=\"text-align: center;\">Reducci\u00f3n de costes a trav\u00e9s de la disminuci\u00f3n de m\u00faltiples presentaciones \/ archivos descentralizados<\/p>\n<p>\n<\/div><div class=\"kc-elm kc-css-934021\" style=\"height: 40px; clear: both; width:100%;\"><\/div><\/div><\/div><div class=\"kc-elm kc-css-767983 kc_col-sm-3 kc_column_inner kc_col-sm-3\"><div class=\"kc_wrapper kc-col-inner-container\"><div class=\"kc-elm kc-css-575476 kc-icon-wrapper\">\n\t\t<i class=\"et-linegraph\"><\/i>\n\t<\/div>\n<div class=\"kc-elm kc-css-389669 kc_text_block\"><\/p>\n<p style=\"text-align: center;\">Aumento de la eficiencia del proceso al enriquecer la informaci\u00f3n no estructurada<\/p>\n<p>\n<\/div><div class=\"kc-elm kc-css-86744\" style=\"height: 40px; clear: both; width:100%;\"><\/div><\/div><\/div><div class=\"kc-elm kc-css-104195 kc_col-sm-3 kc_column_inner kc_col-sm-3\"><div class=\"kc_wrapper kc-col-inner-container\"><div class=\"kc-elm kc-css-612252 kc-icon-wrapper\">\n\t\t<i class=\"et-bargraph\"><\/i>\n\t<\/div>\n<div class=\"kc-elm kc-css-623393\" style=\"height: 20px; clear: both; width:100%;\"><\/div><div class=\"kc-elm kc-css-101656 kc_text_block\"><\/p>\n<p style=\"text-align: center;\">Fomento de la cooperaci\u00f3n entre los l\u00edmites de las aplicaciones y el sistema<\/p>\n<p>\n<\/div><div class=\"kc-elm kc-css-791661\" style=\"height: 40px; clear: both; width:100%;\"><\/div><\/div><\/div><\/div><div class=\"kc-elm kc-css-654798 kc_row kc_row_inner\"><div class=\"kc-elm kc-css-189462 kc_col-sm-3 kc_column_inner kc_col-sm-3\"><div class=\"kc_wrapper kc-col-inner-container\"><div class=\"kc-elm kc-css-88683 kc-icon-wrapper\">\n\t\t<i class=\"et-attachment\"><\/i>\n\t<\/div>\n<div class=\"kc-elm kc-css-495414\" style=\"height: 20px; clear: both; width:100%;\"><\/div><div class=\"kc-elm kc-css-1574 kc_text_block\"><\/p>\n<p style=\"text-align: center;\">Transparencia y coherencia mediante el uso de datos, estructuras y autorizaciones de SAP\u00ae<\/p>\n<p>\n<\/div><div class=\"kc-elm kc-css-871676\" style=\"height: 40px; clear: both; width:100%;\"><\/div><\/div><\/div><div class=\"kc-elm kc-css-947340 kc_col-sm-3 kc_column_inner kc_col-sm-3\"><div class=\"kc_wrapper kc-col-inner-container\"><div class=\"kc-elm kc-css-41311 kc-icon-wrapper\">\n\t\t<i class=\"et-calendar\"><\/i>\n\t<\/div>\n<div class=\"kc-elm kc-css-962006\" style=\"height: 20px; clear: both; width:100%;\"><\/div><div class=\"kc-elm kc-css-848601 kc_text_block\"><\/p>\n<p style=\"text-align: center;\">Organizaci\u00f3n y conexi\u00f3n controlada del contenido no estructurado<\/p>\n<p>\n<\/div><div class=\"kc-elm kc-css-682934\" style=\"height: 40px; clear: both; width:100%;\"><\/div><\/div><\/div><div class=\"kc-elm kc-css-797897 kc_col-sm-3 kc_column_inner kc_col-sm-3\"><div class=\"kc_wrapper kc-col-inner-container\"><div class=\"kc-elm kc-css-745758 kc-icon-wrapper\">\n\t\t<i class=\"et-lock\"><\/i>\n\t<\/div>\n<div class=\"kc-elm kc-css-215968\" style=\"height: 20px; clear: both; width:100%;\"><\/div><div class=\"kc-elm kc-css-295124 kc_text_block\"><\/p>\n<p style=\"text-align: center;\">Reducci\u00f3n de riesgos mediante el control del contenido de la empresa durante todo el ciclo de vida<\/p>\n<p>\n<\/div><div class=\"kc-elm kc-css-94496\" style=\"height: 40px; clear: both; width:100%;\"><\/div><\/div><\/div><div class=\"kc-elm kc-css-763385 kc_col-sm-3 kc_column_inner kc_col-sm-3\"><div class=\"kc_wrapper kc-col-inner-container\"><div class=\"kc-elm kc-css-231972 kc-icon-wrapper\">\n\t\t<i class=\"et-search\"><\/i>\n\t<\/div>\n<div class=\"kc-elm kc-css-870859\" style=\"height: 20px; clear: both; width:100%;\"><\/div><div class=\"kc-elm kc-css-516760 kc_text_block\"><\/p>\n<p style=\"text-align: center;\">Cumplimiento de los requisitos legales de protecci\u00f3n, archivo y conservaci\u00f3n de datos<\/p>\n<p>\n<\/div><div class=\"kc-elm kc-css-828910\" style=\"height: 40px; clear: both; width:100%;\"><\/div><\/div><\/div><\/div><div class=\"kc-elm kc-css-787077\" style=\"height: 60px; clear: both; width:100%;\"><\/div>\n<div class=\"kc-elm kc-css-964728 kc-title-wrap \">\n\n\t<h1 class=\"kc_title\">Todo sobre la creaci\u00f3n, gesti\u00f3n y distribuci\u00f3n de contenidos de las soluciones SAP<\/h1>\n<\/div>\n<div class=\"kc-elm kc-css-451689\" style=\"height: 20px; clear: both; width:100%;\"><\/div><div class=\"kc-elm kc-css-176729 kc_text_block\"><\/p>\n<p>\nCon SAP Document Presentment de OpenText puede optimizar y automatizar la creaci\u00f3n, gesti\u00f3n, transformaci\u00f3n y distribuci\u00f3n de contenido de las soluciones de SAP en toda la empresa.<\/p>\n<p>SAP Document Presentment de OpenText y OpenText Document Presentment Live para soluciones SAP proporciona una integraci\u00f3n perfecta con los sistemas SAP y permite la correspondencia y comunicaci\u00f3n relevantes en interacciones en tiempo real con clientes, proveedores y socios.<\/p>\n<p>\n<\/div><div class=\"kc-elm kc-css-505583\" style=\"height: 20px; clear: both; width:100%;\"><\/div>\n<div class=\"kc-elm kc-css-735331\">\n\t<a class=\"kc_button\" href=\"https:\/\/dataworld.com\/es\/soluciones\/sap-document-presenment-por-opentext\/?swcfpc=1\" target=\"_self\" title=\"\" onclick=\"\">\n\t\tM\u00e1s informaci\u00f3n sobre SAP Document Presentment by OpenText\t<\/a>\n<\/div>\n<div class=\"kc-elm kc-css-988183\" style=\"height: 40px; clear: both; width:100%;\"><\/div><\/div><\/div><div class=\"kc-elm kc-css-948670 kc_col-sm-4 kc_column kc_col-sm-4\"><div class=\"kc-col-container\"><div class=\"kc-elm kc-css-696087 kc_text_block\"><\/p>\n<h2><strong>\u00a0Ismael Hares<\/strong><\/h2>\n<p><img loading=\"lazy\" decoding=\"async\" class=\"alignnone size-medium\" src=\"https:\/\/dataworld.com\/wp-content\/uploads\/2022\/08\/iha_website_v1.2.jpg\" alt=\"\" width=\"865\" height=\"579\" \/><\/p>\n<p style=\"text-align: left;\">\u00a0<span style=\"font-style: inherit;\">P\u00f3ngase en contacto conmigo para una\u00a0 \u00a0 \u00a0 \u00a0demostraci\u00f3n o m\u00e1s informaci\u00f3n:<\/span><\/p>\n<p style=\"text-align: left;\">\u00a0t +41 58 591 90 00\u00a0 \u00a0 <a href=\"http:\/\/linkedin.com\/in\/ismaelhares\" target=\"_blank\" rel=\"noopener\"><span class=\"ui-provider gr b c d e f g h i j k l m n o p q r s t u v w x y z ab ac ae af ag ah ai aj ak\" dir=\"ltr\">linkedin.com\/in\/ismaelhares<\/span><\/a><span style=\"font-style: inherit;\">\u00a0 \u00a0 \u00a0 \u00a0 \u00a0 \u00a0 \u00a0 \u00a0 \u00a0 \u00a0 \u00a0 \u00a0 \u00a0 \u00a0\u00a0<\/span><\/p>\n<p>\n<\/div>\n<div class=\"kc-elm kc-css-500512 divider_line\">\n\t<div class=\"divider_inner divider_line1\">\n\t\t\t<\/div>\n<\/div>\n<div class=\"kc-elm kc-css-584638 list-post-type list-post category \">\t\t<div class=\"list-item post-3324\">\n\t\t\t<div class=\"post-content\">\n\t\t\t\t<figure>\n\t\t\t\t\t\t\t\t\t<\/figure>\n\t\t\t\t<h3><a href=\"https:\/\/dataworld.com\/es\/2019\/11\/28\/opentext-content-suite-y-extended-ecm-version-16-ep7\/\">OpenText Content Suite y Extended ECM Version 16 EP7<\/a><\/h3>\n\t\t\t\t<div class=\"kc-entry_meta\">\n\t\t\t\t\t\t\t\t<\/div>\n\t\t\t\t<div class=\"text\">\n\t\t\t\t\tOpenText acaba de anunciar el lanzamiento de OpenText \u2122 Content Suite 16.2.10 EP7 y OpenText \u2122 Extended ECM 16.2.10 EP7. Las plataformas Content Suite y Extended ECM est\u00e1n a partir de ahora completamente sistematizados en contenedores para una mejor provisi\u00f3n y manejo de las implementaciones. Innovaciones de la Extended ECM ...\t\t\t\t<\/div>\n\n\n\t\t\t\t\t\t\t\t\t<a class=\"kc-read-more\" href=\"https:\/\/dataworld.com\/es\/2019\/11\/28\/opentext-content-suite-y-extended-ecm-version-16-ep7\/\">M\u00e1s informaci\u00f3n<\/a>\n\t\t\t\t\t\t\t<\/div>\n\n\t\t<\/div>\n\t\t<\/div><\/div><\/div><\/div><\/div><\/section><\/p>\n","protected":false},"excerpt":{"rendered":"","protected":false},"author":2,"featured_media":0,"parent":4463,"menu_order":0,"comment_status":"closed","ping_status":"closed","template":"","meta":{"footnotes":""},"class_list":["post-4486","page","type-page","status-publish","hentry"],"yoast_head":"<!-- This site is optimized with the Yoast SEO plugin v27.3 - https:\/\/yoast.com\/product\/yoast-seo-wordpress\/ -->\n<title>SAP extended ECM - dataworld<\/title>\n<meta name=\"robots\" content=\"index, follow, max-snippet:-1, max-image-preview:large, max-video-preview:-1\" \/>\n<link rel=\"canonical\" href=\"https:\/\/dataworld.com\/es\/soluciones\/sap-extendio-ecm\/\" \/>\n<meta property=\"og:locale\" content=\"es_ES\" \/>\n<meta property=\"og:type\" content=\"article\" \/>\n<meta property=\"og:title\" content=\"SAP extended ECM - dataworld\" \/>\n<meta property=\"og:description\" content=\"SAP Enterprise Content Management (xECM) Todo el mundo habla de la transformaci\u00f3n digital. Pero si pregunta con m\u00e1s precisi\u00f3n lo que cada uno entiende por ella, las respuestas var\u00edan ampliamente y presentan una empresa con desaf\u00edos fundamentales. Preguntas como: \u00bfSon posibles nuestros procesos? \u00bfQuiz\u00e1s incluso tengamos que cambiar nuestro modelo de negocio? \u00bfQu\u00e9 grado de [&hellip;]\" \/>\n<meta property=\"og:url\" content=\"https:\/\/dataworld.com\/es\/soluciones\/sap-extendio-ecm\/\" \/>\n<meta property=\"og:site_name\" content=\"dataworld\" \/>\n<meta property=\"article:publisher\" content=\"https:\/\/www.facebook.com\/dataworldconsulting\/\" \/>\n<meta property=\"article:modified_time\" content=\"2023-05-30T10:49:23+00:00\" \/>\n<meta property=\"og:image\" content=\"https:\/\/dataworld.com\/wp-content\/uploads\/2022\/08\/iha_website_v1.2.jpg\" \/>\n<meta name=\"twitter:card\" content=\"summary_large_image\" \/>\n<meta name=\"twitter:site\" content=\"@dW_dataworld\" \/>\n<meta name=\"twitter:label1\" content=\"Tiempo de lectura\" \/>\n\t<meta name=\"twitter:data1\" content=\"4 minutos\" \/>\n<script type=\"application\/ld+json\" class=\"yoast-schema-graph\">{\"@context\":\"https:\\\/\\\/schema.org\",\"@graph\":[{\"@type\":\"WebPage\",\"@id\":\"https:\\\/\\\/dataworld.com\\\/es\\\/soluciones\\\/sap-extendio-ecm\\\/\",\"url\":\"https:\\\/\\\/dataworld.com\\\/es\\\/soluciones\\\/sap-extendio-ecm\\\/\",\"name\":\"SAP extended ECM - dataworld\",\"isPartOf\":{\"@id\":\"https:\\\/\\\/dataworld.com\\\/es\\\/#website\"},\"primaryImageOfPage\":{\"@id\":\"https:\\\/\\\/dataworld.com\\\/es\\\/soluciones\\\/sap-extendio-ecm\\\/#primaryimage\"},\"image\":{\"@id\":\"https:\\\/\\\/dataworld.com\\\/es\\\/soluciones\\\/sap-extendio-ecm\\\/#primaryimage\"},\"thumbnailUrl\":\"https:\\\/\\\/dataworld.com\\\/wp-content\\\/uploads\\\/2022\\\/08\\\/iha_website_v1.2.jpg\",\"datePublished\":\"2019-11-05T20:13:45+00:00\",\"dateModified\":\"2023-05-30T10:49:23+00:00\",\"breadcrumb\":{\"@id\":\"https:\\\/\\\/dataworld.com\\\/es\\\/soluciones\\\/sap-extendio-ecm\\\/#breadcrumb\"},\"inLanguage\":\"es\",\"potentialAction\":[{\"@type\":\"ReadAction\",\"target\":[\"https:\\\/\\\/dataworld.com\\\/es\\\/soluciones\\\/sap-extendio-ecm\\\/\"]}]},{\"@type\":\"ImageObject\",\"inLanguage\":\"es\",\"@id\":\"https:\\\/\\\/dataworld.com\\\/es\\\/soluciones\\\/sap-extendio-ecm\\\/#primaryimage\",\"url\":\"https:\\\/\\\/dataworld.com\\\/wp-content\\\/uploads\\\/2022\\\/08\\\/iha_website_v1.2.jpg\",\"contentUrl\":\"https:\\\/\\\/dataworld.com\\\/wp-content\\\/uploads\\\/2022\\\/08\\\/iha_website_v1.2.jpg\"},{\"@type\":\"BreadcrumbList\",\"@id\":\"https:\\\/\\\/dataworld.com\\\/es\\\/soluciones\\\/sap-extendio-ecm\\\/#breadcrumb\",\"itemListElement\":[{\"@type\":\"ListItem\",\"position\":1,\"name\":\"Home\",\"item\":\"https:\\\/\\\/dataworld.com\\\/es\\\/\"},{\"@type\":\"ListItem\",\"position\":2,\"name\":\"Soluciones\",\"item\":\"https:\\\/\\\/dataworld.com\\\/es\\\/soluciones\\\/\"},{\"@type\":\"ListItem\",\"position\":3,\"name\":\"SAP extended ECM\"}]},{\"@type\":\"WebSite\",\"@id\":\"https:\\\/\\\/dataworld.com\\\/es\\\/#website\",\"url\":\"https:\\\/\\\/dataworld.com\\\/es\\\/\",\"name\":\"dataworld\",\"description\":\"wir gestalten Ihre S4 Journey\",\"publisher\":{\"@id\":\"https:\\\/\\\/dataworld.com\\\/es\\\/#organization\"},\"potentialAction\":[{\"@type\":\"SearchAction\",\"target\":{\"@type\":\"EntryPoint\",\"urlTemplate\":\"https:\\\/\\\/dataworld.com\\\/es\\\/?s={search_term_string}\"},\"query-input\":{\"@type\":\"PropertyValueSpecification\",\"valueRequired\":true,\"valueName\":\"search_term_string\"}}],\"inLanguage\":\"es\"},{\"@type\":\"Organization\",\"@id\":\"https:\\\/\\\/dataworld.com\\\/es\\\/#organization\",\"name\":\"Data Work Consulting AG\",\"url\":\"https:\\\/\\\/dataworld.com\\\/es\\\/\",\"logo\":{\"@type\":\"ImageObject\",\"inLanguage\":\"es\",\"@id\":\"https:\\\/\\\/dataworld.com\\\/es\\\/#\\\/schema\\\/logo\\\/image\\\/\",\"url\":\"https:\\\/\\\/dataworld.com\\\/wp-content\\\/uploads\\\/2019\\\/11\\\/Quadrat.jpg\",\"contentUrl\":\"https:\\\/\\\/dataworld.com\\\/wp-content\\\/uploads\\\/2019\\\/11\\\/Quadrat.jpg\",\"width\":378,\"height\":378,\"caption\":\"Data Work Consulting AG\"},\"image\":{\"@id\":\"https:\\\/\\\/dataworld.com\\\/es\\\/#\\\/schema\\\/logo\\\/image\\\/\"},\"sameAs\":[\"https:\\\/\\\/www.facebook.com\\\/dataworldconsulting\\\/\",\"https:\\\/\\\/x.com\\\/dW_dataworld\"]}]}<\/script>\n<!-- \/ Yoast SEO plugin. -->","yoast_head_json":{"title":"SAP extended ECM - dataworld","robots":{"index":"index","follow":"follow","max-snippet":"max-snippet:-1","max-image-preview":"max-image-preview:large","max-video-preview":"max-video-preview:-1"},"canonical":"https:\/\/dataworld.com\/es\/soluciones\/sap-extendio-ecm\/","og_locale":"es_ES","og_type":"article","og_title":"SAP extended ECM - dataworld","og_description":"SAP Enterprise Content Management (xECM) Todo el mundo habla de la transformaci\u00f3n digital. Pero si pregunta con m\u00e1s precisi\u00f3n lo que cada uno entiende por ella, las respuestas var\u00edan ampliamente y presentan una empresa con desaf\u00edos fundamentales. Preguntas como: \u00bfSon posibles nuestros procesos? \u00bfQuiz\u00e1s incluso tengamos que cambiar nuestro modelo de negocio? \u00bfQu\u00e9 grado de [&hellip;]","og_url":"https:\/\/dataworld.com\/es\/soluciones\/sap-extendio-ecm\/","og_site_name":"dataworld","article_publisher":"https:\/\/www.facebook.com\/dataworldconsulting\/","article_modified_time":"2023-05-30T10:49:23+00:00","og_image":[{"url":"https:\/\/dataworld.com\/wp-content\/uploads\/2022\/08\/iha_website_v1.2.jpg","type":"","width":"","height":""}],"twitter_card":"summary_large_image","twitter_site":"@dW_dataworld","twitter_misc":{"Tiempo de lectura":"4 minutos"},"schema":{"@context":"https:\/\/schema.org","@graph":[{"@type":"WebPage","@id":"https:\/\/dataworld.com\/es\/soluciones\/sap-extendio-ecm\/","url":"https:\/\/dataworld.com\/es\/soluciones\/sap-extendio-ecm\/","name":"SAP extended ECM - dataworld","isPartOf":{"@id":"https:\/\/dataworld.com\/es\/#website"},"primaryImageOfPage":{"@id":"https:\/\/dataworld.com\/es\/soluciones\/sap-extendio-ecm\/#primaryimage"},"image":{"@id":"https:\/\/dataworld.com\/es\/soluciones\/sap-extendio-ecm\/#primaryimage"},"thumbnailUrl":"https:\/\/dataworld.com\/wp-content\/uploads\/2022\/08\/iha_website_v1.2.jpg","datePublished":"2019-11-05T20:13:45+00:00","dateModified":"2023-05-30T10:49:23+00:00","breadcrumb":{"@id":"https:\/\/dataworld.com\/es\/soluciones\/sap-extendio-ecm\/#breadcrumb"},"inLanguage":"es","potentialAction":[{"@type":"ReadAction","target":["https:\/\/dataworld.com\/es\/soluciones\/sap-extendio-ecm\/"]}]},{"@type":"ImageObject","inLanguage":"es","@id":"https:\/\/dataworld.com\/es\/soluciones\/sap-extendio-ecm\/#primaryimage","url":"https:\/\/dataworld.com\/wp-content\/uploads\/2022\/08\/iha_website_v1.2.jpg","contentUrl":"https:\/\/dataworld.com\/wp-content\/uploads\/2022\/08\/iha_website_v1.2.jpg"},{"@type":"BreadcrumbList","@id":"https:\/\/dataworld.com\/es\/soluciones\/sap-extendio-ecm\/#breadcrumb","itemListElement":[{"@type":"ListItem","position":1,"name":"Home","item":"https:\/\/dataworld.com\/es\/"},{"@type":"ListItem","position":2,"name":"Soluciones","item":"https:\/\/dataworld.com\/es\/soluciones\/"},{"@type":"ListItem","position":3,"name":"SAP extended ECM"}]},{"@type":"WebSite","@id":"https:\/\/dataworld.com\/es\/#website","url":"https:\/\/dataworld.com\/es\/","name":"dataworld","description":"wir gestalten Ihre S4 Journey","publisher":{"@id":"https:\/\/dataworld.com\/es\/#organization"},"potentialAction":[{"@type":"SearchAction","target":{"@type":"EntryPoint","urlTemplate":"https:\/\/dataworld.com\/es\/?s={search_term_string}"},"query-input":{"@type":"PropertyValueSpecification","valueRequired":true,"valueName":"search_term_string"}}],"inLanguage":"es"},{"@type":"Organization","@id":"https:\/\/dataworld.com\/es\/#organization","name":"Data Work Consulting AG","url":"https:\/\/dataworld.com\/es\/","logo":{"@type":"ImageObject","inLanguage":"es","@id":"https:\/\/dataworld.com\/es\/#\/schema\/logo\/image\/","url":"https:\/\/dataworld.com\/wp-content\/uploads\/2019\/11\/Quadrat.jpg","contentUrl":"https:\/\/dataworld.com\/wp-content\/uploads\/2019\/11\/Quadrat.jpg","width":378,"height":378,"caption":"Data Work Consulting AG"},"image":{"@id":"https:\/\/dataworld.com\/es\/#\/schema\/logo\/image\/"},"sameAs":["https:\/\/www.facebook.com\/dataworldconsulting\/","https:\/\/x.com\/dW_dataworld"]}]}},"_links":{"self":[{"href":"https:\/\/dataworld.com\/es\/wp-json\/wp\/v2\/pages\/4486","targetHints":{"allow":["GET"]}}],"collection":[{"href":"https:\/\/dataworld.com\/es\/wp-json\/wp\/v2\/pages"}],"about":[{"href":"https:\/\/dataworld.com\/es\/wp-json\/wp\/v2\/types\/page"}],"author":[{"embeddable":true,"href":"https:\/\/dataworld.com\/es\/wp-json\/wp\/v2\/users\/2"}],"replies":[{"embeddable":true,"href":"https:\/\/dataworld.com\/es\/wp-json\/wp\/v2\/comments?post=4486"}],"version-history":[{"count":22,"href":"https:\/\/dataworld.com\/es\/wp-json\/wp\/v2\/pages\/4486\/revisions"}],"predecessor-version":[{"id":9849,"href":"https:\/\/dataworld.com\/es\/wp-json\/wp\/v2\/pages\/4486\/revisions\/9849"}],"up":[{"embeddable":true,"href":"https:\/\/dataworld.com\/es\/wp-json\/wp\/v2\/pages\/4463"}],"wp:attachment":[{"href":"https:\/\/dataworld.com\/es\/wp-json\/wp\/v2\/media?parent=4486"}],"curies":[{"name":"wp","href":"https:\/\/api.w.org\/{rel}","templated":true}]}}