{"id":4471,"date":"2019-11-05T21:14:41","date_gmt":"2019-11-05T20:14:41","guid":{"rendered":"https:\/\/dataworld.com\/?page_id=4471"},"modified":"2023-05-30T12:39:07","modified_gmt":"2023-05-30T10:39:07","slug":"soluciones-dw","status":"publish","type":"page","link":"https:\/\/dataworld.com\/es\/soluciones\/soluciones-dw\/","title":{"rendered":"Soluciones dW"},"content":{"rendered":"<p><section class=\"kc-elm kc-css-180437 kc_row\"><div class=\"kc-row-container  kc-container\"><div class=\"kc-wrap-columns\"><div class=\"kc-elm kc-css-712615 kc_col-sm-12 kc_column kc_col-sm-12\"><div class=\"kc-col-container\"><div class=\"kc-elm kc-css-33551 kc-raw-code\">\n\t\t\t<!-- START DW Solutions ES REVOLUTION SLIDER 6.7.41 --><p class=\"rs-p-wp-fix\"><\/p>\n\t\t\t<rs-module-wrap id=\"rev_slider_157_1_wrapper\" data-source=\"gallery\" style=\"visibility:hidden;background:#b3b3aa;padding:0;margin:0px auto;margin-top:0;margin-bottom:0;\">\n\t\t\t\t<rs-module id=\"rev_slider_157_1\" style=\"\" data-version=\"6.7.41\">\n\t\t\t\t\t<rs-slides style=\"overflow: hidden; position: absolute;\">\n\t\t\t\t\t\t<rs-slide style=\"position: absolute;\" data-key=\"rs-247\" data-title=\"Slide\" data-anim=\"ms:1000;r:0;\" data-in=\"o:0;\" data-out=\"a:false;\">\n\t\t\t\t\t\t\t<img decoding=\"async\" src=\"\/\/dataworld.com\/wp-content\/plugins\/revslider\/sr6\/assets\/assets\/dummy.png\" alt=\"Slide\" title=\"Soluciones dW\" class=\"rev-slidebg tp-rs-img rs-lazyload\" data-lazyload=\"\/\/dataworld.com\/wp-content\/plugins\/revslider\/sr6\/assets\/assets\/transparent.png\" data-bg=\"c:#b3b3aa;\" data-no-retina>\n<!--\n\t\t\t\t\t\t\t--><rs-layer\n\t\t\t\t\t\t\t\tid=\"slider-157-slide-247-layer-0\" \n\t\t\t\t\t\t\t\tdata-type=\"text\"\n\t\t\t\t\t\t\t\tdata-rsp_ch=\"on\"\n\t\t\t\t\t\t\t\tdata-xy=\"x:c;yo:100px,82px,62px,38px;\"\n\t\t\t\t\t\t\t\tdata-text=\"w:normal;l:22,18,13,8;\"\n\t\t\t\t\t\t\t\tdata-frame_999=\"o:0;st:w;\"\n\t\t\t\t\t\t\t\tstyle=\"z-index:5;font-family:'Raleway';\"\n\t\t\t\t\t\t\t>Soluciones DW \n\t\t\t\t\t\t\t<\/rs-layer><!--\n\n\t\t\t\t\t\t\t--><rs-layer\n\t\t\t\t\t\t\t\tid=\"slider-157-slide-247-layer-1\" \n\t\t\t\t\t\t\t\tdata-type=\"text\"\n\t\t\t\t\t\t\t\tdata-rsp_ch=\"on\"\n\t\t\t\t\t\t\t\tdata-xy=\"x:c;yo:155px,128px,97px,59px;\"\n\t\t\t\t\t\t\t\tdata-text=\"w:normal;s:40,33,25,15;l:40,33,25,15;fw:700;\"\n\t\t\t\t\t\t\t\tdata-frame_999=\"o:0;st:w;\"\n\t\t\t\t\t\t\t\tstyle=\"z-index:6;font-family:'Roboto';\"\n\t\t\t\t\t\t\t>Todo sobre las soluciones de dataworld \n\t\t\t\t\t\t\t<\/rs-layer><!--\n-->\t\t\t\t\t<\/rs-slide>\n\t\t\t\t\t<\/rs-slides>\n\t\t\t\t<\/rs-module>\n\t\t\t\t<script>\n\t\t\t\t\tsetREVStartSize({c: 'rev_slider_157_1',rl:[1240,1024,778,480],el:[300,768,960,720],gw:[1240,1024,778,480],gh:[300,330,251,155],type:'standard',justify:'',layout:'fullwidth',mh:\"0\"});if (window.RS_MODULES!==undefined && window.RS_MODULES.modules!==undefined && window.RS_MODULES.modules[\"revslider1571\"]!==undefined) {window.RS_MODULES.modules[\"revslider1571\"].once = false;window.revapi157 = undefined;if (window.RS_MODULES.checkMinimal!==undefined) window.RS_MODULES.checkMinimal()}\n\t\t\t\t<\/script>\n\t\t\t<\/rs-module-wrap>\n\t\t\t<!-- END REVOLUTION SLIDER -->\n<\/div><div class=\"kc-elm kc-css-497713\" style=\"height: 80px; clear: both; width:100%;\"><\/div><\/div><\/div><\/div><\/div><\/section><section class=\"kc-elm kc-css-448224 kc_row\"><div class=\"kc-row-container  kc-container\"><div class=\"kc-wrap-columns\"><div class=\"kc-elm kc-css-945780 kc_col-sm-8 kc_column kc_col-sm-8\"><div class=\"kc-col-container\"><div class=\"kc-elm kc-css-298943 kc_accordion_wrapper\">\n<div class=\"kc-elm kc-css-554592 kc_accordion_section group \"><h3 class=\"kc_accordion_header ui-accordion-header\"><span class=\"ui-accordion-header-icon ui-icon\"><\/span><a href=\"#dw-solucion-de-archivo-sap-gts\" data-prevent=\"scroll\"><i class=\"\"><\/i> dW - Soluci\u00f3n de archivo SAP GTS<\/a><\/h3><div class=\"kc_accordion_content ui-accordion-content kc_clearfix\"><div class=\"kc-panel-body\"><div class=\"kc-elm kc-css-77556 kc_text_block\"><\/p>\n<p><b>Archivos digitales en SAP GTS<\/b><strong>\u00a0<\/strong><\/p>\n<p>SAP GTS (Global Trade System) automatiza los procesos comerciales en SAP. Hoy en d\u00eda, el comercio se lleva a cabo a nivel mundial, con rutas de entrega que cruzan varias fronteras y utilizan diferentes rutas de transporte. Se genera una gran cantidad de documentos, recibos, aprobaciones y documentos relacionados con los pedidos y las \u00f3rdenes de entrega. Hacer un seguimiento de esto es a veces un gran desaf\u00edo. SAP GTS se instala\u00a0<span style=\"font-style: inherit;\">generalmente<\/span><span style=\"font-style: inherit;\">\u00a0<\/span><span style=\"font-style: inherit;\">en un sistema separado, que sirve como back end a varios sistemas ERP y empresas. La soluci\u00f3n DW-GTS permite la creaci\u00f3n centralizada de documentos en el sistema GTS y enlaza y vincula todos los documentos relevantes al respectivo sistema ERP que gestiona el pedido. La vinculaci\u00f3n de la informaci\u00f3n permite a los usuarios completar sus tareas de forma r\u00e1pida y con gran calidad. Los documentos relevantes de aduana, carga y env\u00edo tambi\u00e9n se ponen a disposici\u00f3n del sistema ERP y se muestran de forma transparente.<\/span><\/p>\n<p>\n<\/div><div class=\"kc-elm kc-css-2860 kc_text_block\"><\/p>\n<p>\n<b>Sus ventajas de un vistazo:<\/b><\/p>\n<ul>\n<li>Vista de proceso coherente en ERP con los datos del GTS<\/li>\n<li>Posibilidad de conectar varios clientes<\/li>\n<li>Archivo de datos a prueba de auditor\u00eda en un archivo externo<\/li>\n<li>Archivo y almacenamiento de datos conforme a la ley<\/li>\n<\/ul>\n<p>\n<\/div><div class=\"kc-elm kc-css-399247 kc_text_block\"><\/p>\n<p><b>Posibles procesos:<\/b><\/p>\n<ul>\n<li>Soporte de procesos SAP GTS (Global Trade System)<\/li>\n<li>Migraci\u00f3n de documentos aduaneros al ECC\n<p class=\"MsoNormal\" style=\"margin: 0cm 0cm 0.0001pt; font-size: 11pt; font-family: Calibri, sans-serif;\">\n<\/li>\n<\/ul>\n<p>\n<\/div><\/div><\/div><\/div><div class=\"kc-elm kc-css-63130 kc_accordion_section group \"><h3 class=\"kc_accordion_header ui-accordion-header\"><span class=\"ui-accordion-header-icon ui-icon\"><\/span><a href=\"#archivo-facil\" data-prevent=\"scroll\"><i class=\"\"><\/i> Archivo f\u00e1cil<\/a><\/h3><div class=\"kc_accordion_content ui-accordion-content kc_clearfix\"><div class=\"kc-panel-body\"><div class=\"kc-elm kc-css-220348 kc_text_block\"><\/p>\n<p>\nEasyArchive es una plataforma de soluci\u00f3n que est\u00e1 anclada en el sistema SAP como un Add-on. La implementaci\u00f3n no requiere ninguna modificaci\u00f3n en las fuentes de SAP. Puede usar EasyArchive para cualquier escenario de archivo de datos compatible con SAP y, de este modo, obtener acceso simult\u00e1neo a datos on-line y off-line. Como resultado de nuestra larga experiencia en proyectos en el entorno de archivo de datos de SAP, actualmente ofrecemos el siguiente componente de soluci\u00f3n.<\/p>\n<ul>\n<li>Flujo de documentos de SD<\/li>\n<li>Historial de compras en MM<\/li>\n<li>Vista de cuentas en FI<\/li>\n<\/ul>\n<p>\n<\/div><div class=\"kc-elm kc-css-91719 kc_text_block\"><\/p>\n<p>\nData World Consulting Ag le ofrece estos escenarios de forma individual o en conjunto con servicios de consultor\u00eda competentes. El servicio incluye la entrega de los transportes SAP de los componentes deseados. Adem\u00e1s, se pueden asumir dos d\u00edas de consultor\u00eda por componente para la implementaci\u00f3n. El servicio de consultor\u00eda incluye:<\/p>\n<ul>\n<li>la preparaci\u00f3n de la implementaci\u00f3n (por adelantado por tel\u00e9fono)<\/li>\n<li>Personalizaci\u00f3n y prueba del Sistema de Informaci\u00f3n de Archivo de SAP<\/li>\n<li>Activaci\u00f3n y prueba del componente seleccionado<\/li>\n<li>Entrenamiento de los administradores<\/li>\n<li>Integraci\u00f3n de datos prearchivados en la soluci\u00f3n<\/li>\n<li>Inclusi\u00f3n de requisitos especiales<\/li>\n<\/ul>\n<p>Por supuesto, estos servicios tambi\u00e9n se pueden integrar en el curso de un proyecto de archivo de datos de SAP, lo que puede ahorrarle costes adicionales. Si tiene requisitos para EasyArchive que no est\u00e1n cubiertos por los escenarios de ejemplo disponibles hasta el momento o si los escenarios est\u00e1ndar deben adaptarse ampliamente, estaremos encantados de implementarlos en un proyecto separado de acuerdo con el tiempo y el esfuerzo que implique.<\/p>\n<p>\n<\/div><\/div><\/div><\/div><div class=\"kc-elm kc-css-994576 kc_accordion_section group \"><h3 class=\"kc_accordion_header ui-accordion-header\"><span class=\"ui-accordion-header-icon ui-icon\"><\/span><a href=\"#plataforma-de-migracion\" data-prevent=\"scroll\"><i class=\"\"><\/i> Plataforma de migraci\u00f3n<\/a><\/h3><div class=\"kc_accordion_content ui-accordion-content kc_clearfix\"><div class=\"kc-panel-body\"><div class=\"kc-elm kc-css-766691 kc_text_block\"><\/p>\n<p>\nEn el caso de proyectos de migraci\u00f3n m\u00e1s grandes, hemos apoyado a los clientes con nuestra infraestructura y una plataforma de migraci\u00f3n. Adem\u00e1s de los servicios de consultor\u00eda y programaci\u00f3n, proporcionamos al cliente el hardware, las licencias y las herramientas de integraci\u00f3n necesarias temporalmente durante el proyecto de migraci\u00f3n. \u00bfEspera grandes cambios? Le ofrecemos un amplio apoyo en la planificaci\u00f3n y concepci\u00f3n, as\u00ed como en la implementaci\u00f3n y control. Esperamos tener noticias suyas.<\/p>\n<p>\n<\/div><\/div><\/div><\/div><div class=\"kc-elm kc-css-862252 kc_accordion_section group \"><h3 class=\"kc_accordion_header ui-accordion-header\"><span class=\"ui-accordion-header-icon ui-icon\"><\/span><a href=\"#rearchivar\" data-prevent=\"scroll\"><i class=\"\"><\/i> Rearchivar<\/a><\/h3><div class=\"kc_accordion_content ui-accordion-content kc_clearfix\"><div class=\"kc-panel-body\"><div class=\"kc-elm kc-css-295880 kc_text_block\"><\/p>\n<p>\nSi el archivo de documentos de salida<span style=\"font-style: inherit;\">\u00a0en el \u00e1rea de Gesti\u00f3n de Materiales (MM) y Ventas y Distribuci\u00f3n (SD) no se inicia con la introducci\u00f3n del sistema SAP, a menudo existe el deseo de llevar a cabo un archivo posterior de todos los documentos salientes impresos hasta el momento. Este requisito se cumple con nuestro paquete de soluciones ReArchive para SAP. El programa ofrecido en este paquete de soluciones permite el posterior<\/span><span style=\"font-style: inherit;\">\u00a0archivo de los siguientes objetos en SAP:<\/span><\/p>\n<ul>\n<li>Documentos de compras<\/li>\n<li>Documentos de ventas<\/li>\n<li>Documentos de env\u00edo<\/li>\n<li>Documentos de facturaci\u00f3n<\/li>\n<\/ul>\n<p>\n<\/div><div class=\"kc-elm kc-css-656321 kc_text_block\"><\/p>\n<p>\nEl programa funciona con los datos disponibles actualmente. Si los datos se modifican despu\u00e9s de la impresi\u00f3n, los documentos se archivan con los datos modificados. Esto se aplica tanto a SAP Script como a formularios en la gesti\u00f3n de formularios OpenText. La soluci\u00f3n incluye la entrega del programa junto con documentaci\u00f3n detallada por correo. Deben cumplirse los siguientes requisitos previos antes de que sea posible el archivado posterior.<\/p>\n<ul>\n<li>Todos los datos necesarios para ello deben estar disponibles en el sistema<\/li>\n<li>Todos los documentos impresos deben haberse enviado mediante el control de salida<\/li>\n<li>Todos los documentos impresos deben existir en la tabla NAST<\/li>\n<li>La configuraci\u00f3n del Customizing para archivar los tipos de salida correspondientes deben de estar disponibles, ya que este Customizing se utiliza para determinar la clase de documento correcto para su archivo<\/li>\n<\/ul>\n<p>\n<\/div><\/div><\/div><\/div><\/div>\n<div class=\"kc-elm kc-css-338694\" style=\"height: 40px; clear: both; width:100%;\"><\/div><\/div><\/div><div class=\"kc-elm kc-css-230935 kc_col-sm-4 kc_column kc_col-sm-4\"><div class=\"kc-col-container\"><div class=\"kc-elm kc-css-177265 kc_text_block\"><\/p>\n<h2><strong>Gianni Antenna<\/strong><\/h2>\n<p><img loading=\"lazy\" decoding=\"async\" class=\"alignnone size-medium\" src=\"https:\/\/dataworld.com\/wp-content\/uploads\/2019\/11\/3F0A1138.jpg\" alt=\"\" width=\"2110\" height=\"1407\">Cont\u00e1cteme para m\u00e1s informaci\u00f3n:<\/p>\n<div><\/div>\n<div>&nbsp;+41 58 591 90 00<br \/><a href=\"mailto:gianni.antenna@dataworld.com\">gianni.antenna@dataworld.com<\/a><\/div>\n<p>\n<\/div><div class=\"kc-elm kc-css-972674\" style=\"height: 20px; clear: both; width:100%;\"><\/div><div class=\"kc-elm kc-css-94880 list-post-type list-post category \">No posts found<\/div><\/div><\/div><\/div><\/div><\/section><\/p>\n","protected":false},"excerpt":{"rendered":"","protected":false},"author":2,"featured_media":0,"parent":4463,"menu_order":0,"comment_status":"closed","ping_status":"closed","template":"","meta":{"footnotes":""},"class_list":["post-4471","page","type-page","status-publish","hentry"],"yoast_head":"<!-- This site is optimized with the Yoast SEO plugin v27.3 - https:\/\/yoast.com\/product\/yoast-seo-wordpress\/ -->\n<title>Soluciones dW - dataworld<\/title>\n<meta name=\"robots\" content=\"index, follow, max-snippet:-1, max-image-preview:large, max-video-preview:-1\" \/>\n<link rel=\"canonical\" href=\"https:\/\/dataworld.com\/es\/soluciones\/soluciones-dw\/\" \/>\n<meta property=\"og:locale\" content=\"es_ES\" \/>\n<meta property=\"og:type\" content=\"article\" \/>\n<meta property=\"og:title\" content=\"Soluciones dW - dataworld\" \/>\n<meta property=\"og:description\" content=\"dW &#8211; Soluci\u00f3n de archivo SAP GTS Archivos digitales en SAP GTS\u00a0 SAP GTS (Global Trade System) automatiza los procesos comerciales en SAP. Hoy en d\u00eda, el comercio se lleva a cabo a nivel mundial, con rutas de entrega que cruzan varias fronteras y utilizan diferentes rutas de transporte. Se genera una gran cantidad de [&hellip;]\" \/>\n<meta property=\"og:url\" content=\"https:\/\/dataworld.com\/es\/soluciones\/soluciones-dw\/\" \/>\n<meta property=\"og:site_name\" content=\"dataworld\" \/>\n<meta property=\"article:publisher\" content=\"https:\/\/www.facebook.com\/dataworldconsulting\/\" \/>\n<meta property=\"article:modified_time\" content=\"2023-05-30T10:39:07+00:00\" \/>\n<meta property=\"og:image\" content=\"https:\/\/dataworld.com\/wp-content\/uploads\/2019\/11\/3F0A1138.jpg\" \/>\n<meta name=\"twitter:card\" content=\"summary_large_image\" \/>\n<meta name=\"twitter:site\" content=\"@dW_dataworld\" \/>\n<meta name=\"twitter:label1\" content=\"Tiempo de lectura\" \/>\n\t<meta name=\"twitter:data1\" content=\"4 minutos\" \/>\n<script type=\"application\/ld+json\" class=\"yoast-schema-graph\">{\"@context\":\"https:\\\/\\\/schema.org\",\"@graph\":[{\"@type\":\"WebPage\",\"@id\":\"https:\\\/\\\/dataworld.com\\\/es\\\/soluciones\\\/soluciones-dw\\\/\",\"url\":\"https:\\\/\\\/dataworld.com\\\/es\\\/soluciones\\\/soluciones-dw\\\/\",\"name\":\"Soluciones dW - dataworld\",\"isPartOf\":{\"@id\":\"https:\\\/\\\/dataworld.com\\\/es\\\/#website\"},\"primaryImageOfPage\":{\"@id\":\"https:\\\/\\\/dataworld.com\\\/es\\\/soluciones\\\/soluciones-dw\\\/#primaryimage\"},\"image\":{\"@id\":\"https:\\\/\\\/dataworld.com\\\/es\\\/soluciones\\\/soluciones-dw\\\/#primaryimage\"},\"thumbnailUrl\":\"https:\\\/\\\/dataworld.com\\\/wp-content\\\/uploads\\\/2019\\\/11\\\/3F0A1138.jpg\",\"datePublished\":\"2019-11-05T20:14:41+00:00\",\"dateModified\":\"2023-05-30T10:39:07+00:00\",\"breadcrumb\":{\"@id\":\"https:\\\/\\\/dataworld.com\\\/es\\\/soluciones\\\/soluciones-dw\\\/#breadcrumb\"},\"inLanguage\":\"es\",\"potentialAction\":[{\"@type\":\"ReadAction\",\"target\":[\"https:\\\/\\\/dataworld.com\\\/es\\\/soluciones\\\/soluciones-dw\\\/\"]}]},{\"@type\":\"ImageObject\",\"inLanguage\":\"es\",\"@id\":\"https:\\\/\\\/dataworld.com\\\/es\\\/soluciones\\\/soluciones-dw\\\/#primaryimage\",\"url\":\"https:\\\/\\\/dataworld.com\\\/wp-content\\\/uploads\\\/2019\\\/11\\\/3F0A1138.jpg\",\"contentUrl\":\"https:\\\/\\\/dataworld.com\\\/wp-content\\\/uploads\\\/2019\\\/11\\\/3F0A1138.jpg\"},{\"@type\":\"BreadcrumbList\",\"@id\":\"https:\\\/\\\/dataworld.com\\\/es\\\/soluciones\\\/soluciones-dw\\\/#breadcrumb\",\"itemListElement\":[{\"@type\":\"ListItem\",\"position\":1,\"name\":\"Home\",\"item\":\"https:\\\/\\\/dataworld.com\\\/es\\\/\"},{\"@type\":\"ListItem\",\"position\":2,\"name\":\"Soluciones\",\"item\":\"https:\\\/\\\/dataworld.com\\\/es\\\/soluciones\\\/\"},{\"@type\":\"ListItem\",\"position\":3,\"name\":\"Soluciones dW\"}]},{\"@type\":\"WebSite\",\"@id\":\"https:\\\/\\\/dataworld.com\\\/es\\\/#website\",\"url\":\"https:\\\/\\\/dataworld.com\\\/es\\\/\",\"name\":\"dataworld\",\"description\":\"wir gestalten Ihre S4 Journey\",\"publisher\":{\"@id\":\"https:\\\/\\\/dataworld.com\\\/es\\\/#organization\"},\"potentialAction\":[{\"@type\":\"SearchAction\",\"target\":{\"@type\":\"EntryPoint\",\"urlTemplate\":\"https:\\\/\\\/dataworld.com\\\/es\\\/?s={search_term_string}\"},\"query-input\":{\"@type\":\"PropertyValueSpecification\",\"valueRequired\":true,\"valueName\":\"search_term_string\"}}],\"inLanguage\":\"es\"},{\"@type\":\"Organization\",\"@id\":\"https:\\\/\\\/dataworld.com\\\/es\\\/#organization\",\"name\":\"Data Work Consulting AG\",\"url\":\"https:\\\/\\\/dataworld.com\\\/es\\\/\",\"logo\":{\"@type\":\"ImageObject\",\"inLanguage\":\"es\",\"@id\":\"https:\\\/\\\/dataworld.com\\\/es\\\/#\\\/schema\\\/logo\\\/image\\\/\",\"url\":\"https:\\\/\\\/dataworld.com\\\/wp-content\\\/uploads\\\/2019\\\/11\\\/Quadrat.jpg\",\"contentUrl\":\"https:\\\/\\\/dataworld.com\\\/wp-content\\\/uploads\\\/2019\\\/11\\\/Quadrat.jpg\",\"width\":378,\"height\":378,\"caption\":\"Data Work Consulting AG\"},\"image\":{\"@id\":\"https:\\\/\\\/dataworld.com\\\/es\\\/#\\\/schema\\\/logo\\\/image\\\/\"},\"sameAs\":[\"https:\\\/\\\/www.facebook.com\\\/dataworldconsulting\\\/\",\"https:\\\/\\\/x.com\\\/dW_dataworld\"]}]}<\/script>\n<!-- \/ Yoast SEO plugin. -->","yoast_head_json":{"title":"Soluciones dW - dataworld","robots":{"index":"index","follow":"follow","max-snippet":"max-snippet:-1","max-image-preview":"max-image-preview:large","max-video-preview":"max-video-preview:-1"},"canonical":"https:\/\/dataworld.com\/es\/soluciones\/soluciones-dw\/","og_locale":"es_ES","og_type":"article","og_title":"Soluciones dW - dataworld","og_description":"dW &#8211; Soluci\u00f3n de archivo SAP GTS Archivos digitales en SAP GTS\u00a0 SAP GTS (Global Trade System) automatiza los procesos comerciales en SAP. Hoy en d\u00eda, el comercio se lleva a cabo a nivel mundial, con rutas de entrega que cruzan varias fronteras y utilizan diferentes rutas de transporte. Se genera una gran cantidad de [&hellip;]","og_url":"https:\/\/dataworld.com\/es\/soluciones\/soluciones-dw\/","og_site_name":"dataworld","article_publisher":"https:\/\/www.facebook.com\/dataworldconsulting\/","article_modified_time":"2023-05-30T10:39:07+00:00","og_image":[{"url":"https:\/\/dataworld.com\/wp-content\/uploads\/2019\/11\/3F0A1138.jpg","type":"","width":"","height":""}],"twitter_card":"summary_large_image","twitter_site":"@dW_dataworld","twitter_misc":{"Tiempo de lectura":"4 minutos"},"schema":{"@context":"https:\/\/schema.org","@graph":[{"@type":"WebPage","@id":"https:\/\/dataworld.com\/es\/soluciones\/soluciones-dw\/","url":"https:\/\/dataworld.com\/es\/soluciones\/soluciones-dw\/","name":"Soluciones dW - dataworld","isPartOf":{"@id":"https:\/\/dataworld.com\/es\/#website"},"primaryImageOfPage":{"@id":"https:\/\/dataworld.com\/es\/soluciones\/soluciones-dw\/#primaryimage"},"image":{"@id":"https:\/\/dataworld.com\/es\/soluciones\/soluciones-dw\/#primaryimage"},"thumbnailUrl":"https:\/\/dataworld.com\/wp-content\/uploads\/2019\/11\/3F0A1138.jpg","datePublished":"2019-11-05T20:14:41+00:00","dateModified":"2023-05-30T10:39:07+00:00","breadcrumb":{"@id":"https:\/\/dataworld.com\/es\/soluciones\/soluciones-dw\/#breadcrumb"},"inLanguage":"es","potentialAction":[{"@type":"ReadAction","target":["https:\/\/dataworld.com\/es\/soluciones\/soluciones-dw\/"]}]},{"@type":"ImageObject","inLanguage":"es","@id":"https:\/\/dataworld.com\/es\/soluciones\/soluciones-dw\/#primaryimage","url":"https:\/\/dataworld.com\/wp-content\/uploads\/2019\/11\/3F0A1138.jpg","contentUrl":"https:\/\/dataworld.com\/wp-content\/uploads\/2019\/11\/3F0A1138.jpg"},{"@type":"BreadcrumbList","@id":"https:\/\/dataworld.com\/es\/soluciones\/soluciones-dw\/#breadcrumb","itemListElement":[{"@type":"ListItem","position":1,"name":"Home","item":"https:\/\/dataworld.com\/es\/"},{"@type":"ListItem","position":2,"name":"Soluciones","item":"https:\/\/dataworld.com\/es\/soluciones\/"},{"@type":"ListItem","position":3,"name":"Soluciones dW"}]},{"@type":"WebSite","@id":"https:\/\/dataworld.com\/es\/#website","url":"https:\/\/dataworld.com\/es\/","name":"dataworld","description":"wir gestalten Ihre S4 Journey","publisher":{"@id":"https:\/\/dataworld.com\/es\/#organization"},"potentialAction":[{"@type":"SearchAction","target":{"@type":"EntryPoint","urlTemplate":"https:\/\/dataworld.com\/es\/?s={search_term_string}"},"query-input":{"@type":"PropertyValueSpecification","valueRequired":true,"valueName":"search_term_string"}}],"inLanguage":"es"},{"@type":"Organization","@id":"https:\/\/dataworld.com\/es\/#organization","name":"Data Work Consulting AG","url":"https:\/\/dataworld.com\/es\/","logo":{"@type":"ImageObject","inLanguage":"es","@id":"https:\/\/dataworld.com\/es\/#\/schema\/logo\/image\/","url":"https:\/\/dataworld.com\/wp-content\/uploads\/2019\/11\/Quadrat.jpg","contentUrl":"https:\/\/dataworld.com\/wp-content\/uploads\/2019\/11\/Quadrat.jpg","width":378,"height":378,"caption":"Data Work Consulting AG"},"image":{"@id":"https:\/\/dataworld.com\/es\/#\/schema\/logo\/image\/"},"sameAs":["https:\/\/www.facebook.com\/dataworldconsulting\/","https:\/\/x.com\/dW_dataworld"]}]}},"_links":{"self":[{"href":"https:\/\/dataworld.com\/es\/wp-json\/wp\/v2\/pages\/4471","targetHints":{"allow":["GET"]}}],"collection":[{"href":"https:\/\/dataworld.com\/es\/wp-json\/wp\/v2\/pages"}],"about":[{"href":"https:\/\/dataworld.com\/es\/wp-json\/wp\/v2\/types\/page"}],"author":[{"embeddable":true,"href":"https:\/\/dataworld.com\/es\/wp-json\/wp\/v2\/users\/2"}],"replies":[{"embeddable":true,"href":"https:\/\/dataworld.com\/es\/wp-json\/wp\/v2\/comments?post=4471"}],"version-history":[{"count":11,"href":"https:\/\/dataworld.com\/es\/wp-json\/wp\/v2\/pages\/4471\/revisions"}],"predecessor-version":[{"id":9835,"href":"https:\/\/dataworld.com\/es\/wp-json\/wp\/v2\/pages\/4471\/revisions\/9835"}],"up":[{"embeddable":true,"href":"https:\/\/dataworld.com\/es\/wp-json\/wp\/v2\/pages\/4463"}],"wp:attachment":[{"href":"https:\/\/dataworld.com\/es\/wp-json\/wp\/v2\/media?parent=4471"}],"curies":[{"name":"wp","href":"https:\/\/api.w.org\/{rel}","templated":true}]}}