{"id":4452,"date":"2019-11-05T21:12:15","date_gmt":"2019-11-05T20:12:15","guid":{"rendered":"https:\/\/dataworld.com\/?page_id=4452"},"modified":"2021-10-27T13:44:23","modified_gmt":"2021-10-27T11:44:23","slug":"itsm-it-service-managment-con-sap","status":"publish","type":"page","link":"https:\/\/dataworld.com\/es\/servicios\/itsm-it-service-managment-con-sap\/","title":{"rendered":"ITSM &#8211; Gesti\u00f3n de Servicios de TI con SAP"},"content":{"rendered":"<p><section class=\"kc-elm kc-css-283554 kc_row\"><div class=\"kc-row-container  kc-container\"><div class=\"kc-wrap-columns\"><div class=\"kc-elm kc-css-658677 kc_col-sm-12 kc_column kc_col-sm-12\"><div class=\"kc-col-container\"><div class=\"kc-elm kc-css-709132 kc-raw-code\">\n\t\t\t<!-- START ITSM ES REVOLUTION SLIDER 6.7.41 --><p class=\"rs-p-wp-fix\"><\/p>\n\t\t\t<rs-module-wrap id=\"rev_slider_141_1_wrapper\" data-source=\"gallery\" style=\"visibility:hidden;background:#b3b3aa;padding:0;margin:0px auto;margin-top:0;margin-bottom:0;\">\n\t\t\t\t<rs-module id=\"rev_slider_141_1\" style=\"\" data-version=\"6.7.41\">\n\t\t\t\t\t<rs-slides style=\"overflow: hidden; position: absolute;\">\n\t\t\t\t\t\t<rs-slide style=\"position: absolute;\" data-key=\"rs-224\" data-title=\"Slide\" data-anim=\"ms:1000;r:0;\" data-in=\"o:0;\" data-out=\"a:false;\">\n\t\t\t\t\t\t\t<img decoding=\"async\" src=\"\/\/dataworld.com\/wp-content\/plugins\/revslider\/sr6\/assets\/assets\/dummy.png\" alt=\"Slide\" title=\"ITSM &#8211; Gesti\u00f3n de Servicios de TI con SAP\" class=\"rev-slidebg tp-rs-img rs-lazyload\" data-lazyload=\"\/\/dataworld.com\/wp-content\/plugins\/revslider\/sr6\/assets\/assets\/transparent.png\" data-bg=\"c:#b3b3aa;\" data-no-retina>\n<!--\n\t\t\t\t\t\t\t--><rs-layer\n\t\t\t\t\t\t\t\tid=\"slider-141-slide-224-layer-0\" \n\t\t\t\t\t\t\t\tdata-type=\"text\"\n\t\t\t\t\t\t\t\tdata-rsp_ch=\"on\"\n\t\t\t\t\t\t\t\tdata-xy=\"x:c;yo:100px,82px,62px,38px;\"\n\t\t\t\t\t\t\t\tdata-text=\"w:normal;l:22,18,13,8;\"\n\t\t\t\t\t\t\t\tdata-frame_999=\"o:0;st:w;\"\n\t\t\t\t\t\t\t\tstyle=\"z-index:5;font-family:'Raleway';\"\n\t\t\t\t\t\t\t>ITSM con SAP \n\t\t\t\t\t\t\t<\/rs-layer><!--\n\n\t\t\t\t\t\t\t--><rs-layer\n\t\t\t\t\t\t\t\tid=\"slider-141-slide-224-layer-1\" \n\t\t\t\t\t\t\t\tdata-type=\"text\"\n\t\t\t\t\t\t\t\tdata-rsp_ch=\"on\"\n\t\t\t\t\t\t\t\tdata-xy=\"x:c;yo:155px,128px,97px,59px;\"\n\t\t\t\t\t\t\t\tdata-text=\"w:normal;s:34,28,21,12;l:34,28,21,12;fw:700;\"\n\t\t\t\t\t\t\t\tdata-frame_999=\"o:0;st:w;\"\n\t\t\t\t\t\t\t\tstyle=\"z-index:6;font-family:'Roboto';\"\n\t\t\t\t\t\t\t>Estamos encantados de asesorarle en el \u00e1rea de IT Service Management \n\t\t\t\t\t\t\t<\/rs-layer><!--\n-->\t\t\t\t\t<\/rs-slide>\n\t\t\t\t\t<\/rs-slides>\n\t\t\t\t<\/rs-module>\n\t\t\t\t<script>\n\t\t\t\t\tsetREVStartSize({c: 'rev_slider_141_1',rl:[1240,1024,778,480],el:[300,768,960,720],gw:[1240,1024,778,480],gh:[300,330,251,155],type:'standard',justify:'',layout:'fullwidth',mh:\"0\"});if (window.RS_MODULES!==undefined && window.RS_MODULES.modules!==undefined && window.RS_MODULES.modules[\"revslider1411\"]!==undefined) {window.RS_MODULES.modules[\"revslider1411\"].once = false;window.revapi141 = undefined;if (window.RS_MODULES.checkMinimal!==undefined) window.RS_MODULES.checkMinimal()}\n\t\t\t\t<\/script>\n\t\t\t<\/rs-module-wrap>\n\t\t\t<!-- END REVOLUTION SLIDER -->\n<\/div><div class=\"kc-elm kc-css-795232\" style=\"height: 80px; clear: both; width:100%;\"><\/div><\/div><\/div><\/div><\/div><\/section><section class=\"kc-elm kc-css-369744 kc-animated kc-animate-eff-fadeInUp kc_row\"><div class=\"kc-row-container  kc-container\"><div class=\"kc-wrap-columns\"><div class=\"kc-elm kc-css-391799 kc_col-sm-8 kc_column kc_col-sm-8\"><div class=\"kc-col-container\"><div class=\"kc-elm kc-css-488961 kc_text_block\"><\/p>\n<p>\nLa importancia de la rectificaci\u00f3n r\u00e1pida y sin problemas de los fallos del sistema es el enfoque de nuestro trabajo diario. Nos esforzamos en crear procesos eficientes para la comunicaci\u00f3n entre los usuarios finales y el soporte de TI. Lo logramos con la gesti\u00f3n de servicios de TI (ITSM en sus siglas en ingl\u00e9s) con el SAP Solution Manager.<\/p>\n<p>Ofrecemos a nuestros clientes la posibilidad de crear tickets ellos mismos a trav\u00e9s del Solution Manager. Mediante la informaci\u00f3n adicional proporcionada, los tickets se env\u00edan autom\u00e1ticamente a la unidad de soporte correcta. Esto permite un procesamiento r\u00e1pido y eficiente de incidentes.<\/p>\n<p>La priorizaci\u00f3n de incidentes se puede almacenar en el SAP Solution Manager seg\u00fan el acuerdo de nivel de servicio. Esto nos permite cumplir con la priorizaci\u00f3n de tickets y los tiempos de procesamiento requeridos por nuestros clientes.<\/p>\n<p>\n<\/div><div class=\"kc-elm kc-css-114413\" style=\"height: 20px; clear: both; width:100%;\"><\/div><div class=\"kc-elm kc-css-515144 kc_shortcode kc_single_image\">\n\n        <a rel=\"prettyPhoto\" class=\"kc-pretty-photo\" href=\"https:\/\/dataworld.com\/wp-content\/uploads\/2021\/10\/sap_solman_overview.png\" title=\"\" target=\"\">\n        <img decoding=\"async\" src=\"https:\/\/dataworld.com\/wp-content\/uploads\/2021\/10\/sap_solman_overview.png\" class=\"\" alt=\"\" \/>    <\/a>\n    <\/div>\n<div class=\"kc-elm kc-css-504151\" style=\"height: 80px; clear: both; width:100%;\"><\/div>\n<div class=\"kc-elm kc-css-815943 kc-title-wrap \">\n\n\t<h1 class=\"kc_title\">Ventajas de SAP Solution Manager<\/h1>\n<\/div>\n<div class=\"kc-elm kc-css-763331\" style=\"height: 40px; clear: both; width:100%;\"><\/div><div class=\"kc-elm kc-css-866460 kc_row kc_row_inner\"><div class=\"kc-elm kc-css-950766 kc_col-sm-4 kc_column_inner kc_col-sm-4\"><div class=\"kc_wrapper kc-col-inner-container\"><div class=\"kc-elm kc-css-940004 kc-icon-wrapper\">\n\t\t<i class=\"et-speedometer\"><\/i>\n\t<\/div>\n<div class=\"kc-elm kc-css-606686\" style=\"height: 20px; clear: both; width:100%;\"><\/div><div class=\"kc-elm kc-css-850439 kc_text_block\"><\/p>\n<p style=\"text-align: center;\">Procesos mejorados y m\u00e1s r\u00e1pidos a trav\u00e9s de notificaciones autom\u00e1ticas por correo electr\u00f3nico a las personas o los departamentos correspondientes<\/p>\n<p>\n<\/div><div class=\"kc-elm kc-css-905447\" style=\"height: 40px; clear: both; width:100%;\"><\/div><\/div><\/div><div class=\"kc-elm kc-css-229153 kc_col-sm-4 kc_column_inner kc_col-sm-4\"><div class=\"kc_wrapper kc-col-inner-container\"><div class=\"kc-elm kc-css-712055 kc-icon-wrapper\">\n\t\t<i class=\"et-layers\"><\/i>\n\t<\/div>\n<div class=\"kc-elm kc-css-763547\" style=\"height: 20px; clear: both; width:100%;\"><\/div><div class=\"kc-elm kc-css-468217 kc_text_block\"><\/p>\n<p style=\"text-align: center;\">A trav\u00e9s de una base de datos de error \/ soluci\u00f3n, el sistema puede resolver problemas frecuentes r\u00e1pidamente\u00a0<\/p>\n<p>\n<\/div><div class=\"kc-elm kc-css-158042\" style=\"height: 40px; clear: both; width:100%;\"><\/div><\/div><\/div><div class=\"kc-elm kc-css-367828 kc_col-sm-4 kc_column_inner kc_col-sm-4\"><div class=\"kc_wrapper kc-col-inner-container\"><div class=\"kc-elm kc-css-246592 kc-icon-wrapper\">\n\t\t<i class=\"et-edit\"><\/i>\n\t<\/div>\n<div class=\"kc-elm kc-css-213717\" style=\"height: 20px; clear: both; width:100%;\"><\/div><div class=\"kc-elm kc-css-662309 kc_text_block\"><\/p>\n<p style=\"text-align: center;\">Los informes completos le permiten ver r\u00e1pidamente si tiene problemas para cumplir con sus SLA<\/p>\n<p>\n<\/div><div class=\"kc-elm kc-css-759602\" style=\"height: 40px; clear: both; width:100%;\"><\/div><\/div><\/div><\/div><div class=\"kc-elm kc-css-57360 kc_row kc_row_inner\"><div class=\"kc-elm kc-css-582337 kc_col-sm-6 kc_column_inner kc_col-sm-6\"><div class=\"kc_wrapper kc-col-inner-container\"><div class=\"kc-elm kc-css-971911 kc-icon-wrapper\">\n\t\t<i class=\"et-grid\"><\/i>\n\t<\/div>\n<div class=\"kc-elm kc-css-629926\" style=\"height: 20px; clear: both; width:100%;\"><\/div><div class=\"kc-elm kc-css-940797 kc_text_block\"><\/p>\n<p style=\"text-align: center;\">Un esquema de estado de libre definici\u00f3n le permite rastrear el estado de procesamiento de sus incidentes y tickets en cualquier momento<\/p>\n<p>\n<\/div><div class=\"kc-elm kc-css-694926\" style=\"height: 40px; clear: both; width:100%;\"><\/div><\/div><\/div><div class=\"kc-elm kc-css-110945 kc_col-sm-6 kc_column_inner kc_col-sm-6\"><div class=\"kc_wrapper kc-col-inner-container\"><div class=\"kc-elm kc-css-498655 kc-icon-wrapper\">\n\t\t<i class=\"et-aperture\"><\/i>\n\t<\/div>\n<div class=\"kc-elm kc-css-319812\" style=\"height: 20px; clear: both; width:100%;\"><\/div><div class=\"kc-elm kc-css-742417 kc_text_block\"><\/p>\n<p style=\"text-align: center;\">Integraci\u00f3n completa con el proceso de gesti\u00f3n de cambios compatible con ITIL en SAP Solution Manager 7.2<\/p>\n<p>\n<\/div><div class=\"kc-elm kc-css-473193\" style=\"height: 40px; clear: both; width:100%;\"><\/div><\/div><\/div><\/div><\/div><\/div><div class=\"kc-elm kc-css-664343 kc_col-sm-4 kc_column kc_col-sm-4\"><div class=\"kc-col-container\"><\/div><\/div><\/div><\/div><\/section><\/p>\n","protected":false},"excerpt":{"rendered":"","protected":false},"author":2,"featured_media":0,"parent":4721,"menu_order":0,"comment_status":"closed","ping_status":"closed","template":"","meta":{"footnotes":""},"class_list":["post-4452","page","type-page","status-publish","hentry"],"yoast_head":"<!-- This site is optimized with the Yoast SEO plugin v27.3 - https:\/\/yoast.com\/product\/yoast-seo-wordpress\/ -->\n<title>ITSM - Gesti\u00f3n de Servicios de TI con SAP - dataworld<\/title>\n<meta name=\"robots\" content=\"index, follow, max-snippet:-1, max-image-preview:large, max-video-preview:-1\" \/>\n<link rel=\"canonical\" href=\"https:\/\/dataworld.com\/es\/servicios\/itsm-it-service-managment-con-sap\/\" \/>\n<meta property=\"og:locale\" content=\"es_ES\" \/>\n<meta property=\"og:type\" content=\"article\" \/>\n<meta property=\"og:title\" content=\"ITSM - Gesti\u00f3n de Servicios de TI con SAP - dataworld\" \/>\n<meta property=\"og:description\" content=\"ITSM con SAP Estamos encantados de asesorarle en el \u00e1rea de IT Service Management La importancia de la rectificaci\u00f3n r\u00e1pida y sin problemas de los fallos del sistema es el enfoque de nuestro trabajo diario. Nos esforzamos en crear procesos eficientes para la comunicaci\u00f3n entre los usuarios finales y el soporte de TI. Lo logramos [&hellip;]\" \/>\n<meta property=\"og:url\" content=\"https:\/\/dataworld.com\/es\/servicios\/itsm-it-service-managment-con-sap\/\" \/>\n<meta property=\"og:site_name\" content=\"dataworld\" \/>\n<meta property=\"article:publisher\" content=\"https:\/\/www.facebook.com\/dataworldconsulting\/\" \/>\n<meta property=\"article:modified_time\" content=\"2021-10-27T11:44:23+00:00\" \/>\n<meta property=\"og:image\" content=\"https:\/\/dataworld.com\/wp-content\/uploads\/2021\/10\/sap_solman_overview.png\" \/>\n<meta name=\"twitter:card\" content=\"summary_large_image\" \/>\n<meta name=\"twitter:site\" content=\"@dW_dataworld\" \/>\n<meta name=\"twitter:label1\" content=\"Tiempo de lectura\" \/>\n\t<meta name=\"twitter:data1\" content=\"1 minuto\" \/>\n<script type=\"application\/ld+json\" class=\"yoast-schema-graph\">{\"@context\":\"https:\\\/\\\/schema.org\",\"@graph\":[{\"@type\":\"WebPage\",\"@id\":\"https:\\\/\\\/dataworld.com\\\/es\\\/servicios\\\/itsm-it-service-managment-con-sap\\\/\",\"url\":\"https:\\\/\\\/dataworld.com\\\/es\\\/servicios\\\/itsm-it-service-managment-con-sap\\\/\",\"name\":\"ITSM - Gesti\u00f3n de Servicios de TI con SAP - dataworld\",\"isPartOf\":{\"@id\":\"https:\\\/\\\/dataworld.com\\\/es\\\/#website\"},\"primaryImageOfPage\":{\"@id\":\"https:\\\/\\\/dataworld.com\\\/es\\\/servicios\\\/itsm-it-service-managment-con-sap\\\/#primaryimage\"},\"image\":{\"@id\":\"https:\\\/\\\/dataworld.com\\\/es\\\/servicios\\\/itsm-it-service-managment-con-sap\\\/#primaryimage\"},\"thumbnailUrl\":\"https:\\\/\\\/dataworld.com\\\/wp-content\\\/uploads\\\/2021\\\/10\\\/sap_solman_overview.png\",\"datePublished\":\"2019-11-05T20:12:15+00:00\",\"dateModified\":\"2021-10-27T11:44:23+00:00\",\"breadcrumb\":{\"@id\":\"https:\\\/\\\/dataworld.com\\\/es\\\/servicios\\\/itsm-it-service-managment-con-sap\\\/#breadcrumb\"},\"inLanguage\":\"es\",\"potentialAction\":[{\"@type\":\"ReadAction\",\"target\":[\"https:\\\/\\\/dataworld.com\\\/es\\\/servicios\\\/itsm-it-service-managment-con-sap\\\/\"]}]},{\"@type\":\"ImageObject\",\"inLanguage\":\"es\",\"@id\":\"https:\\\/\\\/dataworld.com\\\/es\\\/servicios\\\/itsm-it-service-managment-con-sap\\\/#primaryimage\",\"url\":\"https:\\\/\\\/dataworld.com\\\/wp-content\\\/uploads\\\/2021\\\/10\\\/sap_solman_overview.png\",\"contentUrl\":\"https:\\\/\\\/dataworld.com\\\/wp-content\\\/uploads\\\/2021\\\/10\\\/sap_solman_overview.png\"},{\"@type\":\"BreadcrumbList\",\"@id\":\"https:\\\/\\\/dataworld.com\\\/es\\\/servicios\\\/itsm-it-service-managment-con-sap\\\/#breadcrumb\",\"itemListElement\":[{\"@type\":\"ListItem\",\"position\":1,\"name\":\"Home\",\"item\":\"https:\\\/\\\/dataworld.com\\\/es\\\/\"},{\"@type\":\"ListItem\",\"position\":2,\"name\":\"Servicios\",\"item\":\"https:\\\/\\\/dataworld.com\\\/es\\\/servicios\\\/\"},{\"@type\":\"ListItem\",\"position\":3,\"name\":\"ITSM &#8211; Gesti\u00f3n de Servicios de TI con SAP\"}]},{\"@type\":\"WebSite\",\"@id\":\"https:\\\/\\\/dataworld.com\\\/es\\\/#website\",\"url\":\"https:\\\/\\\/dataworld.com\\\/es\\\/\",\"name\":\"dataworld\",\"description\":\"wir gestalten Ihre S4 Journey\",\"publisher\":{\"@id\":\"https:\\\/\\\/dataworld.com\\\/es\\\/#organization\"},\"potentialAction\":[{\"@type\":\"SearchAction\",\"target\":{\"@type\":\"EntryPoint\",\"urlTemplate\":\"https:\\\/\\\/dataworld.com\\\/es\\\/?s={search_term_string}\"},\"query-input\":{\"@type\":\"PropertyValueSpecification\",\"valueRequired\":true,\"valueName\":\"search_term_string\"}}],\"inLanguage\":\"es\"},{\"@type\":\"Organization\",\"@id\":\"https:\\\/\\\/dataworld.com\\\/es\\\/#organization\",\"name\":\"Data Work Consulting AG\",\"url\":\"https:\\\/\\\/dataworld.com\\\/es\\\/\",\"logo\":{\"@type\":\"ImageObject\",\"inLanguage\":\"es\",\"@id\":\"https:\\\/\\\/dataworld.com\\\/es\\\/#\\\/schema\\\/logo\\\/image\\\/\",\"url\":\"https:\\\/\\\/dataworld.com\\\/wp-content\\\/uploads\\\/2019\\\/11\\\/Quadrat.jpg\",\"contentUrl\":\"https:\\\/\\\/dataworld.com\\\/wp-content\\\/uploads\\\/2019\\\/11\\\/Quadrat.jpg\",\"width\":378,\"height\":378,\"caption\":\"Data Work Consulting AG\"},\"image\":{\"@id\":\"https:\\\/\\\/dataworld.com\\\/es\\\/#\\\/schema\\\/logo\\\/image\\\/\"},\"sameAs\":[\"https:\\\/\\\/www.facebook.com\\\/dataworldconsulting\\\/\",\"https:\\\/\\\/x.com\\\/dW_dataworld\"]}]}<\/script>\n<!-- \/ Yoast SEO plugin. -->","yoast_head_json":{"title":"ITSM - Gesti\u00f3n de Servicios de TI con SAP - dataworld","robots":{"index":"index","follow":"follow","max-snippet":"max-snippet:-1","max-image-preview":"max-image-preview:large","max-video-preview":"max-video-preview:-1"},"canonical":"https:\/\/dataworld.com\/es\/servicios\/itsm-it-service-managment-con-sap\/","og_locale":"es_ES","og_type":"article","og_title":"ITSM - Gesti\u00f3n de Servicios de TI con SAP - dataworld","og_description":"ITSM con SAP Estamos encantados de asesorarle en el \u00e1rea de IT Service Management La importancia de la rectificaci\u00f3n r\u00e1pida y sin problemas de los fallos del sistema es el enfoque de nuestro trabajo diario. Nos esforzamos en crear procesos eficientes para la comunicaci\u00f3n entre los usuarios finales y el soporte de TI. Lo logramos [&hellip;]","og_url":"https:\/\/dataworld.com\/es\/servicios\/itsm-it-service-managment-con-sap\/","og_site_name":"dataworld","article_publisher":"https:\/\/www.facebook.com\/dataworldconsulting\/","article_modified_time":"2021-10-27T11:44:23+00:00","og_image":[{"url":"https:\/\/dataworld.com\/wp-content\/uploads\/2021\/10\/sap_solman_overview.png","type":"","width":"","height":""}],"twitter_card":"summary_large_image","twitter_site":"@dW_dataworld","twitter_misc":{"Tiempo de lectura":"1 minuto"},"schema":{"@context":"https:\/\/schema.org","@graph":[{"@type":"WebPage","@id":"https:\/\/dataworld.com\/es\/servicios\/itsm-it-service-managment-con-sap\/","url":"https:\/\/dataworld.com\/es\/servicios\/itsm-it-service-managment-con-sap\/","name":"ITSM - Gesti\u00f3n de Servicios de TI con SAP - dataworld","isPartOf":{"@id":"https:\/\/dataworld.com\/es\/#website"},"primaryImageOfPage":{"@id":"https:\/\/dataworld.com\/es\/servicios\/itsm-it-service-managment-con-sap\/#primaryimage"},"image":{"@id":"https:\/\/dataworld.com\/es\/servicios\/itsm-it-service-managment-con-sap\/#primaryimage"},"thumbnailUrl":"https:\/\/dataworld.com\/wp-content\/uploads\/2021\/10\/sap_solman_overview.png","datePublished":"2019-11-05T20:12:15+00:00","dateModified":"2021-10-27T11:44:23+00:00","breadcrumb":{"@id":"https:\/\/dataworld.com\/es\/servicios\/itsm-it-service-managment-con-sap\/#breadcrumb"},"inLanguage":"es","potentialAction":[{"@type":"ReadAction","target":["https:\/\/dataworld.com\/es\/servicios\/itsm-it-service-managment-con-sap\/"]}]},{"@type":"ImageObject","inLanguage":"es","@id":"https:\/\/dataworld.com\/es\/servicios\/itsm-it-service-managment-con-sap\/#primaryimage","url":"https:\/\/dataworld.com\/wp-content\/uploads\/2021\/10\/sap_solman_overview.png","contentUrl":"https:\/\/dataworld.com\/wp-content\/uploads\/2021\/10\/sap_solman_overview.png"},{"@type":"BreadcrumbList","@id":"https:\/\/dataworld.com\/es\/servicios\/itsm-it-service-managment-con-sap\/#breadcrumb","itemListElement":[{"@type":"ListItem","position":1,"name":"Home","item":"https:\/\/dataworld.com\/es\/"},{"@type":"ListItem","position":2,"name":"Servicios","item":"https:\/\/dataworld.com\/es\/servicios\/"},{"@type":"ListItem","position":3,"name":"ITSM &#8211; Gesti\u00f3n de Servicios de TI con SAP"}]},{"@type":"WebSite","@id":"https:\/\/dataworld.com\/es\/#website","url":"https:\/\/dataworld.com\/es\/","name":"dataworld","description":"wir gestalten Ihre S4 Journey","publisher":{"@id":"https:\/\/dataworld.com\/es\/#organization"},"potentialAction":[{"@type":"SearchAction","target":{"@type":"EntryPoint","urlTemplate":"https:\/\/dataworld.com\/es\/?s={search_term_string}"},"query-input":{"@type":"PropertyValueSpecification","valueRequired":true,"valueName":"search_term_string"}}],"inLanguage":"es"},{"@type":"Organization","@id":"https:\/\/dataworld.com\/es\/#organization","name":"Data Work Consulting AG","url":"https:\/\/dataworld.com\/es\/","logo":{"@type":"ImageObject","inLanguage":"es","@id":"https:\/\/dataworld.com\/es\/#\/schema\/logo\/image\/","url":"https:\/\/dataworld.com\/wp-content\/uploads\/2019\/11\/Quadrat.jpg","contentUrl":"https:\/\/dataworld.com\/wp-content\/uploads\/2019\/11\/Quadrat.jpg","width":378,"height":378,"caption":"Data Work Consulting AG"},"image":{"@id":"https:\/\/dataworld.com\/es\/#\/schema\/logo\/image\/"},"sameAs":["https:\/\/www.facebook.com\/dataworldconsulting\/","https:\/\/x.com\/dW_dataworld"]}]}},"_links":{"self":[{"href":"https:\/\/dataworld.com\/es\/wp-json\/wp\/v2\/pages\/4452","targetHints":{"allow":["GET"]}}],"collection":[{"href":"https:\/\/dataworld.com\/es\/wp-json\/wp\/v2\/pages"}],"about":[{"href":"https:\/\/dataworld.com\/es\/wp-json\/wp\/v2\/types\/page"}],"author":[{"embeddable":true,"href":"https:\/\/dataworld.com\/es\/wp-json\/wp\/v2\/users\/2"}],"replies":[{"embeddable":true,"href":"https:\/\/dataworld.com\/es\/wp-json\/wp\/v2\/comments?post=4452"}],"version-history":[{"count":6,"href":"https:\/\/dataworld.com\/es\/wp-json\/wp\/v2\/pages\/4452\/revisions"}],"predecessor-version":[{"id":8023,"href":"https:\/\/dataworld.com\/es\/wp-json\/wp\/v2\/pages\/4452\/revisions\/8023"}],"up":[{"embeddable":true,"href":"https:\/\/dataworld.com\/es\/wp-json\/wp\/v2\/pages\/4721"}],"wp:attachment":[{"href":"https:\/\/dataworld.com\/es\/wp-json\/wp\/v2\/media?parent=4452"}],"curies":[{"name":"wp","href":"https:\/\/api.w.org\/{rel}","templated":true}]}}