{"id":4446,"date":"2019-11-05T21:16:31","date_gmt":"2019-11-05T20:16:31","guid":{"rendered":"https:\/\/dataworld.com\/?page_id=4446"},"modified":"2023-05-30T12:32:44","modified_gmt":"2023-05-30T10:32:44","slug":"digitalizacion-y-estrategia-de-it","status":"publish","type":"page","link":"https:\/\/dataworld.com\/es\/servicios\/digitalizacion-y-estrategia-de-it\/","title":{"rendered":"Digitalizaci\u00f3n y estrategia en TI"},"content":{"rendered":"<p><section class=\"kc-elm kc-css-35882 kc_row\"><div class=\"kc-row-container  kc-container\"><div class=\"kc-wrap-columns\"><div class=\"kc-elm kc-css-542620 kc_col-sm-12 kc_column kc_col-sm-12\"><div class=\"kc-col-container\"><div class=\"kc-elm kc-css-851626 kc-raw-code\">\n\t\t\t<!-- START IT Strategy ES REVOLUTION SLIDER 6.7.41 --><p class=\"rs-p-wp-fix\"><\/p>\n\t\t\t<rs-module-wrap id=\"rev_slider_142_1_wrapper\" data-source=\"gallery\" style=\"visibility:hidden;background:#b3b3aa;padding:0;margin:0px auto;margin-top:0;margin-bottom:0;\">\n\t\t\t\t<rs-module id=\"rev_slider_142_1\" style=\"\" data-version=\"6.7.41\">\n\t\t\t\t\t<rs-slides style=\"overflow: hidden; position: absolute;\">\n\t\t\t\t\t\t<rs-slide style=\"position: absolute;\" data-key=\"rs-225\" data-title=\"Slide\" data-anim=\"ms:1000;r:0;\" data-in=\"o:0;\" data-out=\"a:false;\">\n\t\t\t\t\t\t\t<img decoding=\"async\" src=\"\/\/dataworld.com\/wp-content\/plugins\/revslider\/sr6\/assets\/assets\/dummy.png\" alt=\"Slide\" title=\"Digitalizaci\u00f3n y estrategia en TI\" class=\"rev-slidebg tp-rs-img rs-lazyload\" data-lazyload=\"\/\/dataworld.com\/wp-content\/plugins\/revslider\/sr6\/assets\/assets\/transparent.png\" data-bg=\"c:#b3b3aa;\" data-no-retina>\n<!--\n\t\t\t\t\t\t\t--><rs-layer\n\t\t\t\t\t\t\t\tid=\"slider-142-slide-225-layer-0\" \n\t\t\t\t\t\t\t\tdata-type=\"text\"\n\t\t\t\t\t\t\t\tdata-rsp_ch=\"on\"\n\t\t\t\t\t\t\t\tdata-xy=\"x:c;yo:100px,82px,62px,38px;\"\n\t\t\t\t\t\t\t\tdata-text=\"w:normal;l:22,18,13,8;\"\n\t\t\t\t\t\t\t\tdata-frame_999=\"o:0;st:w;\"\n\t\t\t\t\t\t\t\tstyle=\"z-index:5;font-family:'Raleway';\"\n\t\t\t\t\t\t\t>DIGITALIZACI\u00d3N & ESTRATEGIA EN TI \n\t\t\t\t\t\t\t<\/rs-layer><!--\n\n\t\t\t\t\t\t\t--><rs-layer\n\t\t\t\t\t\t\t\tid=\"slider-142-slide-225-layer-1\" \n\t\t\t\t\t\t\t\tdata-type=\"text\"\n\t\t\t\t\t\t\t\tdata-rsp_ch=\"on\"\n\t\t\t\t\t\t\t\tdata-xy=\"x:c;yo:155px,128px,97px,59px;\"\n\t\t\t\t\t\t\t\tdata-text=\"w:normal;s:31,25,18,11;l:31,25,18,11;fw:700;\"\n\t\t\t\t\t\t\t\tdata-frame_999=\"o:0;st:w;\"\n\t\t\t\t\t\t\t\tstyle=\"z-index:6;font-family:'Roboto';\"\n\t\t\t\t\t\t\t>Estamos encantados de asesorarle en el \u00e1rea de la digitalizaci\u00f3n y la estrategia en TI \n\t\t\t\t\t\t\t<\/rs-layer><!--\n-->\t\t\t\t\t<\/rs-slide>\n\t\t\t\t\t<\/rs-slides>\n\t\t\t\t<\/rs-module>\n\t\t\t\t<script>\n\t\t\t\t\tsetREVStartSize({c: 'rev_slider_142_1',rl:[1240,1024,778,480],el:[300,768,960,720],gw:[1240,1024,778,480],gh:[300,330,251,155],type:'standard',justify:'',layout:'fullwidth',mh:\"0\"});if (window.RS_MODULES!==undefined && window.RS_MODULES.modules!==undefined && window.RS_MODULES.modules[\"revslider1421\"]!==undefined) {window.RS_MODULES.modules[\"revslider1421\"].once = false;window.revapi142 = undefined;if (window.RS_MODULES.checkMinimal!==undefined) window.RS_MODULES.checkMinimal()}\n\t\t\t\t<\/script>\n\t\t\t<\/rs-module-wrap>\n\t\t\t<!-- END REVOLUTION SLIDER -->\n<\/div><div class=\"kc-elm kc-css-49719\" style=\"height: 80px; clear: both; width:100%;\"><\/div><\/div><\/div><\/div><\/div><\/section><section class=\"kc-elm kc-css-969463 kc_row\"><div class=\"kc-row-container  kc-container\"><div class=\"kc-wrap-columns\"><div class=\"kc-elm kc-css-369288 kc_col-sm-8 kc_column kc_col-sm-8\"><div class=\"kc-col-container\"><div class=\"kc-elm kc-css-259183 kc_text_block\"><\/p>\n<p>Hoy en d\u00eda los procesos, los mercados y los modelos comerciales est\u00e1n cambiando muy r\u00e1pidamente, lo que significa que ya no puede prescindir de una estrategia sostenible.<\/p>\n<p>La transformaci\u00f3n digital est\u00e1 en boca de todos y presenta a las empresas desaf\u00edos fundamentales. Sin embargo, cuando se les pregunta, todos entienden que el t\u00e9rmino digitalizaci\u00f3n significa algo diferente.<\/p>\n<p><strong>Preguntas frecuentes en este contexto:<\/strong>\n<\/p>\n<ul>\n<li>\u00bfSon nuestros procesos digitales posibles?<\/li>\n<li>\u00bfQuiz\u00e1s incluso tengamos que cambiar nuestro modelo de negocio?<\/li>\n<li>\u00bfQu\u00e9 grado de automatizaci\u00f3n es posible, qu\u00e9 nivel de automatizaci\u00f3n o digitalizaci\u00f3n realmente queremos?<\/li>\n<li>\u00bfEn qu\u00e9 procesos tenemos que destacarnos de nuestros competidores ahora o en el futuro?<\/li>\n<\/ul>\n<p>En el futuro tendremos que hacernos todas estas y otras preguntas a intervalos cada vez m\u00e1s cortos. Los m\u00e9todos \u00e1giles ayudan aqu\u00ed, pero se mantienen ciertos principios.<\/p>\n<p>Uno de ellos es que se seguir\u00e1 trabajando a lo largo del proceso. Si analiza los procesos hoy, la informaci\u00f3n est\u00e1 disponible en diferentes formatos o debe crearse en diferentes formatos durante el proceso. Por un lado, se trata de datos estructurados, como los datos de la aplicaci\u00f3n. Sin embargo, por otro lado, est\u00e1n la informaci\u00f3n en papel o documentos en formato electr\u00f3nico. Para automatizar digitalmente un proceso, creemos que requiere una digitalizaci\u00f3n temprana de los datos de entrada. La experiencia ha demostrado que cuanto antes se pueda acceder a los datos digitales, la duraci\u00f3n del proceso sea mayor y el efecto de optimizaci\u00f3n se puede aumentar significativamente. Al aumentar la cantidad de datos digitalizados se mejora el manejo eficiente de los llamados procesos de extremo a extremo.<\/p>\n<p>Contrariamente a la opini\u00f3n generalizada de que la informaci\u00f3n debe almacenarse y recuperarse centralmente, la realidad muestra que esto no es cierto en absoluto. Hace mucho que las empresas dejaron de seguir el camino del almacenamiento centralizado de datos. Las soluciones y aplicaciones en la nube est\u00e1n de moda porque pueden implementarse r\u00e1pidamente y sin un gran esfuerzo.<\/p>\n<p>Mantener datos en diferentes soportes de datos (sistemas de archivos, soluciones en la nube, sistema DMS, aplicaciones) conlleva el peligro de que se almacenen varias veces y no se puedan sincronizar en tiempo real. Aqu\u00ed, tambi\u00e9n, el proceso juega un papel central.<\/p>\n<p>\n<\/div><div class=\"kc-elm kc-css-24329\" style=\"height: 40px; clear: both; width:100%;\"><\/div>\n<div class=\"kc-elm kc-css-737053 kc-title-wrap \">\n\n\t<h1 class=\"kc_title\">\u00bfPor qu\u00e9 es importante una estrategia en esta \u00e1rea?<\/h1>\n<\/div>\n<div class=\"kc-elm kc-css-8\" style=\"height: 20px; clear: both; width:100%;\"><\/div><div class=\"kc-elm kc-css-692323 kc_text_block\"><\/p>\n<p>\nLa experiencia muestra que las empresas con una estrategia clara en el \u00e1rea de los Sistemas de Gesti\u00f3n de Contenido tienen un mejor desempe\u00f1o a mediano y largo plazo sin tener que limitarse. La orientaci\u00f3n estrat\u00e9gica y la definici\u00f3n de conceptos b\u00e1sicos y plataformas simplifican los pasos futuros al permitir que la implementaci\u00f3n flexible y \u00e1gil se atienda directamente a trav\u00e9s de los procesos sin tener que verificar continuamente los requisitos tecnol\u00f3gicos.<\/p>\n<p>Nos hemos centrado en el \u00e1rea de SAP y Sistemas de Gesti\u00f3n de Contenido\u00a0durante a\u00f1os y estamos observando de cerca las tendencias actuales en el mercado. Nuestra curiosidad, la cooperaci\u00f3n con los clientes, nuestros j\u00f3venes empleados y las universidades nos mantienen alerta, pero tambi\u00e9n nos permiten encontrar soluciones innovadoras una y otra vez. Esta combinaci\u00f3n de experiencia b\u00e1sica e innovaci\u00f3n permite soluciones creativas y usted, el cliente, se beneficia de esto.<\/p>\n<p>Invol\u00facrenos ya en cuestiones estrat\u00e9gicas o en su concepci\u00f3n. Se dar\u00e1 cuenta r\u00e1pidamente de que podemos aportarle un gran y r\u00e1pido valor a\u00f1adido.<\/p>\n<p>\n<\/div><div class=\"kc-elm kc-css-456225\" style=\"height: 40px; clear: both; width:100%;\"><\/div>\n<div class=\"kc-elm kc-css-748793 kc-title-wrap \">\n\n\t<h1 class=\"kc_title\">Sus ventajas de un vistazo<\/h1>\n<\/div>\n<div class=\"kc-elm kc-css-719460\" style=\"height: 40px; clear: both; width:100%;\"><\/div><div class=\"kc-elm kc-css-805823 kc_row kc_row_inner\"><div class=\"kc-elm kc-css-392927 kc_col-sm-4 kc_column_inner kc_col-sm-4\"><div class=\"kc_wrapper kc-col-inner-container\"><div class=\"kc-elm kc-css-846766 kc-icon-wrapper\">\n\t\t<i class=\"et-profile-male\"><\/i>\n\t<\/div>\n<div class=\"kc-elm kc-css-205811\" style=\"height: 20px; clear: both; width:100%;\"><\/div><div class=\"kc-elm kc-css-3503 kc_text_block\"><\/p>\n<p style=\"text-align: center;\">Consultores que se centran en usted como cliente y sus requisitos<\/p>\n<p>\n<\/div><div class=\"kc-elm kc-css-881332\" style=\"height: 40px; clear: both; width:100%;\"><\/div><\/div><\/div><div class=\"kc-elm kc-css-710599 kc_col-sm-4 kc_column_inner kc_col-sm-4\"><div class=\"kc_wrapper kc-col-inner-container\"><div class=\"kc-elm kc-css-652441 kc-icon-wrapper\">\n\t\t<i class=\"et-clock\"><\/i>\n\t<\/div>\n<div class=\"kc-elm kc-css-424625\" style=\"height: 20px; clear: both; width:100%;\"><\/div><div class=\"kc-elm kc-css-798947 kc_text_block\"><\/p>\n<p style=\"text-align: center;\">Muchos a\u00f1os de experiencia en\u00a0<span style=\"font-style: inherit;\">\u00a0<\/span><span style=\"font-style: inherit;\">SAP y en<\/span><span style=\"font-style: inherit;\">\u00a0optimizaci\u00f3n de procesos<\/span><\/p>\n<p>\n<\/div><div class=\"kc-elm kc-css-668408\" style=\"height: 40px; clear: both; width:100%;\"><\/div><\/div><\/div><div class=\"kc-elm kc-css-100975 kc_col-sm-4 kc_column_inner kc_col-sm-4\"><div class=\"kc_wrapper kc-col-inner-container\"><div class=\"kc-elm kc-css-903822 kc-icon-wrapper\">\n\t\t<i class=\"et-briefcase\"><\/i>\n\t<\/div>\n<div class=\"kc-elm kc-css-576961\" style=\"height: 20px; clear: both; width:100%;\"><\/div><div class=\"kc-elm kc-css-358740 kc_text_block\"><\/p>\n<p style=\"text-align: center;\">Amplia experiencia en ECM (OpenText y otros)<\/p>\n<p>\n<\/div><div class=\"kc-elm kc-css-321343\" style=\"height: 40px; clear: both; width:100%;\"><\/div><\/div><\/div><\/div><div class=\"kc-elm kc-css-149154 kc_row kc_row_inner\"><div class=\"kc-elm kc-css-778957 kc_col-sm-6 kc_column_inner kc_col-sm-6\"><div class=\"kc_wrapper kc-col-inner-container\"><div class=\"kc-elm kc-css-412200 kc-icon-wrapper\">\n\t\t<i class=\"et-tools\"><\/i>\n\t<\/div>\n<div class=\"kc-elm kc-css-3463\" style=\"height: 20px; clear: both; width:100%;\"><\/div><div class=\"kc-elm kc-css-85789 kc_text_block\"><\/p>\n<p style=\"text-align: center;\">Enfoque estructurado<\/p>\n<p>\n<\/div><div class=\"kc-elm kc-css-81929\" style=\"height: 40px; clear: both; width:100%;\"><\/div><\/div><\/div><div class=\"kc-elm kc-css-792746 kc_col-sm-6 kc_column_inner kc_col-sm-6\"><div class=\"kc_wrapper kc-col-inner-container\"><div class=\"kc-elm kc-css-489994 kc-icon-wrapper\">\n\t\t<i class=\"et-flag\"><\/i>\n\t<\/div>\n<div class=\"kc-elm kc-css-813518\" style=\"height: 20px; clear: both; width:100%;\"><\/div><div class=\"kc-elm kc-css-300790 kc_text_block\"><\/p>\n<p style=\"text-align: center;\">Innovador y realista<\/p>\n<p>\n<\/div><div class=\"kc-elm kc-css-94946\" style=\"height: 40px; clear: both; width:100%;\"><\/div><\/div><\/div><\/div><\/div><\/div><div class=\"kc-elm kc-css-643474 kc_col-sm-4 kc_column kc_col-sm-4\"><div class=\"kc-col-container\"><div class=\"kc-elm kc-css-18557 kc_text_block\"><\/p>\n<h2><strong>Christian Bl\u00e4uenstein<\/strong><\/h2>\n<p><img loading=\"lazy\" decoding=\"async\" class=\"alignnone size-medium\" src=\"https:\/\/dataworld.com\/wp-content\/uploads\/2019\/11\/3F0A1153.jpg\" alt=\"Christian Bl\u00e4uenstein\" width=\"2110\" height=\"1407\">Cont\u00e1cteme para obtener ideas e inspiraci\u00f3n en el camino hacia nuevos campos de negocios digitales:<\/p>\n<p>+41 58 591 90 00<br \/><a href=\"mailto:christian.blaeuenstein@dataworld.com\">christian.blaeuenstein@dataworld.com<\/a><\/p>\n<p>\n<\/div><\/div><\/div><\/div><\/div><\/section><\/p>\n","protected":false},"excerpt":{"rendered":"","protected":false},"author":2,"featured_media":0,"parent":4721,"menu_order":0,"comment_status":"closed","ping_status":"closed","template":"","meta":{"footnotes":""},"class_list":["post-4446","page","type-page","status-publish","hentry"],"yoast_head":"<!-- This site is optimized with the Yoast SEO plugin v27.3 - https:\/\/yoast.com\/product\/yoast-seo-wordpress\/ -->\n<title>Digitalizaci\u00f3n y estrategia en TI - dataworld<\/title>\n<meta name=\"robots\" content=\"index, follow, max-snippet:-1, max-image-preview:large, max-video-preview:-1\" \/>\n<link rel=\"canonical\" href=\"https:\/\/dataworld.com\/es\/servicios\/digitalizacion-y-estrategia-de-it\/\" \/>\n<meta property=\"og:locale\" content=\"es_ES\" \/>\n<meta property=\"og:type\" content=\"article\" \/>\n<meta property=\"og:title\" content=\"Digitalizaci\u00f3n y estrategia en TI - dataworld\" \/>\n<meta property=\"og:description\" content=\"Hoy en d\u00eda los procesos, los mercados y los modelos comerciales est\u00e1n cambiando muy r\u00e1pidamente, lo que significa que ya no puede prescindir de una estrategia sostenible. La transformaci\u00f3n digital est\u00e1 en boca de todos y presenta a las empresas desaf\u00edos fundamentales. Sin embargo, cuando se les pregunta, todos entienden que el t\u00e9rmino digitalizaci\u00f3n significa [&hellip;]\" \/>\n<meta property=\"og:url\" content=\"https:\/\/dataworld.com\/es\/servicios\/digitalizacion-y-estrategia-de-it\/\" \/>\n<meta property=\"og:site_name\" content=\"dataworld\" \/>\n<meta property=\"article:publisher\" content=\"https:\/\/www.facebook.com\/dataworldconsulting\/\" \/>\n<meta property=\"article:modified_time\" content=\"2023-05-30T10:32:44+00:00\" \/>\n<meta property=\"og:image\" content=\"https:\/\/dataworld.com\/wp-content\/uploads\/2019\/11\/3F0A1153.jpg\" \/>\n<meta name=\"twitter:card\" content=\"summary_large_image\" \/>\n<meta name=\"twitter:site\" content=\"@dW_dataworld\" \/>\n<meta name=\"twitter:label1\" content=\"Tiempo de lectura\" \/>\n\t<meta name=\"twitter:data1\" content=\"3 minutos\" \/>\n<script type=\"application\/ld+json\" class=\"yoast-schema-graph\">{\"@context\":\"https:\\\/\\\/schema.org\",\"@graph\":[{\"@type\":\"WebPage\",\"@id\":\"https:\\\/\\\/dataworld.com\\\/es\\\/servicios\\\/digitalizacion-y-estrategia-de-it\\\/\",\"url\":\"https:\\\/\\\/dataworld.com\\\/es\\\/servicios\\\/digitalizacion-y-estrategia-de-it\\\/\",\"name\":\"Digitalizaci\u00f3n y estrategia en TI - dataworld\",\"isPartOf\":{\"@id\":\"https:\\\/\\\/dataworld.com\\\/es\\\/#website\"},\"primaryImageOfPage\":{\"@id\":\"https:\\\/\\\/dataworld.com\\\/es\\\/servicios\\\/digitalizacion-y-estrategia-de-it\\\/#primaryimage\"},\"image\":{\"@id\":\"https:\\\/\\\/dataworld.com\\\/es\\\/servicios\\\/digitalizacion-y-estrategia-de-it\\\/#primaryimage\"},\"thumbnailUrl\":\"https:\\\/\\\/dataworld.com\\\/wp-content\\\/uploads\\\/2019\\\/11\\\/3F0A1153.jpg\",\"datePublished\":\"2019-11-05T20:16:31+00:00\",\"dateModified\":\"2023-05-30T10:32:44+00:00\",\"breadcrumb\":{\"@id\":\"https:\\\/\\\/dataworld.com\\\/es\\\/servicios\\\/digitalizacion-y-estrategia-de-it\\\/#breadcrumb\"},\"inLanguage\":\"es\",\"potentialAction\":[{\"@type\":\"ReadAction\",\"target\":[\"https:\\\/\\\/dataworld.com\\\/es\\\/servicios\\\/digitalizacion-y-estrategia-de-it\\\/\"]}]},{\"@type\":\"ImageObject\",\"inLanguage\":\"es\",\"@id\":\"https:\\\/\\\/dataworld.com\\\/es\\\/servicios\\\/digitalizacion-y-estrategia-de-it\\\/#primaryimage\",\"url\":\"https:\\\/\\\/dataworld.com\\\/wp-content\\\/uploads\\\/2019\\\/11\\\/3F0A1153.jpg\",\"contentUrl\":\"https:\\\/\\\/dataworld.com\\\/wp-content\\\/uploads\\\/2019\\\/11\\\/3F0A1153.jpg\"},{\"@type\":\"BreadcrumbList\",\"@id\":\"https:\\\/\\\/dataworld.com\\\/es\\\/servicios\\\/digitalizacion-y-estrategia-de-it\\\/#breadcrumb\",\"itemListElement\":[{\"@type\":\"ListItem\",\"position\":1,\"name\":\"Home\",\"item\":\"https:\\\/\\\/dataworld.com\\\/es\\\/\"},{\"@type\":\"ListItem\",\"position\":2,\"name\":\"Servicios\",\"item\":\"https:\\\/\\\/dataworld.com\\\/es\\\/servicios\\\/\"},{\"@type\":\"ListItem\",\"position\":3,\"name\":\"Digitalizaci\u00f3n y estrategia en TI\"}]},{\"@type\":\"WebSite\",\"@id\":\"https:\\\/\\\/dataworld.com\\\/es\\\/#website\",\"url\":\"https:\\\/\\\/dataworld.com\\\/es\\\/\",\"name\":\"dataworld\",\"description\":\"wir gestalten Ihre S4 Journey\",\"publisher\":{\"@id\":\"https:\\\/\\\/dataworld.com\\\/es\\\/#organization\"},\"potentialAction\":[{\"@type\":\"SearchAction\",\"target\":{\"@type\":\"EntryPoint\",\"urlTemplate\":\"https:\\\/\\\/dataworld.com\\\/es\\\/?s={search_term_string}\"},\"query-input\":{\"@type\":\"PropertyValueSpecification\",\"valueRequired\":true,\"valueName\":\"search_term_string\"}}],\"inLanguage\":\"es\"},{\"@type\":\"Organization\",\"@id\":\"https:\\\/\\\/dataworld.com\\\/es\\\/#organization\",\"name\":\"Data Work Consulting AG\",\"url\":\"https:\\\/\\\/dataworld.com\\\/es\\\/\",\"logo\":{\"@type\":\"ImageObject\",\"inLanguage\":\"es\",\"@id\":\"https:\\\/\\\/dataworld.com\\\/es\\\/#\\\/schema\\\/logo\\\/image\\\/\",\"url\":\"https:\\\/\\\/dataworld.com\\\/wp-content\\\/uploads\\\/2019\\\/11\\\/Quadrat.jpg\",\"contentUrl\":\"https:\\\/\\\/dataworld.com\\\/wp-content\\\/uploads\\\/2019\\\/11\\\/Quadrat.jpg\",\"width\":378,\"height\":378,\"caption\":\"Data Work Consulting AG\"},\"image\":{\"@id\":\"https:\\\/\\\/dataworld.com\\\/es\\\/#\\\/schema\\\/logo\\\/image\\\/\"},\"sameAs\":[\"https:\\\/\\\/www.facebook.com\\\/dataworldconsulting\\\/\",\"https:\\\/\\\/x.com\\\/dW_dataworld\"]}]}<\/script>\n<!-- \/ Yoast SEO plugin. -->","yoast_head_json":{"title":"Digitalizaci\u00f3n y estrategia en TI - dataworld","robots":{"index":"index","follow":"follow","max-snippet":"max-snippet:-1","max-image-preview":"max-image-preview:large","max-video-preview":"max-video-preview:-1"},"canonical":"https:\/\/dataworld.com\/es\/servicios\/digitalizacion-y-estrategia-de-it\/","og_locale":"es_ES","og_type":"article","og_title":"Digitalizaci\u00f3n y estrategia en TI - dataworld","og_description":"Hoy en d\u00eda los procesos, los mercados y los modelos comerciales est\u00e1n cambiando muy r\u00e1pidamente, lo que significa que ya no puede prescindir de una estrategia sostenible. La transformaci\u00f3n digital est\u00e1 en boca de todos y presenta a las empresas desaf\u00edos fundamentales. Sin embargo, cuando se les pregunta, todos entienden que el t\u00e9rmino digitalizaci\u00f3n significa [&hellip;]","og_url":"https:\/\/dataworld.com\/es\/servicios\/digitalizacion-y-estrategia-de-it\/","og_site_name":"dataworld","article_publisher":"https:\/\/www.facebook.com\/dataworldconsulting\/","article_modified_time":"2023-05-30T10:32:44+00:00","og_image":[{"url":"https:\/\/dataworld.com\/wp-content\/uploads\/2019\/11\/3F0A1153.jpg","type":"","width":"","height":""}],"twitter_card":"summary_large_image","twitter_site":"@dW_dataworld","twitter_misc":{"Tiempo de lectura":"3 minutos"},"schema":{"@context":"https:\/\/schema.org","@graph":[{"@type":"WebPage","@id":"https:\/\/dataworld.com\/es\/servicios\/digitalizacion-y-estrategia-de-it\/","url":"https:\/\/dataworld.com\/es\/servicios\/digitalizacion-y-estrategia-de-it\/","name":"Digitalizaci\u00f3n y estrategia en TI - dataworld","isPartOf":{"@id":"https:\/\/dataworld.com\/es\/#website"},"primaryImageOfPage":{"@id":"https:\/\/dataworld.com\/es\/servicios\/digitalizacion-y-estrategia-de-it\/#primaryimage"},"image":{"@id":"https:\/\/dataworld.com\/es\/servicios\/digitalizacion-y-estrategia-de-it\/#primaryimage"},"thumbnailUrl":"https:\/\/dataworld.com\/wp-content\/uploads\/2019\/11\/3F0A1153.jpg","datePublished":"2019-11-05T20:16:31+00:00","dateModified":"2023-05-30T10:32:44+00:00","breadcrumb":{"@id":"https:\/\/dataworld.com\/es\/servicios\/digitalizacion-y-estrategia-de-it\/#breadcrumb"},"inLanguage":"es","potentialAction":[{"@type":"ReadAction","target":["https:\/\/dataworld.com\/es\/servicios\/digitalizacion-y-estrategia-de-it\/"]}]},{"@type":"ImageObject","inLanguage":"es","@id":"https:\/\/dataworld.com\/es\/servicios\/digitalizacion-y-estrategia-de-it\/#primaryimage","url":"https:\/\/dataworld.com\/wp-content\/uploads\/2019\/11\/3F0A1153.jpg","contentUrl":"https:\/\/dataworld.com\/wp-content\/uploads\/2019\/11\/3F0A1153.jpg"},{"@type":"BreadcrumbList","@id":"https:\/\/dataworld.com\/es\/servicios\/digitalizacion-y-estrategia-de-it\/#breadcrumb","itemListElement":[{"@type":"ListItem","position":1,"name":"Home","item":"https:\/\/dataworld.com\/es\/"},{"@type":"ListItem","position":2,"name":"Servicios","item":"https:\/\/dataworld.com\/es\/servicios\/"},{"@type":"ListItem","position":3,"name":"Digitalizaci\u00f3n y estrategia en TI"}]},{"@type":"WebSite","@id":"https:\/\/dataworld.com\/es\/#website","url":"https:\/\/dataworld.com\/es\/","name":"dataworld","description":"wir gestalten Ihre S4 Journey","publisher":{"@id":"https:\/\/dataworld.com\/es\/#organization"},"potentialAction":[{"@type":"SearchAction","target":{"@type":"EntryPoint","urlTemplate":"https:\/\/dataworld.com\/es\/?s={search_term_string}"},"query-input":{"@type":"PropertyValueSpecification","valueRequired":true,"valueName":"search_term_string"}}],"inLanguage":"es"},{"@type":"Organization","@id":"https:\/\/dataworld.com\/es\/#organization","name":"Data Work Consulting AG","url":"https:\/\/dataworld.com\/es\/","logo":{"@type":"ImageObject","inLanguage":"es","@id":"https:\/\/dataworld.com\/es\/#\/schema\/logo\/image\/","url":"https:\/\/dataworld.com\/wp-content\/uploads\/2019\/11\/Quadrat.jpg","contentUrl":"https:\/\/dataworld.com\/wp-content\/uploads\/2019\/11\/Quadrat.jpg","width":378,"height":378,"caption":"Data Work Consulting AG"},"image":{"@id":"https:\/\/dataworld.com\/es\/#\/schema\/logo\/image\/"},"sameAs":["https:\/\/www.facebook.com\/dataworldconsulting\/","https:\/\/x.com\/dW_dataworld"]}]}},"_links":{"self":[{"href":"https:\/\/dataworld.com\/es\/wp-json\/wp\/v2\/pages\/4446","targetHints":{"allow":["GET"]}}],"collection":[{"href":"https:\/\/dataworld.com\/es\/wp-json\/wp\/v2\/pages"}],"about":[{"href":"https:\/\/dataworld.com\/es\/wp-json\/wp\/v2\/types\/page"}],"author":[{"embeddable":true,"href":"https:\/\/dataworld.com\/es\/wp-json\/wp\/v2\/users\/2"}],"replies":[{"embeddable":true,"href":"https:\/\/dataworld.com\/es\/wp-json\/wp\/v2\/comments?post=4446"}],"version-history":[{"count":13,"href":"https:\/\/dataworld.com\/es\/wp-json\/wp\/v2\/pages\/4446\/revisions"}],"predecessor-version":[{"id":9826,"href":"https:\/\/dataworld.com\/es\/wp-json\/wp\/v2\/pages\/4446\/revisions\/9826"}],"up":[{"embeddable":true,"href":"https:\/\/dataworld.com\/es\/wp-json\/wp\/v2\/pages\/4721"}],"wp:attachment":[{"href":"https:\/\/dataworld.com\/es\/wp-json\/wp\/v2\/media?parent=4446"}],"curies":[{"name":"wp","href":"https:\/\/api.w.org\/{rel}","templated":true}]}}