{"id":4421,"date":"2019-11-05T21:17:16","date_gmt":"2019-11-05T20:17:16","guid":{"rendered":"https:\/\/dataworld.com\/?page_id=4421"},"modified":"2021-11-30T10:08:09","modified_gmt":"2021-11-30T09:08:09","slug":"material-de-prensa","status":"publish","type":"page","link":"https:\/\/dataworld.com\/es\/compania\/material-de-prensa\/","title":{"rendered":"Material de prensa"},"content":{"rendered":"<p><section class=\"kc-elm kc-css-918998 kc_row\"><div class=\"kc-row-container  kc-container\"><div class=\"kc-wrap-columns\"><div class=\"kc-elm kc-css-230522 kc_col-sm-12 kc_column kc_col-sm-12\"><div class=\"kc-col-container\"><div class=\"kc-elm kc-css-199263 kc-raw-code\">\n\t\t\t<!-- START Press material ES REVOLUTION SLIDER 6.7.41 --><p class=\"rs-p-wp-fix\"><\/p>\n\t\t\t<rs-module-wrap id=\"rev_slider_149_1_wrapper\" data-source=\"gallery\" style=\"visibility:hidden;background:#b3b3aa;padding:0;margin:0px auto;margin-top:0;margin-bottom:0;\">\n\t\t\t\t<rs-module id=\"rev_slider_149_1\" style=\"\" data-version=\"6.7.41\">\n\t\t\t\t\t<rs-slides style=\"overflow: hidden; position: absolute;\">\n\t\t\t\t\t\t<rs-slide style=\"position: absolute;\" data-key=\"rs-232\" data-title=\"Slide\" data-anim=\"ms:1000;r:0;\" data-in=\"o:0;\" data-out=\"a:false;\">\n\t\t\t\t\t\t\t<img decoding=\"async\" src=\"\/\/dataworld.com\/wp-content\/plugins\/revslider\/sr6\/assets\/assets\/dummy.png\" alt=\"Slide\" title=\"Material de prensa\" class=\"rev-slidebg tp-rs-img rs-lazyload\" data-lazyload=\"\/\/dataworld.com\/wp-content\/plugins\/revslider\/sr6\/assets\/assets\/transparent.png\" data-bg=\"c:#b3b3aa;\" data-no-retina>\n<!--\n\t\t\t\t\t\t\t--><rs-layer\n\t\t\t\t\t\t\t\tid=\"slider-149-slide-232-layer-0\" \n\t\t\t\t\t\t\t\tdata-type=\"text\"\n\t\t\t\t\t\t\t\tdata-rsp_ch=\"on\"\n\t\t\t\t\t\t\t\tdata-xy=\"x:c;yo:100px,82px,62px,38px;\"\n\t\t\t\t\t\t\t\tdata-text=\"w:normal;l:22,18,13,8;\"\n\t\t\t\t\t\t\t\tdata-frame_999=\"o:0;st:w;\"\n\t\t\t\t\t\t\t\tstyle=\"z-index:5;font-family:'Raleway';\"\n\t\t\t\t\t\t\t>MATERIAL DE PRENSA \n\t\t\t\t\t\t\t<\/rs-layer><!--\n\n\t\t\t\t\t\t\t--><rs-layer\n\t\t\t\t\t\t\t\tid=\"slider-149-slide-232-layer-1\" \n\t\t\t\t\t\t\t\tdata-type=\"text\"\n\t\t\t\t\t\t\t\tdata-rsp_ch=\"on\"\n\t\t\t\t\t\t\t\tdata-xy=\"x:c;yo:155px,128px,97px,59px;\"\n\t\t\t\t\t\t\t\tdata-text=\"w:normal;s:40,33,25,15;l:40,33,25,15;fw:700;\"\n\t\t\t\t\t\t\t\tdata-frame_999=\"o:0;st:w;\"\n\t\t\t\t\t\t\t\tstyle=\"z-index:6;font-family:'Roboto';\"\n\t\t\t\t\t\t\t>Inf\u00f3rmese sobre los art\u00edculos de dataworld \n\t\t\t\t\t\t\t<\/rs-layer><!--\n-->\t\t\t\t\t<\/rs-slide>\n\t\t\t\t\t<\/rs-slides>\n\t\t\t\t<\/rs-module>\n\t\t\t\t<script>\n\t\t\t\t\tsetREVStartSize({c: 'rev_slider_149_1',rl:[1240,1024,778,480],el:[300,768,960,720],gw:[1240,1024,778,480],gh:[300,330,251,155],type:'standard',justify:'',layout:'fullwidth',mh:\"0\"});if (window.RS_MODULES!==undefined && window.RS_MODULES.modules!==undefined && window.RS_MODULES.modules[\"revslider1491\"]!==undefined) {window.RS_MODULES.modules[\"revslider1491\"].once = false;window.revapi149 = undefined;if (window.RS_MODULES.checkMinimal!==undefined) window.RS_MODULES.checkMinimal()}\n\t\t\t\t<\/script>\n\t\t\t<\/rs-module-wrap>\n\t\t\t<!-- END REVOLUTION SLIDER -->\n<\/div><div class=\"kc-elm kc-css-123688\" style=\"height: 80px; clear: both; width:100%;\"><\/div><\/div><\/div><\/div><\/div><\/section><section class=\"kc-elm kc-css-868967 kc_row\"><div class=\"kc-row-container  kc-container\"><div class=\"kc-wrap-columns\"><div class=\"kc-elm kc-css-993615 kc_col-sm-12 kc_column kc_col-sm-12\"><div class=\"kc-col-container\"><div data-open-on-mouseover=\"\" data-tab-active=\"1\" data-effect-option=\"\" class=\"kc-elm kc-css-257016 kc_tabs group\">\n\t<div class=\"kc_wrapper ui-tabs kc_clearfix\">\n\t\t<ul class=\"kc_tabs_nav ui-tabs-nav kc_clearfix\">\n\t\t\t<li><a href=\"#press-reports\" data-prevent=\"scroll\">Informes de prensa<\/a><\/li><li><a href=\"#photos\" data-prevent=\"scroll\">Fotos<\/a><\/li><li><a href=\"#logos\" data-prevent=\"scroll\">Logos<\/a><\/li>\t\t<\/ul>\n\t\t<div id=\"press-reports\" class=\"kc-elm kc-css-229257 kc_tab ui-tabs-panel kc_ui-tabs-hide kc_clearfix \"><div class=\"kc_tab_content\"><div class=\"kc-elm kc-css-29505 kc_text_block\"><\/p>\n<p><strong>2021<\/strong><\/p>\n<p><a href=\"https:\/\/dataworld.com\/wp-content\/uploads\/2021\/11\/dataworld_Herzog_Publireportage-4.pdf\" target=\"_blank\" rel=\"noopener noreferrer\">Reportar informaci\u00f3n privilegiada SCB 21\/11 (alem\u00e1n)<\/a><\/p>\n<p>\n<\/div><div class=\"kc-elm kc-css-667390 kc_text_block\"><\/p>\n<p>\n<strong>2019<\/strong><\/p>\n<p><span style=\"font-style: inherit;\"><a href=\"https:\/\/dataworld.com\/wp-content\/uploads\/2019\/11\/WG_S_09_dataworld_korr1.pdf\" target=\"_blank\" rel=\"noopener noreferrer\">24.11.19 &#8211; Peri\u00f3dico dominical (<\/a><a href=\"https:\/\/dataworld.com\/wp-content\/uploads\/2019\/11\/XX_DataWorld_I03_GzD.pdf\" target=\"_blank\" rel=\"noopener noreferrer\">alem\u00e1n<\/a><a href=\"https:\/\/dataworld.com\/wp-content\/uploads\/2019\/11\/WG_S_09_dataworld_korr1.pdf\" target=\"_blank\" rel=\"noopener noreferrer\">)<\/a>\u00a0<\/span><\/p>\n<p>\n<\/div><div class=\"kc-elm kc-css-677974 kc_text_block\"><\/p>\n<p>\n<strong>2018<\/strong><\/p>\n<p><a href=\"https:\/\/dataworld.com\/wp-content\/uploads\/2019\/11\/XX_DataWorld_I03_GzD.pdf\" target=\"_blank\" rel=\"noopener noreferrer\">Reportar informaci\u00f3n privilegiada SCB 18\/03 (alem\u00e1n)<\/a><\/p>\n<p><a href=\"https:\/\/dataworld.com\/wp-content\/uploads\/2019\/11\/XX_DataWorld_i05_GzD.pdf\" target=\"_blank\" rel=\"noopener noreferrer\">Reportar informaci\u00f3n privilegiada SCB 18\/03 (alem\u00e1n)<\/a><\/p>\n<p>\n<\/div><\/div><\/div><div id=\"photos\" class=\"kc-elm kc-css-377740 kc_tab ui-tabs-panel kc_ui-tabs-hide kc_clearfix \"><div class=\"kc_tab_content\"><div class=\"kc-elm kc-css-534377 kc_shortcode kc_single_image\">\n\n        <a  href=\"https:\/\/dataworld.com\/wp-content\/uploads\/2019\/11\/3F0A1153.jpg\" title=\"\" target=\"\">\n        <img decoding=\"async\" src=\"https:\/\/dataworld.com\/wp-content\/uploads\/2019\/11\/3F0A1153-300x200.jpg\" class=\"\" alt=\"\" \/>    <\/a>\n    <\/div>\n<div class=\"kc-elm kc-css-910430 kc_shortcode kc_single_image\">\n\n        <a  href=\"https:\/\/dataworld.com\/wp-content\/uploads\/2019\/11\/3F0A1201.jpg\" title=\"\" target=\"\">\n        <img decoding=\"async\" src=\"https:\/\/dataworld.com\/wp-content\/uploads\/2019\/11\/3F0A1201-300x200.jpg\" class=\"\" alt=\"\" \/>    <\/a>\n    <\/div>\n<div class=\"kc-elm kc-css-286736 kc_shortcode kc_single_image\">\n\n        <a  href=\"https:\/\/dataworld.com\/wp-content\/uploads\/2019\/11\/dW_R14_4941-scaled.jpg\" title=\"\" target=\"\">\n        <img decoding=\"async\" src=\"https:\/\/dataworld.com\/wp-content\/uploads\/2019\/11\/dW_R14_4941-300x200.jpg\" class=\"\" alt=\"\" \/>    <\/a>\n    <\/div>\n<div class=\"kc-elm kc-css-168048 kc_shortcode kc_single_image\">\n\n        <a  href=\"https:\/\/dataworld.com\/wp-content\/uploads\/2019\/11\/dW_R14_4932-scaled.jpg\" title=\"\" target=\"\">\n        <img decoding=\"async\" src=\"https:\/\/dataworld.com\/wp-content\/uploads\/2019\/11\/dW_R14_4932-300x200.jpg\" class=\"\" alt=\"\" \/>    <\/a>\n    <\/div>\n<div class=\"kc-elm kc-css-604546 kc_shortcode kc_single_image\">\n\n        <a  href=\"https:\/\/dataworld.com\/wp-content\/uploads\/2019\/11\/dW_R14_4935-scaled.jpg\" title=\"\" target=\"\">\n        <img decoding=\"async\" src=\"https:\/\/dataworld.com\/wp-content\/uploads\/2019\/11\/dW_R14_4935-300x156.jpg\" class=\"\" alt=\"\" \/>    <\/a>\n    <\/div>\n<\/div><\/div><div id=\"logos\" class=\"kc-elm kc-css-62519 kc_tab ui-tabs-panel kc_ui-tabs-hide kc_clearfix \"><div class=\"kc_tab_content\"><div class=\"kc-elm kc-css-135772 kc_text_block\"><\/p>\n<p>\n<a href=\"https:\/\/dataworld.com\/wp-content\/uploads\/2019\/11\/Quadrat.jpg\">Logo \u00bb dW dataworld\u00bb como JPG y EPS<\/a><\/p>\n<p>\n<\/div><\/div><\/div>\t<\/div>\n<\/div>\n\n\n<div class=\"kc-elm kc-css-9532\" style=\"height: 20px; clear: both; width:100%;\"><\/div><\/div><\/div><\/div><\/div><\/section><section class=\"kc-elm kc-css-268770 kc_row\"><div class=\"kc-row-container  kc-container\"><div class=\"kc-wrap-columns\"><div class=\"kc-elm kc-css-513498 kc_col-sm-6 kc_column kc_col-sm-6\"><div class=\"kc-col-container\"><\/div><\/div><div class=\"kc-elm kc-css-441464 kc_col-sm-6 kc_column kc_col-sm-6\"><div class=\"kc-col-container\"><\/div><\/div><\/div><\/div><\/section><\/p>\n","protected":false},"excerpt":{"rendered":"","protected":false},"author":2,"featured_media":0,"parent":2767,"menu_order":0,"comment_status":"closed","ping_status":"closed","template":"","meta":{"footnotes":""},"class_list":["post-4421","page","type-page","status-publish","hentry"],"yoast_head":"<!-- This site is optimized with the Yoast SEO plugin v27.3 - https:\/\/yoast.com\/product\/yoast-seo-wordpress\/ -->\n<title>Material de prensa - dataworld<\/title>\n<meta name=\"robots\" content=\"index, follow, max-snippet:-1, max-image-preview:large, max-video-preview:-1\" \/>\n<link rel=\"canonical\" href=\"https:\/\/dataworld.com\/es\/compania\/material-de-prensa\/\" \/>\n<meta property=\"og:locale\" content=\"es_ES\" \/>\n<meta property=\"og:type\" content=\"article\" \/>\n<meta property=\"og:title\" content=\"Material de prensa - dataworld\" \/>\n<meta property=\"og:description\" content=\"MATERIAL DE PRENSA Inf\u00f3rmese sobre los art\u00edculos de dataworld Informes de prensa Fotos Logos 2021 Reportar informaci\u00f3n privilegiada SCB 21\/11 (alem\u00e1n) 2019 24.11.19 &#8211; Peri\u00f3dico dominical (alem\u00e1n)\u00a0 2018 Reportar informaci\u00f3n privilegiada SCB 18\/03 (alem\u00e1n) Reportar informaci\u00f3n privilegiada SCB 18\/03 (alem\u00e1n) Logo \u00bb dW dataworld\u00bb como JPG y EPS\" \/>\n<meta property=\"og:url\" content=\"https:\/\/dataworld.com\/es\/compania\/material-de-prensa\/\" \/>\n<meta property=\"og:site_name\" content=\"dataworld\" \/>\n<meta property=\"article:publisher\" content=\"https:\/\/www.facebook.com\/dataworldconsulting\/\" \/>\n<meta property=\"article:modified_time\" content=\"2021-11-30T09:08:09+00:00\" \/>\n<meta property=\"og:image\" content=\"https:\/\/dataworld.com\/wp-content\/uploads\/2019\/11\/3F0A1153-300x200.jpg\" \/>\n<meta name=\"twitter:card\" content=\"summary_large_image\" \/>\n<meta name=\"twitter:site\" content=\"@dW_dataworld\" \/>\n<script type=\"application\/ld+json\" class=\"yoast-schema-graph\">{\"@context\":\"https:\\\/\\\/schema.org\",\"@graph\":[{\"@type\":\"WebPage\",\"@id\":\"https:\\\/\\\/dataworld.com\\\/es\\\/compania\\\/material-de-prensa\\\/\",\"url\":\"https:\\\/\\\/dataworld.com\\\/es\\\/compania\\\/material-de-prensa\\\/\",\"name\":\"Material de prensa - dataworld\",\"isPartOf\":{\"@id\":\"https:\\\/\\\/dataworld.com\\\/es\\\/#website\"},\"primaryImageOfPage\":{\"@id\":\"https:\\\/\\\/dataworld.com\\\/es\\\/compania\\\/material-de-prensa\\\/#primaryimage\"},\"image\":{\"@id\":\"https:\\\/\\\/dataworld.com\\\/es\\\/compania\\\/material-de-prensa\\\/#primaryimage\"},\"thumbnailUrl\":\"https:\\\/\\\/dataworld.com\\\/wp-content\\\/uploads\\\/2019\\\/11\\\/3F0A1153-300x200.jpg\",\"datePublished\":\"2019-11-05T20:17:16+00:00\",\"dateModified\":\"2021-11-30T09:08:09+00:00\",\"breadcrumb\":{\"@id\":\"https:\\\/\\\/dataworld.com\\\/es\\\/compania\\\/material-de-prensa\\\/#breadcrumb\"},\"inLanguage\":\"es\",\"potentialAction\":[{\"@type\":\"ReadAction\",\"target\":[\"https:\\\/\\\/dataworld.com\\\/es\\\/compania\\\/material-de-prensa\\\/\"]}]},{\"@type\":\"ImageObject\",\"inLanguage\":\"es\",\"@id\":\"https:\\\/\\\/dataworld.com\\\/es\\\/compania\\\/material-de-prensa\\\/#primaryimage\",\"url\":\"https:\\\/\\\/dataworld.com\\\/wp-content\\\/uploads\\\/2019\\\/11\\\/3F0A1153-300x200.jpg\",\"contentUrl\":\"https:\\\/\\\/dataworld.com\\\/wp-content\\\/uploads\\\/2019\\\/11\\\/3F0A1153-300x200.jpg\"},{\"@type\":\"BreadcrumbList\",\"@id\":\"https:\\\/\\\/dataworld.com\\\/es\\\/compania\\\/material-de-prensa\\\/#breadcrumb\",\"itemListElement\":[{\"@type\":\"ListItem\",\"position\":1,\"name\":\"Home\",\"item\":\"https:\\\/\\\/dataworld.com\\\/es\\\/\"},{\"@type\":\"ListItem\",\"position\":2,\"name\":\"Compa\u00f1\u00eda\",\"item\":\"https:\\\/\\\/dataworld.com\\\/es\\\/compania\\\/\"},{\"@type\":\"ListItem\",\"position\":3,\"name\":\"Material de prensa\"}]},{\"@type\":\"WebSite\",\"@id\":\"https:\\\/\\\/dataworld.com\\\/es\\\/#website\",\"url\":\"https:\\\/\\\/dataworld.com\\\/es\\\/\",\"name\":\"dataworld\",\"description\":\"wir gestalten Ihre S4 Journey\",\"publisher\":{\"@id\":\"https:\\\/\\\/dataworld.com\\\/es\\\/#organization\"},\"potentialAction\":[{\"@type\":\"SearchAction\",\"target\":{\"@type\":\"EntryPoint\",\"urlTemplate\":\"https:\\\/\\\/dataworld.com\\\/es\\\/?s={search_term_string}\"},\"query-input\":{\"@type\":\"PropertyValueSpecification\",\"valueRequired\":true,\"valueName\":\"search_term_string\"}}],\"inLanguage\":\"es\"},{\"@type\":\"Organization\",\"@id\":\"https:\\\/\\\/dataworld.com\\\/es\\\/#organization\",\"name\":\"Data Work Consulting AG\",\"url\":\"https:\\\/\\\/dataworld.com\\\/es\\\/\",\"logo\":{\"@type\":\"ImageObject\",\"inLanguage\":\"es\",\"@id\":\"https:\\\/\\\/dataworld.com\\\/es\\\/#\\\/schema\\\/logo\\\/image\\\/\",\"url\":\"https:\\\/\\\/dataworld.com\\\/wp-content\\\/uploads\\\/2019\\\/11\\\/Quadrat.jpg\",\"contentUrl\":\"https:\\\/\\\/dataworld.com\\\/wp-content\\\/uploads\\\/2019\\\/11\\\/Quadrat.jpg\",\"width\":378,\"height\":378,\"caption\":\"Data Work Consulting AG\"},\"image\":{\"@id\":\"https:\\\/\\\/dataworld.com\\\/es\\\/#\\\/schema\\\/logo\\\/image\\\/\"},\"sameAs\":[\"https:\\\/\\\/www.facebook.com\\\/dataworldconsulting\\\/\",\"https:\\\/\\\/x.com\\\/dW_dataworld\"]}]}<\/script>\n<!-- \/ Yoast SEO plugin. -->","yoast_head_json":{"title":"Material de prensa - dataworld","robots":{"index":"index","follow":"follow","max-snippet":"max-snippet:-1","max-image-preview":"max-image-preview:large","max-video-preview":"max-video-preview:-1"},"canonical":"https:\/\/dataworld.com\/es\/compania\/material-de-prensa\/","og_locale":"es_ES","og_type":"article","og_title":"Material de prensa - dataworld","og_description":"MATERIAL DE PRENSA Inf\u00f3rmese sobre los art\u00edculos de dataworld Informes de prensa Fotos Logos 2021 Reportar informaci\u00f3n privilegiada SCB 21\/11 (alem\u00e1n) 2019 24.11.19 &#8211; Peri\u00f3dico dominical (alem\u00e1n)\u00a0 2018 Reportar informaci\u00f3n privilegiada SCB 18\/03 (alem\u00e1n) Reportar informaci\u00f3n privilegiada SCB 18\/03 (alem\u00e1n) Logo \u00bb dW dataworld\u00bb como JPG y EPS","og_url":"https:\/\/dataworld.com\/es\/compania\/material-de-prensa\/","og_site_name":"dataworld","article_publisher":"https:\/\/www.facebook.com\/dataworldconsulting\/","article_modified_time":"2021-11-30T09:08:09+00:00","og_image":[{"url":"https:\/\/dataworld.com\/wp-content\/uploads\/2019\/11\/3F0A1153-300x200.jpg","type":"","width":"","height":""}],"twitter_card":"summary_large_image","twitter_site":"@dW_dataworld","schema":{"@context":"https:\/\/schema.org","@graph":[{"@type":"WebPage","@id":"https:\/\/dataworld.com\/es\/compania\/material-de-prensa\/","url":"https:\/\/dataworld.com\/es\/compania\/material-de-prensa\/","name":"Material de prensa - dataworld","isPartOf":{"@id":"https:\/\/dataworld.com\/es\/#website"},"primaryImageOfPage":{"@id":"https:\/\/dataworld.com\/es\/compania\/material-de-prensa\/#primaryimage"},"image":{"@id":"https:\/\/dataworld.com\/es\/compania\/material-de-prensa\/#primaryimage"},"thumbnailUrl":"https:\/\/dataworld.com\/wp-content\/uploads\/2019\/11\/3F0A1153-300x200.jpg","datePublished":"2019-11-05T20:17:16+00:00","dateModified":"2021-11-30T09:08:09+00:00","breadcrumb":{"@id":"https:\/\/dataworld.com\/es\/compania\/material-de-prensa\/#breadcrumb"},"inLanguage":"es","potentialAction":[{"@type":"ReadAction","target":["https:\/\/dataworld.com\/es\/compania\/material-de-prensa\/"]}]},{"@type":"ImageObject","inLanguage":"es","@id":"https:\/\/dataworld.com\/es\/compania\/material-de-prensa\/#primaryimage","url":"https:\/\/dataworld.com\/wp-content\/uploads\/2019\/11\/3F0A1153-300x200.jpg","contentUrl":"https:\/\/dataworld.com\/wp-content\/uploads\/2019\/11\/3F0A1153-300x200.jpg"},{"@type":"BreadcrumbList","@id":"https:\/\/dataworld.com\/es\/compania\/material-de-prensa\/#breadcrumb","itemListElement":[{"@type":"ListItem","position":1,"name":"Home","item":"https:\/\/dataworld.com\/es\/"},{"@type":"ListItem","position":2,"name":"Compa\u00f1\u00eda","item":"https:\/\/dataworld.com\/es\/compania\/"},{"@type":"ListItem","position":3,"name":"Material de prensa"}]},{"@type":"WebSite","@id":"https:\/\/dataworld.com\/es\/#website","url":"https:\/\/dataworld.com\/es\/","name":"dataworld","description":"wir gestalten Ihre S4 Journey","publisher":{"@id":"https:\/\/dataworld.com\/es\/#organization"},"potentialAction":[{"@type":"SearchAction","target":{"@type":"EntryPoint","urlTemplate":"https:\/\/dataworld.com\/es\/?s={search_term_string}"},"query-input":{"@type":"PropertyValueSpecification","valueRequired":true,"valueName":"search_term_string"}}],"inLanguage":"es"},{"@type":"Organization","@id":"https:\/\/dataworld.com\/es\/#organization","name":"Data Work Consulting AG","url":"https:\/\/dataworld.com\/es\/","logo":{"@type":"ImageObject","inLanguage":"es","@id":"https:\/\/dataworld.com\/es\/#\/schema\/logo\/image\/","url":"https:\/\/dataworld.com\/wp-content\/uploads\/2019\/11\/Quadrat.jpg","contentUrl":"https:\/\/dataworld.com\/wp-content\/uploads\/2019\/11\/Quadrat.jpg","width":378,"height":378,"caption":"Data Work Consulting AG"},"image":{"@id":"https:\/\/dataworld.com\/es\/#\/schema\/logo\/image\/"},"sameAs":["https:\/\/www.facebook.com\/dataworldconsulting\/","https:\/\/x.com\/dW_dataworld"]}]}},"_links":{"self":[{"href":"https:\/\/dataworld.com\/es\/wp-json\/wp\/v2\/pages\/4421","targetHints":{"allow":["GET"]}}],"collection":[{"href":"https:\/\/dataworld.com\/es\/wp-json\/wp\/v2\/pages"}],"about":[{"href":"https:\/\/dataworld.com\/es\/wp-json\/wp\/v2\/types\/page"}],"author":[{"embeddable":true,"href":"https:\/\/dataworld.com\/es\/wp-json\/wp\/v2\/users\/2"}],"replies":[{"embeddable":true,"href":"https:\/\/dataworld.com\/es\/wp-json\/wp\/v2\/comments?post=4421"}],"version-history":[{"count":13,"href":"https:\/\/dataworld.com\/es\/wp-json\/wp\/v2\/pages\/4421\/revisions"}],"predecessor-version":[{"id":8214,"href":"https:\/\/dataworld.com\/es\/wp-json\/wp\/v2\/pages\/4421\/revisions\/8214"}],"up":[{"embeddable":true,"href":"https:\/\/dataworld.com\/es\/wp-json\/wp\/v2\/pages\/2767"}],"wp:attachment":[{"href":"https:\/\/dataworld.com\/es\/wp-json\/wp\/v2\/media?parent=4421"}],"curies":[{"name":"wp","href":"https:\/\/api.w.org\/{rel}","templated":true}]}}