{"id":7490,"date":"2020-11-17T15:26:36","date_gmt":"2020-11-17T14:26:36","guid":{"rendered":"https:\/\/dataworld.com\/?page_id=7490"},"modified":"2023-05-30T13:00:47","modified_gmt":"2023-05-30T11:00:47","slug":"sap-signature-management-by-docusign","status":"publish","type":"page","link":"https:\/\/dataworld.com\/de\/losungen\/sap-signature-management-by-docusign\/","title":{"rendered":"SAP Signature Management by DocuSign"},"content":{"rendered":"<section class=\"kc-elm kc-css-686840 kc_row\"><div class=\"kc-row-container  kc-container\"><div class=\"kc-wrap-columns\"><div class=\"kc-elm kc-css-640554 kc_col-sm-12 kc_column kc_col-sm-12\"><div class=\"kc-col-container\"><div class=\"kc-elm kc-css-456273 kc_row kc_row_inner\"><div class=\"kc-elm kc-css-92589 kc_col-sm-12 kc_column_inner kc_col-sm-12\"><div class=\"kc_wrapper kc-col-inner-container\"><div class=\"kc-elm kc-css-326006 kc-raw-code\">\n\t\t\t<!-- START DocuSign REVOLUTION SLIDER 6.7.41 --><p class=\"rs-p-wp-fix\"><\/p>\n\t\t\t<rs-module-wrap id=\"rev_slider_192_1_wrapper\" data-source=\"gallery\" style=\"visibility:hidden;background:#b3b3aa;padding:0;margin:0px auto;margin-top:0;margin-bottom:0;\">\n\t\t\t\t<rs-module id=\"rev_slider_192_1\" style=\"\" data-version=\"6.7.41\">\n\t\t\t\t\t<rs-slides style=\"overflow: hidden; position: absolute;\">\n\t\t\t\t\t\t<rs-slide style=\"position: absolute;\" data-key=\"rs-286\" data-title=\"Slide\" data-anim=\"ms:1000;r:0;\" data-in=\"o:0;\" data-out=\"a:false;\">\n\t\t\t\t\t\t\t<img decoding=\"async\" src=\"\/\/dataworld.com\/wp-content\/plugins\/revslider\/sr6\/assets\/assets\/dummy.png\" alt=\"Slide\" title=\"SAP Signature Management by DocuSign\" class=\"rev-slidebg tp-rs-img rs-lazyload\" data-lazyload=\"\/\/dataworld.com\/wp-content\/plugins\/revslider\/sr6\/assets\/assets\/transparent.png\" data-bg=\"c:#b3b3aa;\" data-no-retina>\n<!--\n\t\t\t\t\t\t\t--><rs-layer\n\t\t\t\t\t\t\t\tid=\"slider-192-slide-286-layer-0\" \n\t\t\t\t\t\t\t\tdata-type=\"text\"\n\t\t\t\t\t\t\t\tdata-rsp_ch=\"on\"\n\t\t\t\t\t\t\t\tdata-xy=\"x:c;yo:100px,82px,62px,38px;\"\n\t\t\t\t\t\t\t\tdata-text=\"w:normal;l:22,18,13,8;\"\n\t\t\t\t\t\t\t\tdata-frame_999=\"o:0;st:w;\"\n\t\t\t\t\t\t\t\tstyle=\"z-index:5;font-family:'Raleway';\"\n\t\t\t\t\t\t\t>DocuSign \n\t\t\t\t\t\t\t<\/rs-layer><!--\n\n\t\t\t\t\t\t\t--><rs-layer\n\t\t\t\t\t\t\t\tid=\"slider-192-slide-286-layer-1\" \n\t\t\t\t\t\t\t\tdata-type=\"text\"\n\t\t\t\t\t\t\t\tdata-rsp_ch=\"on\"\n\t\t\t\t\t\t\t\tdata-xy=\"x:c;yo:155px,128px,97px,59px;\"\n\t\t\t\t\t\t\t\tdata-text=\"w:normal;s:40,33,25,15;l:40,33,25,15;fw:700;a:center;\"\n\t\t\t\t\t\t\t\tdata-dim=\"w:1019px,841px,638px,403px;\"\n\t\t\t\t\t\t\t\tdata-frame_999=\"o:0;st:w;\"\n\t\t\t\t\t\t\t\tstyle=\"z-index:6;font-family:'Roboto';\"\n\t\t\t\t\t\t\t>Verbessern Sie Ihre Gesch\u00e4ftsprozesse \n\t\t\t\t\t\t\t<\/rs-layer><!--\n-->\t\t\t\t\t<\/rs-slide>\n\t\t\t\t\t<\/rs-slides>\n\t\t\t\t<\/rs-module>\n\t\t\t\t<script>\n\t\t\t\t\tsetREVStartSize({c: 'rev_slider_192_1',rl:[1240,1024,778,480],el:[300,330,251,155],gw:[1240,1024,778,480],gh:[300,330,251,155],type:'standard',justify:'',layout:'fullwidth',mh:\"0\"});if (window.RS_MODULES!==undefined && window.RS_MODULES.modules!==undefined && window.RS_MODULES.modules[\"revslider1921\"]!==undefined) {window.RS_MODULES.modules[\"revslider1921\"].once = false;window.revapi192 = undefined;if (window.RS_MODULES.checkMinimal!==undefined) window.RS_MODULES.checkMinimal()}\n\t\t\t\t<\/script>\n\t\t\t<\/rs-module-wrap>\n\t\t\t<!-- END REVOLUTION SLIDER -->\n<\/div><div class=\"kc-elm kc-css-753021\" style=\"height: 80px; clear: both; width:100%;\"><\/div><\/div><\/div><\/div><div class=\"kc-elm kc-css-188350 kc_row kc_row_inner\"><div class=\"kc-elm kc-css-429003 kc_col-sm-8 kc_column_inner kc_col-sm-8\"><div class=\"kc_wrapper kc-col-inner-container\">\n<div class=\"kc-elm kc-css-88253 kc-title-wrap \">\n\n\t<h1 class=\"kc_title\">Was ist Signature Management by DocuSign?<\/h1>\n<\/div>\n<div class=\"kc-elm kc-css-787135\" style=\"height: 20px; clear: both; width:100%;\"><\/div><div class=\"kc-elm kc-css-680724 kc_text_block\"><\/p>\n<p>\nSignature Management by DocuSign ist der globale Marktf\u00fchrer f\u00fcr elektronische Signaturen. Durch DocuSign wird jeder Genehmigungsprozess auf dem schnellsten und zuverl\u00e4ssigsten Weg zu einer einfachen digitalen Transaktion.<\/p>\n<p>Durch das Signature Management by DocuSign k\u00f6nnen Arbeiten aus der Ferne schneller und einfacher erledigt werden. Sie k\u00f6nnen von \u00fcberall und zu jeder Zeit Dokumente senden und unterschreiben. Und da es Teil der DocuSign-Vertrags-Cloud ist, k\u00f6nnen Sie diese Vorteile auch bei anderen Phasen des Vertragsprozesses nutzen, wie zum Beispiel bei der Vorbereitung und Verwaltung von Vertr\u00e4gen.<\/p>\n<p>\n<\/div><div class=\"kc-elm kc-css-997977\" style=\"height: 20px; clear: both; width:100%;\"><\/div><div class=\"kc-elm kc-css-60373 kc_shortcode kc_single_image\">\n\n        <a rel=\"prettyPhoto\" class=\"kc-pretty-photo\" href=\"https:\/\/dataworld.com\/wp-content\/uploads\/2020\/10\/DocuSign20process.png\" title=\"SAP Signature Management by DocuSign Process\" target=\"\">\n        <img decoding=\"async\" src=\"https:\/\/dataworld.com\/wp-content\/uploads\/2020\/10\/DocuSign20process.png\" class=\"\" alt=\"SAP Signature Management by DocuSign Process\" \/>    <\/a>\n    <\/div>\n<div class=\"kc-elm kc-css-353558\" style=\"height: 80px; clear: both; width:100%;\"><\/div>\n<div class=\"kc-elm kc-css-737471 kc-title-wrap \">\n\n\t<h1 class=\"kc_title\">DocuSign f\u00fcr SAP<\/h1>\n<\/div>\n<div class=\"kc-elm kc-css-761243\" style=\"height: 20px; clear: both; width:100%;\"><\/div><div class=\"kc-elm kc-css-309350 kc_text_block\"><\/p>\n<p>\nSAP arbeitet schon seit Jahren mit DocuSign als Kunde, Partner und Investor zusammen. DocuSign und SAP haben sich zusammengeschlossen, um Unternehmen jeder Gr\u00f6sse und Branche den Einstieg in die Digitalisierung zu erm\u00f6glichen. Integrationen mit Ariba Contract Management und SuccessFactors Recruiting Management erm\u00f6glicht es Kunden, SAP-Technologie mit DocuSigns Digital Transaction Management-Plattform zu vereinen. DocuSign f\u00fcr SAP, bietet eine vollst\u00e4ndig digitale Unternehmensl\u00f6sung, welche Ihre Gesch\u00e4ftsprozesse verbessert und rationalisiert, Kosten einspart, Risiken verringert und verbesserte Compliance bietet.<\/p>\n<p>\n<\/div><div class=\"kc-elm kc-css-501362\" style=\"height: 80px; clear: both; width:100%;\"><\/div>\n<div class=\"kc-elm kc-css-469453 kc-title-wrap \">\n\n\t<h1 class=\"kc_title\">Ihre Vorteile auf einen Blick<\/h1>\n<\/div>\n<div class=\"kc-elm kc-css-994283\" style=\"height: 40px; clear: both; width:100%;\"><\/div><div class=\"kc-elm kc_row kc_row_inner\"><div class=\"kc-elm kc_col-sm-1 kc_column_inner kc_col-sm-1\"><div class=\"kc_wrapper kc-col-inner-container\"><div class=\"kc-elm kc-css-359297 kc-icon-wrapper\">\n\t\t<i class=\"et-magnifying-glass\"><\/i>\n\t<\/div>\n<div class=\"kc-elm kc-css-984602\" style=\"height: 20px; clear: both; width:100%;\"><\/div><div class=\"kc-elm kc-css-842998 kc_text_block\"><\/p>\n<p style=\"text-align: center;\">Vollst\u00e4ndig digitaler Pr\u00fcfpfad f\u00fcr die Einhaltung von Vorschriften und rechtliche Durchsetzbarkeit<\/p>\n<p>\n<\/div><div class=\"kc-elm kc-css-155340\" style=\"height: 40px; clear: both; width:100%;\"><\/div><\/div><\/div><div class=\"kc-elm kc_col-sm-1 kc_column_inner kc_col-sm-1\"><div class=\"kc_wrapper kc-col-inner-container\"><div class=\"kc-elm kc-css-159031 kc-icon-wrapper\">\n\t\t<i class=\"et-presentation\"><\/i>\n\t<\/div>\n<div class=\"kc-elm kc-css-382030\" style=\"height: 20px; clear: both; width:100%;\"><\/div><div class=\"kc-elm kc-css-308674 kc_text_block\"><\/p>\n<p style=\"text-align: center;\">Transparenz des Dokumentenstatus und leistungsf\u00e4higes Reporting<\/p>\n<p>\n<\/div><div class=\"kc-elm kc-css-202138\" style=\"height: 40px; clear: both; width:100%;\"><\/div><\/div><\/div><div class=\"kc-elm kc_col-sm-1 kc_column_inner kc_col-sm-1\"><div class=\"kc_wrapper kc-col-inner-container\"><div class=\"kc-elm kc-css-392298 kc-icon-wrapper\">\n\t\t<i class=\"et-lock\"><\/i>\n\t<\/div>\n<div class=\"kc-elm kc-css-317500\" style=\"height: 20px; clear: both; width:100%;\"><\/div><div class=\"kc-elm kc-css-144608 kc_text_block\"><\/p>\n<p style=\"text-align: center;\">St\u00e4rkste Verschl\u00fcsselungsstandards und strenge Sicherheitszertifizierungen<\/p>\n<p>\n<\/div><div class=\"kc-elm kc-css-11325\" style=\"height: 40px; clear: both; width:100%;\"><\/div><\/div><\/div><\/div><div class=\"kc-elm kc_row kc_row_inner\"><div class=\"kc-elm kc_col-sm-1 kc_column_inner kc_col-sm-1\"><div class=\"kc_wrapper kc-col-inner-container\"><div class=\"kc-elm kc-css-184928 kc-icon-wrapper\">\n\t\t<i class=\"et-gears\"><\/i>\n\t<\/div>\n<div class=\"kc-elm kc-css-90403\" style=\"height: 20px; clear: both; width:100%;\"><\/div><div class=\"kc-elm kc-css-218900 kc_text_block\"><\/p>\n<p style=\"text-align: center;\">Flexible, mobile Workflows unterst\u00fctzen nahezu jedes Vereinbarungs- oder Genehmigungsverfahren<\/p>\n<p>\n<\/div><div class=\"kc-elm kc-css-72114\" style=\"height: 40px; clear: both; width:100%;\"><\/div><\/div><\/div><div class=\"kc-elm kc_col-sm-1 kc_column_inner kc_col-sm-1\"><div class=\"kc_wrapper kc-col-inner-container\"><div class=\"kc-elm kc-css-342261 kc-icon-wrapper\">\n\t\t<i class=\"et-global\"><\/i>\n\t<\/div>\n<div class=\"kc-elm kc-css-376792\" style=\"height: 20px; clear: both; width:100%;\"><\/div><div class=\"kc-elm kc-css-669336 kc_text_block\"><\/p>\n<p style=\"text-align: center;\">Globale Architektur, die bereit ist, \u00fcberall Gesch\u00e4fte zu machen<\/p>\n<p>\n<\/div><div class=\"kc-elm kc-css-803013\" style=\"height: 40px; clear: both; width:100%;\"><\/div><\/div><\/div><div class=\"kc-elm kc_col-sm-1 kc_column_inner kc_col-sm-1\"><div class=\"kc_wrapper kc-col-inner-container\"><div class=\"kc-elm kc-css-933301 kc-icon-wrapper\">\n\t\t<i class=\"et-search\"><\/i>\n\t<\/div>\n<div class=\"kc-elm kc-css-979836\" style=\"height: 20px; clear: both; width:100%;\"><\/div><div class=\"kc-elm kc-css-546318 kc_text_block\"><\/p>\n<p style=\"text-align: center;\">Sichtbarkeit und Kontrolle \u00fcber alle Ihre Konten und Benutzer<\/p>\n<p>\n<\/div><div class=\"kc-elm kc-css-779341\" style=\"height: 40px; clear: both; width:100%;\"><\/div><\/div><\/div><\/div><div class=\"kc-elm kc-css-226950\" style=\"height: 40px; clear: both; width:100%;\"><\/div>\n<div class=\"kc-elm kc-css-366054 kc-title-wrap \">\n\n\t<h1 class=\"kc_title\">Wie funktioniert DocuSign?<\/h1>\n<\/div>\n<div class=\"kc-elm kc-css-460331\" style=\"height: 20px; clear: both; width:100%;\"><\/div><div class=\"kc-elm kc-css-175907 kc_text_block\"><\/p>\n<p>\n<strong>Dokumente vorbereiten und Arbeitsprozesse definieren<\/strong><\/p>\n<p>Mit DocuSign k\u00f6nnen Sie auf einfache Weise Vertr\u00e4ge unter Verwendung Ihrer vorhandenen Dokumente und Daten aus anderen Systemen vorbereiten &#8211; ohne dass Sie neue Formulare erstellen oder Daten neu eingeben m\u00fcssen. Flexible Workflow-Funktionen erm\u00f6glichen es Ihnen, Vereinbarungen mit den richtigen Personen in der richtigen Reihenfolge auszutauschen und Rollen f\u00fcr jeden Empf\u00e4nger zu definieren, wodurch ein fr\u00fcher langsamer und manueller Prozess automatisiert wird.<\/p>\n<p><strong>Transaktionen einfach und sicher durchf\u00fchren<\/strong><\/p>\n<p>DocuSign stellt sicher, dass die Unterzeichner die sind, von denen Sie sagen, dass Sie fortgeschrittene Authentifizierungsmethoden verwenden, die Ihren Bed\u00fcrfnissen entsprechen. Ihre Kunden k\u00f6nnen von praktisch jedem Ger\u00e4t aus in 43 Sprachen schnell rechtsverbindliche Vertr\u00e4ge unterschreiben und gleichzeitig andere wichtige Daten wie Telefonnummer oder Kreditkarte angeben, um die Transaktion abzuschliessen. Dar\u00fcber hinaus k\u00f6nnen Sie all diese Prozesse \u00fcber Ihre Teams oder Ihr gesamtes Unternehmen hinweg standardisieren und skalieren.<\/p>\n<p><strong>Management des Genehmigungsprozesses mit vollst\u00e4ndiger Transparenz<\/strong><\/p>\n<p>Mit DocuSign erhalten Sie sofortigen Einblick in den Status jeder digitalen Vereinbarung und volle Berichtsfunktionalit\u00e4t in Ihrem Unternehmen. Sogar die Verwaltung mehrerer Konten, Benutzer und Berechtigungen ist problemlos m\u00f6glich. Bewahren Sie Dokumente und Daten sicher in der DocuSign-Cloud auf oder \u00fcbertragen Sie sie auf Ihre eigenen Systeme mit den vollst\u00e4ndigen digitalen Pr\u00fcfpfaden, um die Konformit\u00e4t sicherzustellen und die G\u00fcltigkeit und rechtliche Durchsetzbarkeit aller Transaktionen zu best\u00e4tigen.<\/p>\n<p>\n<\/div><\/div><\/div><div class=\"kc-elm kc-css-922484 kc_col-sm-4 kc_column_inner kc_col-sm-4\"><div class=\"kc_wrapper kc-col-inner-container\"><div class=\"kc-elm kc-css-207583 kc_text_block\"><\/p>\n<h2><strong>\u00a0Ismael Hares<\/strong><\/h2>\n<p><img loading=\"lazy\" decoding=\"async\" class=\"alignnone size-medium\" src=\"https:\/\/dataworld.com\/wp-content\/uploads\/2022\/08\/iha_website_v1.2.jpg\" alt=\"\" width=\"865\" height=\"579\" \/><\/p>\n<p style=\"text-align: left;\">Kontaktieren Sie mich f\u00fcr Ideen und Inspiration auf dem Weg zu neuen digitalen Gesch\u00e4ftsfeldern:<\/p>\n<p style=\"text-align: left;\">\u00a0t <span style=\"font-style: inherit;\">+49 89 205 095 920\u00a0 <a href=\"http:\/\/linkedin.com\/in\/ismaelhares\" target=\"_blank\" rel=\"noopener\"><span class=\"ui-provider gr b c d e f g h i j k l m n o p q r s t u v w x y z ab ac ae af ag ah ai aj ak\" dir=\"ltr\">\u00a0linkedin.com\/in\/ismaelhares<\/span><\/a><\/span><span style=\"font-style: inherit;\">\u00a0 \u00a0 \u00a0 \u00a0 \u00a0 \u00a0 \u00a0 \u00a0 \u00a0 \u00a0 \u00a0 \u00a0 \u00a0\u00a0<\/span><\/p>\n<p>\n<\/div><\/div><\/div><\/div><\/div><\/div><\/div><\/div><\/section>\n","protected":false},"excerpt":{"rendered":"","protected":false},"author":7,"featured_media":0,"parent":2330,"menu_order":0,"comment_status":"closed","ping_status":"closed","template":"","meta":{"footnotes":""},"class_list":["post-7490","page","type-page","status-publish","hentry"],"yoast_head":"<!-- This site is optimized with the Yoast SEO plugin v27.4 - https:\/\/yoast.com\/product\/yoast-seo-wordpress\/ -->\n<title>SAP Signature Management by DocuSign - dataworld<\/title>\n<meta name=\"description\" content=\"Durch DocuSign wird jeder Genehmigungsprozess auf dem schnellsten und zuverl\u00e4ssigsten Weg zu einer einfachen digitalen Transaktion.\" \/>\n<meta name=\"robots\" content=\"index, follow, max-snippet:-1, max-image-preview:large, max-video-preview:-1\" \/>\n<link rel=\"canonical\" href=\"https:\/\/dataworld.com\/de\/losungen\/sap-signature-management-by-docusign\/\" \/>\n<meta property=\"og:locale\" content=\"de_DE\" \/>\n<meta property=\"og:type\" content=\"article\" \/>\n<meta property=\"og:title\" content=\"SAP Signature Management by DocuSign - dataworld\" \/>\n<meta property=\"og:description\" content=\"Durch DocuSign wird jeder Genehmigungsprozess auf dem schnellsten und zuverl\u00e4ssigsten Weg zu einer einfachen digitalen Transaktion.\" \/>\n<meta property=\"og:url\" content=\"https:\/\/dataworld.com\/de\/losungen\/sap-signature-management-by-docusign\/\" \/>\n<meta property=\"og:site_name\" content=\"dataworld\" \/>\n<meta property=\"article:publisher\" content=\"https:\/\/www.facebook.com\/dataworldconsulting\/\" \/>\n<meta property=\"article:modified_time\" content=\"2023-05-30T11:00:47+00:00\" \/>\n<meta property=\"og:image\" content=\"https:\/\/dataworld.com\/wp-content\/uploads\/2020\/10\/DocuSign20process.png\" \/>\n<meta name=\"twitter:card\" content=\"summary_large_image\" \/>\n<meta name=\"twitter:site\" content=\"@dW_dataworld\" \/>\n<meta name=\"twitter:label1\" content=\"Gesch\u00e4tzte Lesezeit\" \/>\n\t<meta name=\"twitter:data1\" content=\"4\u00a0Minuten\" \/>\n<script type=\"application\/ld+json\" class=\"yoast-schema-graph\">{\"@context\":\"https:\\\/\\\/schema.org\",\"@graph\":[{\"@type\":\"WebPage\",\"@id\":\"https:\\\/\\\/dataworld.com\\\/de\\\/losungen\\\/sap-signature-management-by-docusign\\\/\",\"url\":\"https:\\\/\\\/dataworld.com\\\/de\\\/losungen\\\/sap-signature-management-by-docusign\\\/\",\"name\":\"SAP Signature Management by DocuSign - dataworld\",\"isPartOf\":{\"@id\":\"https:\\\/\\\/dataworld.com\\\/de\\\/#website\"},\"primaryImageOfPage\":{\"@id\":\"https:\\\/\\\/dataworld.com\\\/de\\\/losungen\\\/sap-signature-management-by-docusign\\\/#primaryimage\"},\"image\":{\"@id\":\"https:\\\/\\\/dataworld.com\\\/de\\\/losungen\\\/sap-signature-management-by-docusign\\\/#primaryimage\"},\"thumbnailUrl\":\"https:\\\/\\\/dataworld.com\\\/wp-content\\\/uploads\\\/2020\\\/10\\\/DocuSign20process.png\",\"datePublished\":\"2020-11-17T14:26:36+00:00\",\"dateModified\":\"2023-05-30T11:00:47+00:00\",\"description\":\"Durch DocuSign wird jeder Genehmigungsprozess auf dem schnellsten und zuverl\u00e4ssigsten Weg zu einer einfachen digitalen Transaktion.\",\"breadcrumb\":{\"@id\":\"https:\\\/\\\/dataworld.com\\\/de\\\/losungen\\\/sap-signature-management-by-docusign\\\/#breadcrumb\"},\"inLanguage\":\"de\",\"potentialAction\":[{\"@type\":\"ReadAction\",\"target\":[\"https:\\\/\\\/dataworld.com\\\/de\\\/losungen\\\/sap-signature-management-by-docusign\\\/\"]}]},{\"@type\":\"ImageObject\",\"inLanguage\":\"de\",\"@id\":\"https:\\\/\\\/dataworld.com\\\/de\\\/losungen\\\/sap-signature-management-by-docusign\\\/#primaryimage\",\"url\":\"https:\\\/\\\/dataworld.com\\\/wp-content\\\/uploads\\\/2020\\\/10\\\/DocuSign20process.png\",\"contentUrl\":\"https:\\\/\\\/dataworld.com\\\/wp-content\\\/uploads\\\/2020\\\/10\\\/DocuSign20process.png\"},{\"@type\":\"BreadcrumbList\",\"@id\":\"https:\\\/\\\/dataworld.com\\\/de\\\/losungen\\\/sap-signature-management-by-docusign\\\/#breadcrumb\",\"itemListElement\":[{\"@type\":\"ListItem\",\"position\":1,\"name\":\"Home\",\"item\":\"https:\\\/\\\/dataworld.com\\\/de\\\/\"},{\"@type\":\"ListItem\",\"position\":2,\"name\":\"L\u00f6sungen\",\"item\":\"https:\\\/\\\/dataworld.com\\\/de\\\/losungen\\\/\"},{\"@type\":\"ListItem\",\"position\":3,\"name\":\"SAP Signature Management by DocuSign\"}]},{\"@type\":\"WebSite\",\"@id\":\"https:\\\/\\\/dataworld.com\\\/de\\\/#website\",\"url\":\"https:\\\/\\\/dataworld.com\\\/de\\\/\",\"name\":\"dataworld\",\"description\":\"wir gestalten Ihre S4 Journey\",\"publisher\":{\"@id\":\"https:\\\/\\\/dataworld.com\\\/de\\\/#organization\"},\"potentialAction\":[{\"@type\":\"SearchAction\",\"target\":{\"@type\":\"EntryPoint\",\"urlTemplate\":\"https:\\\/\\\/dataworld.com\\\/de\\\/?s={search_term_string}\"},\"query-input\":{\"@type\":\"PropertyValueSpecification\",\"valueRequired\":true,\"valueName\":\"search_term_string\"}}],\"inLanguage\":\"de\"},{\"@type\":\"Organization\",\"@id\":\"https:\\\/\\\/dataworld.com\\\/de\\\/#organization\",\"name\":\"Data Work Consulting AG\",\"url\":\"https:\\\/\\\/dataworld.com\\\/de\\\/\",\"logo\":{\"@type\":\"ImageObject\",\"inLanguage\":\"de\",\"@id\":\"https:\\\/\\\/dataworld.com\\\/de\\\/#\\\/schema\\\/logo\\\/image\\\/\",\"url\":\"https:\\\/\\\/dataworld.com\\\/wp-content\\\/uploads\\\/2019\\\/11\\\/Quadrat.jpg\",\"contentUrl\":\"https:\\\/\\\/dataworld.com\\\/wp-content\\\/uploads\\\/2019\\\/11\\\/Quadrat.jpg\",\"width\":378,\"height\":378,\"caption\":\"Data Work Consulting AG\"},\"image\":{\"@id\":\"https:\\\/\\\/dataworld.com\\\/de\\\/#\\\/schema\\\/logo\\\/image\\\/\"},\"sameAs\":[\"https:\\\/\\\/www.facebook.com\\\/dataworldconsulting\\\/\",\"https:\\\/\\\/x.com\\\/dW_dataworld\"]}]}<\/script>\n<!-- \/ Yoast SEO plugin. -->","yoast_head_json":{"title":"SAP Signature Management by DocuSign - dataworld","description":"Durch DocuSign wird jeder Genehmigungsprozess auf dem schnellsten und zuverl\u00e4ssigsten Weg zu einer einfachen digitalen Transaktion.","robots":{"index":"index","follow":"follow","max-snippet":"max-snippet:-1","max-image-preview":"max-image-preview:large","max-video-preview":"max-video-preview:-1"},"canonical":"https:\/\/dataworld.com\/de\/losungen\/sap-signature-management-by-docusign\/","og_locale":"de_DE","og_type":"article","og_title":"SAP Signature Management by DocuSign - dataworld","og_description":"Durch DocuSign wird jeder Genehmigungsprozess auf dem schnellsten und zuverl\u00e4ssigsten Weg zu einer einfachen digitalen Transaktion.","og_url":"https:\/\/dataworld.com\/de\/losungen\/sap-signature-management-by-docusign\/","og_site_name":"dataworld","article_publisher":"https:\/\/www.facebook.com\/dataworldconsulting\/","article_modified_time":"2023-05-30T11:00:47+00:00","og_image":[{"url":"https:\/\/dataworld.com\/wp-content\/uploads\/2020\/10\/DocuSign20process.png","type":"","width":"","height":""}],"twitter_card":"summary_large_image","twitter_site":"@dW_dataworld","twitter_misc":{"Gesch\u00e4tzte Lesezeit":"4\u00a0Minuten"},"schema":{"@context":"https:\/\/schema.org","@graph":[{"@type":"WebPage","@id":"https:\/\/dataworld.com\/de\/losungen\/sap-signature-management-by-docusign\/","url":"https:\/\/dataworld.com\/de\/losungen\/sap-signature-management-by-docusign\/","name":"SAP Signature Management by DocuSign - dataworld","isPartOf":{"@id":"https:\/\/dataworld.com\/de\/#website"},"primaryImageOfPage":{"@id":"https:\/\/dataworld.com\/de\/losungen\/sap-signature-management-by-docusign\/#primaryimage"},"image":{"@id":"https:\/\/dataworld.com\/de\/losungen\/sap-signature-management-by-docusign\/#primaryimage"},"thumbnailUrl":"https:\/\/dataworld.com\/wp-content\/uploads\/2020\/10\/DocuSign20process.png","datePublished":"2020-11-17T14:26:36+00:00","dateModified":"2023-05-30T11:00:47+00:00","description":"Durch DocuSign wird jeder Genehmigungsprozess auf dem schnellsten und zuverl\u00e4ssigsten Weg zu einer einfachen digitalen Transaktion.","breadcrumb":{"@id":"https:\/\/dataworld.com\/de\/losungen\/sap-signature-management-by-docusign\/#breadcrumb"},"inLanguage":"de","potentialAction":[{"@type":"ReadAction","target":["https:\/\/dataworld.com\/de\/losungen\/sap-signature-management-by-docusign\/"]}]},{"@type":"ImageObject","inLanguage":"de","@id":"https:\/\/dataworld.com\/de\/losungen\/sap-signature-management-by-docusign\/#primaryimage","url":"https:\/\/dataworld.com\/wp-content\/uploads\/2020\/10\/DocuSign20process.png","contentUrl":"https:\/\/dataworld.com\/wp-content\/uploads\/2020\/10\/DocuSign20process.png"},{"@type":"BreadcrumbList","@id":"https:\/\/dataworld.com\/de\/losungen\/sap-signature-management-by-docusign\/#breadcrumb","itemListElement":[{"@type":"ListItem","position":1,"name":"Home","item":"https:\/\/dataworld.com\/de\/"},{"@type":"ListItem","position":2,"name":"L\u00f6sungen","item":"https:\/\/dataworld.com\/de\/losungen\/"},{"@type":"ListItem","position":3,"name":"SAP Signature Management by DocuSign"}]},{"@type":"WebSite","@id":"https:\/\/dataworld.com\/de\/#website","url":"https:\/\/dataworld.com\/de\/","name":"dataworld","description":"wir gestalten Ihre S4 Journey","publisher":{"@id":"https:\/\/dataworld.com\/de\/#organization"},"potentialAction":[{"@type":"SearchAction","target":{"@type":"EntryPoint","urlTemplate":"https:\/\/dataworld.com\/de\/?s={search_term_string}"},"query-input":{"@type":"PropertyValueSpecification","valueRequired":true,"valueName":"search_term_string"}}],"inLanguage":"de"},{"@type":"Organization","@id":"https:\/\/dataworld.com\/de\/#organization","name":"Data Work Consulting AG","url":"https:\/\/dataworld.com\/de\/","logo":{"@type":"ImageObject","inLanguage":"de","@id":"https:\/\/dataworld.com\/de\/#\/schema\/logo\/image\/","url":"https:\/\/dataworld.com\/wp-content\/uploads\/2019\/11\/Quadrat.jpg","contentUrl":"https:\/\/dataworld.com\/wp-content\/uploads\/2019\/11\/Quadrat.jpg","width":378,"height":378,"caption":"Data Work Consulting AG"},"image":{"@id":"https:\/\/dataworld.com\/de\/#\/schema\/logo\/image\/"},"sameAs":["https:\/\/www.facebook.com\/dataworldconsulting\/","https:\/\/x.com\/dW_dataworld"]}]}},"_links":{"self":[{"href":"https:\/\/dataworld.com\/de\/wp-json\/wp\/v2\/pages\/7490","targetHints":{"allow":["GET"]}}],"collection":[{"href":"https:\/\/dataworld.com\/de\/wp-json\/wp\/v2\/pages"}],"about":[{"href":"https:\/\/dataworld.com\/de\/wp-json\/wp\/v2\/types\/page"}],"author":[{"embeddable":true,"href":"https:\/\/dataworld.com\/de\/wp-json\/wp\/v2\/users\/7"}],"replies":[{"embeddable":true,"href":"https:\/\/dataworld.com\/de\/wp-json\/wp\/v2\/comments?post=7490"}],"version-history":[{"count":7,"href":"https:\/\/dataworld.com\/de\/wp-json\/wp\/v2\/pages\/7490\/revisions"}],"predecessor-version":[{"id":9863,"href":"https:\/\/dataworld.com\/de\/wp-json\/wp\/v2\/pages\/7490\/revisions\/9863"}],"up":[{"embeddable":true,"href":"https:\/\/dataworld.com\/de\/wp-json\/wp\/v2\/pages\/2330"}],"wp:attachment":[{"href":"https:\/\/dataworld.com\/de\/wp-json\/wp\/v2\/media?parent=7490"}],"curies":[{"name":"wp","href":"https:\/\/api.w.org\/{rel}","templated":true}]}}