{"id":7468,"date":"2021-04-01T11:15:28","date_gmt":"2021-04-01T09:15:28","guid":{"rendered":"https:\/\/dataworld.com\/?page_id=7468"},"modified":"2023-05-30T11:30:05","modified_gmt":"2023-05-30T09:30:05","slug":"loesungsdokumentation","status":"publish","type":"page","link":"https:\/\/dataworld.com\/de\/losungen\/sap-solution-manager\/loesungsdokumentation\/","title":{"rendered":"L\u00f6sungsdokumentation"},"content":{"rendered":"<p><section class=\"kc-elm kc-css-655416 kc_row\"><div class=\"kc-row-container  kc-container\"><div class=\"kc-wrap-columns\"><div class=\"kc-elm kc-css-629990 kc_col-sm-12 kc_column kc_col-sm-12\"><div class=\"kc-col-container\"><div class=\"kc-elm kc-css-538257 kc-raw-code\">\n\t\t\t<!-- START L\u00f6sungsdokumentation REVOLUTION SLIDER 6.7.41 --><p class=\"rs-p-wp-fix\"><\/p>\n\t\t\t<rs-module-wrap id=\"rev_slider_197_1_wrapper\" data-source=\"gallery\" style=\"visibility:hidden;background:#b3b3aa;padding:0;margin:0px auto;margin-top:0;margin-bottom:0;\">\n\t\t\t\t<rs-module id=\"rev_slider_197_1\" style=\"\" data-version=\"6.7.41\">\n\t\t\t\t\t<rs-slides style=\"overflow: hidden; position: absolute;\">\n\t\t\t\t\t\t<rs-slide style=\"position: absolute;\" data-key=\"rs-294\" data-title=\"Slide\" data-anim=\"ms:1000;r:0;\" data-in=\"o:0;\" data-out=\"a:false;\">\n\t\t\t\t\t\t\t<img decoding=\"async\" src=\"\/\/dataworld.com\/wp-content\/plugins\/revslider\/sr6\/assets\/assets\/dummy.png\" alt=\"Slide\" title=\"L\u00f6sungsdokumentation\" class=\"rev-slidebg tp-rs-img rs-lazyload\" data-lazyload=\"\/\/dataworld.com\/wp-content\/plugins\/revslider\/sr6\/assets\/assets\/transparent.png\" data-bg=\"c:#b3b3aa;\" data-no-retina>\n<!--\n\t\t\t\t\t\t\t--><rs-layer\n\t\t\t\t\t\t\t\tid=\"slider-197-slide-294-layer-0\" \n\t\t\t\t\t\t\t\tdata-type=\"text\"\n\t\t\t\t\t\t\t\tdata-rsp_ch=\"on\"\n\t\t\t\t\t\t\t\tdata-xy=\"x:c;yo:100px,82px,62px,38px;\"\n\t\t\t\t\t\t\t\tdata-text=\"w:normal;l:22,18,13,8;\"\n\t\t\t\t\t\t\t\tdata-frame_999=\"o:0;st:w;\"\n\t\t\t\t\t\t\t\tstyle=\"z-index:5;font-family:'Raleway';\"\n\t\t\t\t\t\t\t>L\u00f6sungsdokumentation im SAP Solution Manager \n\t\t\t\t\t\t\t<\/rs-layer><!--\n\n\t\t\t\t\t\t\t--><rs-layer\n\t\t\t\t\t\t\t\tid=\"slider-197-slide-294-layer-1\" \n\t\t\t\t\t\t\t\tdata-type=\"text\"\n\t\t\t\t\t\t\t\tdata-rsp_ch=\"on\"\n\t\t\t\t\t\t\t\tdata-xy=\"x:c;yo:155px,128px,97px,59px;\"\n\t\t\t\t\t\t\t\tdata-text=\"w:normal;s:40,33,25,15;l:40,33,25,15;fw:700;a:center;\"\n\t\t\t\t\t\t\t\tdata-dim=\"w:1019px,841px,638px,403px;\"\n\t\t\t\t\t\t\t\tdata-frame_999=\"o:0;st:w;\"\n\t\t\t\t\t\t\t\tstyle=\"z-index:6;font-family:'Roboto';\"\n\t\t\t\t\t\t\t>F\u00fcr eine transparente L\u00f6sungslandschaft und Gesch\u00e4ftsprozesse \n\t\t\t\t\t\t\t<\/rs-layer><!--\n-->\t\t\t\t\t<\/rs-slide>\n\t\t\t\t\t<\/rs-slides>\n\t\t\t\t<\/rs-module>\n\t\t\t\t<script>\n\t\t\t\t\tsetREVStartSize({c: 'rev_slider_197_1',rl:[1240,1024,778,480],el:[300,330,251,155],gw:[1240,1024,778,480],gh:[300,330,251,155],type:'standard',justify:'',layout:'fullwidth',mh:\"0\"});if (window.RS_MODULES!==undefined && window.RS_MODULES.modules!==undefined && window.RS_MODULES.modules[\"revslider1971\"]!==undefined) {window.RS_MODULES.modules[\"revslider1971\"].once = false;window.revapi197 = undefined;if (window.RS_MODULES.checkMinimal!==undefined) window.RS_MODULES.checkMinimal()}\n\t\t\t\t<\/script>\n\t\t\t<\/rs-module-wrap>\n\t\t\t<!-- END REVOLUTION SLIDER -->\n<\/div><div class=\"kc-elm kc-css-14727\" style=\"height: 80px; clear: both; width:100%;\"><\/div><div class=\"kc-elm kc-css-273033 kc_row kc_row_inner\"><div class=\"kc-elm kc-css-341787 kc_col-sm-8 kc_column_inner kc_col-sm-8\"><div class=\"kc_wrapper kc-col-inner-container\">\n<div class=\"kc-elm kc-css-442416 kc-title-wrap \">\n\n\t<h1 class=\"kc_title\">L\u00f6sungsdokumentation im SAP Solution Manager<\/h1>\n<\/div>\n<div class=\"kc-elm kc-css-486381\" style=\"height: 20px; clear: both; width:100%;\"><\/div><div class=\"kc-elm kc-css-205911 kc_text_block\"><\/p>\n<p>\nDie L\u00f6sungsdokumentation, bestehend aus der technischen Landschafts- und Gesch\u00e4ftsdokumentation, ist die Grundlage f\u00fcr alle anderen Fuktionen des SAP Solution Managers. Die Dokumentation beschreibt die technischen Komponenten, egal ob SAP oder Nicht-SAP, die Kerngesch\u00e4ftsprozesse und Schnittstellen. Die L\u00f6sungsdokumentation macht die L\u00f6sungslandschaft und Gesch\u00e4ftsprozesse transparent und sch\u00f6pft das Potenzial von SAP Enterprise Support voll aus.<\/p>\n<p>\n<\/div><div class=\"kc-elm kc-css-245879\" style=\"height: 20px; clear: both; width:100%;\"><\/div><div class=\"kc-elm kc-css-683927 kc_shortcode kc_single_image\">\n\n        <a rel=\"prettyPhoto\" class=\"kc-pretty-photo\" href=\"https:\/\/dataworld.com\/wp-content\/uploads\/2020\/11\/losungsdokumentation.png\" title=\"L\u00f6sungsdokumentation im SAP Solution Manager\" target=\"\">\n        <img decoding=\"async\" src=\"https:\/\/dataworld.com\/wp-content\/uploads\/2020\/11\/losungsdokumentation.png\" class=\"\" alt=\"L\u00f6sungsdokumentation im SAP Solution Manager\" \/>    <\/a>\n    <\/div>\n<div class=\"kc-elm kc-css-944248\" style=\"height: 80px; clear: both; width:100%;\"><\/div>\n<div class=\"kc-elm kc-css-584643 kc-title-wrap \">\n\n\t<h1 class=\"kc_title\">Ihre Vorteile auf einen Blick<\/h1>\n<\/div>\n<div class=\"kc-elm kc-css-219154\" style=\"height: 40px; clear: both; width:100%;\"><\/div><div class=\"kc-elm kc_row kc_row_inner\"><div class=\"kc-elm kc_col-sm-1 kc_column_inner kc_col-sm-1\"><div class=\"kc_wrapper kc-col-inner-container\"><div class=\"kc-elm kc-css-683423 kc-icon-wrapper\">\n\t\t<i class=\"et-aperture\"><\/i>\n\t<\/div>\n<div class=\"kc-elm kc-css-61012\" style=\"height: 20px; clear: both; width:100%;\"><\/div><div class=\"kc-elm kc-css-97680 kc_text_block\"><\/p>\n<p style=\"text-align: center;\">Transparente L\u00f6sungslandschaft und Gesch\u00e4ftsprozesse<\/p>\n<p>\n<\/div><div class=\"kc-elm kc-css-791742\" style=\"height: 40px; clear: both; width:100%;\"><\/div><\/div><\/div><div class=\"kc-elm kc_col-sm-1 kc_column_inner kc_col-sm-1\"><div class=\"kc_wrapper kc-col-inner-container\"><div class=\"kc-elm kc-css-769100 kc-icon-wrapper\">\n\t\t<i class=\"et-tools\"><\/i>\n\t<\/div>\n<div class=\"kc-elm kc-css-822710\" style=\"height: 20px; clear: both; width:100%;\"><\/div><div class=\"kc-elm kc-css-146543 kc_text_block\"><\/p>\n<p style=\"text-align: center;\">Dokumentation von verwandten System- und Softwarekomponenten<\/p>\n<p>\n<\/div><div class=\"kc-elm kc-css-27563\" style=\"height: 40px; clear: both; width:100%;\"><\/div><\/div><\/div><div class=\"kc-elm kc_col-sm-1 kc_column_inner kc_col-sm-1\"><div class=\"kc_wrapper kc-col-inner-container\"><div class=\"kc-elm kc-css-65606 kc-icon-wrapper\">\n\t\t<i class=\"et-speedometer\"><\/i>\n\t<\/div>\n<div class=\"kc-elm kc-css-749004\" style=\"height: 20px; clear: both; width:100%;\"><\/div><div class=\"kc-elm kc-css-531913 kc_text_block\"><\/p>\n<p style=\"text-align: center;\">Beschleunigt IT-Aktivit\u00e4ten und verbessert deren Ergebnisse<\/p>\n<p>\n<\/div><div class=\"kc-elm kc-css-113729\" style=\"height: 40px; clear: both; width:100%;\"><\/div><\/div><\/div><\/div><div class=\"kc-elm kc_row kc_row_inner\"><div class=\"kc-elm kc_col-sm-1 kc_column_inner kc_col-sm-1\"><div class=\"kc_wrapper kc-col-inner-container\"><div class=\"kc-elm kc-css-4737 kc-icon-wrapper\">\n\t\t<i class=\"et-map\"><\/i>\n\t<\/div>\n<div class=\"kc-elm kc-css-578574\" style=\"height: 20px; clear: both; width:100%;\"><\/div><div class=\"kc-elm kc-css-360388 kc_text_block\"><\/p>\n<p style=\"text-align: center;\">Dokumentation von Kerngesch\u00e4ftsprozessen<\/p>\n<p>\n<\/div><div class=\"kc-elm kc-css-459111\" style=\"height: 40px; clear: both; width:100%;\"><\/div><\/div><\/div><div class=\"kc-elm kc_col-sm-1 kc_column_inner kc_col-sm-1\"><div class=\"kc_wrapper kc-col-inner-container\"><div class=\"kc-elm kc-css-84168 kc-icon-wrapper\">\n\t\t<i class=\"et-document\"><\/i>\n\t<\/div>\n<div class=\"kc-elm kc-css-891410\" style=\"height: 20px; clear: both; width:100%;\"><\/div><div class=\"kc-elm kc-css-59404 kc_text_block\"><\/p>\n<p style=\"text-align: center;\">Dokumentation von verwandten technischen Objekten wie Transaktionen, Programme, kundenspezifische Codes, Hintergrundjobs und Schnittstellen<\/p>\n<p>\n<\/div><div class=\"kc-elm kc-css-593803\" style=\"height: 40px; clear: both; width:100%;\"><\/div><\/div><\/div><div class=\"kc-elm kc_col-sm-1 kc_column_inner kc_col-sm-1\"><div class=\"kc_wrapper kc-col-inner-container\"><div class=\"kc-elm kc-css-934013 kc-icon-wrapper\">\n\t\t<i class=\"et-refresh\"><\/i>\n\t<\/div>\n<div class=\"kc-elm kc-css-622495\" style=\"height: 20px; clear: both; width:100%;\"><\/div><div class=\"kc-elm kc-css-992025 kc_text_block\"><\/p>\n<p style=\"text-align: center;\">Die L\u00f6sungsdokumentation ist durch kosteneffizientes und kontrolliertes Aktualisieren immer aktuell<\/p>\n<p>\n<\/div><div class=\"kc-elm kc-css-681179\" style=\"height: 40px; clear: both; width:100%;\"><\/div><\/div><\/div><\/div><div class=\"kc-elm kc-css-769109\" style=\"height: 20px; clear: both; width:100%;\"><\/div>\n<div class=\"kc-elm kc-css-198601 kc-title-wrap \">\n\n\t<h1 class=\"kc_title\">Wie wird die L\u00f6sungsdokumentation erstellt?<\/h1>\n<\/div>\n<div class=\"kc-elm kc-css-895935\" style=\"height: 20px; clear: both; width:100%;\"><\/div><div class=\"kc-elm kc-css-216552 kc_text_block\"><\/p>\n<p>\nWenn die Implementierungsprojekte korrekt verwendet werden, wird in der Betriebs- und Optimierungsphase automatisch eine ausreichende L\u00f6sungsdokumentation generiert. Falls mit der Dokumentation erst in der Betriebsphase begonnen wird, m\u00fcssen die Kerngesch\u00e4ftsprozesse des entsprechenden Unternehmens im SAP Solution Manager dokumentiert werden. Daf\u00fcr wird nur einen Teil der f\u00fcr ein komplettes Einf\u00fchrungsprojekt erforderlichen Informationen ben\u00f6tigt.<\/p>\n<p>W\u00e4hrend des gesamten Lebenszykluses des SAP Solution Managers kann die L\u00f6sungsdokumentation kontinuierlich angereichert werden:<\/p>\n<p>\n<\/div><div class=\"kc-elm kc-css-853559 kc_accordion_wrapper\">\n<div class=\"kc-elm kc-css-752248 kc_accordion_section group \"><h3 class=\"kc_accordion_header ui-accordion-header\"><span class=\"ui-accordion-header-icon ui-icon\"><\/span><a href=\"#entwurf\" data-prevent=\"scroll\"><i class=\"\"><\/i> Entwurf<\/a><\/h3><div class=\"kc_accordion_content ui-accordion-content kc_clearfix\"><div class=\"kc-panel-body\"><div class=\"kc-elm kc-css-621899 kc_text_block\"><\/p>\n<ul>\n<li>Erstellen von globalen Gesch\u00e4ftsvorlagen und Spezifikationen<\/li>\n<\/ul>\n<p>\n<\/div><\/div><\/div><\/div><div class=\"kc-elm kc-css-197747 kc_accordion_section group \"><h3 class=\"kc_accordion_header ui-accordion-header\"><span class=\"ui-accordion-header-icon ui-icon\"><\/span><a href=\"#entwerfen-bauen\" data-prevent=\"scroll\"><i class=\"\"><\/i> Entwerfen\/Bauen<\/a><\/h3><div class=\"kc_accordion_content ui-accordion-content kc_clearfix\"><div class=\"kc-panel-body\"><div class=\"kc-elm kc-css-497519 kc_text_block\"><\/p>\n<ul>\n<li>Erstellen oder anpassen der Gesch\u00e4ftsprozessstruktur vor Ort w\u00e4hrend des regionalen Implementierungsprojekts<\/li>\n<\/ul>\n<p>\n<\/div><\/div><\/div><\/div><div class=\"kc-elm kc-css-324228 kc_accordion_section group \"><h3 class=\"kc_accordion_header ui-accordion-header\"><span class=\"ui-accordion-header-icon ui-icon\"><\/span><a href=\"#bauen-testen\" data-prevent=\"scroll\"><i class=\"\"><\/i> Bauen\/Testen<\/a><\/h3><div class=\"kc_accordion_content ui-accordion-content kc_clearfix\"><div class=\"kc-panel-body\"><div class=\"kc-elm kc-css-434969 kc_text_block\"><\/p>\n<ul>\n<li>Erweiterung der Gesch\u00e4ftsprozessdokumentation w\u00e4hrend der L\u00f6sungskonfiguration mit einer kundenspezifischen Code-Dokumentation, Konfigurationsinformationen, Testf\u00e4llen etc.<\/li>\n<\/ul>\n<p>\n<\/div><\/div><\/div><\/div><div class=\"kc-elm kc-css-465598 kc_accordion_section group \"><h3 class=\"kc_accordion_header ui-accordion-header\"><span class=\"ui-accordion-header-icon ui-icon\"><\/span><a href=\"#betreiben\" data-prevent=\"scroll\"><i class=\"\"><\/i> Betreiben<\/a><\/h3><div class=\"kc_accordion_content ui-accordion-content kc_clearfix\"><div class=\"kc-panel-body\"><div class=\"kc-elm kc-css-531961 kc_text_block\"><\/p>\n<ul>\n<li>Die Gesch\u00e4ftsprozessdokumentation kann w\u00e4hrend des Betriebs neu dokumentiert oder angepasst werden<\/li>\n<\/ul>\n<p>\n<\/div><\/div><\/div><\/div><div class=\"kc-elm kc-css-752639 kc_accordion_section group \"><h3 class=\"kc_accordion_header ui-accordion-header\"><span class=\"ui-accordion-header-icon ui-icon\"><\/span><a href=\"#optimieren\" data-prevent=\"scroll\"><i class=\"\"><\/i> Optimieren<\/a><\/h3><div class=\"kc_accordion_content ui-accordion-content kc_clearfix\"><div class=\"kc-panel-body\"><div class=\"kc-elm kc-css-459938 kc_text_block\"><\/p>\n<ul>\n<li>Verifikation der Gesch\u00e4ftsdokumentation bevor Upgrades durchgef\u00fchrt werden<\/li>\n<\/ul>\n<p>\n<\/div><\/div><\/div><\/div><\/div>\n<div class=\"kc-elm kc-css-66610\" style=\"height: 40px; clear: both; width:100%;\"><\/div>\n<div class=\"kc-elm kc-css-15063 kc-title-wrap \">\n\n\t<h1 class=\"kc_title\">Technische Landschaftsdokumentation<\/h1>\n<\/div>\n<div class=\"kc-elm kc-css-46538\" style=\"height: 20px; clear: both; width:100%;\"><\/div><div class=\"kc-elm kc-css-553755 kc_text_block\"><\/p>\n<p>\nDie technische Landschaftsdokumentation wird bei der Grundkonfiguration des SAP Solution Managers erstellt. die Dokumentation dokumentiert Systeme, Server, Datenbanken und Softwarekomponente. Verfasst wird die technische Landschaftsdokumentation durch die Systemadministratoren und technischen SAP Solution Manager Experten. Die Daten werden unter SAP Solution Manager Administration und Systemlandschaftsmanagement angezeigt und gepflegt.<\/p>\n<p>\n<\/div><div class=\"kc-elm kc-css-216701\" style=\"height: 40px; clear: both; width:100%;\"><\/div>\n<div class=\"kc-elm kc-css-988302 kc-title-wrap \">\n\n\t<h1 class=\"kc_title\">Gesch\u00e4ftsdokumentation<\/h1>\n<\/div>\n<div class=\"kc-elm kc-css-246930\" style=\"height: 20px; clear: both; width:100%;\"><\/div><div class=\"kc-elm kc-css-911187 kc_text_block\"><\/p>\n<p>\nDie Gesch\u00e4ftsdokumentation verbindet die technische L\u00f6sungsdokumentation mit Gesch\u00e4ftsinformationen. Sie dokumentiert (Kern)Gesch\u00e4ftsprozesse, Projektdokumentation, Testf\u00e4lle, Schnittstellen und kundenspezifischen Code. Gepflegt wird die Gesch\u00e4ftsdokumentation von L\u00f6sungsarchitekten. Die Daten werden unter Solution Documentation Assistant angezeigt und gepflegt.<\/p>\n<p>\n<\/div><div class=\"kc-elm kc-css-838178\" style=\"height: 40px; clear: both; width:100%;\"><\/div><\/div><\/div><div class=\"kc-elm kc-css-791872 kc_col-sm-4 kc_column_inner kc_col-sm-4\"><div class=\"kc_wrapper kc-col-inner-container\"><div class=\"kc-elm kc-css-410260 kc_text_block\"><\/p>\n<h2><strong style=\"font-style: inherit;\">Christian Bl\u00e4uenstein<\/strong><\/h2>\n<div><strong>&nbsp;<\/strong><\/div>\n<p><img loading=\"lazy\" decoding=\"async\" class=\"aligncenter size-medium\" src=\"https:\/\/dataworld.com\/wp-content\/uploads\/2019\/11\/3F0A1153.jpg\" alt=\"Christian Bl\u00e4uenstein\" width=\"2110\" height=\"1407\"><\/p>\n<p>Kontaktieren Sie mich um mehr zur L\u00f6sungsdokumentation im SAP Solution Manager zu erfahren:<\/p>\n<p>+41 58 591 90 00<br \/><a href=\"mailto:christian.blaeuenstein@dataworld.com\">christian.blaeuenstein@dataworld.com<\/a><\/p>\n<p>\n<\/div><div class=\"kc-elm kc-css-901423\" style=\"height: 40px; clear: both; width:100%;\"><\/div><\/div><\/div><\/div><\/div><\/div><\/div><\/div><\/section><section class=\"kc-elm kc-css-966736 kc_row\"><div class=\"kc-row-container  kc-container\"><div class=\"kc-wrap-columns\"><div class=\"kc-elm kc-css-484073 kc_col-sm-12 kc_column kc_col-sm-12\"><div class=\"kc-col-container\"><div class=\"kc-elm kc-css-851470 kc_text_block\"><\/p>\n<p>\n<\/div><\/div><\/div><\/div><\/div><\/section><\/p>\n","protected":false},"excerpt":{"rendered":"","protected":false},"author":7,"featured_media":0,"parent":2714,"menu_order":0,"comment_status":"closed","ping_status":"closed","template":"","meta":{"footnotes":""},"class_list":["post-7468","page","type-page","status-publish","hentry"],"yoast_head":"<!-- This site is optimized with the Yoast SEO plugin v27.4 - https:\/\/yoast.com\/product\/yoast-seo-wordpress\/ -->\n<title>L\u00f6sungsdokumentation im SAP Solution Manager - dataworld<\/title>\n<meta name=\"description\" content=\"Die technische Landschafts- und Gesch\u00e4ftsdokumentation im SAP Solution Manager macht die L\u00f6sungslandschaft und Gesch\u00e4ftsprozesse transparent.\" \/>\n<meta name=\"robots\" content=\"index, follow, max-snippet:-1, max-image-preview:large, max-video-preview:-1\" \/>\n<link rel=\"canonical\" href=\"https:\/\/dataworld.com\/de\/losungen\/sap-solution-manager\/loesungsdokumentation\/\" \/>\n<meta property=\"og:locale\" content=\"de_DE\" \/>\n<meta property=\"og:type\" content=\"article\" \/>\n<meta property=\"og:title\" content=\"L\u00f6sungsdokumentation im SAP Solution Manager - dataworld\" \/>\n<meta property=\"og:description\" content=\"Die technische Landschafts- und Gesch\u00e4ftsdokumentation im SAP Solution Manager macht die L\u00f6sungslandschaft und Gesch\u00e4ftsprozesse transparent.\" \/>\n<meta property=\"og:url\" content=\"https:\/\/dataworld.com\/de\/losungen\/sap-solution-manager\/loesungsdokumentation\/\" \/>\n<meta property=\"og:site_name\" content=\"dataworld\" \/>\n<meta property=\"article:publisher\" content=\"https:\/\/www.facebook.com\/dataworldconsulting\/\" \/>\n<meta property=\"article:modified_time\" content=\"2023-05-30T09:30:05+00:00\" \/>\n<meta property=\"og:image\" content=\"https:\/\/dataworld.com\/wp-content\/uploads\/2020\/11\/losungsdokumentation.png\" \/>\n<meta name=\"twitter:card\" content=\"summary_large_image\" \/>\n<meta name=\"twitter:site\" content=\"@dW_dataworld\" \/>\n<meta name=\"twitter:label1\" content=\"Gesch\u00e4tzte Lesezeit\" \/>\n\t<meta name=\"twitter:data1\" content=\"2\u00a0Minuten\" \/>\n<script type=\"application\/ld+json\" class=\"yoast-schema-graph\">{\"@context\":\"https:\\\/\\\/schema.org\",\"@graph\":[{\"@type\":\"WebPage\",\"@id\":\"https:\\\/\\\/dataworld.com\\\/de\\\/losungen\\\/sap-solution-manager\\\/loesungsdokumentation\\\/\",\"url\":\"https:\\\/\\\/dataworld.com\\\/de\\\/losungen\\\/sap-solution-manager\\\/loesungsdokumentation\\\/\",\"name\":\"L\u00f6sungsdokumentation im SAP Solution Manager - dataworld\",\"isPartOf\":{\"@id\":\"https:\\\/\\\/dataworld.com\\\/de\\\/#website\"},\"primaryImageOfPage\":{\"@id\":\"https:\\\/\\\/dataworld.com\\\/de\\\/losungen\\\/sap-solution-manager\\\/loesungsdokumentation\\\/#primaryimage\"},\"image\":{\"@id\":\"https:\\\/\\\/dataworld.com\\\/de\\\/losungen\\\/sap-solution-manager\\\/loesungsdokumentation\\\/#primaryimage\"},\"thumbnailUrl\":\"https:\\\/\\\/dataworld.com\\\/wp-content\\\/uploads\\\/2020\\\/11\\\/losungsdokumentation.png\",\"datePublished\":\"2021-04-01T09:15:28+00:00\",\"dateModified\":\"2023-05-30T09:30:05+00:00\",\"description\":\"Die technische Landschafts- und Gesch\u00e4ftsdokumentation im SAP Solution Manager macht die L\u00f6sungslandschaft und Gesch\u00e4ftsprozesse transparent.\",\"breadcrumb\":{\"@id\":\"https:\\\/\\\/dataworld.com\\\/de\\\/losungen\\\/sap-solution-manager\\\/loesungsdokumentation\\\/#breadcrumb\"},\"inLanguage\":\"de\",\"potentialAction\":[{\"@type\":\"ReadAction\",\"target\":[\"https:\\\/\\\/dataworld.com\\\/de\\\/losungen\\\/sap-solution-manager\\\/loesungsdokumentation\\\/\"]}]},{\"@type\":\"ImageObject\",\"inLanguage\":\"de\",\"@id\":\"https:\\\/\\\/dataworld.com\\\/de\\\/losungen\\\/sap-solution-manager\\\/loesungsdokumentation\\\/#primaryimage\",\"url\":\"https:\\\/\\\/dataworld.com\\\/wp-content\\\/uploads\\\/2020\\\/11\\\/losungsdokumentation.png\",\"contentUrl\":\"https:\\\/\\\/dataworld.com\\\/wp-content\\\/uploads\\\/2020\\\/11\\\/losungsdokumentation.png\"},{\"@type\":\"BreadcrumbList\",\"@id\":\"https:\\\/\\\/dataworld.com\\\/de\\\/losungen\\\/sap-solution-manager\\\/loesungsdokumentation\\\/#breadcrumb\",\"itemListElement\":[{\"@type\":\"ListItem\",\"position\":1,\"name\":\"Home\",\"item\":\"https:\\\/\\\/dataworld.com\\\/de\\\/\"},{\"@type\":\"ListItem\",\"position\":2,\"name\":\"L\u00f6sungen\",\"item\":\"https:\\\/\\\/dataworld.com\\\/de\\\/losungen\\\/\"},{\"@type\":\"ListItem\",\"position\":3,\"name\":\"SAP Solution Manager\",\"item\":\"https:\\\/\\\/dataworld.com\\\/de\\\/losungen\\\/sap-solution-manager\\\/\"},{\"@type\":\"ListItem\",\"position\":4,\"name\":\"L\u00f6sungsdokumentation\"}]},{\"@type\":\"WebSite\",\"@id\":\"https:\\\/\\\/dataworld.com\\\/de\\\/#website\",\"url\":\"https:\\\/\\\/dataworld.com\\\/de\\\/\",\"name\":\"dataworld\",\"description\":\"wir gestalten Ihre S4 Journey\",\"publisher\":{\"@id\":\"https:\\\/\\\/dataworld.com\\\/de\\\/#organization\"},\"potentialAction\":[{\"@type\":\"SearchAction\",\"target\":{\"@type\":\"EntryPoint\",\"urlTemplate\":\"https:\\\/\\\/dataworld.com\\\/de\\\/?s={search_term_string}\"},\"query-input\":{\"@type\":\"PropertyValueSpecification\",\"valueRequired\":true,\"valueName\":\"search_term_string\"}}],\"inLanguage\":\"de\"},{\"@type\":\"Organization\",\"@id\":\"https:\\\/\\\/dataworld.com\\\/de\\\/#organization\",\"name\":\"Data Work Consulting AG\",\"url\":\"https:\\\/\\\/dataworld.com\\\/de\\\/\",\"logo\":{\"@type\":\"ImageObject\",\"inLanguage\":\"de\",\"@id\":\"https:\\\/\\\/dataworld.com\\\/de\\\/#\\\/schema\\\/logo\\\/image\\\/\",\"url\":\"https:\\\/\\\/dataworld.com\\\/wp-content\\\/uploads\\\/2019\\\/11\\\/Quadrat.jpg\",\"contentUrl\":\"https:\\\/\\\/dataworld.com\\\/wp-content\\\/uploads\\\/2019\\\/11\\\/Quadrat.jpg\",\"width\":378,\"height\":378,\"caption\":\"Data Work Consulting AG\"},\"image\":{\"@id\":\"https:\\\/\\\/dataworld.com\\\/de\\\/#\\\/schema\\\/logo\\\/image\\\/\"},\"sameAs\":[\"https:\\\/\\\/www.facebook.com\\\/dataworldconsulting\\\/\",\"https:\\\/\\\/x.com\\\/dW_dataworld\"]}]}<\/script>\n<!-- \/ Yoast SEO plugin. -->","yoast_head_json":{"title":"L\u00f6sungsdokumentation im SAP Solution Manager - dataworld","description":"Die technische Landschafts- und Gesch\u00e4ftsdokumentation im SAP Solution Manager macht die L\u00f6sungslandschaft und Gesch\u00e4ftsprozesse transparent.","robots":{"index":"index","follow":"follow","max-snippet":"max-snippet:-1","max-image-preview":"max-image-preview:large","max-video-preview":"max-video-preview:-1"},"canonical":"https:\/\/dataworld.com\/de\/losungen\/sap-solution-manager\/loesungsdokumentation\/","og_locale":"de_DE","og_type":"article","og_title":"L\u00f6sungsdokumentation im SAP Solution Manager - dataworld","og_description":"Die technische Landschafts- und Gesch\u00e4ftsdokumentation im SAP Solution Manager macht die L\u00f6sungslandschaft und Gesch\u00e4ftsprozesse transparent.","og_url":"https:\/\/dataworld.com\/de\/losungen\/sap-solution-manager\/loesungsdokumentation\/","og_site_name":"dataworld","article_publisher":"https:\/\/www.facebook.com\/dataworldconsulting\/","article_modified_time":"2023-05-30T09:30:05+00:00","og_image":[{"url":"https:\/\/dataworld.com\/wp-content\/uploads\/2020\/11\/losungsdokumentation.png","type":"","width":"","height":""}],"twitter_card":"summary_large_image","twitter_site":"@dW_dataworld","twitter_misc":{"Gesch\u00e4tzte Lesezeit":"2\u00a0Minuten"},"schema":{"@context":"https:\/\/schema.org","@graph":[{"@type":"WebPage","@id":"https:\/\/dataworld.com\/de\/losungen\/sap-solution-manager\/loesungsdokumentation\/","url":"https:\/\/dataworld.com\/de\/losungen\/sap-solution-manager\/loesungsdokumentation\/","name":"L\u00f6sungsdokumentation im SAP Solution Manager - dataworld","isPartOf":{"@id":"https:\/\/dataworld.com\/de\/#website"},"primaryImageOfPage":{"@id":"https:\/\/dataworld.com\/de\/losungen\/sap-solution-manager\/loesungsdokumentation\/#primaryimage"},"image":{"@id":"https:\/\/dataworld.com\/de\/losungen\/sap-solution-manager\/loesungsdokumentation\/#primaryimage"},"thumbnailUrl":"https:\/\/dataworld.com\/wp-content\/uploads\/2020\/11\/losungsdokumentation.png","datePublished":"2021-04-01T09:15:28+00:00","dateModified":"2023-05-30T09:30:05+00:00","description":"Die technische Landschafts- und Gesch\u00e4ftsdokumentation im SAP Solution Manager macht die L\u00f6sungslandschaft und Gesch\u00e4ftsprozesse transparent.","breadcrumb":{"@id":"https:\/\/dataworld.com\/de\/losungen\/sap-solution-manager\/loesungsdokumentation\/#breadcrumb"},"inLanguage":"de","potentialAction":[{"@type":"ReadAction","target":["https:\/\/dataworld.com\/de\/losungen\/sap-solution-manager\/loesungsdokumentation\/"]}]},{"@type":"ImageObject","inLanguage":"de","@id":"https:\/\/dataworld.com\/de\/losungen\/sap-solution-manager\/loesungsdokumentation\/#primaryimage","url":"https:\/\/dataworld.com\/wp-content\/uploads\/2020\/11\/losungsdokumentation.png","contentUrl":"https:\/\/dataworld.com\/wp-content\/uploads\/2020\/11\/losungsdokumentation.png"},{"@type":"BreadcrumbList","@id":"https:\/\/dataworld.com\/de\/losungen\/sap-solution-manager\/loesungsdokumentation\/#breadcrumb","itemListElement":[{"@type":"ListItem","position":1,"name":"Home","item":"https:\/\/dataworld.com\/de\/"},{"@type":"ListItem","position":2,"name":"L\u00f6sungen","item":"https:\/\/dataworld.com\/de\/losungen\/"},{"@type":"ListItem","position":3,"name":"SAP Solution Manager","item":"https:\/\/dataworld.com\/de\/losungen\/sap-solution-manager\/"},{"@type":"ListItem","position":4,"name":"L\u00f6sungsdokumentation"}]},{"@type":"WebSite","@id":"https:\/\/dataworld.com\/de\/#website","url":"https:\/\/dataworld.com\/de\/","name":"dataworld","description":"wir gestalten Ihre S4 Journey","publisher":{"@id":"https:\/\/dataworld.com\/de\/#organization"},"potentialAction":[{"@type":"SearchAction","target":{"@type":"EntryPoint","urlTemplate":"https:\/\/dataworld.com\/de\/?s={search_term_string}"},"query-input":{"@type":"PropertyValueSpecification","valueRequired":true,"valueName":"search_term_string"}}],"inLanguage":"de"},{"@type":"Organization","@id":"https:\/\/dataworld.com\/de\/#organization","name":"Data Work Consulting AG","url":"https:\/\/dataworld.com\/de\/","logo":{"@type":"ImageObject","inLanguage":"de","@id":"https:\/\/dataworld.com\/de\/#\/schema\/logo\/image\/","url":"https:\/\/dataworld.com\/wp-content\/uploads\/2019\/11\/Quadrat.jpg","contentUrl":"https:\/\/dataworld.com\/wp-content\/uploads\/2019\/11\/Quadrat.jpg","width":378,"height":378,"caption":"Data Work Consulting AG"},"image":{"@id":"https:\/\/dataworld.com\/de\/#\/schema\/logo\/image\/"},"sameAs":["https:\/\/www.facebook.com\/dataworldconsulting\/","https:\/\/x.com\/dW_dataworld"]}]}},"_links":{"self":[{"href":"https:\/\/dataworld.com\/de\/wp-json\/wp\/v2\/pages\/7468","targetHints":{"allow":["GET"]}}],"collection":[{"href":"https:\/\/dataworld.com\/de\/wp-json\/wp\/v2\/pages"}],"about":[{"href":"https:\/\/dataworld.com\/de\/wp-json\/wp\/v2\/types\/page"}],"author":[{"embeddable":true,"href":"https:\/\/dataworld.com\/de\/wp-json\/wp\/v2\/users\/7"}],"replies":[{"embeddable":true,"href":"https:\/\/dataworld.com\/de\/wp-json\/wp\/v2\/comments?post=7468"}],"version-history":[{"count":3,"href":"https:\/\/dataworld.com\/de\/wp-json\/wp\/v2\/pages\/7468\/revisions"}],"predecessor-version":[{"id":9788,"href":"https:\/\/dataworld.com\/de\/wp-json\/wp\/v2\/pages\/7468\/revisions\/9788"}],"up":[{"embeddable":true,"href":"https:\/\/dataworld.com\/de\/wp-json\/wp\/v2\/pages\/2714"}],"wp:attachment":[{"href":"https:\/\/dataworld.com\/de\/wp-json\/wp\/v2\/media?parent=7468"}],"curies":[{"name":"wp","href":"https:\/\/api.w.org\/{rel}","templated":true}]}}