{"id":7461,"date":"2021-04-01T11:14:33","date_gmt":"2021-04-01T09:14:33","guid":{"rendered":"https:\/\/dataworld.com\/?page_id=7461"},"modified":"2023-05-30T11:16:01","modified_gmt":"2023-05-30T09:16:01","slug":"change-request-management","status":"publish","type":"page","link":"https:\/\/dataworld.com\/de\/losungen\/sap-solution-manager\/change-request-management\/","title":{"rendered":"Change Request Management"},"content":{"rendered":"<p><section class=\"kc-elm kc-css-119744 kc_row\"><div class=\"kc-row-container  kc-container\"><div class=\"kc-wrap-columns\"><div class=\"kc-elm kc-css-392307 kc_col-sm-12 kc_column kc_col-sm-12\"><div class=\"kc-col-container\"><div class=\"kc-elm kc-css-578889 kc-raw-code\">\n\t\t\t<!-- START Change Request Management REVOLUTION SLIDER 6.7.41 --><p class=\"rs-p-wp-fix\"><\/p>\n\t\t\t<rs-module-wrap id=\"rev_slider_198_1_wrapper\" data-source=\"gallery\" style=\"visibility:hidden;background:#b3b3aa;padding:0;margin:0px auto;margin-top:0;margin-bottom:0;\">\n\t\t\t\t<rs-module id=\"rev_slider_198_1\" style=\"\" data-version=\"6.7.41\">\n\t\t\t\t\t<rs-slides style=\"overflow: hidden; position: absolute;\">\n\t\t\t\t\t\t<rs-slide style=\"position: absolute;\" data-key=\"rs-295\" data-title=\"Slide\" data-anim=\"ms:1000;r:0;\" data-in=\"o:0;\" data-out=\"a:false;\">\n\t\t\t\t\t\t\t<img decoding=\"async\" src=\"\/\/dataworld.com\/wp-content\/plugins\/revslider\/sr6\/assets\/assets\/dummy.png\" alt=\"Slide\" title=\"Change Request Management\" class=\"rev-slidebg tp-rs-img rs-lazyload\" data-lazyload=\"\/\/dataworld.com\/wp-content\/plugins\/revslider\/sr6\/assets\/assets\/transparent.png\" data-bg=\"c:#b3b3aa;\" data-no-retina>\n<!--\n\t\t\t\t\t\t\t--><rs-layer\n\t\t\t\t\t\t\t\tid=\"slider-198-slide-295-layer-0\" \n\t\t\t\t\t\t\t\tdata-type=\"text\"\n\t\t\t\t\t\t\t\tdata-rsp_ch=\"on\"\n\t\t\t\t\t\t\t\tdata-xy=\"x:c;yo:100px,82px,62px,38px;\"\n\t\t\t\t\t\t\t\tdata-text=\"w:normal;l:22,18,13,8;\"\n\t\t\t\t\t\t\t\tdata-frame_999=\"o:0;st:w;\"\n\t\t\t\t\t\t\t\tstyle=\"z-index:5;font-family:'Raleway';\"\n\t\t\t\t\t\t\t>ChaRM im SAP Solution Manager \n\t\t\t\t\t\t\t<\/rs-layer><!--\n\n\t\t\t\t\t\t\t--><rs-layer\n\t\t\t\t\t\t\t\tid=\"slider-198-slide-295-layer-1\" \n\t\t\t\t\t\t\t\tdata-type=\"text\"\n\t\t\t\t\t\t\t\tdata-rsp_ch=\"on\"\n\t\t\t\t\t\t\t\tdata-xy=\"x:c;yo:155px,128px,97px,59px;\"\n\t\t\t\t\t\t\t\tdata-text=\"w:normal;s:40,33,25,15;l:40,33,25,15;fw:700;a:center;\"\n\t\t\t\t\t\t\t\tdata-dim=\"w:1019px,841px,638px,403px;\"\n\t\t\t\t\t\t\t\tdata-frame_999=\"o:0;st:w;\"\n\t\t\t\t\t\t\t\tstyle=\"z-index:6;font-family:'Roboto';\"\n\t\t\t\t\t\t\t>F\u00fcr die Verwaltung all Ihrer SAP Solution Manager Projekte \n\t\t\t\t\t\t\t<\/rs-layer><!--\n-->\t\t\t\t\t<\/rs-slide>\n\t\t\t\t\t<\/rs-slides>\n\t\t\t\t<\/rs-module>\n\t\t\t\t<script>\n\t\t\t\t\tsetREVStartSize({c: 'rev_slider_198_1',rl:[1240,1024,778,480],el:[300,330,251,155],gw:[1240,1024,778,480],gh:[300,330,251,155],type:'standard',justify:'',layout:'fullwidth',mh:\"0\"});if (window.RS_MODULES!==undefined && window.RS_MODULES.modules!==undefined && window.RS_MODULES.modules[\"revslider1981\"]!==undefined) {window.RS_MODULES.modules[\"revslider1981\"].once = false;window.revapi198 = undefined;if (window.RS_MODULES.checkMinimal!==undefined) window.RS_MODULES.checkMinimal()}\n\t\t\t\t<\/script>\n\t\t\t<\/rs-module-wrap>\n\t\t\t<!-- END REVOLUTION SLIDER -->\n<\/div><div class=\"kc-elm kc-css-40751\" style=\"height: 80px; clear: both; width:100%;\"><\/div><div class=\"kc-elm kc-css-529018 kc_row kc_row_inner\"><div class=\"kc-elm kc-css-67909 kc_col-sm-8 kc_column_inner kc_col-sm-8\"><div class=\"kc_wrapper kc-col-inner-container\">\n<div class=\"kc-elm kc-css-363618 kc-title-wrap \">\n\n\t<h1 class=\"kc_title\">Change Request Management (ChaRM) im SAP Solution Manager<\/h1>\n<\/div>\n<div class=\"kc-elm kc-css-997109\" style=\"height: 20px; clear: both; width:100%;\"><\/div><div class=\"kc-elm kc-css-815719 kc_text_block\"><\/p>\n<p>\nMit dem Change Request Management werden all Ihre SAP Solution Manager Projekte vom Anfang bis zum Ende verwaltet. Vom \u00c4nderungsmanagement und der Projektplanung \u00fcber die Ressourcenverwaltung bis hin zum physischen Transport von \u00c4nderungen aus der Entwicklungsumgebung in die Produktivumgebung wird alles vom Change Request Management verwaltet.<\/p>\n<p>St\u00e4ndige Software- und Konfigurations\u00e4nderungen sowie umfangreiche Implementierungen sind immer wiederkehrende Herausforderungen f\u00fcr die Verwaltung der Datenkonsistenz und die sichere Projektsteuerung. Mit dem Change Request Management k\u00f6nnen \u00c4nderungen innerhalb einer Systemlandschaft von einem zentralen SAP Solution Manager System gesteuert werden. Change Request Management integriert die SAP-CRM Gesch\u00e4ftsfunktionalit\u00e4t zur Verwaltung von \u00c4nderungsantr\u00e4gen und erweitert und dokumentiert prozessorientiert die Projektsteuerung durch die Integration der Projektplanung von der Bearbeitung von \u00c4nderungsantr\u00e4gen bis hin zum eigentlichen Transport in die Produktivsysteme.<\/p>\n<p>Durch den im Change Request Management enthaltenen vordefinierten Satz von Workflows und Prozessen, welche alle mit den Empfehlungen der IT-Infrastruktur-Bibliothek (ITIL) \u00fcbereinstimmen, unterst\u00fctzt ChaRM bei der Einrichtung eines ITIL-konformen Change-Management-Prozesses im Unternehmen.<\/p>\n<p>\n<\/div><div class=\"kc-elm kc-css-97179\" style=\"height: 20px; clear: both; width:100%;\"><\/div><div class=\"kc-elm kc-css-351215 kc_shortcode kc_single_image\">\n\n        <a rel=\"prettyPhoto\" class=\"kc-pretty-photo\" href=\"https:\/\/dataworld.com\/wp-content\/uploads\/2020\/11\/ChaRM.png\" title=\"Change Request Management (ChaRM) im SAP Solution Manager\" target=\"\">\n        <img decoding=\"async\" src=\"https:\/\/dataworld.com\/wp-content\/uploads\/2020\/11\/ChaRM-1024x521.png\" class=\"\" alt=\"Change Request Management (ChaRM) im SAP Solution Manager\" \/>    <\/a>\n    <\/div>\n<div class=\"kc-elm kc-css-755181\" style=\"height: 80px; clear: both; width:100%;\"><\/div>\n<div class=\"kc-elm kc-css-18383 kc-title-wrap \">\n\n\t<h1 class=\"kc_title\">Welche Prozesse werden vom Change Request Management unterst\u00fctzt?<\/h1>\n<\/div>\n<div class=\"kc-elm kc-css-334388\" style=\"height: 20px; clear: both; width:100%;\"><\/div><div class=\"kc-elm kc-css-114247 kc_text_block\"><\/p>\n<p>\nZu den vom Change Request Management unterst\u00fctzten Prozessen geh\u00f6ren:<\/p>\n<ul>\n<li>Dringende \u00c4nderungen zur schnellen und direkten Umsetzung von \u00c4nderungen in der Produktivumgebung<\/li>\n<li>Aktivit\u00e4ten f\u00fcr Wartungs- und Implementierungsprojekte<\/li>\n<li>System- und komponenten\u00fcbergreifende \u00c4nderungen<\/li>\n<\/ul>\n<p>\n<\/div><div class=\"kc-elm kc-css-146437\" style=\"height: 60px; clear: both; width:100%;\"><\/div>\n<div class=\"kc-elm kc-css-893705 kc-title-wrap \">\n\n\t<h1 class=\"kc_title\">Ihre Vorteile auf einen Blick<\/h1>\n<\/div>\n<div class=\"kc-elm kc-css-378115\" style=\"height: 40px; clear: both; width:100%;\"><\/div><div class=\"kc-elm kc_row kc_row_inner\"><div class=\"kc-elm kc_col-sm-1 kc_column_inner kc_col-sm-1\"><div class=\"kc_wrapper kc-col-inner-container\"><div class=\"kc-elm kc-css-908701 kc-icon-wrapper\">\n\t\t<i class=\"et-presentation\"><\/i>\n\t<\/div>\n<div class=\"kc-elm kc-css-559133\" style=\"height: 20px; clear: both; width:100%;\"><\/div><div class=\"kc-elm kc-css-774644 kc_text_block\"><\/p>\n<p style=\"text-align: center;\">Erh\u00f6hte Wartungs- und Projekteffizienz<\/p>\n<p>\n<\/div><div class=\"kc-elm kc-css-648846\" style=\"height: 40px; clear: both; width:100%;\"><\/div><\/div><\/div><div class=\"kc-elm kc_col-sm-1 kc_column_inner kc_col-sm-1\"><div class=\"kc_wrapper kc-col-inner-container\"><div class=\"kc-elm kc-css-88801 kc-icon-wrapper\">\n\t\t<i class=\"et-focus\"><\/i>\n\t<\/div>\n<div class=\"kc-elm kc-css-101257\" style=\"height: 20px; clear: both; width:100%;\"><\/div><div class=\"kc-elm kc-css-299391 kc_text_block\"><\/p>\n<p style=\"text-align: center;\">Minimierte Kosten f\u00fcr Projektmanagement und IT<\/p>\n<p>\n<\/div><div class=\"kc-elm kc-css-236221\" style=\"height: 40px; clear: both; width:100%;\"><\/div><\/div><\/div><div class=\"kc-elm kc_col-sm-1 kc_column_inner kc_col-sm-1\"><div class=\"kc_wrapper kc-col-inner-container\"><div class=\"kc-elm kc-css-592905 kc-icon-wrapper\">\n\t\t<i class=\"et-pencil\"><\/i>\n\t<\/div>\n<div class=\"kc-elm kc-css-221913\" style=\"height: 20px; clear: both; width:100%;\"><\/div><div class=\"kc-elm kc-css-581116 kc_text_block\"><\/p>\n<p style=\"text-align: center;\">Kleineres Risiko von Korrekturen und Projektversagen<\/p>\n<p>\n<\/div><div class=\"kc-elm kc-css-947373\" style=\"height: 40px; clear: both; width:100%;\"><\/div><\/div><\/div><\/div><div class=\"kc-elm kc_row kc_row_inner\"><div class=\"kc-elm kc_col-sm-1 kc_column_inner kc_col-sm-1\"><div class=\"kc_wrapper kc-col-inner-container\"><div class=\"kc-elm kc-css-820051 kc-icon-wrapper\">\n\t\t<i class=\"et-clock\"><\/i>\n\t<\/div>\n<div class=\"kc-elm kc-css-20251\" style=\"height: 20px; clear: both; width:100%;\"><\/div><div class=\"kc-elm kc-css-204535 kc_text_block\"><\/p>\n<p style=\"text-align: center;\">K\u00fcrzere Korrektur-, Implementierungs- und GoLive-Phase<\/p>\n<p>\n<\/div><div class=\"kc-elm kc-css-960850\" style=\"height: 40px; clear: both; width:100%;\"><\/div><\/div><\/div><div class=\"kc-elm kc_col-sm-1 kc_column_inner kc_col-sm-1\"><div class=\"kc_wrapper kc-col-inner-container\"><div class=\"kc-elm kc-css-999491 kc-icon-wrapper\">\n\t\t<i class=\"et-gears\"><\/i>\n\t<\/div>\n<div class=\"kc-elm kc-css-224381\" style=\"height: 20px; clear: both; width:100%;\"><\/div><div class=\"kc-elm kc-css-236739 kc_text_block\"><\/p>\n<p style=\"text-align: center;\">Effiziente Wartung von Kundenentwicklungen und<br \/>-implementierungen<\/p>\n<p>\n<\/div><div class=\"kc-elm kc-css-618022\" style=\"height: 40px; clear: both; width:100%;\"><\/div><\/div><\/div><div class=\"kc-elm kc_col-sm-1 kc_column_inner kc_col-sm-1\"><div class=\"kc_wrapper kc-col-inner-container\"><div class=\"kc-elm kc-css-472096 kc-icon-wrapper\">\n\t\t<i class=\"et-search\"><\/i>\n\t<\/div>\n<div class=\"kc-elm kc-css-825556\" style=\"height: 20px; clear: both; width:100%;\"><\/div><div class=\"kc-elm kc-css-78922 kc_text_block\"><\/p>\n<p style=\"text-align: center;\">Transparenz und Dokumentation des \u00c4nderungsprozesses von der Genehmigung eines \u00c4nderungsantrags bis zum Transport der \u00c4nderungen in Folgesysteme<\/p>\n<p>\n<\/div><div class=\"kc-elm kc-css-927431\" style=\"height: 40px; clear: both; width:100%;\"><\/div><\/div><\/div><\/div>\n<div class=\"kc-elm kc-css-928780 kc-title-wrap \">\n\n\t<h1 class=\"kc_title\">Merkmale des Change Request Managements<\/h1>\n<\/div>\n<div class=\"kc-elm kc-css-205581\" style=\"height: 20px; clear: both; width:100%;\"><\/div><div class=\"kc-elm kc-css-768747 kc_text_block\"><\/p>\n<ul>\n<li>Verteilen von Software\u00e4nderungen von ABAP- und Nicht-ABAP-Objekten<\/li>\n<li>Verwaltung von Pflege und Implementierungen \u00fcber mehrere logische Komponenten hinweg<\/li>\n<li>Leistungsstarkes Management von Serviceanfragen sowie Projektmanagement f\u00fcr Controlling, Planung, Entwurf, Entwicklung, Test und Produktivsetzung<\/li>\n<li>Umfassende workflow-gesteuerte Verwaltung von verteilten Aktivit\u00e4ten, einschliesslich Planung, Entwicklung, Wartung und Inbetriebnahme<\/li>\n<li>Leistungsstarke Verfolgung von Projekt\u00e4nderungen<\/li>\n<\/ul>\n<p>\n<\/div><div class=\"kc-elm kc-css-425377\" style=\"height: 40px; clear: both; width:100%;\"><\/div><\/div><\/div><div class=\"kc-elm kc-css-564781 kc_col-sm-4 kc_column_inner kc_col-sm-4\"><div class=\"kc_wrapper kc-col-inner-container\"><div class=\"kc-elm kc-css-657921 kc_text_block\"><\/p>\n<h2><strong style=\"font-style: inherit;\">Christian Bl\u00e4uenstein<\/strong><\/h2>\n<div><strong>&nbsp;<\/strong><\/div>\n<p><img loading=\"lazy\" decoding=\"async\" class=\"aligncenter size-medium\" src=\"https:\/\/dataworld.com\/wp-content\/uploads\/2019\/11\/3F0A1153.jpg\" alt=\"Christian Bl\u00e4uenstein\" width=\"2110\" height=\"1407\"><\/p>\n<p>Kontaktieren Sie mich um mehr zum Change Request Management im SAP Solution Manager zu erfahren:<\/p>\n<p>+41 58 591 90 00<br \/><a href=\"mailto:christian.blaeuenstein@dataworld.com\">christian.blaeuenstein@dataworld.com<\/a><\/p>\n<p>\n<\/div><div class=\"kc-elm kc-css-147702\" style=\"height: 40px; clear: both; width:100%;\"><\/div><\/div><\/div><\/div><\/div><\/div><\/div><\/div><\/section><section class=\"kc-elm kc-css-918191 kc_row\"><div class=\"kc-row-container  kc-container\"><div class=\"kc-wrap-columns\"><div class=\"kc-elm kc-css-194972 kc_col-sm-12 kc_column kc_col-sm-12\"><div class=\"kc-col-container\"><div class=\"kc-elm kc-css-734859 kc_text_block\"><\/p>\n<p>\n<\/div><\/div><\/div><\/div><\/div><\/section><\/p>\n","protected":false},"excerpt":{"rendered":"","protected":false},"author":7,"featured_media":0,"parent":2714,"menu_order":0,"comment_status":"closed","ping_status":"closed","template":"","meta":{"footnotes":""},"class_list":["post-7461","page","type-page","status-publish","hentry"],"yoast_head":"<!-- This site is optimized with the Yoast SEO plugin v27.4 - https:\/\/yoast.com\/product\/yoast-seo-wordpress\/ -->\n<title>Change Request Management im SAP Solution Manager - dataworld<\/title>\n<meta name=\"description\" content=\"Mit dem Change Request Management werden all Ihre SAP Solution Manager Projekte vom Anfang bis zum Ende verwaltet.\" \/>\n<meta name=\"robots\" content=\"index, follow, max-snippet:-1, max-image-preview:large, max-video-preview:-1\" \/>\n<link rel=\"canonical\" href=\"https:\/\/dataworld.com\/de\/losungen\/sap-solution-manager\/change-request-management\/\" \/>\n<meta property=\"og:locale\" content=\"de_DE\" \/>\n<meta property=\"og:type\" content=\"article\" \/>\n<meta property=\"og:title\" content=\"Change Request Management im SAP Solution Manager - dataworld\" \/>\n<meta property=\"og:description\" content=\"Mit dem Change Request Management werden all Ihre SAP Solution Manager Projekte vom Anfang bis zum Ende verwaltet.\" \/>\n<meta property=\"og:url\" content=\"https:\/\/dataworld.com\/de\/losungen\/sap-solution-manager\/change-request-management\/\" \/>\n<meta property=\"og:site_name\" content=\"dataworld\" \/>\n<meta property=\"article:publisher\" content=\"https:\/\/www.facebook.com\/dataworldconsulting\/\" \/>\n<meta property=\"article:modified_time\" content=\"2023-05-30T09:16:01+00:00\" \/>\n<meta property=\"og:image\" content=\"https:\/\/dataworld.com\/wp-content\/uploads\/2020\/11\/ChaRM-1024x521.png\" \/>\n<meta name=\"twitter:card\" content=\"summary_large_image\" \/>\n<meta name=\"twitter:site\" content=\"@dW_dataworld\" \/>\n<meta name=\"twitter:label1\" content=\"Gesch\u00e4tzte Lesezeit\" \/>\n\t<meta name=\"twitter:data1\" content=\"2\u00a0Minuten\" \/>\n<script type=\"application\/ld+json\" class=\"yoast-schema-graph\">{\"@context\":\"https:\\\/\\\/schema.org\",\"@graph\":[{\"@type\":\"WebPage\",\"@id\":\"https:\\\/\\\/dataworld.com\\\/de\\\/losungen\\\/sap-solution-manager\\\/change-request-management\\\/\",\"url\":\"https:\\\/\\\/dataworld.com\\\/de\\\/losungen\\\/sap-solution-manager\\\/change-request-management\\\/\",\"name\":\"Change Request Management im SAP Solution Manager - dataworld\",\"isPartOf\":{\"@id\":\"https:\\\/\\\/dataworld.com\\\/de\\\/#website\"},\"primaryImageOfPage\":{\"@id\":\"https:\\\/\\\/dataworld.com\\\/de\\\/losungen\\\/sap-solution-manager\\\/change-request-management\\\/#primaryimage\"},\"image\":{\"@id\":\"https:\\\/\\\/dataworld.com\\\/de\\\/losungen\\\/sap-solution-manager\\\/change-request-management\\\/#primaryimage\"},\"thumbnailUrl\":\"https:\\\/\\\/dataworld.com\\\/wp-content\\\/uploads\\\/2020\\\/11\\\/ChaRM-1024x521.png\",\"datePublished\":\"2021-04-01T09:14:33+00:00\",\"dateModified\":\"2023-05-30T09:16:01+00:00\",\"description\":\"Mit dem Change Request Management werden all Ihre SAP Solution Manager Projekte vom Anfang bis zum Ende verwaltet.\",\"breadcrumb\":{\"@id\":\"https:\\\/\\\/dataworld.com\\\/de\\\/losungen\\\/sap-solution-manager\\\/change-request-management\\\/#breadcrumb\"},\"inLanguage\":\"de\",\"potentialAction\":[{\"@type\":\"ReadAction\",\"target\":[\"https:\\\/\\\/dataworld.com\\\/de\\\/losungen\\\/sap-solution-manager\\\/change-request-management\\\/\"]}]},{\"@type\":\"ImageObject\",\"inLanguage\":\"de\",\"@id\":\"https:\\\/\\\/dataworld.com\\\/de\\\/losungen\\\/sap-solution-manager\\\/change-request-management\\\/#primaryimage\",\"url\":\"https:\\\/\\\/dataworld.com\\\/wp-content\\\/uploads\\\/2020\\\/11\\\/ChaRM-1024x521.png\",\"contentUrl\":\"https:\\\/\\\/dataworld.com\\\/wp-content\\\/uploads\\\/2020\\\/11\\\/ChaRM-1024x521.png\"},{\"@type\":\"BreadcrumbList\",\"@id\":\"https:\\\/\\\/dataworld.com\\\/de\\\/losungen\\\/sap-solution-manager\\\/change-request-management\\\/#breadcrumb\",\"itemListElement\":[{\"@type\":\"ListItem\",\"position\":1,\"name\":\"Home\",\"item\":\"https:\\\/\\\/dataworld.com\\\/de\\\/\"},{\"@type\":\"ListItem\",\"position\":2,\"name\":\"L\u00f6sungen\",\"item\":\"https:\\\/\\\/dataworld.com\\\/de\\\/losungen\\\/\"},{\"@type\":\"ListItem\",\"position\":3,\"name\":\"SAP Solution Manager\",\"item\":\"https:\\\/\\\/dataworld.com\\\/de\\\/losungen\\\/sap-solution-manager\\\/\"},{\"@type\":\"ListItem\",\"position\":4,\"name\":\"Change Request Management\"}]},{\"@type\":\"WebSite\",\"@id\":\"https:\\\/\\\/dataworld.com\\\/de\\\/#website\",\"url\":\"https:\\\/\\\/dataworld.com\\\/de\\\/\",\"name\":\"dataworld\",\"description\":\"wir gestalten Ihre S4 Journey\",\"publisher\":{\"@id\":\"https:\\\/\\\/dataworld.com\\\/de\\\/#organization\"},\"potentialAction\":[{\"@type\":\"SearchAction\",\"target\":{\"@type\":\"EntryPoint\",\"urlTemplate\":\"https:\\\/\\\/dataworld.com\\\/de\\\/?s={search_term_string}\"},\"query-input\":{\"@type\":\"PropertyValueSpecification\",\"valueRequired\":true,\"valueName\":\"search_term_string\"}}],\"inLanguage\":\"de\"},{\"@type\":\"Organization\",\"@id\":\"https:\\\/\\\/dataworld.com\\\/de\\\/#organization\",\"name\":\"Data Work Consulting AG\",\"url\":\"https:\\\/\\\/dataworld.com\\\/de\\\/\",\"logo\":{\"@type\":\"ImageObject\",\"inLanguage\":\"de\",\"@id\":\"https:\\\/\\\/dataworld.com\\\/de\\\/#\\\/schema\\\/logo\\\/image\\\/\",\"url\":\"https:\\\/\\\/dataworld.com\\\/wp-content\\\/uploads\\\/2019\\\/11\\\/Quadrat.jpg\",\"contentUrl\":\"https:\\\/\\\/dataworld.com\\\/wp-content\\\/uploads\\\/2019\\\/11\\\/Quadrat.jpg\",\"width\":378,\"height\":378,\"caption\":\"Data Work Consulting AG\"},\"image\":{\"@id\":\"https:\\\/\\\/dataworld.com\\\/de\\\/#\\\/schema\\\/logo\\\/image\\\/\"},\"sameAs\":[\"https:\\\/\\\/www.facebook.com\\\/dataworldconsulting\\\/\",\"https:\\\/\\\/x.com\\\/dW_dataworld\"]}]}<\/script>\n<!-- \/ Yoast SEO plugin. -->","yoast_head_json":{"title":"Change Request Management im SAP Solution Manager - dataworld","description":"Mit dem Change Request Management werden all Ihre SAP Solution Manager Projekte vom Anfang bis zum Ende verwaltet.","robots":{"index":"index","follow":"follow","max-snippet":"max-snippet:-1","max-image-preview":"max-image-preview:large","max-video-preview":"max-video-preview:-1"},"canonical":"https:\/\/dataworld.com\/de\/losungen\/sap-solution-manager\/change-request-management\/","og_locale":"de_DE","og_type":"article","og_title":"Change Request Management im SAP Solution Manager - dataworld","og_description":"Mit dem Change Request Management werden all Ihre SAP Solution Manager Projekte vom Anfang bis zum Ende verwaltet.","og_url":"https:\/\/dataworld.com\/de\/losungen\/sap-solution-manager\/change-request-management\/","og_site_name":"dataworld","article_publisher":"https:\/\/www.facebook.com\/dataworldconsulting\/","article_modified_time":"2023-05-30T09:16:01+00:00","og_image":[{"url":"https:\/\/dataworld.com\/wp-content\/uploads\/2020\/11\/ChaRM-1024x521.png","type":"","width":"","height":""}],"twitter_card":"summary_large_image","twitter_site":"@dW_dataworld","twitter_misc":{"Gesch\u00e4tzte Lesezeit":"2\u00a0Minuten"},"schema":{"@context":"https:\/\/schema.org","@graph":[{"@type":"WebPage","@id":"https:\/\/dataworld.com\/de\/losungen\/sap-solution-manager\/change-request-management\/","url":"https:\/\/dataworld.com\/de\/losungen\/sap-solution-manager\/change-request-management\/","name":"Change Request Management im SAP Solution Manager - dataworld","isPartOf":{"@id":"https:\/\/dataworld.com\/de\/#website"},"primaryImageOfPage":{"@id":"https:\/\/dataworld.com\/de\/losungen\/sap-solution-manager\/change-request-management\/#primaryimage"},"image":{"@id":"https:\/\/dataworld.com\/de\/losungen\/sap-solution-manager\/change-request-management\/#primaryimage"},"thumbnailUrl":"https:\/\/dataworld.com\/wp-content\/uploads\/2020\/11\/ChaRM-1024x521.png","datePublished":"2021-04-01T09:14:33+00:00","dateModified":"2023-05-30T09:16:01+00:00","description":"Mit dem Change Request Management werden all Ihre SAP Solution Manager Projekte vom Anfang bis zum Ende verwaltet.","breadcrumb":{"@id":"https:\/\/dataworld.com\/de\/losungen\/sap-solution-manager\/change-request-management\/#breadcrumb"},"inLanguage":"de","potentialAction":[{"@type":"ReadAction","target":["https:\/\/dataworld.com\/de\/losungen\/sap-solution-manager\/change-request-management\/"]}]},{"@type":"ImageObject","inLanguage":"de","@id":"https:\/\/dataworld.com\/de\/losungen\/sap-solution-manager\/change-request-management\/#primaryimage","url":"https:\/\/dataworld.com\/wp-content\/uploads\/2020\/11\/ChaRM-1024x521.png","contentUrl":"https:\/\/dataworld.com\/wp-content\/uploads\/2020\/11\/ChaRM-1024x521.png"},{"@type":"BreadcrumbList","@id":"https:\/\/dataworld.com\/de\/losungen\/sap-solution-manager\/change-request-management\/#breadcrumb","itemListElement":[{"@type":"ListItem","position":1,"name":"Home","item":"https:\/\/dataworld.com\/de\/"},{"@type":"ListItem","position":2,"name":"L\u00f6sungen","item":"https:\/\/dataworld.com\/de\/losungen\/"},{"@type":"ListItem","position":3,"name":"SAP Solution Manager","item":"https:\/\/dataworld.com\/de\/losungen\/sap-solution-manager\/"},{"@type":"ListItem","position":4,"name":"Change Request Management"}]},{"@type":"WebSite","@id":"https:\/\/dataworld.com\/de\/#website","url":"https:\/\/dataworld.com\/de\/","name":"dataworld","description":"wir gestalten Ihre S4 Journey","publisher":{"@id":"https:\/\/dataworld.com\/de\/#organization"},"potentialAction":[{"@type":"SearchAction","target":{"@type":"EntryPoint","urlTemplate":"https:\/\/dataworld.com\/de\/?s={search_term_string}"},"query-input":{"@type":"PropertyValueSpecification","valueRequired":true,"valueName":"search_term_string"}}],"inLanguage":"de"},{"@type":"Organization","@id":"https:\/\/dataworld.com\/de\/#organization","name":"Data Work Consulting AG","url":"https:\/\/dataworld.com\/de\/","logo":{"@type":"ImageObject","inLanguage":"de","@id":"https:\/\/dataworld.com\/de\/#\/schema\/logo\/image\/","url":"https:\/\/dataworld.com\/wp-content\/uploads\/2019\/11\/Quadrat.jpg","contentUrl":"https:\/\/dataworld.com\/wp-content\/uploads\/2019\/11\/Quadrat.jpg","width":378,"height":378,"caption":"Data Work Consulting AG"},"image":{"@id":"https:\/\/dataworld.com\/de\/#\/schema\/logo\/image\/"},"sameAs":["https:\/\/www.facebook.com\/dataworldconsulting\/","https:\/\/x.com\/dW_dataworld"]}]}},"_links":{"self":[{"href":"https:\/\/dataworld.com\/de\/wp-json\/wp\/v2\/pages\/7461","targetHints":{"allow":["GET"]}}],"collection":[{"href":"https:\/\/dataworld.com\/de\/wp-json\/wp\/v2\/pages"}],"about":[{"href":"https:\/\/dataworld.com\/de\/wp-json\/wp\/v2\/types\/page"}],"author":[{"embeddable":true,"href":"https:\/\/dataworld.com\/de\/wp-json\/wp\/v2\/users\/7"}],"replies":[{"embeddable":true,"href":"https:\/\/dataworld.com\/de\/wp-json\/wp\/v2\/comments?post=7461"}],"version-history":[{"count":4,"href":"https:\/\/dataworld.com\/de\/wp-json\/wp\/v2\/pages\/7461\/revisions"}],"predecessor-version":[{"id":9784,"href":"https:\/\/dataworld.com\/de\/wp-json\/wp\/v2\/pages\/7461\/revisions\/9784"}],"up":[{"embeddable":true,"href":"https:\/\/dataworld.com\/de\/wp-json\/wp\/v2\/pages\/2714"}],"wp:attachment":[{"href":"https:\/\/dataworld.com\/de\/wp-json\/wp\/v2\/media?parent=7461"}],"curies":[{"name":"wp","href":"https:\/\/api.w.org\/{rel}","templated":true}]}}