{"id":7458,"date":"2021-02-23T10:09:30","date_gmt":"2021-02-23T09:09:30","guid":{"rendered":"https:\/\/dataworld.com\/?page_id=7458"},"modified":"2023-05-30T11:15:19","modified_gmt":"2023-05-30T09:15:19","slug":"anforderungsmanagement","status":"publish","type":"page","link":"https:\/\/dataworld.com\/de\/losungen\/sap-solution-manager\/anforderungsmanagement\/","title":{"rendered":"Anforderungsmanagement"},"content":{"rendered":"<section class=\"kc-elm kc-css-550336 kc_row\"><div class=\"kc-row-container  kc-container\"><div class=\"kc-wrap-columns\"><div class=\"kc-elm kc-css-158180 kc_col-sm-12 kc_column kc_col-sm-12\"><div class=\"kc-col-container\"><div class=\"kc-elm kc-css-83361 kc_row kc_row_inner\"><div class=\"kc-elm kc-css-421691 kc_col-sm-12 kc_column_inner kc_col-sm-12\"><div class=\"kc_wrapper kc-col-inner-container\"><div class=\"kc-elm kc-css-467138 kc-raw-code\">\n\t\t\t<!-- START Anforderungsmanagement REVOLUTION SLIDER 6.7.41 --><p class=\"rs-p-wp-fix\"><\/p>\n\t\t\t<rs-module-wrap id=\"rev_slider_194_1_wrapper\" data-source=\"gallery\" style=\"visibility:hidden;background:#b3b3aa;padding:0;margin:0px auto;margin-top:0;margin-bottom:0;\">\n\t\t\t\t<rs-module id=\"rev_slider_194_1\" style=\"\" data-version=\"6.7.41\">\n\t\t\t\t\t<rs-slides style=\"overflow: hidden; position: absolute;\">\n\t\t\t\t\t\t<rs-slide style=\"position: absolute;\" data-key=\"rs-288\" data-title=\"Slide\" data-anim=\"ms:1000;r:0;\" data-in=\"o:0;\" data-out=\"a:false;\">\n\t\t\t\t\t\t\t<img decoding=\"async\" src=\"\/\/dataworld.com\/wp-content\/plugins\/revslider\/sr6\/assets\/assets\/dummy.png\" alt=\"Slide\" title=\"Anforderungsmanagement\" class=\"rev-slidebg tp-rs-img rs-lazyload\" data-lazyload=\"\/\/dataworld.com\/wp-content\/plugins\/revslider\/sr6\/assets\/assets\/transparent.png\" data-bg=\"c:#b3b3aa;\" data-no-retina>\n<!--\n\t\t\t\t\t\t\t--><rs-layer\n\t\t\t\t\t\t\t\tid=\"slider-194-slide-288-layer-0\" \n\t\t\t\t\t\t\t\tdata-type=\"text\"\n\t\t\t\t\t\t\t\tdata-rsp_ch=\"on\"\n\t\t\t\t\t\t\t\tdata-xy=\"x:c;yo:100px,82px,62px,38px;\"\n\t\t\t\t\t\t\t\tdata-text=\"w:normal;l:22,18,13,8;\"\n\t\t\t\t\t\t\t\tdata-frame_999=\"o:0;st:w;\"\n\t\t\t\t\t\t\t\tstyle=\"z-index:5;font-family:'Raleway';\"\n\t\t\t\t\t\t\t>Anforderungsmanagement im SAP Solution Manager \n\t\t\t\t\t\t\t<\/rs-layer><!--\n\n\t\t\t\t\t\t\t--><rs-layer\n\t\t\t\t\t\t\t\tid=\"slider-194-slide-288-layer-1\" \n\t\t\t\t\t\t\t\tdata-type=\"text\"\n\t\t\t\t\t\t\t\tdata-rsp_ch=\"on\"\n\t\t\t\t\t\t\t\tdata-xy=\"x:c;yo:155px,128px,97px,59px;\"\n\t\t\t\t\t\t\t\tdata-text=\"w:normal;s:40,33,25,15;l:40,33,25,15;fw:700;a:center;\"\n\t\t\t\t\t\t\t\tdata-dim=\"w:1019px,841px,638px,403px;\"\n\t\t\t\t\t\t\t\tdata-frame_999=\"o:0;st:w;\"\n\t\t\t\t\t\t\t\tstyle=\"z-index:6;font-family:'Roboto';\"\n\t\t\t\t\t\t\t>Best-of-Breed-Funktionalit\u00e4ten mit messbaren Verbesserungen \n\t\t\t\t\t\t\t<\/rs-layer><!--\n-->\t\t\t\t\t<\/rs-slide>\n\t\t\t\t\t<\/rs-slides>\n\t\t\t\t<\/rs-module>\n\t\t\t\t<script>\n\t\t\t\t\tsetREVStartSize({c: 'rev_slider_194_1',rl:[1240,1024,778,480],el:[300,330,251,155],gw:[1240,1024,778,480],gh:[300,330,251,155],type:'standard',justify:'',layout:'fullwidth',mh:\"0\"});if (window.RS_MODULES!==undefined && window.RS_MODULES.modules!==undefined && window.RS_MODULES.modules[\"revslider1941\"]!==undefined) {window.RS_MODULES.modules[\"revslider1941\"].once = false;window.revapi194 = undefined;if (window.RS_MODULES.checkMinimal!==undefined) window.RS_MODULES.checkMinimal()}\n\t\t\t\t<\/script>\n\t\t\t<\/rs-module-wrap>\n\t\t\t<!-- END REVOLUTION SLIDER -->\n<\/div><div class=\"kc-elm kc-css-782668\" style=\"height: 80px; clear: both; width:100%;\"><\/div><div class=\"kc-elm kc_row kc_row_inner\"><div class=\"kc-elm kc_col-sm-1 kc_column_inner kc_col-sm-1\"><div class=\"kc_wrapper kc-col-inner-container\">\n<div class=\"kc-elm kc-css-593000 kc-title-wrap \">\n\n\t<h1 class=\"kc_title\">Anforderungsmanagement im SAP Solution Manager<\/h1>\n<\/div>\n<div class=\"kc-elm kc-css-453399\" style=\"height: 20px; clear: both; width:100%;\"><\/div><div class=\"kc-elm kc-css-701600 kc_text_block\"><\/p>\n<p>\nDas Anforderungsmanagement mit dem SolMan 7.2 erm\u00f6glicht die Steuerung des Change Managements f\u00fcr neue sogenannte Requirements, die durch die Fachbereiche im Unternehmen aus Businesssicht ben\u00f6tigt werden, und bildet somit eine wichtige Schnittstelle zwischen Fachbereich und IT.<\/p>\n<p>Viele Unternehmen, die den SolMan f\u00fcr ihre ITSM-Prozesse nutzen, haben einen Eingangskanal f\u00fcr Anforderungen vom Fachbereich schmerzlich vermisst. Die Anforderungen werden heute noch in umst\u00e4ndlichen und langwierigen Prozessen gesammelt, evaluiert und an die IT-Abteilung weitergegeben.\u00a0<span style=\"font-style: inherit;\">Nicht selten werden Anforderungen einfach per E-Mail an den Verantwortlichen geschickt. Papierformulare sind ein immer noch h\u00e4ufig genutztes Medium, um eine Anforderung zu formulieren und zu beschreiben. Diese wandern dann durch unz\u00e4hlige Schreibtische und Gremien, bis alle notwendigen Genehmigungen gesammelt und alle Beteiligten informiert sind.<\/span><\/p>\n<p>Der SolMan 7.2 bietet nun einen vollintegrierten Prozess f\u00fcr das Anforderungsmanagement an. Dieser soll den kompletten Lebenszyklus der Anforderung von der Erfassung bis zur Realisierung und Produktivsetzung abdecken. Im SOLMAN gibt es zwei Standardvorgangsarten, die Business-Anforderung und die IT-Anforderung. Beide bieten die kompletten Funktionen analog zum Change Control Management an.<\/p>\n<p>\n<\/div><div class=\"kc-elm kc-css-808481\" style=\"height: 20px; clear: both; width:100%;\"><\/div><div class=\"kc-elm kc-css-92848 kc_shortcode kc_single_image\">\n\n        <a rel=\"prettyPhoto\" class=\"kc-pretty-photo\" href=\"https:\/\/dataworld.com\/wp-content\/uploads\/2020\/10\/Anforderungsmanagement.png\" title=\"Anforderungsmanagement im SAP Solution Manager\" target=\"\">\n        <img decoding=\"async\" src=\"https:\/\/dataworld.com\/wp-content\/uploads\/2020\/10\/Anforderungsmanagement.png\" class=\"\" alt=\"Anforderungsmanagement im SAP Solution Manager\" \/>    <\/a>\n    <\/div>\n<div class=\"kc-elm kc-css-714063\" style=\"height: 80px; clear: both; width:100%;\"><\/div>\n<div class=\"kc-elm kc-css-962500 kc-title-wrap \">\n\n\t<h1 class=\"kc_title\">Ihre Vorteile auf einen Blick<\/h1>\n<\/div>\n<div class=\"kc-elm kc-css-617453\" style=\"height: 40px; clear: both; width:100%;\"><\/div><div class=\"kc-elm kc_row kc_row_inner\"><div class=\"kc-elm kc_col-sm-1 kc_column_inner kc_col-sm-1\"><div class=\"kc_wrapper kc-col-inner-container\"><div class=\"kc-elm kc-css-490513 kc-icon-wrapper\">\n\t\t<i class=\"et-aperture\"><\/i>\n\t<\/div>\n<div class=\"kc-elm kc-css-608343\" style=\"height: 20px; clear: both; width:100%;\"><\/div><div class=\"kc-elm kc-css-43792 kc_text_block\"><\/p>\n<p style=\"text-align: center;\"><strong>Verbesserter Prozessablauf<\/strong><\/p>\n<p style=\"text-align: center;\">Verbesserte Prozess\u00fcberwachung, schnellere Reaktions- und Bearbeitungszeiten, automatische E-Mail-Benachrichtgungen<\/p>\n<p>\n<\/div><div class=\"kc-elm kc-css-473245\" style=\"height: 40px; clear: both; width:100%;\"><\/div><\/div><\/div><div class=\"kc-elm kc_col-sm-1 kc_column_inner kc_col-sm-1\"><div class=\"kc_wrapper kc-col-inner-container\"><div class=\"kc-elm kc-css-603129 kc-icon-wrapper\">\n\t\t<i class=\"et-refresh\"><\/i>\n\t<\/div>\n<div class=\"kc-elm kc-css-755022\" style=\"height: 20px; clear: both; width:100%;\"><\/div><div class=\"kc-elm kc-css-513099 kc_text_block\"><\/p>\n<p style=\"text-align: center;\"><strong>Massenaktualisierung<\/strong><\/p>\n<p style=\"text-align: center;\">Schnellere Verarbeitung f\u00fcr das Management, alle Updates von Anforderungen in einer Ansicht<\/p>\n<p>\n<\/div><div class=\"kc-elm kc-css-554120\" style=\"height: 40px; clear: both; width:100%;\"><\/div><\/div><\/div><div class=\"kc-elm kc_col-sm-1 kc_column_inner kc_col-sm-1\"><div class=\"kc_wrapper kc-col-inner-container\"><div class=\"kc-elm kc-css-54079 kc-icon-wrapper\">\n\t\t<i class=\"et-edit\"><\/i>\n\t<\/div>\n<div class=\"kc-elm kc-css-573733\" style=\"height: 20px; clear: both; width:100%;\"><\/div><div class=\"kc-elm kc-css-914702 kc_text_block\"><\/p>\n<p style=\"text-align: center;\"><strong>Vordefinierte Berechtigungsrollen<\/strong><\/p>\n<p style=\"text-align: center;\">Rollen k\u00f6nnen leicht gewartet und angepasst werden<\/p>\n<p>\n<\/div><div class=\"kc-elm kc-css-126197\" style=\"height: 40px; clear: both; width:100%;\"><\/div><\/div><\/div><\/div><div class=\"kc-elm kc-css-313073\" style=\"height: 20px; clear: both; width:100%;\"><\/div><div class=\"kc-elm kc_row kc_row_inner\"><div class=\"kc-elm kc_col-sm-1 kc_column_inner kc_col-sm-1\"><div class=\"kc_wrapper kc-col-inner-container\"><div class=\"kc-elm kc-css-942001 kc-icon-wrapper\">\n\t\t<i class=\"et-envelope\"><\/i>\n\t<\/div>\n<div class=\"kc-elm kc-css-694974\" style=\"height: 20px; clear: both; width:100%;\"><\/div><div class=\"kc-elm kc-css-527913 kc_text_block\"><\/p>\n<p style=\"text-align: center;\"><strong>Automatische E-Mail-Benachrichtigungen<\/strong><\/p>\n<p style=\"text-align: center;\">Schnelle Reaktionszeiten, kurze Warte- und Bearbeitungszeiten, schneller Zugriff auf Dokumente, Prozessteilnehmer k\u00f6nnen die Dringlichkeit und den aktuellen Status sofort erkennen<\/p>\n<p>\n<\/div><div class=\"kc-elm kc-css-543949\" style=\"height: 40px; clear: both; width:100%;\"><\/div><\/div><\/div><div class=\"kc-elm kc_col-sm-1 kc_column_inner kc_col-sm-1\"><div class=\"kc_wrapper kc-col-inner-container\"><div class=\"kc-elm kc-css-150785 kc-icon-wrapper\">\n\t\t<i class=\"et-document\"><\/i>\n\t<\/div>\n<div class=\"kc-elm kc-css-843907\" style=\"height: 20px; clear: both; width:100%;\"><\/div><div class=\"kc-elm kc-css-71170 kc_text_block\"><\/p>\n<p style=\"text-align: center;\"><strong>Einfaches anh\u00e4ngen von Screenshots<\/strong><\/p>\n<p style=\"text-align: center;\">Fehler k\u00f6nnen leicht dokumentiert und angeh\u00e4ngt werden, verbesserte Benutzerfreundlichkeit f\u00fcr Endbenutzer<\/p>\n<p>\n<\/div><div class=\"kc-elm kc-css-648007\" style=\"height: 40px; clear: both; width:100%;\"><\/div><\/div><\/div><div class=\"kc-elm kc_col-sm-1 kc_column_inner kc_col-sm-1\"><div class=\"kc_wrapper kc-col-inner-container\"><div class=\"kc-elm kc-css-438219 kc-icon-wrapper\">\n\t\t<i class=\"et-speedometer\"><\/i>\n\t<\/div>\n<div class=\"kc-elm kc-css-591388\" style=\"height: 20px; clear: both; width:100%;\"><\/div><div class=\"kc-elm kc-css-212813 kc_text_block\"><\/p>\n<p style=\"text-align: center;\"><strong>Automatische Etikettenbestimmung<\/strong><\/p>\n<p style=\"text-align: center;\">Kurzinfo \u00fcber den Zuordnungsblock, der Zuordnungsblock muss nur dann erweitert werden, wenn dieser Inhalt enth\u00e4lt, spart Ladezeit<\/p>\n<p>\n<\/div><div class=\"kc-elm kc-css-23484\" style=\"height: 40px; clear: both; width:100%;\"><\/div><\/div><\/div><div class=\"kc-elm kc_col-sm-1 kc_column_inner kc_col-sm-1\"><div class=\"kc_wrapper kc-col-inner-container\"><div class=\"kc-elm kc-css-342175 kc-icon-wrapper\">\n\t\t<i class=\"et-presentation\"><\/i>\n\t<\/div>\n<div class=\"kc-elm kc-css-805196\" style=\"height: 20px; clear: both; width:100%;\"><\/div><div class=\"kc-elm kc-css-779249 kc_text_block\"><\/p>\n<p style=\"text-align: center;\"><strong>Berichtscockpit<\/strong><\/p>\n<p style=\"text-align: center;\">Legt nur die Informationen offen, die Sie f\u00fcr konkrete Aufgabenstellung ben\u00f6tigen<\/p>\n<p>\n<\/div><div class=\"kc-elm kc-css-711021\" style=\"height: 40px; clear: both; width:100%;\"><\/div><\/div><\/div><\/div><div class=\"kc-elm kc-css-904536\" style=\"height: 40px; clear: both; width:100%;\"><\/div>\n<div class=\"kc-elm kc-css-357090 kc-title-wrap \">\n\n\t<h1 class=\"kc_title\">Business-Anforderung<\/h1>\n<\/div>\n<div class=\"kc-elm kc-css-2552\" style=\"height: 20px; clear: both; width:100%;\"><\/div><div class=\"kc-elm kc-css-751666 kc_text_block\"><\/p>\n<p>\nIn der Business-Anforderung kann der Fachbereich sein Anliegen beschreiben, nach Dringlichkeit und Auswirkung priorisieren, kategorisieren, den gew\u00fcnschten Realisierungstermin angeben und zur Auswertung an den Anforderungsmanager oder Fachbereichsleiter weitergeben.<\/p>\n<p>Der Anforderer kann dazu die sogenannte Multi-Level-Kategorisierung nutzen. Evtl. werden weitere Kategorisierungsm\u00f6glichkeiten ben\u00f6tigt, die so in der Standardauslieferung nicht vorgesehen sind. Diese Kategorisierungen k\u00f6nnen z.B. \u00fcber kundeneigene Felder abgebildet werden.<\/p>\n<p>\n<\/div><div class=\"kc-elm kc-css-149798\" style=\"height: 40px; clear: both; width:100%;\"><\/div>\n<div class=\"kc-elm kc-css-662311 kc-title-wrap \">\n\n\t<h1 class=\"kc_title\">IT-Anforderung<\/h1>\n<\/div>\n<div class=\"kc-elm kc-css-151489\" style=\"height: 20px; clear: both; width:100%;\"><\/div><div class=\"kc-elm kc-css-367572 kc_text_block\"><\/p>\n<p>\nIn der IT-Anforderung k\u00f6nnen Aufwandabsch\u00e4tzungen basierend auf der Aktivit\u00e4tsart in einem zus\u00e4tzlichen Zuordnungsblock leicht aufgezeichnet werden und die Definition von Kostens\u00e4tzen wird erm\u00f6glicht. Damit erhalten Sie einen direkten \u00dcberblick \u00fcber geplante und tats\u00e4chliche Aufw\u00e4nde.<\/p>\n<p>\n<\/div><div class=\"kc-elm kc-css-989719\" style=\"height: 40px; clear: both; width:100%;\"><\/div><\/div><\/div><div class=\"kc-elm kc_col-sm-1 kc_column_inner kc_col-sm-1\"><div class=\"kc_wrapper kc-col-inner-container\"><div class=\"kc-elm kc-css-493384 kc_text_block\"><\/p>\n<h2><strong style=\"font-style: inherit;\">Christian Bl\u00e4uenstein<\/strong><\/h2>\n<div><strong> <img loading=\"lazy\" decoding=\"async\" class=\"aligncenter size-medium\" src=\"https:\/\/dataworld.com\/wp-content\/uploads\/2019\/11\/3F0A1153.jpg\" alt=\"Christian Bl\u00e4uenstein\" width=\"2110\" height=\"1407\"><br \/><\/strong><\/div>\n<\/p>\n<p>Kontaktieren Sie mich um mehr zum Anforderunsmanagement im SAP Solution Manager zu erfahren:<\/p>\n<p>+41 58 591 90 00<br \/><a href=\"mailto:christian.blaeuenstein@dataworld.com\">christian.blaeuenstein@dataworld.com<\/a><\/p>\n<p>\n<\/div><div class=\"kc-elm kc-css-119187\" style=\"height: 40px; clear: both; width:100%;\"><\/div><\/div><\/div><\/div><\/div><\/div><\/div><\/div><\/div><\/div><\/div><\/section>\n","protected":false},"excerpt":{"rendered":"","protected":false},"author":7,"featured_media":0,"parent":2714,"menu_order":0,"comment_status":"closed","ping_status":"closed","template":"","meta":{"footnotes":""},"class_list":["post-7458","page","type-page","status-publish","hentry"],"yoast_head":"<!-- This site is optimized with the Yoast SEO plugin v27.4 - https:\/\/yoast.com\/product\/yoast-seo-wordpress\/ -->\n<title>Anforderungsmanagement im SAP Solution Manager - dataworld<\/title>\n<meta name=\"description\" content=\"Erm\u00f6glicht die Steuerung des Change Managements f\u00fcr neue Requirements und bildet somit eine wichtige Schnittstelle zwischen Fachbereich &amp; IT.\" \/>\n<meta name=\"robots\" content=\"index, follow, max-snippet:-1, max-image-preview:large, max-video-preview:-1\" \/>\n<link rel=\"canonical\" href=\"https:\/\/dataworld.com\/de\/losungen\/sap-solution-manager\/anforderungsmanagement\/\" \/>\n<meta property=\"og:locale\" content=\"de_DE\" \/>\n<meta property=\"og:type\" content=\"article\" \/>\n<meta property=\"og:title\" content=\"Anforderungsmanagement im SAP Solution Manager - dataworld\" \/>\n<meta property=\"og:description\" content=\"Erm\u00f6glicht die Steuerung des Change Managements f\u00fcr neue Requirements und bildet somit eine wichtige Schnittstelle zwischen Fachbereich &amp; IT.\" \/>\n<meta property=\"og:url\" content=\"https:\/\/dataworld.com\/de\/losungen\/sap-solution-manager\/anforderungsmanagement\/\" \/>\n<meta property=\"og:site_name\" content=\"dataworld\" \/>\n<meta property=\"article:publisher\" content=\"https:\/\/www.facebook.com\/dataworldconsulting\/\" \/>\n<meta property=\"article:modified_time\" content=\"2023-05-30T09:15:19+00:00\" \/>\n<meta property=\"og:image\" content=\"https:\/\/dataworld.com\/wp-content\/uploads\/2020\/10\/Anforderungsmanagement.png\" \/>\n<meta name=\"twitter:card\" content=\"summary_large_image\" \/>\n<meta name=\"twitter:site\" content=\"@dW_dataworld\" \/>\n<meta name=\"twitter:label1\" content=\"Gesch\u00e4tzte Lesezeit\" \/>\n\t<meta name=\"twitter:data1\" content=\"2\u00a0Minuten\" \/>\n<script type=\"application\/ld+json\" class=\"yoast-schema-graph\">{\"@context\":\"https:\\\/\\\/schema.org\",\"@graph\":[{\"@type\":\"WebPage\",\"@id\":\"https:\\\/\\\/dataworld.com\\\/de\\\/losungen\\\/sap-solution-manager\\\/anforderungsmanagement\\\/\",\"url\":\"https:\\\/\\\/dataworld.com\\\/de\\\/losungen\\\/sap-solution-manager\\\/anforderungsmanagement\\\/\",\"name\":\"Anforderungsmanagement im SAP Solution Manager - dataworld\",\"isPartOf\":{\"@id\":\"https:\\\/\\\/dataworld.com\\\/de\\\/#website\"},\"primaryImageOfPage\":{\"@id\":\"https:\\\/\\\/dataworld.com\\\/de\\\/losungen\\\/sap-solution-manager\\\/anforderungsmanagement\\\/#primaryimage\"},\"image\":{\"@id\":\"https:\\\/\\\/dataworld.com\\\/de\\\/losungen\\\/sap-solution-manager\\\/anforderungsmanagement\\\/#primaryimage\"},\"thumbnailUrl\":\"https:\\\/\\\/dataworld.com\\\/wp-content\\\/uploads\\\/2020\\\/10\\\/Anforderungsmanagement.png\",\"datePublished\":\"2021-02-23T09:09:30+00:00\",\"dateModified\":\"2023-05-30T09:15:19+00:00\",\"description\":\"Erm\u00f6glicht die Steuerung des Change Managements f\u00fcr neue Requirements und bildet somit eine wichtige Schnittstelle zwischen Fachbereich & IT.\",\"breadcrumb\":{\"@id\":\"https:\\\/\\\/dataworld.com\\\/de\\\/losungen\\\/sap-solution-manager\\\/anforderungsmanagement\\\/#breadcrumb\"},\"inLanguage\":\"de\",\"potentialAction\":[{\"@type\":\"ReadAction\",\"target\":[\"https:\\\/\\\/dataworld.com\\\/de\\\/losungen\\\/sap-solution-manager\\\/anforderungsmanagement\\\/\"]}]},{\"@type\":\"ImageObject\",\"inLanguage\":\"de\",\"@id\":\"https:\\\/\\\/dataworld.com\\\/de\\\/losungen\\\/sap-solution-manager\\\/anforderungsmanagement\\\/#primaryimage\",\"url\":\"https:\\\/\\\/dataworld.com\\\/wp-content\\\/uploads\\\/2020\\\/10\\\/Anforderungsmanagement.png\",\"contentUrl\":\"https:\\\/\\\/dataworld.com\\\/wp-content\\\/uploads\\\/2020\\\/10\\\/Anforderungsmanagement.png\"},{\"@type\":\"BreadcrumbList\",\"@id\":\"https:\\\/\\\/dataworld.com\\\/de\\\/losungen\\\/sap-solution-manager\\\/anforderungsmanagement\\\/#breadcrumb\",\"itemListElement\":[{\"@type\":\"ListItem\",\"position\":1,\"name\":\"Home\",\"item\":\"https:\\\/\\\/dataworld.com\\\/de\\\/\"},{\"@type\":\"ListItem\",\"position\":2,\"name\":\"L\u00f6sungen\",\"item\":\"https:\\\/\\\/dataworld.com\\\/de\\\/losungen\\\/\"},{\"@type\":\"ListItem\",\"position\":3,\"name\":\"SAP Solution Manager\",\"item\":\"https:\\\/\\\/dataworld.com\\\/de\\\/losungen\\\/sap-solution-manager\\\/\"},{\"@type\":\"ListItem\",\"position\":4,\"name\":\"Anforderungsmanagement\"}]},{\"@type\":\"WebSite\",\"@id\":\"https:\\\/\\\/dataworld.com\\\/de\\\/#website\",\"url\":\"https:\\\/\\\/dataworld.com\\\/de\\\/\",\"name\":\"dataworld\",\"description\":\"wir gestalten Ihre S4 Journey\",\"publisher\":{\"@id\":\"https:\\\/\\\/dataworld.com\\\/de\\\/#organization\"},\"potentialAction\":[{\"@type\":\"SearchAction\",\"target\":{\"@type\":\"EntryPoint\",\"urlTemplate\":\"https:\\\/\\\/dataworld.com\\\/de\\\/?s={search_term_string}\"},\"query-input\":{\"@type\":\"PropertyValueSpecification\",\"valueRequired\":true,\"valueName\":\"search_term_string\"}}],\"inLanguage\":\"de\"},{\"@type\":\"Organization\",\"@id\":\"https:\\\/\\\/dataworld.com\\\/de\\\/#organization\",\"name\":\"Data Work Consulting AG\",\"url\":\"https:\\\/\\\/dataworld.com\\\/de\\\/\",\"logo\":{\"@type\":\"ImageObject\",\"inLanguage\":\"de\",\"@id\":\"https:\\\/\\\/dataworld.com\\\/de\\\/#\\\/schema\\\/logo\\\/image\\\/\",\"url\":\"https:\\\/\\\/dataworld.com\\\/wp-content\\\/uploads\\\/2019\\\/11\\\/Quadrat.jpg\",\"contentUrl\":\"https:\\\/\\\/dataworld.com\\\/wp-content\\\/uploads\\\/2019\\\/11\\\/Quadrat.jpg\",\"width\":378,\"height\":378,\"caption\":\"Data Work Consulting AG\"},\"image\":{\"@id\":\"https:\\\/\\\/dataworld.com\\\/de\\\/#\\\/schema\\\/logo\\\/image\\\/\"},\"sameAs\":[\"https:\\\/\\\/www.facebook.com\\\/dataworldconsulting\\\/\",\"https:\\\/\\\/x.com\\\/dW_dataworld\"]}]}<\/script>\n<!-- \/ Yoast SEO plugin. -->","yoast_head_json":{"title":"Anforderungsmanagement im SAP Solution Manager - dataworld","description":"Erm\u00f6glicht die Steuerung des Change Managements f\u00fcr neue Requirements und bildet somit eine wichtige Schnittstelle zwischen Fachbereich & IT.","robots":{"index":"index","follow":"follow","max-snippet":"max-snippet:-1","max-image-preview":"max-image-preview:large","max-video-preview":"max-video-preview:-1"},"canonical":"https:\/\/dataworld.com\/de\/losungen\/sap-solution-manager\/anforderungsmanagement\/","og_locale":"de_DE","og_type":"article","og_title":"Anforderungsmanagement im SAP Solution Manager - dataworld","og_description":"Erm\u00f6glicht die Steuerung des Change Managements f\u00fcr neue Requirements und bildet somit eine wichtige Schnittstelle zwischen Fachbereich & IT.","og_url":"https:\/\/dataworld.com\/de\/losungen\/sap-solution-manager\/anforderungsmanagement\/","og_site_name":"dataworld","article_publisher":"https:\/\/www.facebook.com\/dataworldconsulting\/","article_modified_time":"2023-05-30T09:15:19+00:00","og_image":[{"url":"https:\/\/dataworld.com\/wp-content\/uploads\/2020\/10\/Anforderungsmanagement.png","type":"","width":"","height":""}],"twitter_card":"summary_large_image","twitter_site":"@dW_dataworld","twitter_misc":{"Gesch\u00e4tzte Lesezeit":"2\u00a0Minuten"},"schema":{"@context":"https:\/\/schema.org","@graph":[{"@type":"WebPage","@id":"https:\/\/dataworld.com\/de\/losungen\/sap-solution-manager\/anforderungsmanagement\/","url":"https:\/\/dataworld.com\/de\/losungen\/sap-solution-manager\/anforderungsmanagement\/","name":"Anforderungsmanagement im SAP Solution Manager - dataworld","isPartOf":{"@id":"https:\/\/dataworld.com\/de\/#website"},"primaryImageOfPage":{"@id":"https:\/\/dataworld.com\/de\/losungen\/sap-solution-manager\/anforderungsmanagement\/#primaryimage"},"image":{"@id":"https:\/\/dataworld.com\/de\/losungen\/sap-solution-manager\/anforderungsmanagement\/#primaryimage"},"thumbnailUrl":"https:\/\/dataworld.com\/wp-content\/uploads\/2020\/10\/Anforderungsmanagement.png","datePublished":"2021-02-23T09:09:30+00:00","dateModified":"2023-05-30T09:15:19+00:00","description":"Erm\u00f6glicht die Steuerung des Change Managements f\u00fcr neue Requirements und bildet somit eine wichtige Schnittstelle zwischen Fachbereich & IT.","breadcrumb":{"@id":"https:\/\/dataworld.com\/de\/losungen\/sap-solution-manager\/anforderungsmanagement\/#breadcrumb"},"inLanguage":"de","potentialAction":[{"@type":"ReadAction","target":["https:\/\/dataworld.com\/de\/losungen\/sap-solution-manager\/anforderungsmanagement\/"]}]},{"@type":"ImageObject","inLanguage":"de","@id":"https:\/\/dataworld.com\/de\/losungen\/sap-solution-manager\/anforderungsmanagement\/#primaryimage","url":"https:\/\/dataworld.com\/wp-content\/uploads\/2020\/10\/Anforderungsmanagement.png","contentUrl":"https:\/\/dataworld.com\/wp-content\/uploads\/2020\/10\/Anforderungsmanagement.png"},{"@type":"BreadcrumbList","@id":"https:\/\/dataworld.com\/de\/losungen\/sap-solution-manager\/anforderungsmanagement\/#breadcrumb","itemListElement":[{"@type":"ListItem","position":1,"name":"Home","item":"https:\/\/dataworld.com\/de\/"},{"@type":"ListItem","position":2,"name":"L\u00f6sungen","item":"https:\/\/dataworld.com\/de\/losungen\/"},{"@type":"ListItem","position":3,"name":"SAP Solution Manager","item":"https:\/\/dataworld.com\/de\/losungen\/sap-solution-manager\/"},{"@type":"ListItem","position":4,"name":"Anforderungsmanagement"}]},{"@type":"WebSite","@id":"https:\/\/dataworld.com\/de\/#website","url":"https:\/\/dataworld.com\/de\/","name":"dataworld","description":"wir gestalten Ihre S4 Journey","publisher":{"@id":"https:\/\/dataworld.com\/de\/#organization"},"potentialAction":[{"@type":"SearchAction","target":{"@type":"EntryPoint","urlTemplate":"https:\/\/dataworld.com\/de\/?s={search_term_string}"},"query-input":{"@type":"PropertyValueSpecification","valueRequired":true,"valueName":"search_term_string"}}],"inLanguage":"de"},{"@type":"Organization","@id":"https:\/\/dataworld.com\/de\/#organization","name":"Data Work Consulting AG","url":"https:\/\/dataworld.com\/de\/","logo":{"@type":"ImageObject","inLanguage":"de","@id":"https:\/\/dataworld.com\/de\/#\/schema\/logo\/image\/","url":"https:\/\/dataworld.com\/wp-content\/uploads\/2019\/11\/Quadrat.jpg","contentUrl":"https:\/\/dataworld.com\/wp-content\/uploads\/2019\/11\/Quadrat.jpg","width":378,"height":378,"caption":"Data Work Consulting AG"},"image":{"@id":"https:\/\/dataworld.com\/de\/#\/schema\/logo\/image\/"},"sameAs":["https:\/\/www.facebook.com\/dataworldconsulting\/","https:\/\/x.com\/dW_dataworld"]}]}},"_links":{"self":[{"href":"https:\/\/dataworld.com\/de\/wp-json\/wp\/v2\/pages\/7458","targetHints":{"allow":["GET"]}}],"collection":[{"href":"https:\/\/dataworld.com\/de\/wp-json\/wp\/v2\/pages"}],"about":[{"href":"https:\/\/dataworld.com\/de\/wp-json\/wp\/v2\/types\/page"}],"author":[{"embeddable":true,"href":"https:\/\/dataworld.com\/de\/wp-json\/wp\/v2\/users\/7"}],"replies":[{"embeddable":true,"href":"https:\/\/dataworld.com\/de\/wp-json\/wp\/v2\/comments?post=7458"}],"version-history":[{"count":4,"href":"https:\/\/dataworld.com\/de\/wp-json\/wp\/v2\/pages\/7458\/revisions"}],"predecessor-version":[{"id":9783,"href":"https:\/\/dataworld.com\/de\/wp-json\/wp\/v2\/pages\/7458\/revisions\/9783"}],"up":[{"embeddable":true,"href":"https:\/\/dataworld.com\/de\/wp-json\/wp\/v2\/pages\/2714"}],"wp:attachment":[{"href":"https:\/\/dataworld.com\/de\/wp-json\/wp\/v2\/media?parent=7458"}],"curies":[{"name":"wp","href":"https:\/\/api.w.org\/{rel}","templated":true}]}}