{"id":3780,"date":"2019-11-20T21:20:14","date_gmt":"2019-11-20T20:20:14","guid":{"rendered":"https:\/\/dataworld.com\/?page_id=3780"},"modified":"2021-10-28T11:11:15","modified_gmt":"2021-10-28T09:11:15","slug":"unser-engagement","status":"publish","type":"page","link":"https:\/\/dataworld.com\/de\/unternehmen\/unser-engagement\/","title":{"rendered":"Unser Engagement"},"content":{"rendered":"<p><section class=\"kc-elm kc-css-486958 kc_row\"><div class=\"kc-row-container  kc-container\"><div class=\"kc-wrap-columns\"><div class=\"kc-elm kc-css-448680 kc_col-sm-12 kc_column kc_col-sm-12\"><div class=\"kc-col-container\"><\/div><\/div><\/div><\/div><\/section><section class=\"kc-elm kc_row\"><div class=\"kc-row-container  kc-container\"><div class=\"kc-wrap-columns\"><div class=\"kc-elm kc-css-497627 kc_col-sm-12 kc_column kc_col-sm-12\"><div class=\"kc-col-container\"><div class=\"kc-elm kc-css-201694 kc_row kc_row_inner\"><div class=\"kc-elm kc-css-558115 kc_col-sm-12 kc_column_inner kc_col-sm-12\"><div class=\"kc_wrapper kc-col-inner-container\"><div class=\"kc-elm kc-css-815857 kc-raw-code\">\n\t\t\t<!-- START Unser Engagement REVOLUTION SLIDER 6.7.41 --><p class=\"rs-p-wp-fix\"><\/p>\n\t\t\t<rs-module-wrap id=\"rev_slider_202_1_wrapper\" data-source=\"gallery\" style=\"visibility:hidden;background:#b3b3aa;padding:0;margin:0px auto;margin-top:0;margin-bottom:0;\">\n\t\t\t\t<rs-module id=\"rev_slider_202_1\" style=\"\" data-version=\"6.7.41\">\n\t\t\t\t\t<rs-slides style=\"overflow: hidden; position: absolute;\">\n\t\t\t\t\t\t<rs-slide style=\"position: absolute;\" data-key=\"rs-299\" data-title=\"Slide\" data-anim=\"ms:1000;r:0;\" data-in=\"o:0;\" data-out=\"a:false;\">\n\t\t\t\t\t\t\t<img decoding=\"async\" src=\"\/\/dataworld.com\/wp-content\/plugins\/revslider\/sr6\/assets\/assets\/dummy.png\" alt=\"Slide\" title=\"Unser Engagement\" class=\"rev-slidebg tp-rs-img rs-lazyload\" data-lazyload=\"\/\/dataworld.com\/wp-content\/plugins\/revslider\/sr6\/assets\/assets\/transparent.png\" data-bg=\"c:#b3b3aa;\" data-no-retina>\n<!--\n\t\t\t\t\t\t\t--><rs-layer\n\t\t\t\t\t\t\t\tid=\"slider-202-slide-299-layer-0\" \n\t\t\t\t\t\t\t\tdata-type=\"text\"\n\t\t\t\t\t\t\t\tdata-rsp_ch=\"on\"\n\t\t\t\t\t\t\t\tdata-xy=\"x:c;yo:100px,82px,62px,38px;\"\n\t\t\t\t\t\t\t\tdata-text=\"w:normal;l:22,18,13,8;\"\n\t\t\t\t\t\t\t\tdata-frame_999=\"o:0;st:w;\"\n\t\t\t\t\t\t\t\tstyle=\"z-index:5;font-family:'Raleway';\"\n\t\t\t\t\t\t\t>UNSER ENGAGEMENT \n\t\t\t\t\t\t\t<\/rs-layer><!--\n\n\t\t\t\t\t\t\t--><rs-layer\n\t\t\t\t\t\t\t\tid=\"slider-202-slide-299-layer-1\" \n\t\t\t\t\t\t\t\tdata-type=\"text\"\n\t\t\t\t\t\t\t\tdata-rsp_ch=\"on\"\n\t\t\t\t\t\t\t\tdata-xy=\"x:c;yo:155px,128px,97px,59px;\"\n\t\t\t\t\t\t\t\tdata-text=\"w:normal;s:40,33,25,15;l:40,33,25,15;fw:700;\"\n\t\t\t\t\t\t\t\tdata-frame_999=\"o:0;st:w;\"\n\t\t\t\t\t\t\t\tstyle=\"z-index:6;font-family:'Roboto';\"\n\t\t\t\t\t\t\t>Wof\u00fcr wir stehen \n\t\t\t\t\t\t\t<\/rs-layer><!--\n-->\t\t\t\t\t<\/rs-slide>\n\t\t\t\t\t<\/rs-slides>\n\t\t\t\t<\/rs-module>\n\t\t\t\t<script>\n\t\t\t\t\tsetREVStartSize({c: 'rev_slider_202_1',rl:[1240,1024,778,480],el:[300,768,960,720],gw:[1240,1024,778,480],gh:[300,330,251,155],type:'standard',justify:'',layout:'fullwidth',mh:\"0\"});if (window.RS_MODULES!==undefined && window.RS_MODULES.modules!==undefined && window.RS_MODULES.modules[\"revslider2021\"]!==undefined) {window.RS_MODULES.modules[\"revslider2021\"].once = false;window.revapi202 = undefined;if (window.RS_MODULES.checkMinimal!==undefined) window.RS_MODULES.checkMinimal()}\n\t\t\t\t<\/script>\n\t\t\t<\/rs-module-wrap>\n\t\t\t<!-- END REVOLUTION SLIDER -->\n<\/div><div class=\"kc-elm kc-css-55616\" style=\"height: 40px; clear: both; width:100%;\"><\/div><\/div><\/div><\/div>\n<div class=\"kc-elm kc-css-587537 kc-title-wrap \">\n\n\t<h1 class=\"kc_title\">Unsere Mission<\/h1>\n<\/div>\n<div class=\"kc-elm kc-css-354038\" style=\"height: 20px; clear: both; width:100%;\"><\/div><div class=\"kc-elm kc-css-722084 kc_text_block\"><\/p>\n<p>\n<strong>Als IT-Fachberater wollen wir<\/strong><\/p>\n<ul>\n<li>Unsere Kunden mit Professionalit\u00e4t und aussergew\u00f6hnlichen L\u00f6sungen in ihrem Erfolg nachhaltig unterst\u00fctzen<\/li>\n<li>Zusammen mit unseren Kunden, unsere L\u00f6sungen effizient und effektiv umsetzen<\/li>\n<li>Projekte systematisch und zielorientiert zum Erfolg bringen<\/li>\n<\/ul>\n<p>\n<\/div><div class=\"kc-elm kc-css-449809\" style=\"height: 40px; clear: both; width:100%;\"><\/div>\n<div class=\"kc-elm kc-css-785579 kc-title-wrap \">\n\n\t<h1 class=\"kc_title\">Mitarbeitergrunds\u00e4tze<\/h1>\n<\/div>\n<div class=\"kc-elm kc-css-123663\" style=\"height: 20px; clear: both; width:100%;\"><\/div><div class=\"kc-elm kc-css-758177 kc_text_block\"><\/p>\n<p>\n<em><strong>Jeder dW Mitarbeiter ist pers\u00f6nlich engagiert und auf die bestm\u00f6gliche L\u00f6sung des gestellten Kundenproblems verpflichtet.<\/strong><\/em><\/p>\n<p>Arbeiten in interdisziplin\u00e4ren Teams mit:<\/p>\n<ul>\n<li style=\"list-style-type: none;\">\n<ul>\n<li>dem f\u00fcr die Kundenfragestellung erforderlichen Expertenwissens<\/li>\n<li>klarer Kundenverantwortung<\/li>\n<li>straffer Projektorganisation f\u00fcr markt- und kundengerechte L\u00f6sungen<\/li>\n<li>Kunden-Engagement und Lernprozesse<\/li>\n<\/ul>\n<\/li>\n<\/ul>\n<p><em><strong>Durch Einbezug unserer Kunden in den Prozess der Analyse und Umsetzung schaffen wir die Voraussetzung f\u00fcr das rasche und nachhaltige Realisieren der unternehmerischen Vorhaben.<\/strong><\/em><\/p>\n<p>\n<\/div><div class=\"kc-elm kc-css-356281\" style=\"height: 40px; clear: both; width:100%;\"><\/div>\n<div class=\"kc-elm kc-css-172657 kc-title-wrap \">\n\n\t<h1 class=\"kc_title\">Soziales Engagement<\/h1>\n<\/div>\n<div class=\"kc-elm kc-css-670440\" style=\"height: 20px; clear: both; width:100%;\"><\/div><div class=\"kc-elm kc-css-910607 kc_text_block\"><\/p>\n<p>\nTrotz des grossen Wettbewerbs in einer schnell wachsenden Branche, sind wir stets darauf bedacht, uns sozial zu engagieren und der Gesellschaft einen Mehrwert bringen zu k\u00f6nnen.<\/p>\n<p><strong><em>Autismus am Arbeitsplatz<\/em><\/strong><br \/>Wie dies schon SAP und andere IT-Unternehmen begonnen haben, engagieren wir uns f\u00fcr den Einsatz von Menschen mit Asperger-Syndrom.<\/p>\n<p><strong><em>Ausbildung und Betreuung von Lernenden<\/em><\/strong><br \/>Lernende auszubilden und diese auf dem Weg in die Berufswelt zu unterst\u00fctzen, <span style=\"font-style: inherit;\">verstehen wir als eine wichtige Aufgabe. Wir geben jungen Leuten die Chance unser vielf\u00e4ltiges Wissen zu erlangen und aus unseren Erfahrungen zu lernen.<\/span><\/p>\n<p><strong><em>Unterst\u00fctzung von Mitarbeitern bei Ausbildungen<\/em><\/strong><br \/>Man hat nie ausgelernt! Deshalb unterst\u00fctzen wir nicht nur Mitarbeitende bei Weiterbildungen, sondern begleiten auch Studenten bei Studien und Semesterarbeiten.<\/p>\n<p><strong><em>Junior Chamber International JCI Bern<\/em><\/strong><br \/>Das JCI ist ein internationales Netzwerk f\u00fcr junge F\u00fchrungskr\u00e4fte und Unternehmer der Region Bern. Durch dessen Unterst\u00fctzung leisten wir einen wichtigen Beitrag in die F\u00f6rderung des lokalen Unternehmertums (<a href=\"https:\/\/www.jci-bern.ch\">www.jci-bern.ch<\/a>).<\/p>\n<p>\n<\/div><div class=\"kc-elm kc-css-317973\" style=\"height: 40px; clear: both; width:100%;\"><\/div><\/div><\/div><\/div><\/div><\/section><\/p>\n","protected":false},"excerpt":{"rendered":"","protected":false},"author":2,"featured_media":0,"parent":2676,"menu_order":0,"comment_status":"closed","ping_status":"closed","template":"","meta":{"footnotes":""},"class_list":["post-3780","page","type-page","status-publish","hentry"],"yoast_head":"<!-- This site is optimized with the Yoast SEO plugin v27.4 - https:\/\/yoast.com\/product\/yoast-seo-wordpress\/ -->\n<title>Unser Engagement - dataworld<\/title>\n<meta name=\"description\" content=\"Trotz des grossen Wettbewerbs in einer schnell wachsenden Branche, sind wir stets darauf bedacht, uns sozial zu engagieren und der Gesellschaft einen Mehrwert bringen zu k\u00f6nnen.\" \/>\n<meta name=\"robots\" content=\"index, follow, max-snippet:-1, max-image-preview:large, max-video-preview:-1\" \/>\n<link rel=\"canonical\" href=\"https:\/\/dataworld.com\/de\/unternehmen\/unser-engagement\/\" \/>\n<meta property=\"og:locale\" content=\"de_DE\" \/>\n<meta property=\"og:type\" content=\"article\" \/>\n<meta property=\"og:title\" content=\"Unser Engagement - dataworld\" \/>\n<meta property=\"og:description\" content=\"Trotz des grossen Wettbewerbs in einer schnell wachsenden Branche, sind wir stets darauf bedacht, uns sozial zu engagieren und der Gesellschaft einen Mehrwert bringen zu k\u00f6nnen.\" \/>\n<meta property=\"og:url\" content=\"https:\/\/dataworld.com\/de\/unternehmen\/unser-engagement\/\" \/>\n<meta property=\"og:site_name\" content=\"dataworld\" \/>\n<meta property=\"article:publisher\" content=\"https:\/\/www.facebook.com\/dataworldconsulting\/\" \/>\n<meta property=\"article:modified_time\" content=\"2021-10-28T09:11:15+00:00\" \/>\n<meta name=\"twitter:card\" content=\"summary_large_image\" \/>\n<meta name=\"twitter:site\" content=\"@dW_dataworld\" \/>\n<meta name=\"twitter:label1\" content=\"Gesch\u00e4tzte Lesezeit\" \/>\n\t<meta name=\"twitter:data1\" content=\"1\u00a0Minute\" \/>\n<script type=\"application\/ld+json\" class=\"yoast-schema-graph\">{\"@context\":\"https:\\\/\\\/schema.org\",\"@graph\":[{\"@type\":\"WebPage\",\"@id\":\"https:\\\/\\\/dataworld.com\\\/de\\\/unternehmen\\\/unser-engagement\\\/\",\"url\":\"https:\\\/\\\/dataworld.com\\\/de\\\/unternehmen\\\/unser-engagement\\\/\",\"name\":\"Unser Engagement - dataworld\",\"isPartOf\":{\"@id\":\"https:\\\/\\\/dataworld.com\\\/de\\\/#website\"},\"datePublished\":\"2019-11-20T20:20:14+00:00\",\"dateModified\":\"2021-10-28T09:11:15+00:00\",\"description\":\"Trotz des grossen Wettbewerbs in einer schnell wachsenden Branche, sind wir stets darauf bedacht, uns sozial zu engagieren und der Gesellschaft einen Mehrwert bringen zu k\u00f6nnen.\",\"breadcrumb\":{\"@id\":\"https:\\\/\\\/dataworld.com\\\/de\\\/unternehmen\\\/unser-engagement\\\/#breadcrumb\"},\"inLanguage\":\"de\",\"potentialAction\":[{\"@type\":\"ReadAction\",\"target\":[\"https:\\\/\\\/dataworld.com\\\/de\\\/unternehmen\\\/unser-engagement\\\/\"]}]},{\"@type\":\"BreadcrumbList\",\"@id\":\"https:\\\/\\\/dataworld.com\\\/de\\\/unternehmen\\\/unser-engagement\\\/#breadcrumb\",\"itemListElement\":[{\"@type\":\"ListItem\",\"position\":1,\"name\":\"Home\",\"item\":\"https:\\\/\\\/dataworld.com\\\/de\\\/\"},{\"@type\":\"ListItem\",\"position\":2,\"name\":\"Unternehmen\",\"item\":\"https:\\\/\\\/dataworld.com\\\/de\\\/unternehmen\\\/\"},{\"@type\":\"ListItem\",\"position\":3,\"name\":\"Unser Engagement\"}]},{\"@type\":\"WebSite\",\"@id\":\"https:\\\/\\\/dataworld.com\\\/de\\\/#website\",\"url\":\"https:\\\/\\\/dataworld.com\\\/de\\\/\",\"name\":\"dataworld\",\"description\":\"wir gestalten Ihre S4 Journey\",\"publisher\":{\"@id\":\"https:\\\/\\\/dataworld.com\\\/de\\\/#organization\"},\"potentialAction\":[{\"@type\":\"SearchAction\",\"target\":{\"@type\":\"EntryPoint\",\"urlTemplate\":\"https:\\\/\\\/dataworld.com\\\/de\\\/?s={search_term_string}\"},\"query-input\":{\"@type\":\"PropertyValueSpecification\",\"valueRequired\":true,\"valueName\":\"search_term_string\"}}],\"inLanguage\":\"de\"},{\"@type\":\"Organization\",\"@id\":\"https:\\\/\\\/dataworld.com\\\/de\\\/#organization\",\"name\":\"Data Work Consulting AG\",\"url\":\"https:\\\/\\\/dataworld.com\\\/de\\\/\",\"logo\":{\"@type\":\"ImageObject\",\"inLanguage\":\"de\",\"@id\":\"https:\\\/\\\/dataworld.com\\\/de\\\/#\\\/schema\\\/logo\\\/image\\\/\",\"url\":\"https:\\\/\\\/dataworld.com\\\/wp-content\\\/uploads\\\/2019\\\/11\\\/Quadrat.jpg\",\"contentUrl\":\"https:\\\/\\\/dataworld.com\\\/wp-content\\\/uploads\\\/2019\\\/11\\\/Quadrat.jpg\",\"width\":378,\"height\":378,\"caption\":\"Data Work Consulting AG\"},\"image\":{\"@id\":\"https:\\\/\\\/dataworld.com\\\/de\\\/#\\\/schema\\\/logo\\\/image\\\/\"},\"sameAs\":[\"https:\\\/\\\/www.facebook.com\\\/dataworldconsulting\\\/\",\"https:\\\/\\\/x.com\\\/dW_dataworld\"]}]}<\/script>\n<!-- \/ Yoast SEO plugin. -->","yoast_head_json":{"title":"Unser Engagement - dataworld","description":"Trotz des grossen Wettbewerbs in einer schnell wachsenden Branche, sind wir stets darauf bedacht, uns sozial zu engagieren und der Gesellschaft einen Mehrwert bringen zu k\u00f6nnen.","robots":{"index":"index","follow":"follow","max-snippet":"max-snippet:-1","max-image-preview":"max-image-preview:large","max-video-preview":"max-video-preview:-1"},"canonical":"https:\/\/dataworld.com\/de\/unternehmen\/unser-engagement\/","og_locale":"de_DE","og_type":"article","og_title":"Unser Engagement - dataworld","og_description":"Trotz des grossen Wettbewerbs in einer schnell wachsenden Branche, sind wir stets darauf bedacht, uns sozial zu engagieren und der Gesellschaft einen Mehrwert bringen zu k\u00f6nnen.","og_url":"https:\/\/dataworld.com\/de\/unternehmen\/unser-engagement\/","og_site_name":"dataworld","article_publisher":"https:\/\/www.facebook.com\/dataworldconsulting\/","article_modified_time":"2021-10-28T09:11:15+00:00","twitter_card":"summary_large_image","twitter_site":"@dW_dataworld","twitter_misc":{"Gesch\u00e4tzte Lesezeit":"1\u00a0Minute"},"schema":{"@context":"https:\/\/schema.org","@graph":[{"@type":"WebPage","@id":"https:\/\/dataworld.com\/de\/unternehmen\/unser-engagement\/","url":"https:\/\/dataworld.com\/de\/unternehmen\/unser-engagement\/","name":"Unser Engagement - dataworld","isPartOf":{"@id":"https:\/\/dataworld.com\/de\/#website"},"datePublished":"2019-11-20T20:20:14+00:00","dateModified":"2021-10-28T09:11:15+00:00","description":"Trotz des grossen Wettbewerbs in einer schnell wachsenden Branche, sind wir stets darauf bedacht, uns sozial zu engagieren und der Gesellschaft einen Mehrwert bringen zu k\u00f6nnen.","breadcrumb":{"@id":"https:\/\/dataworld.com\/de\/unternehmen\/unser-engagement\/#breadcrumb"},"inLanguage":"de","potentialAction":[{"@type":"ReadAction","target":["https:\/\/dataworld.com\/de\/unternehmen\/unser-engagement\/"]}]},{"@type":"BreadcrumbList","@id":"https:\/\/dataworld.com\/de\/unternehmen\/unser-engagement\/#breadcrumb","itemListElement":[{"@type":"ListItem","position":1,"name":"Home","item":"https:\/\/dataworld.com\/de\/"},{"@type":"ListItem","position":2,"name":"Unternehmen","item":"https:\/\/dataworld.com\/de\/unternehmen\/"},{"@type":"ListItem","position":3,"name":"Unser Engagement"}]},{"@type":"WebSite","@id":"https:\/\/dataworld.com\/de\/#website","url":"https:\/\/dataworld.com\/de\/","name":"dataworld","description":"wir gestalten Ihre S4 Journey","publisher":{"@id":"https:\/\/dataworld.com\/de\/#organization"},"potentialAction":[{"@type":"SearchAction","target":{"@type":"EntryPoint","urlTemplate":"https:\/\/dataworld.com\/de\/?s={search_term_string}"},"query-input":{"@type":"PropertyValueSpecification","valueRequired":true,"valueName":"search_term_string"}}],"inLanguage":"de"},{"@type":"Organization","@id":"https:\/\/dataworld.com\/de\/#organization","name":"Data Work Consulting AG","url":"https:\/\/dataworld.com\/de\/","logo":{"@type":"ImageObject","inLanguage":"de","@id":"https:\/\/dataworld.com\/de\/#\/schema\/logo\/image\/","url":"https:\/\/dataworld.com\/wp-content\/uploads\/2019\/11\/Quadrat.jpg","contentUrl":"https:\/\/dataworld.com\/wp-content\/uploads\/2019\/11\/Quadrat.jpg","width":378,"height":378,"caption":"Data Work Consulting AG"},"image":{"@id":"https:\/\/dataworld.com\/de\/#\/schema\/logo\/image\/"},"sameAs":["https:\/\/www.facebook.com\/dataworldconsulting\/","https:\/\/x.com\/dW_dataworld"]}]}},"_links":{"self":[{"href":"https:\/\/dataworld.com\/de\/wp-json\/wp\/v2\/pages\/3780","targetHints":{"allow":["GET"]}}],"collection":[{"href":"https:\/\/dataworld.com\/de\/wp-json\/wp\/v2\/pages"}],"about":[{"href":"https:\/\/dataworld.com\/de\/wp-json\/wp\/v2\/types\/page"}],"author":[{"embeddable":true,"href":"https:\/\/dataworld.com\/de\/wp-json\/wp\/v2\/users\/2"}],"replies":[{"embeddable":true,"href":"https:\/\/dataworld.com\/de\/wp-json\/wp\/v2\/comments?post=3780"}],"version-history":[{"count":5,"href":"https:\/\/dataworld.com\/de\/wp-json\/wp\/v2\/pages\/3780\/revisions"}],"predecessor-version":[{"id":8098,"href":"https:\/\/dataworld.com\/de\/wp-json\/wp\/v2\/pages\/3780\/revisions\/8098"}],"up":[{"embeddable":true,"href":"https:\/\/dataworld.com\/de\/wp-json\/wp\/v2\/pages\/2676"}],"wp:attachment":[{"href":"https:\/\/dataworld.com\/de\/wp-json\/wp\/v2\/media?parent=3780"}],"curies":[{"name":"wp","href":"https:\/\/api.w.org\/{rel}","templated":true}]}}