{"id":2729,"date":"2019-11-05T21:07:18","date_gmt":"2019-11-05T20:07:18","guid":{"rendered":"https:\/\/dataworld.com\/?page_id=2729"},"modified":"2021-10-28T11:03:47","modified_gmt":"2021-10-28T09:03:47","slug":"s4-die-intelligente-unternehmung","status":"publish","type":"page","link":"https:\/\/dataworld.com\/de\/trends\/s4-die-intelligente-unternehmung\/","title":{"rendered":"S4 &#8211; Die intelligente Unternehmung"},"content":{"rendered":"<p><section class=\"kc-elm kc-css-547552 kc_row\"><div class=\"kc-row-container  kc-container\"><div class=\"kc-wrap-columns\"><div class=\"kc-elm kc-css-310200 kc_col-sm-12 kc_column kc_col-sm-12\"><div class=\"kc-col-container\"><div class=\"kc-elm kc-css-422818 kc-raw-code\">\n\t\t\t<!-- START S4  intelligent Enterprise REVOLUTION SLIDER 6.7.41 --><p class=\"rs-p-wp-fix\"><\/p>\n\t\t\t<rs-module-wrap id=\"rev_slider_40_1_wrapper\" data-source=\"gallery\" style=\"visibility:hidden;background:#b3b3aa;padding:0;margin:0px auto;margin-top:0;margin-bottom:0;\">\n\t\t\t\t<rs-module id=\"rev_slider_40_1\" style=\"\" data-version=\"6.7.41\">\n\t\t\t\t\t<rs-slides style=\"overflow: hidden; position: absolute;\">\n\t\t\t\t\t\t<rs-slide style=\"position: absolute;\" data-key=\"rs-68\" data-title=\"Slide\" data-anim=\"ms:1000;r:0;\" data-in=\"o:0;\" data-out=\"a:false;\">\n\t\t\t\t\t\t\t<img decoding=\"async\" src=\"\/\/dataworld.com\/wp-content\/plugins\/revslider\/sr6\/assets\/assets\/dummy.png\" alt=\"Slide\" title=\"S4 &#8211; Die intelligente Unternehmung\" class=\"rev-slidebg tp-rs-img rs-lazyload\" data-lazyload=\"\/\/dataworld.com\/wp-content\/plugins\/revslider\/sr6\/assets\/assets\/transparent.png\" data-bg=\"c:#b3b3aa;\" data-no-retina>\n<!--\n\t\t\t\t\t\t\t--><rs-layer\n\t\t\t\t\t\t\t\tid=\"slider-40-slide-68-layer-0\" \n\t\t\t\t\t\t\t\tdata-type=\"text\"\n\t\t\t\t\t\t\t\tdata-rsp_ch=\"on\"\n\t\t\t\t\t\t\t\tdata-xy=\"x:c;yo:108px,89px,67px,41px;\"\n\t\t\t\t\t\t\t\tdata-text=\"w:normal;l:22,18,13,8;\"\n\t\t\t\t\t\t\t\tdata-frame_999=\"o:0;st:w;\"\n\t\t\t\t\t\t\t\tstyle=\"z-index:5;font-family:'Raleway';\"\n\t\t\t\t\t\t\t>S4 - DIE INTELLIGENTE UNTERNEHMUNG \n\t\t\t\t\t\t\t<\/rs-layer><!--\n\n\t\t\t\t\t\t\t--><rs-layer\n\t\t\t\t\t\t\t\tid=\"slider-40-slide-68-layer-1\" \n\t\t\t\t\t\t\t\tdata-type=\"text\"\n\t\t\t\t\t\t\t\tdata-rsp_ch=\"on\"\n\t\t\t\t\t\t\t\tdata-xy=\"x:c;yo:190px,156px,118px,72px;\"\n\t\t\t\t\t\t\t\tdata-text=\"w:normal;s:40,33,25,15;l:40,33,25,15;fw:700;\"\n\t\t\t\t\t\t\t\tdata-frame_999=\"o:0;st:w;\"\n\t\t\t\t\t\t\t\tstyle=\"z-index:6;font-family:'Roboto';\"\n\t\t\t\t\t\t\t>Wir beraten Sie zum Thema Intelligent Enterprise \n\t\t\t\t\t\t\t<\/rs-layer><!--\n-->\t\t\t\t\t<\/rs-slide>\n\t\t\t\t\t<\/rs-slides>\n\t\t\t\t<\/rs-module>\n\t\t\t\t<script>\n\t\t\t\t\tsetREVStartSize({c: 'rev_slider_40_1',rl:[1240,1024,778,480],el:[300,768,960,720],gw:[1240,1024,778,480],gh:[300,330,251,155],type:'standard',justify:'',layout:'fullwidth',mh:\"0\"});if (window.RS_MODULES!==undefined && window.RS_MODULES.modules!==undefined && window.RS_MODULES.modules[\"revslider401\"]!==undefined) {window.RS_MODULES.modules[\"revslider401\"].once = false;window.revapi40 = undefined;if (window.RS_MODULES.checkMinimal!==undefined) window.RS_MODULES.checkMinimal()}\n\t\t\t\t<\/script>\n\t\t\t<\/rs-module-wrap>\n\t\t\t<!-- END REVOLUTION SLIDER -->\n<\/div><div class=\"kc-elm kc-css-266708\" style=\"height: 80px; clear: both; width:100%;\"><\/div>\n<div class=\"kc-elm kc-css-311037 kc-call-to-action kc-cta-2 kc-is-button\">\n\n\t<div class=\"kc-cta-desc\"><h2>Mittelstandspaket S\/4HANA<\/h2><div class=\"kc-cta-text\">Das eigens entwickelte Kickstarter Paket f\u00fcr KMU erm\u00f6glicht es Ihnen ihre Backoffice-Prozesse zu digitalisieren. Vom elektronischen Rechnungseingang \u00fcber die Zeiterfassung bis hin zur automatischen Bankabstimmung ist im Paket alles enthalten was ein KMU ben\u00f6tigt. Das standardisierte Paket l\u00e4sst sich mit Fiori Apps, der SAP Sales Cloud und vielem mehr erweitern. Die detaillierte \u00dcbersicht der Funktionen finden Sie hier:<\/div><\/div><div class=\"kc-cta-button\"><a href=\"https:\/\/dataworld.com\/wp-content\/uploads\/2021\/06\/Whitepaper-Mittelstandspaket-S_4HANA-v2.0.pdf\">Functional overview<\/a><\/div>\n<\/div>\n<div class=\"kc-elm kc-css-109863\" style=\"height: 80px; clear: both; width:100%;\"><\/div><div class=\"kc-elm kc-css-344896 kc_text_block\"><\/p>\n<p>Das Intelligente Unternehmen ist eine Strategie, die in allen Gesch\u00e4ftsbereichen Daten in Aktionen umsetzt. Sie beschleunigt die Prozessautomatisierung und die Einf\u00fchrung von Innovationen, erschlie\u00dft neue Wachstumsfelder und erzeugt au\u00dfergew\u00f6hnliche, positive Erlebnisse.<\/p>\n<p>\n<\/div><div class=\"kc-elm kc-css-394734\" style=\"height: 20px; clear: both; width:100%;\"><\/div><div class=\"kc-elm kc-css-324943 kc-raw-code\"><style>.embed-container { position: relative; padding-bottom: 56.25%; height: 0; overflow: hidden; max-width: 100%; } .embed-container iframe, .embed-container object, .embed-container embed { position: absolute; top: 0; left: 0; width: 100%; height: 100%; }<\/style><div class='embed-container'><iframe src='https:\/\/www.youtube.com\/embed\/U_0HJ2Ycpzk' frameborder='0' allowfullscreen><\/iframe><\/div><\/div><div class=\"kc-elm kc-css-791866\" style=\"height: 40px; clear: both; width:100%;\"><\/div><\/div><\/div><\/div><\/div><\/section><section class=\"kc-elm kc-css-124661 kc_row\"><div class=\"kc-row-container  kc-container\"><div class=\"kc-wrap-columns\"><div class=\"kc-elm kc-css-226528 kc_col-sm-4 kc_column kc_col-sm-4\"><div class=\"kc-col-container\"><div class=\"kc-elm kc-css-695092\" style=\"height: 20px; clear: both; width:100%;\"><\/div><div class=\"kc-elm kc-css-118360 kc_text_block\"><\/p>\n<p><strong>Die Experience-L\u00fccke schliessen<\/strong><\/p>\n<p>Gehen Sie strategisch vor, um eine tiefere Verbindung bei Ihren Interaktionen mit Kunden und Mitarbeitern zu schaffen. Verfolgen Sie daf\u00fcr Stimmungen in Echtzeit und kombinieren Sie diese Informationen mit operativen Daten. Gewinnen Sie daraus Erkenntnisse f\u00fcr die Verbesserung von Kunden-, Mitarbeiter-, Produkt- und Markenerlebnissen.<\/p>\n<p>\n<\/div><\/div><\/div><div class=\"kc-elm kc-css-653824 kc_col-sm-4 kc_column kc_col-sm-4\"><div class=\"kc-col-container\"><div class=\"kc-elm kc-css-85263\" style=\"height: 20px; clear: both; width:100%;\"><\/div><div class=\"kc-elm kc-css-135416 kc_text_block\"><\/p>\n<p><strong>Neue Wachstumsquellen erschliessen<\/strong><\/p>\n<p>Integrieren Sie intelligente Funktionen in Ihre Prozesse, damit Sie die Bed\u00fcrfnisse antizipieren und mit Ihrer Entwicklung, Produktion und Ihren Lieferungen schnell auf die Nachfrage reagieren k\u00f6nnen. Begeistern Sie Ihre Kunden mit neuen Dienstleistungen, Produkten und Gesch\u00e4ftsmodellen \u2013 und binden Sie zur F\u00f6rderung weiteren Wachstums Ihre gesamte Belegschaft ein.<\/p>\n<p>\n<\/div><\/div><\/div><div class=\"kc-elm kc-css-128169 kc_col-sm-4 kc_column kc_col-sm-4\"><div class=\"kc-col-container\"><div class=\"kc-elm kc-css-973267\" style=\"height: 20px; clear: both; width:100%;\"><\/div><div class=\"kc-elm kc-css-953781 kc_text_block\"><\/p>\n<p><strong>Der Branche das Tempo diktieren<\/strong><\/p>\n<p>F\u00fchren Sie intelligente Technologien wie KI, maschinelles Lernen, Blockchain und das Internet der Dinge ein. Mit diesen Innovationen setzen Sie sich in Ihrer Branche an die Spitze und bestimmen Ihre Zukunft. Automatisieren Sie Prozesse, prognostizieren Sie Ergebnisse und erreichen Sie ein h\u00f6heres Effizienz- und Agilit\u00e4tsniveau.<\/p>\n<p>\n<\/div><\/div><\/div><\/div><\/div><\/section><section class=\"kc-elm kc-css-993262 kc_row\"><div class=\"kc-row-container  kc-container\"><div class=\"kc-wrap-columns\"><div class=\"kc-elm kc-css-925755 kc_col-sm-12 kc_column kc_col-sm-12\"><div class=\"kc-col-container\"><div class=\"kc-elm kc-css-608425\" style=\"height: 20px; clear: both; width:100%;\"><\/div>\n<div class=\"kc-elm kc-css-749899 kc-animated kc-animate-eff-fadeIn kc-animate-delay-150\">\n\t<a class=\"kc_button\" href=\"https:\/\/dataworld.com\/wp-content\/uploads\/2019\/11\/Das-intelligente-Unternehmen.pdf\" target=\"_self\" title=\"\" onclick=\"\">\n\t\t<i class=\"et-book-open\"><\/i> Download Brosch\u00fcre\t<\/a>\n<\/div>\n<\/div><\/div><\/div><\/div><\/section><section class=\"kc-elm kc-css-792686 kc_row\"><div class=\"kc-row-container  kc-container\"><div class=\"kc-wrap-columns\"><div class=\"kc-elm kc-css-203616 kc_col-sm-12 kc_column kc_col-sm-12\"><div class=\"kc-col-container\"><div class=\"kc-elm kc-css-417488\" style=\"height: 80px; clear: both; width:100%;\"><\/div><div class=\"kc-elm kc-css-226681 kc_text_block\"><\/p>\n<p><strong>Das Intelligente Unternehmen: eine Strategie f\u00fcr Erfolg in der Experience Economy<\/strong><\/p>\n<p>Dank Smartphones und sozialen Medien k\u00f6nnen sich Kunden und Mitarbeiter so einfach wie noch nie ein Bild davon machen, welche Unternehmen herausragende Erlebnisse bieten und welche nicht. Die richtige Strategie ist daher entscheidend.<\/p>\n<p>\n<\/div><\/div><\/div><\/div><\/div><\/section><section class=\"kc-elm kc-css-505647 kc_row\"><div class=\"kc-row-container  kc-container\"><div class=\"kc-wrap-columns\"><div class=\"kc-elm kc-css-652524 kc_col-sm-6 kc_column kc_col-sm-6\"><div class=\"kc-col-container\"><div class=\"kc-elm kc-css-534910\" style=\"height: 20px; clear: both; width:100%;\"><\/div><div class=\"kc-elm kc-css-17267 kc_shortcode kc_single_image\">\n\n        <img decoding=\"async\" src=\"https:\/\/dataworld.com\/wp-content\/uploads\/2019\/11\/NewEconomy_Intelligent_enterprise.jpg\" class=\"\" alt=\"\" \/>    <\/div>\n<div class=\"kc-elm kc-css-278922\" style=\"height: 20px; clear: both; width:100%;\"><\/div><\/div><\/div><div class=\"kc-elm kc-css-266414 kc_col-sm-6 kc_column kc_col-sm-6\"><div class=\"kc-col-container\"><div class=\"kc-elm kc-css-322055\" style=\"height: 20px; clear: both; width:100%;\"><\/div><div class=\"kc-elm kc-css-755874 kc_text_block\"><\/p>\n<p><strong>Die Erlebnisl\u00fccke schliessen<\/strong><\/p>\n<p>Achtzig Prozent der CEOs sind davon \u00fcberzeugt, dass ihr Unternehmen erstklassige Erlebnisse bietet, aber nur acht Prozent der Kunden stimmen dem zu. Erfahren Sie, wie Sie mit einer Strategie f\u00fcr das Intelligente Unternehmen ein tiefes Verst\u00e4ndnis dar\u00fcber gewinnen, was Kunden \u2013 und auch Ihre Mitarbeiter \u2013 wirklich denken und warum. Sie k\u00f6nnen dann die Erlebnisl\u00fccke schliessen.<\/p>\n<p>\n<\/div>\n<div class=\"kc-elm kc-css-607326 kc-animated kc-animate-eff-fadeIn kc-animate-delay-150\">\n\t<a class=\"kc_button\" href=\"https:\/\/dataworld.com\/wp-content\/uploads\/2019\/11\/Bridging-the-Experience-Gap.pdf\" target=\"_self\" title=\"\" onclick=\"\">\n\t\t<i class=\"et-book-open\"><\/i> Download Brosch\u00fcre\t<\/a>\n<\/div>\n<div class=\"kc-elm kc-css-551996\" style=\"height: 20px; clear: both; width:100%;\"><\/div><\/div><\/div><\/div><\/div><\/section><\/p>\n","protected":false},"excerpt":{"rendered":"","protected":false},"author":2,"featured_media":0,"parent":2641,"menu_order":0,"comment_status":"closed","ping_status":"closed","template":"","meta":{"footnotes":""},"class_list":["post-2729","page","type-page","status-publish","hentry"],"yoast_head":"<!-- This site is optimized with the Yoast SEO plugin v27.4 - https:\/\/yoast.com\/product\/yoast-seo-wordpress\/ -->\n<title>S4 - Die intelligente Unternehmung - dataworld<\/title>\n<meta name=\"description\" content=\"Das intelligente Unternehmen, eine Strategie, die in allen Gesch\u00e4ftsbereichen Daten in Aktionen umsetzt &amp; damit die Wertsch\u00f6pfung vorantreibt.\" \/>\n<meta name=\"robots\" content=\"index, follow, max-snippet:-1, max-image-preview:large, max-video-preview:-1\" \/>\n<link rel=\"canonical\" href=\"https:\/\/dataworld.com\/de\/trends\/s4-die-intelligente-unternehmung\/\" \/>\n<meta property=\"og:locale\" content=\"de_DE\" \/>\n<meta property=\"og:type\" content=\"article\" \/>\n<meta property=\"og:title\" content=\"S4 - Die intelligente Unternehmung - dataworld\" \/>\n<meta property=\"og:description\" content=\"Das intelligente Unternehmen, eine Strategie, die in allen Gesch\u00e4ftsbereichen Daten in Aktionen umsetzt &amp; damit die Wertsch\u00f6pfung vorantreibt.\" \/>\n<meta property=\"og:url\" content=\"https:\/\/dataworld.com\/de\/trends\/s4-die-intelligente-unternehmung\/\" \/>\n<meta property=\"og:site_name\" content=\"dataworld\" \/>\n<meta property=\"article:publisher\" content=\"https:\/\/www.facebook.com\/dataworldconsulting\/\" \/>\n<meta property=\"article:modified_time\" content=\"2021-10-28T09:03:47+00:00\" \/>\n<meta property=\"og:image\" content=\"https:\/\/dataworld.com\/wp-content\/uploads\/2019\/11\/NewEconomy_Intelligent_enterprise.jpg\" \/>\n<meta name=\"twitter:card\" content=\"summary_large_image\" \/>\n<meta name=\"twitter:site\" content=\"@dW_dataworld\" \/>\n<meta name=\"twitter:label1\" content=\"Gesch\u00e4tzte Lesezeit\" \/>\n\t<meta name=\"twitter:data1\" content=\"2\u00a0Minuten\" \/>\n<script type=\"application\/ld+json\" class=\"yoast-schema-graph\">{\"@context\":\"https:\\\/\\\/schema.org\",\"@graph\":[{\"@type\":\"WebPage\",\"@id\":\"https:\\\/\\\/dataworld.com\\\/de\\\/trends\\\/s4-die-intelligente-unternehmung\\\/\",\"url\":\"https:\\\/\\\/dataworld.com\\\/de\\\/trends\\\/s4-die-intelligente-unternehmung\\\/\",\"name\":\"S4 - Die intelligente Unternehmung - dataworld\",\"isPartOf\":{\"@id\":\"https:\\\/\\\/dataworld.com\\\/de\\\/#website\"},\"primaryImageOfPage\":{\"@id\":\"https:\\\/\\\/dataworld.com\\\/de\\\/trends\\\/s4-die-intelligente-unternehmung\\\/#primaryimage\"},\"image\":{\"@id\":\"https:\\\/\\\/dataworld.com\\\/de\\\/trends\\\/s4-die-intelligente-unternehmung\\\/#primaryimage\"},\"thumbnailUrl\":\"https:\\\/\\\/dataworld.com\\\/wp-content\\\/uploads\\\/2019\\\/11\\\/NewEconomy_Intelligent_enterprise.jpg\",\"datePublished\":\"2019-11-05T20:07:18+00:00\",\"dateModified\":\"2021-10-28T09:03:47+00:00\",\"description\":\"Das intelligente Unternehmen, eine Strategie, die in allen Gesch\u00e4ftsbereichen Daten in Aktionen umsetzt & damit die Wertsch\u00f6pfung vorantreibt.\",\"breadcrumb\":{\"@id\":\"https:\\\/\\\/dataworld.com\\\/de\\\/trends\\\/s4-die-intelligente-unternehmung\\\/#breadcrumb\"},\"inLanguage\":\"de\",\"potentialAction\":[{\"@type\":\"ReadAction\",\"target\":[\"https:\\\/\\\/dataworld.com\\\/de\\\/trends\\\/s4-die-intelligente-unternehmung\\\/\"]}]},{\"@type\":\"ImageObject\",\"inLanguage\":\"de\",\"@id\":\"https:\\\/\\\/dataworld.com\\\/de\\\/trends\\\/s4-die-intelligente-unternehmung\\\/#primaryimage\",\"url\":\"https:\\\/\\\/dataworld.com\\\/wp-content\\\/uploads\\\/2019\\\/11\\\/NewEconomy_Intelligent_enterprise.jpg\",\"contentUrl\":\"https:\\\/\\\/dataworld.com\\\/wp-content\\\/uploads\\\/2019\\\/11\\\/NewEconomy_Intelligent_enterprise.jpg\"},{\"@type\":\"BreadcrumbList\",\"@id\":\"https:\\\/\\\/dataworld.com\\\/de\\\/trends\\\/s4-die-intelligente-unternehmung\\\/#breadcrumb\",\"itemListElement\":[{\"@type\":\"ListItem\",\"position\":1,\"name\":\"Home\",\"item\":\"https:\\\/\\\/dataworld.com\\\/de\\\/\"},{\"@type\":\"ListItem\",\"position\":2,\"name\":\"Trends\",\"item\":\"https:\\\/\\\/dataworld.com\\\/de\\\/trends\\\/\"},{\"@type\":\"ListItem\",\"position\":3,\"name\":\"S4 &#8211; Die intelligente Unternehmung\"}]},{\"@type\":\"WebSite\",\"@id\":\"https:\\\/\\\/dataworld.com\\\/de\\\/#website\",\"url\":\"https:\\\/\\\/dataworld.com\\\/de\\\/\",\"name\":\"dataworld\",\"description\":\"wir gestalten Ihre S4 Journey\",\"publisher\":{\"@id\":\"https:\\\/\\\/dataworld.com\\\/de\\\/#organization\"},\"potentialAction\":[{\"@type\":\"SearchAction\",\"target\":{\"@type\":\"EntryPoint\",\"urlTemplate\":\"https:\\\/\\\/dataworld.com\\\/de\\\/?s={search_term_string}\"},\"query-input\":{\"@type\":\"PropertyValueSpecification\",\"valueRequired\":true,\"valueName\":\"search_term_string\"}}],\"inLanguage\":\"de\"},{\"@type\":\"Organization\",\"@id\":\"https:\\\/\\\/dataworld.com\\\/de\\\/#organization\",\"name\":\"Data Work Consulting AG\",\"url\":\"https:\\\/\\\/dataworld.com\\\/de\\\/\",\"logo\":{\"@type\":\"ImageObject\",\"inLanguage\":\"de\",\"@id\":\"https:\\\/\\\/dataworld.com\\\/de\\\/#\\\/schema\\\/logo\\\/image\\\/\",\"url\":\"https:\\\/\\\/dataworld.com\\\/wp-content\\\/uploads\\\/2019\\\/11\\\/Quadrat.jpg\",\"contentUrl\":\"https:\\\/\\\/dataworld.com\\\/wp-content\\\/uploads\\\/2019\\\/11\\\/Quadrat.jpg\",\"width\":378,\"height\":378,\"caption\":\"Data Work Consulting AG\"},\"image\":{\"@id\":\"https:\\\/\\\/dataworld.com\\\/de\\\/#\\\/schema\\\/logo\\\/image\\\/\"},\"sameAs\":[\"https:\\\/\\\/www.facebook.com\\\/dataworldconsulting\\\/\",\"https:\\\/\\\/x.com\\\/dW_dataworld\"]}]}<\/script>\n<!-- \/ Yoast SEO plugin. -->","yoast_head_json":{"title":"S4 - Die intelligente Unternehmung - dataworld","description":"Das intelligente Unternehmen, eine Strategie, die in allen Gesch\u00e4ftsbereichen Daten in Aktionen umsetzt & damit die Wertsch\u00f6pfung vorantreibt.","robots":{"index":"index","follow":"follow","max-snippet":"max-snippet:-1","max-image-preview":"max-image-preview:large","max-video-preview":"max-video-preview:-1"},"canonical":"https:\/\/dataworld.com\/de\/trends\/s4-die-intelligente-unternehmung\/","og_locale":"de_DE","og_type":"article","og_title":"S4 - Die intelligente Unternehmung - dataworld","og_description":"Das intelligente Unternehmen, eine Strategie, die in allen Gesch\u00e4ftsbereichen Daten in Aktionen umsetzt & damit die Wertsch\u00f6pfung vorantreibt.","og_url":"https:\/\/dataworld.com\/de\/trends\/s4-die-intelligente-unternehmung\/","og_site_name":"dataworld","article_publisher":"https:\/\/www.facebook.com\/dataworldconsulting\/","article_modified_time":"2021-10-28T09:03:47+00:00","og_image":[{"url":"https:\/\/dataworld.com\/wp-content\/uploads\/2019\/11\/NewEconomy_Intelligent_enterprise.jpg","type":"","width":"","height":""}],"twitter_card":"summary_large_image","twitter_site":"@dW_dataworld","twitter_misc":{"Gesch\u00e4tzte Lesezeit":"2\u00a0Minuten"},"schema":{"@context":"https:\/\/schema.org","@graph":[{"@type":"WebPage","@id":"https:\/\/dataworld.com\/de\/trends\/s4-die-intelligente-unternehmung\/","url":"https:\/\/dataworld.com\/de\/trends\/s4-die-intelligente-unternehmung\/","name":"S4 - Die intelligente Unternehmung - dataworld","isPartOf":{"@id":"https:\/\/dataworld.com\/de\/#website"},"primaryImageOfPage":{"@id":"https:\/\/dataworld.com\/de\/trends\/s4-die-intelligente-unternehmung\/#primaryimage"},"image":{"@id":"https:\/\/dataworld.com\/de\/trends\/s4-die-intelligente-unternehmung\/#primaryimage"},"thumbnailUrl":"https:\/\/dataworld.com\/wp-content\/uploads\/2019\/11\/NewEconomy_Intelligent_enterprise.jpg","datePublished":"2019-11-05T20:07:18+00:00","dateModified":"2021-10-28T09:03:47+00:00","description":"Das intelligente Unternehmen, eine Strategie, die in allen Gesch\u00e4ftsbereichen Daten in Aktionen umsetzt & damit die Wertsch\u00f6pfung vorantreibt.","breadcrumb":{"@id":"https:\/\/dataworld.com\/de\/trends\/s4-die-intelligente-unternehmung\/#breadcrumb"},"inLanguage":"de","potentialAction":[{"@type":"ReadAction","target":["https:\/\/dataworld.com\/de\/trends\/s4-die-intelligente-unternehmung\/"]}]},{"@type":"ImageObject","inLanguage":"de","@id":"https:\/\/dataworld.com\/de\/trends\/s4-die-intelligente-unternehmung\/#primaryimage","url":"https:\/\/dataworld.com\/wp-content\/uploads\/2019\/11\/NewEconomy_Intelligent_enterprise.jpg","contentUrl":"https:\/\/dataworld.com\/wp-content\/uploads\/2019\/11\/NewEconomy_Intelligent_enterprise.jpg"},{"@type":"BreadcrumbList","@id":"https:\/\/dataworld.com\/de\/trends\/s4-die-intelligente-unternehmung\/#breadcrumb","itemListElement":[{"@type":"ListItem","position":1,"name":"Home","item":"https:\/\/dataworld.com\/de\/"},{"@type":"ListItem","position":2,"name":"Trends","item":"https:\/\/dataworld.com\/de\/trends\/"},{"@type":"ListItem","position":3,"name":"S4 &#8211; Die intelligente Unternehmung"}]},{"@type":"WebSite","@id":"https:\/\/dataworld.com\/de\/#website","url":"https:\/\/dataworld.com\/de\/","name":"dataworld","description":"wir gestalten Ihre S4 Journey","publisher":{"@id":"https:\/\/dataworld.com\/de\/#organization"},"potentialAction":[{"@type":"SearchAction","target":{"@type":"EntryPoint","urlTemplate":"https:\/\/dataworld.com\/de\/?s={search_term_string}"},"query-input":{"@type":"PropertyValueSpecification","valueRequired":true,"valueName":"search_term_string"}}],"inLanguage":"de"},{"@type":"Organization","@id":"https:\/\/dataworld.com\/de\/#organization","name":"Data Work Consulting AG","url":"https:\/\/dataworld.com\/de\/","logo":{"@type":"ImageObject","inLanguage":"de","@id":"https:\/\/dataworld.com\/de\/#\/schema\/logo\/image\/","url":"https:\/\/dataworld.com\/wp-content\/uploads\/2019\/11\/Quadrat.jpg","contentUrl":"https:\/\/dataworld.com\/wp-content\/uploads\/2019\/11\/Quadrat.jpg","width":378,"height":378,"caption":"Data Work Consulting AG"},"image":{"@id":"https:\/\/dataworld.com\/de\/#\/schema\/logo\/image\/"},"sameAs":["https:\/\/www.facebook.com\/dataworldconsulting\/","https:\/\/x.com\/dW_dataworld"]}]}},"_links":{"self":[{"href":"https:\/\/dataworld.com\/de\/wp-json\/wp\/v2\/pages\/2729","targetHints":{"allow":["GET"]}}],"collection":[{"href":"https:\/\/dataworld.com\/de\/wp-json\/wp\/v2\/pages"}],"about":[{"href":"https:\/\/dataworld.com\/de\/wp-json\/wp\/v2\/types\/page"}],"author":[{"embeddable":true,"href":"https:\/\/dataworld.com\/de\/wp-json\/wp\/v2\/users\/2"}],"replies":[{"embeddable":true,"href":"https:\/\/dataworld.com\/de\/wp-json\/wp\/v2\/comments?post=2729"}],"version-history":[{"count":7,"href":"https:\/\/dataworld.com\/de\/wp-json\/wp\/v2\/pages\/2729\/revisions"}],"predecessor-version":[{"id":8092,"href":"https:\/\/dataworld.com\/de\/wp-json\/wp\/v2\/pages\/2729\/revisions\/8092"}],"up":[{"embeddable":true,"href":"https:\/\/dataworld.com\/de\/wp-json\/wp\/v2\/pages\/2641"}],"wp:attachment":[{"href":"https:\/\/dataworld.com\/de\/wp-json\/wp\/v2\/media?parent=2729"}],"curies":[{"name":"wp","href":"https:\/\/api.w.org\/{rel}","templated":true}]}}