{"id":2688,"date":"2019-11-04T18:35:11","date_gmt":"2019-11-04T17:35:11","guid":{"rendered":"https:\/\/dataworld.com\/?page_id=2688"},"modified":"2025-08-19T10:45:33","modified_gmt":"2025-08-19T08:45:33","slug":"unser-managment","status":"publish","type":"page","link":"https:\/\/dataworld.com\/de\/unternehmen\/unser-managment\/","title":{"rendered":"Unser Management"},"content":{"rendered":"<p><section class=\"kc-elm kc-css-963427 kc_row\"><div class=\"kc-row-container  kc-container\"><div class=\"kc-wrap-columns\"><div class=\"kc-elm kc-css-874171 kc_col-sm-12 kc_column kc_col-sm-12\"><div class=\"kc-col-container\"><div class=\"kc-elm kc-css-871574 kc-raw-code\">\n\t\t\t<!-- START Unser Management REVOLUTION SLIDER 6.7.41 --><p class=\"rs-p-wp-fix\"><\/p>\n\t\t\t<rs-module-wrap id=\"rev_slider_21_1_wrapper\" data-source=\"gallery\" style=\"visibility:hidden;background:#b3b3aa;padding:0;margin:0px auto;margin-top:0;margin-bottom:0;\">\n\t\t\t\t<rs-module id=\"rev_slider_21_1\" style=\"\" data-version=\"6.7.41\">\n\t\t\t\t\t<rs-slides style=\"overflow: hidden; position: absolute;\">\n\t\t\t\t\t\t<rs-slide style=\"position: absolute;\" data-key=\"rs-35\" data-title=\"Slide\" data-anim=\"ms:1000;r:0;\" data-in=\"o:0;\" data-out=\"a:false;\">\n\t\t\t\t\t\t\t<img decoding=\"async\" src=\"\/\/dataworld.com\/wp-content\/plugins\/revslider\/sr6\/assets\/assets\/dummy.png\" alt=\"Slide\" title=\"Unser Management\" class=\"rev-slidebg tp-rs-img rs-lazyload\" data-lazyload=\"\/\/dataworld.com\/wp-content\/plugins\/revslider\/sr6\/assets\/assets\/transparent.png\" data-bg=\"c:#b3b3aa;\" data-no-retina>\n<!--\n\t\t\t\t\t\t\t--><rs-layer\n\t\t\t\t\t\t\t\tid=\"slider-21-slide-35-layer-0\" \n\t\t\t\t\t\t\t\tdata-type=\"text\"\n\t\t\t\t\t\t\t\tdata-rsp_ch=\"on\"\n\t\t\t\t\t\t\t\tdata-xy=\"x:c;yo:100px,82px,62px,38px;\"\n\t\t\t\t\t\t\t\tdata-text=\"w:normal;l:22,18,13,8;\"\n\t\t\t\t\t\t\t\tdata-frame_999=\"o:0;st:w;\"\n\t\t\t\t\t\t\t\tstyle=\"z-index:5;font-family:'Raleway';\"\n\t\t\t\t\t\t\t>UNSER MANAGEMENT \n\t\t\t\t\t\t\t<\/rs-layer><!--\n\n\t\t\t\t\t\t\t--><rs-layer\n\t\t\t\t\t\t\t\tid=\"slider-21-slide-35-layer-1\" \n\t\t\t\t\t\t\t\tdata-type=\"text\"\n\t\t\t\t\t\t\t\tdata-rsp_ch=\"on\"\n\t\t\t\t\t\t\t\tdata-xy=\"x:c;yo:155px,128px,97px,59px;\"\n\t\t\t\t\t\t\t\tdata-text=\"w:normal;s:40,33,25,15;l:40,33,25,15;fw:700;\"\n\t\t\t\t\t\t\t\tdata-frame_999=\"o:0;st:w;\"\n\t\t\t\t\t\t\t\tstyle=\"z-index:6;font-family:'Roboto';\"\n\t\t\t\t\t\t\t>Wir stehen f\u00fcr Ihre Anliegen zur Verf\u00fcgung \n\t\t\t\t\t\t\t<\/rs-layer><!--\n-->\t\t\t\t\t<\/rs-slide>\n\t\t\t\t\t<\/rs-slides>\n\t\t\t\t<\/rs-module>\n\t\t\t\t<script>\n\t\t\t\t\tsetREVStartSize({c: 'rev_slider_21_1',rl:[1240,1024,778,480],el:[300,768,960,720],gw:[1240,1024,778,480],gh:[300,330,251,155],type:'standard',justify:'',layout:'fullwidth',mh:\"0\"});if (window.RS_MODULES!==undefined && window.RS_MODULES.modules!==undefined && window.RS_MODULES.modules[\"revslider211\"]!==undefined) {window.RS_MODULES.modules[\"revslider211\"].once = false;window.revapi21 = undefined;if (window.RS_MODULES.checkMinimal!==undefined) window.RS_MODULES.checkMinimal()}\n\t\t\t\t<\/script>\n\t\t\t<\/rs-module-wrap>\n\t\t\t<!-- END REVOLUTION SLIDER -->\n<\/div><div class=\"kc-elm kc-css-83710\" style=\"height: 80px; clear: both; width:100%;\"><\/div><\/div><\/div><\/div><\/div><\/section><section class=\"kc-elm kc-css-98670 kc_row\"><div class=\"kc-row-container  kc-container\"><div class=\"kc-wrap-columns\"><div class=\"kc-elm kc-css-627081 kc_col-sm-6 kc_column kc_col-sm-6\"><div class=\"kc-col-container\">\n<div class=\"kc-elm kc-css-633538 kc-team kc-team-1\">\n\n\t<figure class=\"content-image\"><img decoding=\"async\" src=\"https:\/\/dataworld.com\/wp-content\/uploads\/2019\/11\/3F0A1153.jpg\" alt=\"\"><\/figure><div class=\"content-title\">Christian Bl\u00e4uenstein<\/div><div class=\"content-subtitle\">ceo<\/div><div class=\"content-desc\">Liebt komplexe Themen zu analysieren und in m\u00f6glichst einfache Prozesse zu \u00fcberf\u00fchren. <\/div><div class=\"content-socials\"><a href=\"https:\/\/www.facebook.com\/dataworldconsulting\/\" target=\"_blank\"><i class=\"fab-facebook-f\"><\/i><\/a><a href=\"https:\/\/twitter.com\/ChBlaeuenstein\" target=\"_blank\"><i class=\"fab-twitter\"><\/i><\/a><a href=\"https:\/\/www.linkedin.com\/in\/christianblaeuenstein\/\" target=\"_blank\"><i class=\"fab-linkedin-in\"><\/i><\/a><a href=\"https:\/\/www.instagram.com\/dw_dataworld\/?hl=de\" target=\"_blank\"><i class=\"fab-instagram\"><\/i><\/a><a href=\"mailto:christian.blaeuenstein@dataworld.com\" target=\"_blank\"><i class=\"fa-envelope\"><\/i><\/a><\/div>\n<\/div>\n<div class=\"kc-elm kc-css-283225\" style=\"height: 30px; clear: both; width:100%;\"><\/div>\n<div class=\"kc-elm kc-css-335010 kc-team kc-team-1\">\n\n\t<figure class=\"content-image\"><img decoding=\"async\" src=\"https:\/\/dataworld.com\/wp-content\/uploads\/2022\/08\/iha_website_v1.2.jpg\" alt=\"\"><\/figure><div class=\"content-title\">Ismael Hares<\/div><div class=\"content-subtitle\">Head of Sales<\/div><div class=\"content-desc\">Prozesse und Dokumentation in Einklang zu bringen, ist eine komplexe Herausforderung. Als Head of Sales unterst\u00fctze ich Kunden auf dem Weg zum papierlosen Unternehmen, nachhaltig und effizient.\r\n<\/div><div class=\"content-socials\"><a href=\"https:\/\/www.facebook.com\/dataworldconsulting\/\" target=\"_blank\"><i class=\"fab-facebook-f\"><\/i><\/a><a href=\"https:\/\/twitter.com\/dW_dataworld\" target=\"_blank\"><i class=\"fab-twitter\"><\/i><\/a><a href=\"https:\/\/www.linkedin.com\/in\/ismaelhares\/\" target=\"_blank\"><i class=\"fab-linkedin-in\"><\/i><\/a><a href=\"https:\/\/www.instagram.com\/dw_dataworld\/?hl=de\" target=\"_blank\"><i class=\"fab-instagram\"><\/i><\/a><a href=\"mailto:sales@dataworld.com\" target=\"_blank\"><i class=\"fa-envelope\"><\/i><\/a><\/div>\n<\/div>\n<div class=\"kc-elm kc-css-910525\" style=\"height: 30px; clear: both; width:100%;\"><\/div><\/div><\/div><div class=\"kc-elm kc-css-402124 kc_col-sm-6 kc_column kc_col-sm-6\"><div class=\"kc-col-container\">\n<div class=\"kc-elm kc-css-130400 kc-team kc-team-1\">\n\n\t<figure class=\"content-image\"><img decoding=\"async\" src=\"https:\/\/dataworld.com\/wp-content\/uploads\/2019\/11\/3F0A1138.jpg\" alt=\"\"><\/figure><div class=\"content-title\">Gianni Antenna<\/div><div class=\"content-subtitle\">Manager BUILD<\/div><div class=\"content-desc\">Als Manager Build fasziniert mich die Erarbeitung neuer L\u00f6sungen und deren Umsetzung.<\/div><div class=\"content-socials\"><a href=\"https:\/\/www.facebook.com\/dataworldconsulting\/\" target=\"_blank\"><i class=\"fab-facebook-f\"><\/i><\/a><a href=\"https:\/\/twitter.com\/dW_dataworld\" target=\"_blank\"><i class=\"fab-twitter\"><\/i><\/a><a href=\"https:\/\/www.linkedin.com\/company\/815386\/\" target=\"_blank\"><i class=\"fab-linkedin-in\"><\/i><\/a><a href=\"https:\/\/www.instagram.com\/dw_dataworld\/?hl=de\" target=\"_blank\"><i class=\"fab-instagram\"><\/i><\/a><a href=\"mailto:gianni.antenna@dataworld.com\" target=\"_blank\"><i class=\"fa-envelope\"><\/i><\/a><\/div>\n<\/div>\n<div class=\"kc-elm kc-css-147208\" style=\"height: 30px; clear: both; width:100%;\"><\/div>\n<div class=\"kc-elm kc-css-911012 kc-team kc-team-1\">\n\n\t<figure class=\"content-image\"><img decoding=\"async\" src=\"https:\/\/dataworld.com\/wp-content\/uploads\/2020\/08\/shetty.png\" alt=\"\"><\/figure><div class=\"content-title\">Anisha Shetty<\/div><div class=\"content-subtitle\">Account Manager<\/div><div class=\"content-desc\"> <\/div><div class=\"content-socials\"><a href=\"https:\/\/www.facebook.com\/dataworldconsulting\/\" target=\"_blank\"><i class=\"fab-facebook-f\"><\/i><\/a><a href=\"https:\/\/twitter.com\/dW_dataworld\" target=\"_blank\"><i class=\"fab-twitter\"><\/i><\/a><a href=\"https:\/\/www.linkedin.com\/in\/anisha-shetty-90875a4b\/\" target=\"_blank\"><i class=\"fab-linkedin-in\"><\/i><\/a><a href=\"https:\/\/www.instagram.com\/dw_dataworld\/?hl=de\" target=\"_blank\"><i class=\"fab-instagram\"><\/i><\/a><a href=\"mailto:anisha.shetty@dataworld.com\" target=\"_blank\"><i class=\"fa-envelope\"><\/i><\/a><\/div>\n<\/div>\n<div class=\"kc-elm kc-css-127978\" style=\"height: 30px; clear: both; width:100%;\"><\/div><\/div><\/div><\/div><\/div><\/section><\/p>\n","protected":false},"excerpt":{"rendered":"","protected":false},"author":2,"featured_media":0,"parent":2676,"menu_order":0,"comment_status":"closed","ping_status":"closed","template":"","meta":{"footnotes":""},"class_list":["post-2688","page","type-page","status-publish","hentry"],"yoast_head":"<!-- This site is optimized with the Yoast SEO plugin v27.4 - https:\/\/yoast.com\/product\/yoast-seo-wordpress\/ -->\n<title>Unser Management - dataworld<\/title>\n<meta name=\"description\" content=\"Wir stehen f\u00fcr Ihre Anliegen zur Verf\u00fcgung - Lokale, pers\u00f6nliche, schnelle &amp; zielgerichtete Beratung und Umsetzung von A bis Z aus einer Hand.\" \/>\n<meta name=\"robots\" content=\"index, follow, max-snippet:-1, max-image-preview:large, max-video-preview:-1\" \/>\n<link rel=\"canonical\" href=\"https:\/\/dataworld.com\/de\/unternehmen\/unser-managment\/\" \/>\n<meta property=\"og:locale\" content=\"de_DE\" \/>\n<meta property=\"og:type\" content=\"article\" \/>\n<meta property=\"og:title\" content=\"Unser Management - dataworld\" \/>\n<meta property=\"og:description\" content=\"Wir stehen f\u00fcr Ihre Anliegen zur Verf\u00fcgung - Lokale, pers\u00f6nliche, schnelle &amp; zielgerichtete Beratung und Umsetzung von A bis Z aus einer Hand.\" \/>\n<meta property=\"og:url\" content=\"https:\/\/dataworld.com\/de\/unternehmen\/unser-managment\/\" \/>\n<meta property=\"og:site_name\" content=\"dataworld\" \/>\n<meta property=\"article:publisher\" content=\"https:\/\/www.facebook.com\/dataworldconsulting\/\" \/>\n<meta property=\"article:modified_time\" content=\"2025-08-19T08:45:33+00:00\" \/>\n<meta property=\"og:image\" content=\"https:\/\/dataworld.com\/wp-content\/uploads\/2019\/11\/3F0A1153.jpg\" \/>\n<meta name=\"twitter:card\" content=\"summary_large_image\" \/>\n<meta name=\"twitter:site\" content=\"@dW_dataworld\" \/>\n<meta name=\"twitter:label1\" content=\"Gesch\u00e4tzte Lesezeit\" \/>\n\t<meta name=\"twitter:data1\" content=\"1\u00a0Minute\" \/>\n<script type=\"application\/ld+json\" class=\"yoast-schema-graph\">{\"@context\":\"https:\\\/\\\/schema.org\",\"@graph\":[{\"@type\":\"WebPage\",\"@id\":\"https:\\\/\\\/dataworld.com\\\/de\\\/unternehmen\\\/unser-managment\\\/\",\"url\":\"https:\\\/\\\/dataworld.com\\\/de\\\/unternehmen\\\/unser-managment\\\/\",\"name\":\"Unser Management - dataworld\",\"isPartOf\":{\"@id\":\"https:\\\/\\\/dataworld.com\\\/de\\\/#website\"},\"primaryImageOfPage\":{\"@id\":\"https:\\\/\\\/dataworld.com\\\/de\\\/unternehmen\\\/unser-managment\\\/#primaryimage\"},\"image\":{\"@id\":\"https:\\\/\\\/dataworld.com\\\/de\\\/unternehmen\\\/unser-managment\\\/#primaryimage\"},\"thumbnailUrl\":\"https:\\\/\\\/dataworld.com\\\/wp-content\\\/uploads\\\/2019\\\/11\\\/3F0A1153.jpg\",\"datePublished\":\"2019-11-04T17:35:11+00:00\",\"dateModified\":\"2025-08-19T08:45:33+00:00\",\"description\":\"Wir stehen f\u00fcr Ihre Anliegen zur Verf\u00fcgung - Lokale, pers\u00f6nliche, schnelle & zielgerichtete Beratung und Umsetzung von A bis Z aus einer Hand.\",\"breadcrumb\":{\"@id\":\"https:\\\/\\\/dataworld.com\\\/de\\\/unternehmen\\\/unser-managment\\\/#breadcrumb\"},\"inLanguage\":\"de\",\"potentialAction\":[{\"@type\":\"ReadAction\",\"target\":[\"https:\\\/\\\/dataworld.com\\\/de\\\/unternehmen\\\/unser-managment\\\/\"]}]},{\"@type\":\"ImageObject\",\"inLanguage\":\"de\",\"@id\":\"https:\\\/\\\/dataworld.com\\\/de\\\/unternehmen\\\/unser-managment\\\/#primaryimage\",\"url\":\"https:\\\/\\\/dataworld.com\\\/wp-content\\\/uploads\\\/2019\\\/11\\\/3F0A1153.jpg\",\"contentUrl\":\"https:\\\/\\\/dataworld.com\\\/wp-content\\\/uploads\\\/2019\\\/11\\\/3F0A1153.jpg\"},{\"@type\":\"BreadcrumbList\",\"@id\":\"https:\\\/\\\/dataworld.com\\\/de\\\/unternehmen\\\/unser-managment\\\/#breadcrumb\",\"itemListElement\":[{\"@type\":\"ListItem\",\"position\":1,\"name\":\"Home\",\"item\":\"https:\\\/\\\/dataworld.com\\\/de\\\/\"},{\"@type\":\"ListItem\",\"position\":2,\"name\":\"Unternehmen\",\"item\":\"https:\\\/\\\/dataworld.com\\\/de\\\/unternehmen\\\/\"},{\"@type\":\"ListItem\",\"position\":3,\"name\":\"Unser Management\"}]},{\"@type\":\"WebSite\",\"@id\":\"https:\\\/\\\/dataworld.com\\\/de\\\/#website\",\"url\":\"https:\\\/\\\/dataworld.com\\\/de\\\/\",\"name\":\"dataworld\",\"description\":\"wir gestalten Ihre S4 Journey\",\"publisher\":{\"@id\":\"https:\\\/\\\/dataworld.com\\\/de\\\/#organization\"},\"potentialAction\":[{\"@type\":\"SearchAction\",\"target\":{\"@type\":\"EntryPoint\",\"urlTemplate\":\"https:\\\/\\\/dataworld.com\\\/de\\\/?s={search_term_string}\"},\"query-input\":{\"@type\":\"PropertyValueSpecification\",\"valueRequired\":true,\"valueName\":\"search_term_string\"}}],\"inLanguage\":\"de\"},{\"@type\":\"Organization\",\"@id\":\"https:\\\/\\\/dataworld.com\\\/de\\\/#organization\",\"name\":\"Data Work Consulting AG\",\"url\":\"https:\\\/\\\/dataworld.com\\\/de\\\/\",\"logo\":{\"@type\":\"ImageObject\",\"inLanguage\":\"de\",\"@id\":\"https:\\\/\\\/dataworld.com\\\/de\\\/#\\\/schema\\\/logo\\\/image\\\/\",\"url\":\"https:\\\/\\\/dataworld.com\\\/wp-content\\\/uploads\\\/2019\\\/11\\\/Quadrat.jpg\",\"contentUrl\":\"https:\\\/\\\/dataworld.com\\\/wp-content\\\/uploads\\\/2019\\\/11\\\/Quadrat.jpg\",\"width\":378,\"height\":378,\"caption\":\"Data Work Consulting AG\"},\"image\":{\"@id\":\"https:\\\/\\\/dataworld.com\\\/de\\\/#\\\/schema\\\/logo\\\/image\\\/\"},\"sameAs\":[\"https:\\\/\\\/www.facebook.com\\\/dataworldconsulting\\\/\",\"https:\\\/\\\/x.com\\\/dW_dataworld\"]}]}<\/script>\n<!-- \/ Yoast SEO plugin. -->","yoast_head_json":{"title":"Unser Management - dataworld","description":"Wir stehen f\u00fcr Ihre Anliegen zur Verf\u00fcgung - Lokale, pers\u00f6nliche, schnelle & zielgerichtete Beratung und Umsetzung von A bis Z aus einer Hand.","robots":{"index":"index","follow":"follow","max-snippet":"max-snippet:-1","max-image-preview":"max-image-preview:large","max-video-preview":"max-video-preview:-1"},"canonical":"https:\/\/dataworld.com\/de\/unternehmen\/unser-managment\/","og_locale":"de_DE","og_type":"article","og_title":"Unser Management - dataworld","og_description":"Wir stehen f\u00fcr Ihre Anliegen zur Verf\u00fcgung - Lokale, pers\u00f6nliche, schnelle & zielgerichtete Beratung und Umsetzung von A bis Z aus einer Hand.","og_url":"https:\/\/dataworld.com\/de\/unternehmen\/unser-managment\/","og_site_name":"dataworld","article_publisher":"https:\/\/www.facebook.com\/dataworldconsulting\/","article_modified_time":"2025-08-19T08:45:33+00:00","og_image":[{"url":"https:\/\/dataworld.com\/wp-content\/uploads\/2019\/11\/3F0A1153.jpg","type":"","width":"","height":""}],"twitter_card":"summary_large_image","twitter_site":"@dW_dataworld","twitter_misc":{"Gesch\u00e4tzte Lesezeit":"1\u00a0Minute"},"schema":{"@context":"https:\/\/schema.org","@graph":[{"@type":"WebPage","@id":"https:\/\/dataworld.com\/de\/unternehmen\/unser-managment\/","url":"https:\/\/dataworld.com\/de\/unternehmen\/unser-managment\/","name":"Unser Management - dataworld","isPartOf":{"@id":"https:\/\/dataworld.com\/de\/#website"},"primaryImageOfPage":{"@id":"https:\/\/dataworld.com\/de\/unternehmen\/unser-managment\/#primaryimage"},"image":{"@id":"https:\/\/dataworld.com\/de\/unternehmen\/unser-managment\/#primaryimage"},"thumbnailUrl":"https:\/\/dataworld.com\/wp-content\/uploads\/2019\/11\/3F0A1153.jpg","datePublished":"2019-11-04T17:35:11+00:00","dateModified":"2025-08-19T08:45:33+00:00","description":"Wir stehen f\u00fcr Ihre Anliegen zur Verf\u00fcgung - Lokale, pers\u00f6nliche, schnelle & zielgerichtete Beratung und Umsetzung von A bis Z aus einer Hand.","breadcrumb":{"@id":"https:\/\/dataworld.com\/de\/unternehmen\/unser-managment\/#breadcrumb"},"inLanguage":"de","potentialAction":[{"@type":"ReadAction","target":["https:\/\/dataworld.com\/de\/unternehmen\/unser-managment\/"]}]},{"@type":"ImageObject","inLanguage":"de","@id":"https:\/\/dataworld.com\/de\/unternehmen\/unser-managment\/#primaryimage","url":"https:\/\/dataworld.com\/wp-content\/uploads\/2019\/11\/3F0A1153.jpg","contentUrl":"https:\/\/dataworld.com\/wp-content\/uploads\/2019\/11\/3F0A1153.jpg"},{"@type":"BreadcrumbList","@id":"https:\/\/dataworld.com\/de\/unternehmen\/unser-managment\/#breadcrumb","itemListElement":[{"@type":"ListItem","position":1,"name":"Home","item":"https:\/\/dataworld.com\/de\/"},{"@type":"ListItem","position":2,"name":"Unternehmen","item":"https:\/\/dataworld.com\/de\/unternehmen\/"},{"@type":"ListItem","position":3,"name":"Unser Management"}]},{"@type":"WebSite","@id":"https:\/\/dataworld.com\/de\/#website","url":"https:\/\/dataworld.com\/de\/","name":"dataworld","description":"wir gestalten Ihre S4 Journey","publisher":{"@id":"https:\/\/dataworld.com\/de\/#organization"},"potentialAction":[{"@type":"SearchAction","target":{"@type":"EntryPoint","urlTemplate":"https:\/\/dataworld.com\/de\/?s={search_term_string}"},"query-input":{"@type":"PropertyValueSpecification","valueRequired":true,"valueName":"search_term_string"}}],"inLanguage":"de"},{"@type":"Organization","@id":"https:\/\/dataworld.com\/de\/#organization","name":"Data Work Consulting AG","url":"https:\/\/dataworld.com\/de\/","logo":{"@type":"ImageObject","inLanguage":"de","@id":"https:\/\/dataworld.com\/de\/#\/schema\/logo\/image\/","url":"https:\/\/dataworld.com\/wp-content\/uploads\/2019\/11\/Quadrat.jpg","contentUrl":"https:\/\/dataworld.com\/wp-content\/uploads\/2019\/11\/Quadrat.jpg","width":378,"height":378,"caption":"Data Work Consulting AG"},"image":{"@id":"https:\/\/dataworld.com\/de\/#\/schema\/logo\/image\/"},"sameAs":["https:\/\/www.facebook.com\/dataworldconsulting\/","https:\/\/x.com\/dW_dataworld"]}]}},"_links":{"self":[{"href":"https:\/\/dataworld.com\/de\/wp-json\/wp\/v2\/pages\/2688","targetHints":{"allow":["GET"]}}],"collection":[{"href":"https:\/\/dataworld.com\/de\/wp-json\/wp\/v2\/pages"}],"about":[{"href":"https:\/\/dataworld.com\/de\/wp-json\/wp\/v2\/types\/page"}],"author":[{"embeddable":true,"href":"https:\/\/dataworld.com\/de\/wp-json\/wp\/v2\/users\/2"}],"replies":[{"embeddable":true,"href":"https:\/\/dataworld.com\/de\/wp-json\/wp\/v2\/comments?post=2688"}],"version-history":[{"count":10,"href":"https:\/\/dataworld.com\/de\/wp-json\/wp\/v2\/pages\/2688\/revisions"}],"predecessor-version":[{"id":22593,"href":"https:\/\/dataworld.com\/de\/wp-json\/wp\/v2\/pages\/2688\/revisions\/22593"}],"up":[{"embeddable":true,"href":"https:\/\/dataworld.com\/de\/wp-json\/wp\/v2\/pages\/2676"}],"wp:attachment":[{"href":"https:\/\/dataworld.com\/de\/wp-json\/wp\/v2\/media?parent=2688"}],"curies":[{"name":"wp","href":"https:\/\/api.w.org\/{rel}","templated":true}]}}