{"id":2679,"date":"2019-11-04T18:34:11","date_gmt":"2019-11-04T17:34:11","guid":{"rendered":"https:\/\/dataworld.com\/?page_id=2679"},"modified":"2021-10-19T10:24:57","modified_gmt":"2021-10-19T08:24:57","slug":"neuigkeiten-blog","status":"publish","type":"page","link":"https:\/\/dataworld.com\/de\/unternehmen\/neuigkeiten-blog\/","title":{"rendered":"Neuigkeiten &#038; Blog"},"content":{"rendered":"<p><section class=\"kc-elm kc-css-572475 kc_row\"><div class=\"kc-row-container  kc-container\"><div class=\"kc-wrap-columns\"><div class=\"kc-elm kc-css-405898 kc_col-sm-12 kc_column kc_col-sm-12\"><div class=\"kc-col-container\"><div class=\"kc-elm kc-css-121276 kc-raw-code\">\n\t\t\t<!-- START Neuigkeiten &amp; Blog REVOLUTION SLIDER 6.7.41 --><p class=\"rs-p-wp-fix\"><\/p>\n\t\t\t<rs-module-wrap id=\"rev_slider_18_1_wrapper\" data-source=\"gallery\" style=\"visibility:hidden;background:transparent;padding:0;margin:0px auto;margin-top:0;margin-bottom:0;\">\n\t\t\t\t<rs-module id=\"rev_slider_18_1\" style=\"\" data-version=\"6.7.41\">\n\t\t\t\t\t<rs-slides style=\"overflow: hidden; position: absolute;\">\n\t\t\t\t\t\t<rs-slide style=\"position: absolute;\" data-key=\"rs-33\" data-title=\"Slide\" data-anim=\"ms:1000;r:0;\" data-in=\"o:0;\" data-out=\"a:false;\">\n\t\t\t\t\t\t\t<img decoding=\"async\" src=\"\/\/dataworld.com\/wp-content\/plugins\/revslider\/sr6\/assets\/assets\/dummy.png\" alt=\"Slide\" title=\"Neuigkeiten &#038; Blog\" class=\"rev-slidebg tp-rs-img rs-lazyload\" data-lazyload=\"\/\/dataworld.com\/wp-content\/plugins\/revslider\/sr6\/assets\/assets\/transparent.png\" data-bg=\"c:#b3b3aa;\" data-no-retina>\n<!--\n\t\t\t\t\t\t\t--><rs-layer\n\t\t\t\t\t\t\t\tid=\"slider-18-slide-33-layer-1\" \n\t\t\t\t\t\t\t\tdata-type=\"text\"\n\t\t\t\t\t\t\t\tdata-color=\"#ffffff\"\n\t\t\t\t\t\t\t\tdata-rsp_ch=\"on\"\n\t\t\t\t\t\t\t\tdata-xy=\"x:c;y:100px;\"\n\t\t\t\t\t\t\t\tdata-text=\"w:normal;l:22;\"\n\t\t\t\t\t\t\t\tdata-frame_999=\"o:0;st:w;\"\n\t\t\t\t\t\t\t\tstyle=\"z-index:6;font-family:'Raleway';\"\n\t\t\t\t\t\t\t>NEUIGKEITEN & BLOG \n\t\t\t\t\t\t\t<\/rs-layer><!--\n\n\t\t\t\t\t\t\t--><rs-layer\n\t\t\t\t\t\t\t\tid=\"slider-18-slide-33-layer-2\" \n\t\t\t\t\t\t\t\tdata-type=\"text\"\n\t\t\t\t\t\t\t\tdata-color=\"#ffffff\"\n\t\t\t\t\t\t\t\tdata-rsp_ch=\"on\"\n\t\t\t\t\t\t\t\tdata-xy=\"x:c;y:155px;\"\n\t\t\t\t\t\t\t\tdata-text=\"w:normal;s:40;l:40;fw:700;\"\n\t\t\t\t\t\t\t\tdata-frame_999=\"o:0;st:w;\"\n\t\t\t\t\t\t\t\tstyle=\"z-index:7;font-family:'Roboto';\"\n\t\t\t\t\t\t\t>Informieren Sie sich \u00fcber Neuigkeiten rund um die dataworld \n\t\t\t\t\t\t\t<\/rs-layer><!--\n-->\t\t\t\t\t<\/rs-slide>\n\t\t\t\t\t<\/rs-slides>\n\t\t\t\t<\/rs-module>\n\t\t\t\t<script>\n\t\t\t\t\tsetREVStartSize({c: 'rev_slider_18_1',rl:[1240,1024,778,480],el:[300],gw:[1240],gh:[300],type:'standard',justify:'',layout:'fullwidth',mh:\"0\"});if (window.RS_MODULES!==undefined && window.RS_MODULES.modules!==undefined && window.RS_MODULES.modules[\"revslider181\"]!==undefined) {window.RS_MODULES.modules[\"revslider181\"].once = false;window.revapi18 = undefined;if (window.RS_MODULES.checkMinimal!==undefined) window.RS_MODULES.checkMinimal()}\n\t\t\t\t<\/script>\n\t\t\t<\/rs-module-wrap>\n\t\t\t<!-- END REVOLUTION SLIDER -->\n<\/div><div class=\"kc-elm kc-css-543729\" style=\"height: 80px; clear: both; width:100%;\"><\/div><\/div><\/div><\/div><\/div><\/section><section class=\"kc-elm kc-css-546311 kc_row\"><div class=\"kc-row-container  kc-container\"><div class=\"kc-wrap-columns\"><div class=\"kc-elm kc-css-168600 kc_col-sm-12 kc_column kc_col-sm-12\"><div class=\"kc-col-container\"><div class=\"kc-elm kc-css-104216 list-post-type list-post category \"><h3 class=\"list-post-title\">Recent post title<\/h3>\t\t<div class=\"list-item post-12445\">\n\t\t\t<div class=\"post-content\">\n\t\t\t\t<figure>\n\t\t\t\t\t\t\t\t\t<\/figure>\n\t\t\t\t<h3><a href=\"https:\/\/dataworld.com\/de\/2024\/04\/25\/icas-revisionssichere-archivierung-in-der-cloud-und-onprem\/\">iCAS &#8211; Revisionssichere Archivierung in der Cloud und onPrem<\/a><\/h3>\n\t\t\t\t<div class=\"kc-entry_meta\">\n\t\t\t\t<span class=\"date\"><i class=\"sl-clock\"><\/i> <time class=\"entry-date\" datetime=\"2024-04-25T07:39:39+02:00\">25. April 2024<\/time><\/span>\t\t\t\t<\/div>\n\t\t\t\t<div class=\"text\">\n\t\t\t\t\tIn einer zunehmend digitalen Welt, in der Daten einen unsch\u00e4tzbaren Wert haben und die Einhaltung gesetzlicher Vorschriften von entscheidender Bedeutung ist, wird die effektive Verwaltung und Archivierung von Informationen immer wichtiger. Hier kommt iCAS ins Spiel \u2013 eine innovative L\u00f6sung, die Unternehmen dabei unterst\u00fctzt, ihre Daten sicher zu archivieren und ...\t\t\t\t<\/div>\n\n\n\t\t\t\t\t\t\t\t\t<a class=\"kc-read-more\" href=\"https:\/\/dataworld.com\/de\/2024\/04\/25\/icas-revisionssichere-archivierung-in-der-cloud-und-onprem\/\">Read more<\/a>\n\t\t\t\t\t\t\t<\/div>\n\n\t\t<\/div>\n\t\t\t\t<div class=\"list-item post-12444\">\n\t\t\t<div class=\"post-content\">\n\t\t\t\t<figure>\n\t\t\t\t\t\t\t\t\t<\/figure>\n\t\t\t\t<h3><a href=\"https:\/\/dataworld.com\/de\/2024\/04\/25\/handeln-sie-jetzt-wichtige-updates-zu-den-opentext-losungen\/\">Handeln Sie jetzt: Wichtige Updates zu den OpenText L\u00f6sungen<\/a><\/h3>\n\t\t\t\t<div class=\"kc-entry_meta\">\n\t\t\t\t<span class=\"date\"><i class=\"sl-clock\"><\/i> <time class=\"entry-date\" datetime=\"2024-04-25T07:37:50+02:00\">25. April 2024<\/time><\/span>\t\t\t\t<\/div>\n\t\t\t\t<div class=\"text\">\n\t\t\t\t\tIn der dynamischen Welt der Technologie ist es unerl\u00e4sslich, stets auf dem neuesten Stand zu bleiben. St\u00e4ndige Weiterentwicklungen bieten nicht nur neue Funktionen und Verbesserungen, sondern auch wichtige Sicherheitsupdates und Fehlerbehebungen. Doch was sind die Konsequenzen, wenn Unternehmen diese Updates nicht beachten?\u00a0 Dieser Artikel beleuchtet die Bedeutung eines aktuellen IT-\u00d6kosystems ...\t\t\t\t<\/div>\n\n\n\t\t\t\t\t\t\t\t\t<a class=\"kc-read-more\" href=\"https:\/\/dataworld.com\/de\/2024\/04\/25\/handeln-sie-jetzt-wichtige-updates-zu-den-opentext-losungen\/\">Read more<\/a>\n\t\t\t\t\t\t\t<\/div>\n\n\t\t<\/div>\n\t\t\t\t<div class=\"list-item post-12446\">\n\t\t\t<div class=\"post-content\">\n\t\t\t\t<figure>\n\t\t\t\t\t\t\t\t\t<\/figure>\n\t\t\t\t<h3><a href=\"https:\/\/dataworld.com\/de\/2024\/04\/24\/vim-dashboard\/\">VIM Dashboard<\/a><\/h3>\n\t\t\t\t<div class=\"kc-entry_meta\">\n\t\t\t\t<span class=\"date\"><i class=\"sl-clock\"><\/i> <time class=\"entry-date\" datetime=\"2024-04-24T15:54:03+02:00\">24. April 2024<\/time><\/span>\t\t\t\t<\/div>\n\t\t\t\t<div class=\"text\">\n\t\t\t\t\tEinf\u00fchrung in SAP Analytics Cloud (SAC) Die SAP Analytics Cloud (SAC) unterst\u00fctzt Unternehmen, Unternehmensdaten in wertvolle Erkenntnisse umzuwandeln. Als eine umfassende Analyseplattform bietet SAC nicht nur die M\u00f6glichkeit, Daten zu analysieren, sondern auch Berichte zu erstellen und Dashboards zu gestalten, die aufschlussreiche Einblicke liefern, um fundierte Entscheidungen treffen zu k\u00f6nnen. ...\t\t\t\t<\/div>\n\n\n\t\t\t\t\t\t\t\t\t<a class=\"kc-read-more\" href=\"https:\/\/dataworld.com\/de\/2024\/04\/24\/vim-dashboard\/\">Read more<\/a>\n\t\t\t\t\t\t\t<\/div>\n\n\t\t<\/div>\n\t\t\t\t<div class=\"list-item post-10299\">\n\t\t\t<div class=\"post-content\">\n\t\t\t\t<figure>\n\t\t\t\t\t\t\t\t\t<\/figure>\n\t\t\t\t<h3><a href=\"https:\/\/dataworld.com\/de\/2023\/08\/22\/30-jahre-dataworld-wir-blicken-zurueck\/\">30 Jahre dataworld &#8211; Wir blicken zur\u00fcck<\/a><\/h3>\n\t\t\t\t<div class=\"kc-entry_meta\">\n\t\t\t\t<span class=\"date\"><i class=\"sl-clock\"><\/i> <time class=\"entry-date\" datetime=\"2023-08-22T09:17:07+02:00\">22. August 2023<\/time><\/span>\t\t\t\t<\/div>\n\t\t\t\t<div class=\"text\">\n\t\t\t\t\tSeit unserer Gr\u00fcndung am 1. Januar 1993 hat die dataworld einen beeindruckenden Weg zur\u00fcckgelegt und feiert nun stolz ihr 30-j\u00e4hriges Bestehen. Das Unternehmen wurde 1993 vom heutigen CEO Christian Bl\u00e4uenstein noch w\u00e4hrend der Schulzeit gegr\u00fcndet. Was mit einer Idee an einem B\u00fcrotisch im Elternhaus begann, entwickelte sich im Laufe der ...\t\t\t\t<\/div>\n\n\n\t\t\t\t\t\t\t\t\t<a class=\"kc-read-more\" href=\"https:\/\/dataworld.com\/de\/2023\/08\/22\/30-jahre-dataworld-wir-blicken-zurueck\/\">Read more<\/a>\n\t\t\t\t\t\t\t<\/div>\n\n\t\t<\/div>\n\t\t\t\t<div class=\"list-item post-10206\">\n\t\t\t<div class=\"post-content\">\n\t\t\t\t<figure>\n\t\t\t\t\t\t\t\t\t<\/figure>\n\t\t\t\t<h3><a href=\"https:\/\/dataworld.com\/de\/2023\/08\/22\/fehlende-digitale-eingangsrechnungsverarbeitung\/\">Fehlende digitale Eingangsrechnungsverarbeitung?<\/a><\/h3>\n\t\t\t\t<div class=\"kc-entry_meta\">\n\t\t\t\t<span class=\"date\"><i class=\"sl-clock\"><\/i> <time class=\"entry-date\" datetime=\"2023-08-22T08:16:56+02:00\">22. August 2023<\/time><\/span>\t\t\t\t<\/div>\n\t\t\t\t<div class=\"text\">\n\t\t\t\t\tIn der sich st\u00e4ndig weiterentwickelnden digitalen Landschaft der heutigen Gesellschaft ist der Einsatz neuer Technologien unerl\u00e4sslich, um wettbewerbsf\u00e4hig zu bleiben. Inmitten der zahlreichen Bem\u00fchungen wird jedoch ein entscheidender Aspekt oft \u00fcbersehen &#8211; die Bedeutung der digitalen Eingangsrechnungsverarbeitung. Die Nichtnutzung dieser Technologie birgt eine Vielzahl von Risiken und problematischen Aspekten. Hier ...\t\t\t\t<\/div>\n\n\n\t\t\t\t\t\t\t\t\t<a class=\"kc-read-more\" href=\"https:\/\/dataworld.com\/de\/2023\/08\/22\/fehlende-digitale-eingangsrechnungsverarbeitung\/\">Read more<\/a>\n\t\t\t\t\t\t\t<\/div>\n\n\t\t<\/div>\n\t\t<\/div><\/div><\/div><\/div><\/div><\/section><\/p>\n","protected":false},"excerpt":{"rendered":"","protected":false},"author":2,"featured_media":0,"parent":2676,"menu_order":0,"comment_status":"closed","ping_status":"closed","template":"","meta":{"footnotes":""},"class_list":["post-2679","page","type-page","status-publish","hentry"],"yoast_head":"<!-- This site is optimized with the Yoast SEO plugin v27.4 - https:\/\/yoast.com\/product\/yoast-seo-wordpress\/ -->\n<title>Neuigkeiten &amp; Blog - dataworld<\/title>\n<meta name=\"description\" content=\"Informieren Sie sich \u00fcber Neuigkeiten rund um die neusten Entwicklungen und Innvationen der SAP und Opentext und der dataworld.\" \/>\n<meta name=\"robots\" content=\"index, follow, max-snippet:-1, max-image-preview:large, max-video-preview:-1\" \/>\n<link rel=\"canonical\" href=\"https:\/\/dataworld.com\/de\/unternehmen\/neuigkeiten-blog\/\" \/>\n<meta property=\"og:locale\" content=\"de_DE\" \/>\n<meta property=\"og:type\" content=\"article\" \/>\n<meta property=\"og:title\" content=\"Neuigkeiten &amp; Blog - dataworld\" \/>\n<meta property=\"og:description\" content=\"Informieren Sie sich \u00fcber Neuigkeiten rund um die neusten Entwicklungen und Innvationen der SAP und Opentext und der dataworld.\" \/>\n<meta property=\"og:url\" content=\"https:\/\/dataworld.com\/de\/unternehmen\/neuigkeiten-blog\/\" \/>\n<meta property=\"og:site_name\" content=\"dataworld\" \/>\n<meta property=\"article:publisher\" content=\"https:\/\/www.facebook.com\/dataworldconsulting\/\" \/>\n<meta property=\"article:modified_time\" content=\"2021-10-19T08:24:57+00:00\" \/>\n<meta name=\"twitter:card\" content=\"summary_large_image\" \/>\n<meta name=\"twitter:site\" content=\"@dW_dataworld\" \/>\n<meta name=\"twitter:label1\" content=\"Gesch\u00e4tzte Lesezeit\" \/>\n\t<meta name=\"twitter:data1\" content=\"2\u00a0Minuten\" \/>\n<script type=\"application\/ld+json\" class=\"yoast-schema-graph\">{\"@context\":\"https:\\\/\\\/schema.org\",\"@graph\":[{\"@type\":\"WebPage\",\"@id\":\"https:\\\/\\\/dataworld.com\\\/de\\\/unternehmen\\\/neuigkeiten-blog\\\/\",\"url\":\"https:\\\/\\\/dataworld.com\\\/de\\\/unternehmen\\\/neuigkeiten-blog\\\/\",\"name\":\"Neuigkeiten & Blog - dataworld\",\"isPartOf\":{\"@id\":\"https:\\\/\\\/dataworld.com\\\/de\\\/#website\"},\"datePublished\":\"2019-11-04T17:34:11+00:00\",\"dateModified\":\"2021-10-19T08:24:57+00:00\",\"description\":\"Informieren Sie sich \u00fcber Neuigkeiten rund um die neusten Entwicklungen und Innvationen der SAP und Opentext und der dataworld.\",\"breadcrumb\":{\"@id\":\"https:\\\/\\\/dataworld.com\\\/de\\\/unternehmen\\\/neuigkeiten-blog\\\/#breadcrumb\"},\"inLanguage\":\"de\",\"potentialAction\":[{\"@type\":\"ReadAction\",\"target\":[\"https:\\\/\\\/dataworld.com\\\/de\\\/unternehmen\\\/neuigkeiten-blog\\\/\"]}]},{\"@type\":\"BreadcrumbList\",\"@id\":\"https:\\\/\\\/dataworld.com\\\/de\\\/unternehmen\\\/neuigkeiten-blog\\\/#breadcrumb\",\"itemListElement\":[{\"@type\":\"ListItem\",\"position\":1,\"name\":\"Home\",\"item\":\"https:\\\/\\\/dataworld.com\\\/de\\\/\"},{\"@type\":\"ListItem\",\"position\":2,\"name\":\"Unternehmen\",\"item\":\"https:\\\/\\\/dataworld.com\\\/de\\\/unternehmen\\\/\"},{\"@type\":\"ListItem\",\"position\":3,\"name\":\"Neuigkeiten &#038; Blog\"}]},{\"@type\":\"WebSite\",\"@id\":\"https:\\\/\\\/dataworld.com\\\/de\\\/#website\",\"url\":\"https:\\\/\\\/dataworld.com\\\/de\\\/\",\"name\":\"dataworld\",\"description\":\"wir gestalten Ihre S4 Journey\",\"publisher\":{\"@id\":\"https:\\\/\\\/dataworld.com\\\/de\\\/#organization\"},\"potentialAction\":[{\"@type\":\"SearchAction\",\"target\":{\"@type\":\"EntryPoint\",\"urlTemplate\":\"https:\\\/\\\/dataworld.com\\\/de\\\/?s={search_term_string}\"},\"query-input\":{\"@type\":\"PropertyValueSpecification\",\"valueRequired\":true,\"valueName\":\"search_term_string\"}}],\"inLanguage\":\"de\"},{\"@type\":\"Organization\",\"@id\":\"https:\\\/\\\/dataworld.com\\\/de\\\/#organization\",\"name\":\"Data Work Consulting AG\",\"url\":\"https:\\\/\\\/dataworld.com\\\/de\\\/\",\"logo\":{\"@type\":\"ImageObject\",\"inLanguage\":\"de\",\"@id\":\"https:\\\/\\\/dataworld.com\\\/de\\\/#\\\/schema\\\/logo\\\/image\\\/\",\"url\":\"https:\\\/\\\/dataworld.com\\\/wp-content\\\/uploads\\\/2019\\\/11\\\/Quadrat.jpg\",\"contentUrl\":\"https:\\\/\\\/dataworld.com\\\/wp-content\\\/uploads\\\/2019\\\/11\\\/Quadrat.jpg\",\"width\":378,\"height\":378,\"caption\":\"Data Work Consulting AG\"},\"image\":{\"@id\":\"https:\\\/\\\/dataworld.com\\\/de\\\/#\\\/schema\\\/logo\\\/image\\\/\"},\"sameAs\":[\"https:\\\/\\\/www.facebook.com\\\/dataworldconsulting\\\/\",\"https:\\\/\\\/x.com\\\/dW_dataworld\"]}]}<\/script>\n<!-- \/ Yoast SEO plugin. -->","yoast_head_json":{"title":"Neuigkeiten & Blog - dataworld","description":"Informieren Sie sich \u00fcber Neuigkeiten rund um die neusten Entwicklungen und Innvationen der SAP und Opentext und der dataworld.","robots":{"index":"index","follow":"follow","max-snippet":"max-snippet:-1","max-image-preview":"max-image-preview:large","max-video-preview":"max-video-preview:-1"},"canonical":"https:\/\/dataworld.com\/de\/unternehmen\/neuigkeiten-blog\/","og_locale":"de_DE","og_type":"article","og_title":"Neuigkeiten & Blog - dataworld","og_description":"Informieren Sie sich \u00fcber Neuigkeiten rund um die neusten Entwicklungen und Innvationen der SAP und Opentext und der dataworld.","og_url":"https:\/\/dataworld.com\/de\/unternehmen\/neuigkeiten-blog\/","og_site_name":"dataworld","article_publisher":"https:\/\/www.facebook.com\/dataworldconsulting\/","article_modified_time":"2021-10-19T08:24:57+00:00","twitter_card":"summary_large_image","twitter_site":"@dW_dataworld","twitter_misc":{"Gesch\u00e4tzte Lesezeit":"2\u00a0Minuten"},"schema":{"@context":"https:\/\/schema.org","@graph":[{"@type":"WebPage","@id":"https:\/\/dataworld.com\/de\/unternehmen\/neuigkeiten-blog\/","url":"https:\/\/dataworld.com\/de\/unternehmen\/neuigkeiten-blog\/","name":"Neuigkeiten & Blog - dataworld","isPartOf":{"@id":"https:\/\/dataworld.com\/de\/#website"},"datePublished":"2019-11-04T17:34:11+00:00","dateModified":"2021-10-19T08:24:57+00:00","description":"Informieren Sie sich \u00fcber Neuigkeiten rund um die neusten Entwicklungen und Innvationen der SAP und Opentext und der dataworld.","breadcrumb":{"@id":"https:\/\/dataworld.com\/de\/unternehmen\/neuigkeiten-blog\/#breadcrumb"},"inLanguage":"de","potentialAction":[{"@type":"ReadAction","target":["https:\/\/dataworld.com\/de\/unternehmen\/neuigkeiten-blog\/"]}]},{"@type":"BreadcrumbList","@id":"https:\/\/dataworld.com\/de\/unternehmen\/neuigkeiten-blog\/#breadcrumb","itemListElement":[{"@type":"ListItem","position":1,"name":"Home","item":"https:\/\/dataworld.com\/de\/"},{"@type":"ListItem","position":2,"name":"Unternehmen","item":"https:\/\/dataworld.com\/de\/unternehmen\/"},{"@type":"ListItem","position":3,"name":"Neuigkeiten &#038; Blog"}]},{"@type":"WebSite","@id":"https:\/\/dataworld.com\/de\/#website","url":"https:\/\/dataworld.com\/de\/","name":"dataworld","description":"wir gestalten Ihre S4 Journey","publisher":{"@id":"https:\/\/dataworld.com\/de\/#organization"},"potentialAction":[{"@type":"SearchAction","target":{"@type":"EntryPoint","urlTemplate":"https:\/\/dataworld.com\/de\/?s={search_term_string}"},"query-input":{"@type":"PropertyValueSpecification","valueRequired":true,"valueName":"search_term_string"}}],"inLanguage":"de"},{"@type":"Organization","@id":"https:\/\/dataworld.com\/de\/#organization","name":"Data Work Consulting AG","url":"https:\/\/dataworld.com\/de\/","logo":{"@type":"ImageObject","inLanguage":"de","@id":"https:\/\/dataworld.com\/de\/#\/schema\/logo\/image\/","url":"https:\/\/dataworld.com\/wp-content\/uploads\/2019\/11\/Quadrat.jpg","contentUrl":"https:\/\/dataworld.com\/wp-content\/uploads\/2019\/11\/Quadrat.jpg","width":378,"height":378,"caption":"Data Work Consulting AG"},"image":{"@id":"https:\/\/dataworld.com\/de\/#\/schema\/logo\/image\/"},"sameAs":["https:\/\/www.facebook.com\/dataworldconsulting\/","https:\/\/x.com\/dW_dataworld"]}]}},"_links":{"self":[{"href":"https:\/\/dataworld.com\/de\/wp-json\/wp\/v2\/pages\/2679","targetHints":{"allow":["GET"]}}],"collection":[{"href":"https:\/\/dataworld.com\/de\/wp-json\/wp\/v2\/pages"}],"about":[{"href":"https:\/\/dataworld.com\/de\/wp-json\/wp\/v2\/types\/page"}],"author":[{"embeddable":true,"href":"https:\/\/dataworld.com\/de\/wp-json\/wp\/v2\/users\/2"}],"replies":[{"embeddable":true,"href":"https:\/\/dataworld.com\/de\/wp-json\/wp\/v2\/comments?post=2679"}],"version-history":[{"count":4,"href":"https:\/\/dataworld.com\/de\/wp-json\/wp\/v2\/pages\/2679\/revisions"}],"predecessor-version":[{"id":7504,"href":"https:\/\/dataworld.com\/de\/wp-json\/wp\/v2\/pages\/2679\/revisions\/7504"}],"up":[{"embeddable":true,"href":"https:\/\/dataworld.com\/de\/wp-json\/wp\/v2\/pages\/2676"}],"wp:attachment":[{"href":"https:\/\/dataworld.com\/de\/wp-json\/wp\/v2\/media?parent=2679"}],"curies":[{"name":"wp","href":"https:\/\/api.w.org\/{rel}","templated":true}]}}