{"id":2336,"date":"2019-11-20T21:44:22","date_gmt":"2019-11-20T20:44:22","guid":{"rendered":"https:\/\/dataworld.com\/losungen\/sap-invoice-management-vim\/"},"modified":"2023-05-30T12:54:55","modified_gmt":"2023-05-30T10:54:55","slug":"sap-invoice-management-vim","status":"publish","type":"page","link":"https:\/\/dataworld.com\/de\/losungen\/sap-invoice-management-vim\/","title":{"rendered":"SAP Invoice Management (VIM)"},"content":{"rendered":"<p><section class=\"kc-elm kc-css-354394 kc_row\"><div class=\"kc-row-container  kc-container\"><div class=\"kc-wrap-columns\"><div class=\"kc-elm kc-css-317045 kc_col-sm-12 kc_column kc_col-sm-12\"><div class=\"kc-col-container\"><div class=\"kc-elm kc-css-27401 kc-raw-code\">\n\t\t\t<!-- START SAP VIM REVOLUTION SLIDER 6.7.41 --><p class=\"rs-p-wp-fix\"><\/p>\n\t\t\t<rs-module-wrap id=\"rev_slider_43_1_wrapper\" data-source=\"gallery\" style=\"visibility:hidden;background:#b3b3aa;padding:0;margin:0px auto;margin-top:0;margin-bottom:0;\">\n\t\t\t\t<rs-module id=\"rev_slider_43_1\" style=\"\" data-version=\"6.7.41\">\n\t\t\t\t\t<rs-slides style=\"overflow: hidden; position: absolute;\">\n\t\t\t\t\t\t<rs-slide style=\"position: absolute;\" data-key=\"rs-75\" data-title=\"Slide\" data-anim=\"ms:1000;r:0;\" data-in=\"o:0;\" data-out=\"a:false;\">\n\t\t\t\t\t\t\t<img decoding=\"async\" src=\"\/\/dataworld.com\/wp-content\/plugins\/revslider\/sr6\/assets\/assets\/dummy.png\" alt=\"Slide\" title=\"SAP Invoice Management (VIM)\" class=\"rev-slidebg tp-rs-img rs-lazyload\" data-lazyload=\"\/\/dataworld.com\/wp-content\/plugins\/revslider\/sr6\/assets\/assets\/transparent.png\" data-bg=\"c:#b3b3aa;\" data-no-retina>\n<!--\n\t\t\t\t\t\t\t--><rs-layer\n\t\t\t\t\t\t\t\tid=\"slider-43-slide-75-layer-0\" \n\t\t\t\t\t\t\t\tdata-type=\"text\"\n\t\t\t\t\t\t\t\tdata-rsp_ch=\"on\"\n\t\t\t\t\t\t\t\tdata-xy=\"x:c;yo:100px,82px,62px,38px;\"\n\t\t\t\t\t\t\t\tdata-text=\"w:normal;l:22,18,13,8;\"\n\t\t\t\t\t\t\t\tdata-frame_999=\"o:0;st:w;\"\n\t\t\t\t\t\t\t\tstyle=\"z-index:5;font-family:'Raleway';\"\n\t\t\t\t\t\t\t>SAP VIM \n\t\t\t\t\t\t\t<\/rs-layer><!--\n\n\t\t\t\t\t\t\t--><rs-layer\n\t\t\t\t\t\t\t\tid=\"slider-43-slide-75-layer-1\" \n\t\t\t\t\t\t\t\tdata-type=\"text\"\n\t\t\t\t\t\t\t\tdata-rsp_ch=\"on\"\n\t\t\t\t\t\t\t\tdata-xy=\"x:c;yo:155px,128px,97px,59px;\"\n\t\t\t\t\t\t\t\tdata-text=\"w:normal;s:40,33,25,15;l:40,33,25,15;fw:700;\"\n\t\t\t\t\t\t\t\tdata-frame_999=\"o:0;st:w;\"\n\t\t\t\t\t\t\t\tstyle=\"z-index:6;font-family:'Roboto';\"\n\t\t\t\t\t\t\t>Gerne informieren wir Sie \u00fcber das SAP Invoice Management \n\t\t\t\t\t\t\t<\/rs-layer><!--\n-->\t\t\t\t\t<\/rs-slide>\n\t\t\t\t\t<\/rs-slides>\n\t\t\t\t<\/rs-module>\n\t\t\t\t<script>\n\t\t\t\t\tsetREVStartSize({c: 'rev_slider_43_1',rl:[1240,1024,778,480],el:[300,330,251,155],gw:[1240,1024,778,480],gh:[300,330,251,155],type:'standard',justify:'',layout:'fullwidth',mh:\"0\"});if (window.RS_MODULES!==undefined && window.RS_MODULES.modules!==undefined && window.RS_MODULES.modules[\"revslider431\"]!==undefined) {window.RS_MODULES.modules[\"revslider431\"].once = false;window.revapi43 = undefined;if (window.RS_MODULES.checkMinimal!==undefined) window.RS_MODULES.checkMinimal()}\n\t\t\t\t<\/script>\n\t\t\t<\/rs-module-wrap>\n\t\t\t<!-- END REVOLUTION SLIDER -->\n<\/div><div class=\"kc-elm kc-css-82267\" style=\"height: 80px; clear: both; width:100%;\"><\/div><\/div><\/div><\/div><\/div><\/section><section class=\"kc-elm kc-css-275032 kc_row\"><div class=\"kc-row-container  kc-container\"><div class=\"kc-wrap-columns\"><div class=\"kc-elm kc-css-861020 kc_col-sm-8 kc_column kc_col-sm-8\"><div class=\"kc-col-container\">\n<div class=\"kc-elm kc-css-464598 kc-title-wrap \">\n\n\t<h1 class=\"kc_title\">Rechnungseingang-Prozess (Kreditoren)<\/h1>\n<\/div>\n<div class=\"kc-elm kc-css-489041\" style=\"height: 20px; clear: both; width:100%;\"><\/div><div class=\"kc-elm kc-css-526674 kc_text_block\"><\/p>\n<p><span style=\"color: #444444; font-style: inherit;\">SAP Vendor Invoice Management by OpenText optimiert und vereinfacht den Prozess von eingehenden Kreditorenrechnungen durch Digitalisierung der Rechnungen, vorerfassen des Belegs im SAP System, durchf\u00fchren und \u00fcberwachen des mehrstufigen Genehmigungsprozesses (Workflow) bis zur Zahlungsfreigabe an den Lieferanten.<\/span><\/p>\n<p>Durch die Automatisierung des Prozesses werden Ihre Mitarbeiter nur noch in den von Ihnen definierten Ausnahmef\u00e4lle in den Prozess involviert. Ein Grossteil der heute manuell erfassten und zur Genehmigung versendeten Rechnungen durchlaufen den Prozess automatisiert. Erh\u00f6hte Qualit\u00e4t, k\u00fcrzere Durchlaufzeiten, das Ausn\u00fctzen von m\u00f6glichen Skontoabz\u00fcgen sowie das Fokussieren der Mitarbeiter auf Rechnungen, welche in die Ausnahmedefinition fallen, sind die positiven Folgen einer solchen Prozessoptimierung. Zudem wird die zeitnahe Bestimmung der offenen Forderungen f\u00fcr Ihr Cash Management von grossem Vorteil sein.<\/p>\n<p>Der Prozess stellt zudem sicher, dass die involvierten Beteiligten gem\u00e4ss internen Kompetenzregeln schnell, einfach und auch auf mobilen Ger\u00e4ten Ihre Aufgaben erledigen k\u00f6nnen. Archivierungs- und Aufbewahrungsfristen werden durch die Anbindung an das zentrale Archiv gleichzeitig gew\u00e4hrleistet.<\/p>\n<p>\n<\/div><div class=\"kc-elm kc-css-107109\" style=\"height: 40px; clear: both; width:100%;\"><\/div>\n<div class=\"kc-elm kc-css-161302 kc-title-wrap \">\n\n\t<h1 class=\"kc_title\">OCR Option<\/h1>\n<\/div>\n<div class=\"kc-elm kc-css-176635\" style=\"height: 20px; clear: both; width:100%;\"><\/div><div class=\"kc-elm kc-css-238579 kc_text_block\"><\/p>\n<p>Um den Prozess noch automatisierter und optimaler durchzuf\u00fchren kann die Option OCR miteingef\u00fchrt werden. Die OCR Option liest w\u00e4hrend des Scanning Vorgangs Daten aus dem Beleg aus und erfasst automatisch in SAP ein Rechnungsbeleg. Falls Belege nach vorgegebenen Regeln nicht vollst\u00e4ndig in SAP angelegt werden, so bedarf es einer manuellen Verarbeitung. Diese Korrektur kann dem System als Vorlage zur weiteren Fehlerbehebung mitgegeben werden und gleichgelagerte F\u00e4lle werden in Zukunft anhand des erlernten Musters verarbeitet.<\/p>\n<p>Kontaktieren Sie unsere Spezialisten f\u00fcr eine Demo oder bei Fragen.<\/p>\n<p>\n<\/div><div class=\"kc-elm kc-css-13492\" style=\"height: 40px; clear: both; width:100%;\"><\/div>\n<div class=\"kc-elm kc-css-286854 kc-title-wrap \">\n\n\t<h1 class=\"kc_title\">Ihre Vorteile auf einen Blick<\/h1>\n<\/div>\n<div class=\"kc-elm kc-css-549632\" style=\"height: 40px; clear: both; width:100%;\"><\/div><div class=\"kc-elm kc-css-1256 kc_row kc_row_inner\"><div class=\"kc-elm kc-css-427544 kc_col-sm-4 kc_column_inner kc_col-sm-4\"><div class=\"kc_wrapper kc-col-inner-container\"><div class=\"kc-elm kc-css-692237 kc-icon-wrapper\">\n\t\t<i class=\"et-global\"><\/i>\n\t<\/div>\n<div class=\"kc-elm kc-css-890860\" style=\"height: 20px; clear: both; width:100%;\"><\/div><div class=\"kc-elm kc-css-425173 kc_text_block\"><\/p>\n<p style=\"text-align: center;\">K\u00fcrzere Durchlaufzeiten<\/p>\n<p>\n<\/div><div class=\"kc-elm kc-css-479096\" style=\"height: 40px; clear: both; width:100%;\"><\/div><\/div><\/div><div class=\"kc-elm kc-css-380798 kc_col-sm-4 kc_column_inner kc_col-sm-4\"><div class=\"kc_wrapper kc-col-inner-container\"><div class=\"kc-elm kc-css-481095 kc-icon-wrapper\">\n\t\t<i class=\"et-presentation\"><\/i>\n\t<\/div>\n<div class=\"kc-elm kc-css-544780\" style=\"height: 20px; clear: both; width:100%;\"><\/div><div class=\"kc-elm kc-css-290845 kc_text_block\"><\/p>\n<p style=\"text-align: center;\">Einheitliche Prozesse f\u00fcr Papier-, elektronische und digitale Rechnungen<\/p>\n<p>\n<\/div><div class=\"kc-elm kc-css-980000\" style=\"height: 40px; clear: both; width:100%;\"><\/div><\/div><\/div><div class=\"kc-elm kc-css-928846 kc_col-sm-4 kc_column_inner kc_col-sm-4\"><div class=\"kc_wrapper kc-col-inner-container\"><div class=\"kc-elm kc-css-783824 kc-icon-wrapper\">\n\t\t<i class=\"et-bargraph\"><\/i>\n\t<\/div>\n<div class=\"kc-elm kc-css-663781\" style=\"height: 20px; clear: both; width:100%;\"><\/div><div class=\"kc-elm kc-css-881194 kc_text_block\"><\/p>\n<p style=\"text-align: center;\">M\u00f6glichkeit von Genehmigung auf mobilen Ger\u00e4ten (Tablet, Smartphone)<\/p>\n<p>\n<\/div><div class=\"kc-elm kc-css-770877\" style=\"height: 40px; clear: both; width:100%;\"><\/div><\/div><\/div><\/div><div class=\"kc-elm kc-css-572526 kc_row kc_row_inner\"><div class=\"kc-elm kc-css-901073 kc_col-sm-4 kc_column_inner kc_col-sm-4\"><div class=\"kc_wrapper kc-col-inner-container\"><div class=\"kc-elm kc-css-356554 kc-icon-wrapper\">\n\t\t<i class=\"et-linegraph\"><\/i>\n\t<\/div>\n<div class=\"kc-elm kc-css-36268\" style=\"height: 20px; clear: both; width:100%;\"><\/div><div class=\"kc-elm kc-css-896317 kc_text_block\"><\/p>\n<p style=\"text-align: center;\">Verringerung der Komplexit\u00e4t<\/p>\n<p>\n<\/div><div class=\"kc-elm kc-css-293789\" style=\"height: 40px; clear: both; width:100%;\"><\/div><\/div><\/div><div class=\"kc-elm kc-css-339300 kc_col-sm-4 kc_column_inner kc_col-sm-4\"><div class=\"kc_wrapper kc-col-inner-container\"><div class=\"kc-elm kc-css-601935 kc-icon-wrapper\">\n\t\t<i class=\"et-documents\"><\/i>\n\t<\/div>\n<div class=\"kc-elm kc-css-338759\" style=\"height: 20px; clear: both; width:100%;\"><\/div><div class=\"kc-elm kc-css-434983 kc_text_block\"><\/p>\n<p style=\"text-align: center;\">Elliminierung dezentraler Ablagen<\/p>\n<p>\n<\/div><div class=\"kc-elm kc-css-324477\" style=\"height: 40px; clear: both; width:100%;\"><\/div><\/div><\/div><div class=\"kc-elm kc-css-44713 kc_col-sm-4 kc_column_inner kc_col-sm-4\"><div class=\"kc_wrapper kc-col-inner-container\"><div class=\"kc-elm kc-css-762176 kc-icon-wrapper\">\n\t\t<i class=\"et-wallet\"><\/i>\n\t<\/div>\n<div class=\"kc-elm kc-css-908076\" style=\"height: 20px; clear: both; width:100%;\"><\/div><div class=\"kc-elm kc-css-288517 kc_text_block\"><\/p>\n<p style=\"text-align: center;\">Aussch\u00f6pfen m\u00f6glicher Skontoabz\u00fcge<\/p>\n<p>\n<\/div><div class=\"kc-elm kc-css-791871\" style=\"height: 40px; clear: both; width:100%;\"><\/div><\/div><\/div><\/div><\/div><\/div><div class=\"kc-elm kc-css-6258 kc_col-sm-4 kc_column kc_col-sm-4\"><div class=\"kc-col-container\"><div class=\"kc-elm kc-css-293528 kc_text_block\"><\/p>\n<h2><strong>\u00a0Ismael Hares<\/strong><\/h2>\n<p><img loading=\"lazy\" decoding=\"async\" class=\"alignnone size-medium\" src=\"https:\/\/dataworld.com\/wp-content\/uploads\/2022\/08\/iha_website_v1.2.jpg\" alt=\"\" width=\"865\" height=\"579\" \/><\/p>\n<p style=\"text-align: left;\">\u00a0Kontaktieren Sie mich f\u00fcr weitere\u00a0 \u00a0 \u00a0 \u00a0 \u00a0 \u00a0 \u00a0 \u00a0 \u00a0 \u00a0 \u00a0Informationen:\u00a0<\/p>\n<p style=\"text-align: left;\">\u00a0t <span style=\"font-style: inherit;\">+49 89 205 095 920\u00a0 \u00a0<a href=\"http:\/\/linkedin.com\/in\/ismaelhares\" target=\"_blank\" rel=\"noopener\"><span class=\"ui-provider gr b c d e f g h i j k l m n o p q r s t u v w x y z ab ac ae af ag ah ai aj ak\" dir=\"ltr\">linkedin.com\/in\/ismaelhares<\/span><\/a><\/span><span style=\"font-style: inherit;\">\u00a0 \u00a0 \u00a0 \u00a0 \u00a0 \u00a0 \u00a0 \u00a0 \u00a0 \u00a0 \u00a0 \u00a0 \u00a0 \u00a0<\/span><\/p>\n<p>\n<\/div>\n<div class=\"kc-elm kc-css-80449 divider_line\">\n\t<div class=\"divider_inner divider_line1\">\n\t\t\t<\/div>\n<\/div>\n<div class=\"kc-elm kc-css-722026 list-post-type list-post category \"><h3 class=\"list-post-title\">Neuigkeiten<\/h3>\t\t<div class=\"list-item post-12446\">\n\t\t\t<div class=\"post-content\">\n\t\t\t\t<figure>\n\t\t\t\t\t\t\t\t\t<\/figure>\n\t\t\t\t<h3><a href=\"https:\/\/dataworld.com\/de\/2024\/04\/24\/vim-dashboard\/\">VIM Dashboard<\/a><\/h3>\n\t\t\t\t<div class=\"kc-entry_meta\">\n\t\t\t\t\t\t\t\t<\/div>\n\t\t\t\t<div class=\"text\">\n\t\t\t\t\tEinf\u00fchrung in SAP Analytics Cloud (SAC) Die SAP Analytics Cloud (SAC) unterst\u00fctzt Unternehmen, Unternehmensdaten in wertvolle Erkenntnisse umzuwandeln. Als eine umfassende Analyseplattform bietet SAC nicht nur die M\u00f6glichkeit, Daten zu analysieren, sondern auch Berichte zu erstellen und Dashboards zu gestalten, die aufschlussreiche Einblicke liefern, um fundierte Entscheidungen treffen zu k\u00f6nnen. ...\t\t\t\t<\/div>\n\n\n\t\t\t\t\t\t\t\t\t<a class=\"kc-read-more\" href=\"https:\/\/dataworld.com\/de\/2024\/04\/24\/vim-dashboard\/\">Read more<\/a>\n\t\t\t\t\t\t\t<\/div>\n\n\t\t<\/div>\n\t\t\t\t<div class=\"list-item post-10206\">\n\t\t\t<div class=\"post-content\">\n\t\t\t\t<figure>\n\t\t\t\t\t\t\t\t\t<\/figure>\n\t\t\t\t<h3><a href=\"https:\/\/dataworld.com\/de\/2023\/08\/22\/fehlende-digitale-eingangsrechnungsverarbeitung\/\">Fehlende digitale Eingangsrechnungsverarbeitung?<\/a><\/h3>\n\t\t\t\t<div class=\"kc-entry_meta\">\n\t\t\t\t\t\t\t\t<\/div>\n\t\t\t\t<div class=\"text\">\n\t\t\t\t\tIn der sich st\u00e4ndig weiterentwickelnden digitalen Landschaft der heutigen Gesellschaft ist der Einsatz neuer Technologien unerl\u00e4sslich, um wettbewerbsf\u00e4hig zu bleiben. Inmitten der zahlreichen Bem\u00fchungen wird jedoch ein entscheidender Aspekt oft \u00fcbersehen &#8211; die Bedeutung der digitalen Eingangsrechnungsverarbeitung. Die Nichtnutzung dieser Technologie birgt eine Vielzahl von Risiken und problematischen Aspekten. Hier ...\t\t\t\t<\/div>\n\n\n\t\t\t\t\t\t\t\t\t<a class=\"kc-read-more\" href=\"https:\/\/dataworld.com\/de\/2023\/08\/22\/fehlende-digitale-eingangsrechnungsverarbeitung\/\">Read more<\/a>\n\t\t\t\t\t\t\t<\/div>\n\n\t\t<\/div>\n\t\t\t\t<div class=\"list-item post-7582\">\n\t\t\t<div class=\"post-content\">\n\t\t\t\t<figure>\n\t\t\t\t\t\t\t\t\t<\/figure>\n\t\t\t\t<h3><a href=\"https:\/\/dataworld.com\/de\/2021\/02\/12\/taking-vim-beyond-finance-alles-ueber-die-neusten-vim-versionen-vim-7-6-vim-20-4\/\">Taking VIM beyond Finance &#8211; Alles \u00fcber die neusten VIM Versionen VIM 7.6 &#038; VIM 20.4<\/a><\/h3>\n\t\t\t\t<div class=\"kc-entry_meta\">\n\t\t\t\t\t\t\t\t<\/div>\n\t\t\t\t<div class=\"text\">\n\t\t\t\t\tTaking VIM beyond Finance &#8211; Alles \u00fcber die neusten VIM Versionen VIM 7.6 &amp; VIM 20.4 Seit M\u00e4rz 2020 sind VIM-Kunden nun dazu berechtigt, alle SAP Digital Content Processing by OpenText-L\u00f6sungen zu nutzen, die Kundenauftr\u00e4ge, Angebote, Auftragsbest\u00e4tigungen, Lieferscheine, HR-Dokumente und andere Anwendungsf\u00e4lle unterst\u00fctzen. Zus\u00e4tzlich beziehen sich neu alle Metriken auf ...\t\t\t\t<\/div>\n\n\n\t\t\t\t\t\t\t\t\t<a class=\"kc-read-more\" href=\"https:\/\/dataworld.com\/de\/2021\/02\/12\/taking-vim-beyond-finance-alles-ueber-die-neusten-vim-versionen-vim-7-6-vim-20-4\/\">Read more<\/a>\n\t\t\t\t\t\t\t<\/div>\n\n\t\t<\/div>\n\t\t\t\t<div class=\"list-item post-2988\">\n\t\t\t<div class=\"post-content\">\n\t\t\t\t<figure>\n\t\t\t\t\t\t\t\t\t<\/figure>\n\t\t\t\t<h3><a href=\"https:\/\/dataworld.com\/de\/2019\/11\/22\/sap-und-qr-rechnungen-ab-30-6-2020\/\">SAP und QR-Rechnungen ab 30.6.2020<\/a><\/h3>\n\t\t\t\t<div class=\"kc-entry_meta\">\n\t\t\t\t\t\t\t\t<\/div>\n\t\t\t\t<div class=\"text\">\n\t\t\t\t\t\u00a0 &nbsp; Die QR-Rechnung. Die Basis f\u00fcr einen effizienteren Zahlungsverkehr Die QR-Rechnung schafft die Basis f\u00fcr einen effizienteren Zahlungsverkehr \u2013 f\u00fcr alle Beteiligte. Treffen Sie die notwendigen Vorkehrungen, damit auch Sie einen Schritt in Richtung digitale Zukunft machen und eingehende QR-Rechnungen automatisiert zahlen k\u00f6nnen! \u00a0 Was tun, damit Ihr Unternehmen ...\t\t\t\t<\/div>\n\n\n\t\t\t\t\t\t\t\t\t<a class=\"kc-read-more\" href=\"https:\/\/dataworld.com\/de\/2019\/11\/22\/sap-und-qr-rechnungen-ab-30-6-2020\/\">Read more<\/a>\n\t\t\t\t\t\t\t<\/div>\n\n\t\t<\/div>\n\t\t<\/div><\/div><\/div><\/div><\/div><\/section><\/p>\n","protected":false},"excerpt":{"rendered":"","protected":false},"author":2,"featured_media":0,"parent":2330,"menu_order":0,"comment_status":"closed","ping_status":"closed","template":"","meta":{"footnotes":""},"class_list":["post-2336","page","type-page","status-publish","hentry"],"yoast_head":"<!-- This site is optimized with the Yoast SEO plugin v27.4 - https:\/\/yoast.com\/product\/yoast-seo-wordpress\/ -->\n<title>SAP Invoice Management (VIM) - dataworld<\/title>\n<meta name=\"description\" content=\"Optimierung und Vereinfachung des Prozesses von eingehenden Kreditorenrechnungen durch Digitalisierung der Rechnungen,\" \/>\n<meta name=\"robots\" content=\"index, follow, max-snippet:-1, max-image-preview:large, max-video-preview:-1\" \/>\n<link rel=\"canonical\" href=\"https:\/\/dataworld.com\/de\/losungen\/sap-invoice-management-vim\/\" \/>\n<meta property=\"og:locale\" content=\"de_DE\" \/>\n<meta property=\"og:type\" content=\"article\" \/>\n<meta property=\"og:title\" content=\"SAP Invoice Management (VIM) - dataworld\" \/>\n<meta property=\"og:description\" content=\"Optimierung und Vereinfachung des Prozesses von eingehenden Kreditorenrechnungen durch Digitalisierung der Rechnungen,\" \/>\n<meta property=\"og:url\" content=\"https:\/\/dataworld.com\/de\/losungen\/sap-invoice-management-vim\/\" \/>\n<meta property=\"og:site_name\" content=\"dataworld\" \/>\n<meta property=\"article:publisher\" content=\"https:\/\/www.facebook.com\/dataworldconsulting\/\" \/>\n<meta property=\"article:modified_time\" content=\"2023-05-30T10:54:55+00:00\" \/>\n<meta property=\"og:image\" content=\"https:\/\/dataworld.com\/wp-content\/uploads\/2022\/08\/iha_website_v1.2.jpg\" \/>\n<meta name=\"twitter:card\" content=\"summary_large_image\" \/>\n<meta name=\"twitter:site\" content=\"@dW_dataworld\" \/>\n<meta name=\"twitter:label1\" content=\"Gesch\u00e4tzte Lesezeit\" \/>\n\t<meta name=\"twitter:data1\" content=\"3\u00a0Minuten\" \/>\n<script type=\"application\/ld+json\" class=\"yoast-schema-graph\">{\"@context\":\"https:\\\/\\\/schema.org\",\"@graph\":[{\"@type\":\"WebPage\",\"@id\":\"https:\\\/\\\/dataworld.com\\\/de\\\/losungen\\\/sap-invoice-management-vim\\\/\",\"url\":\"https:\\\/\\\/dataworld.com\\\/de\\\/losungen\\\/sap-invoice-management-vim\\\/\",\"name\":\"SAP Invoice Management (VIM) - dataworld\",\"isPartOf\":{\"@id\":\"https:\\\/\\\/dataworld.com\\\/de\\\/#website\"},\"primaryImageOfPage\":{\"@id\":\"https:\\\/\\\/dataworld.com\\\/de\\\/losungen\\\/sap-invoice-management-vim\\\/#primaryimage\"},\"image\":{\"@id\":\"https:\\\/\\\/dataworld.com\\\/de\\\/losungen\\\/sap-invoice-management-vim\\\/#primaryimage\"},\"thumbnailUrl\":\"https:\\\/\\\/dataworld.com\\\/wp-content\\\/uploads\\\/2022\\\/08\\\/iha_website_v1.2.jpg\",\"datePublished\":\"2019-11-20T20:44:22+00:00\",\"dateModified\":\"2023-05-30T10:54:55+00:00\",\"description\":\"Optimierung und Vereinfachung des Prozesses von eingehenden Kreditorenrechnungen durch Digitalisierung der Rechnungen,\",\"breadcrumb\":{\"@id\":\"https:\\\/\\\/dataworld.com\\\/de\\\/losungen\\\/sap-invoice-management-vim\\\/#breadcrumb\"},\"inLanguage\":\"de\",\"potentialAction\":[{\"@type\":\"ReadAction\",\"target\":[\"https:\\\/\\\/dataworld.com\\\/de\\\/losungen\\\/sap-invoice-management-vim\\\/\"]}]},{\"@type\":\"ImageObject\",\"inLanguage\":\"de\",\"@id\":\"https:\\\/\\\/dataworld.com\\\/de\\\/losungen\\\/sap-invoice-management-vim\\\/#primaryimage\",\"url\":\"https:\\\/\\\/dataworld.com\\\/wp-content\\\/uploads\\\/2022\\\/08\\\/iha_website_v1.2.jpg\",\"contentUrl\":\"https:\\\/\\\/dataworld.com\\\/wp-content\\\/uploads\\\/2022\\\/08\\\/iha_website_v1.2.jpg\"},{\"@type\":\"BreadcrumbList\",\"@id\":\"https:\\\/\\\/dataworld.com\\\/de\\\/losungen\\\/sap-invoice-management-vim\\\/#breadcrumb\",\"itemListElement\":[{\"@type\":\"ListItem\",\"position\":1,\"name\":\"Home\",\"item\":\"https:\\\/\\\/dataworld.com\\\/de\\\/\"},{\"@type\":\"ListItem\",\"position\":2,\"name\":\"L\u00f6sungen\",\"item\":\"https:\\\/\\\/dataworld.com\\\/de\\\/losungen\\\/\"},{\"@type\":\"ListItem\",\"position\":3,\"name\":\"SAP Invoice Management (VIM)\"}]},{\"@type\":\"WebSite\",\"@id\":\"https:\\\/\\\/dataworld.com\\\/de\\\/#website\",\"url\":\"https:\\\/\\\/dataworld.com\\\/de\\\/\",\"name\":\"dataworld\",\"description\":\"wir gestalten Ihre S4 Journey\",\"publisher\":{\"@id\":\"https:\\\/\\\/dataworld.com\\\/de\\\/#organization\"},\"potentialAction\":[{\"@type\":\"SearchAction\",\"target\":{\"@type\":\"EntryPoint\",\"urlTemplate\":\"https:\\\/\\\/dataworld.com\\\/de\\\/?s={search_term_string}\"},\"query-input\":{\"@type\":\"PropertyValueSpecification\",\"valueRequired\":true,\"valueName\":\"search_term_string\"}}],\"inLanguage\":\"de\"},{\"@type\":\"Organization\",\"@id\":\"https:\\\/\\\/dataworld.com\\\/de\\\/#organization\",\"name\":\"Data Work Consulting AG\",\"url\":\"https:\\\/\\\/dataworld.com\\\/de\\\/\",\"logo\":{\"@type\":\"ImageObject\",\"inLanguage\":\"de\",\"@id\":\"https:\\\/\\\/dataworld.com\\\/de\\\/#\\\/schema\\\/logo\\\/image\\\/\",\"url\":\"https:\\\/\\\/dataworld.com\\\/wp-content\\\/uploads\\\/2019\\\/11\\\/Quadrat.jpg\",\"contentUrl\":\"https:\\\/\\\/dataworld.com\\\/wp-content\\\/uploads\\\/2019\\\/11\\\/Quadrat.jpg\",\"width\":378,\"height\":378,\"caption\":\"Data Work Consulting AG\"},\"image\":{\"@id\":\"https:\\\/\\\/dataworld.com\\\/de\\\/#\\\/schema\\\/logo\\\/image\\\/\"},\"sameAs\":[\"https:\\\/\\\/www.facebook.com\\\/dataworldconsulting\\\/\",\"https:\\\/\\\/x.com\\\/dW_dataworld\"]}]}<\/script>\n<!-- \/ Yoast SEO plugin. -->","yoast_head_json":{"title":"SAP Invoice Management (VIM) - dataworld","description":"Optimierung und Vereinfachung des Prozesses von eingehenden Kreditorenrechnungen durch Digitalisierung der Rechnungen,","robots":{"index":"index","follow":"follow","max-snippet":"max-snippet:-1","max-image-preview":"max-image-preview:large","max-video-preview":"max-video-preview:-1"},"canonical":"https:\/\/dataworld.com\/de\/losungen\/sap-invoice-management-vim\/","og_locale":"de_DE","og_type":"article","og_title":"SAP Invoice Management (VIM) - dataworld","og_description":"Optimierung und Vereinfachung des Prozesses von eingehenden Kreditorenrechnungen durch Digitalisierung der Rechnungen,","og_url":"https:\/\/dataworld.com\/de\/losungen\/sap-invoice-management-vim\/","og_site_name":"dataworld","article_publisher":"https:\/\/www.facebook.com\/dataworldconsulting\/","article_modified_time":"2023-05-30T10:54:55+00:00","og_image":[{"url":"https:\/\/dataworld.com\/wp-content\/uploads\/2022\/08\/iha_website_v1.2.jpg","type":"","width":"","height":""}],"twitter_card":"summary_large_image","twitter_site":"@dW_dataworld","twitter_misc":{"Gesch\u00e4tzte Lesezeit":"3\u00a0Minuten"},"schema":{"@context":"https:\/\/schema.org","@graph":[{"@type":"WebPage","@id":"https:\/\/dataworld.com\/de\/losungen\/sap-invoice-management-vim\/","url":"https:\/\/dataworld.com\/de\/losungen\/sap-invoice-management-vim\/","name":"SAP Invoice Management (VIM) - dataworld","isPartOf":{"@id":"https:\/\/dataworld.com\/de\/#website"},"primaryImageOfPage":{"@id":"https:\/\/dataworld.com\/de\/losungen\/sap-invoice-management-vim\/#primaryimage"},"image":{"@id":"https:\/\/dataworld.com\/de\/losungen\/sap-invoice-management-vim\/#primaryimage"},"thumbnailUrl":"https:\/\/dataworld.com\/wp-content\/uploads\/2022\/08\/iha_website_v1.2.jpg","datePublished":"2019-11-20T20:44:22+00:00","dateModified":"2023-05-30T10:54:55+00:00","description":"Optimierung und Vereinfachung des Prozesses von eingehenden Kreditorenrechnungen durch Digitalisierung der Rechnungen,","breadcrumb":{"@id":"https:\/\/dataworld.com\/de\/losungen\/sap-invoice-management-vim\/#breadcrumb"},"inLanguage":"de","potentialAction":[{"@type":"ReadAction","target":["https:\/\/dataworld.com\/de\/losungen\/sap-invoice-management-vim\/"]}]},{"@type":"ImageObject","inLanguage":"de","@id":"https:\/\/dataworld.com\/de\/losungen\/sap-invoice-management-vim\/#primaryimage","url":"https:\/\/dataworld.com\/wp-content\/uploads\/2022\/08\/iha_website_v1.2.jpg","contentUrl":"https:\/\/dataworld.com\/wp-content\/uploads\/2022\/08\/iha_website_v1.2.jpg"},{"@type":"BreadcrumbList","@id":"https:\/\/dataworld.com\/de\/losungen\/sap-invoice-management-vim\/#breadcrumb","itemListElement":[{"@type":"ListItem","position":1,"name":"Home","item":"https:\/\/dataworld.com\/de\/"},{"@type":"ListItem","position":2,"name":"L\u00f6sungen","item":"https:\/\/dataworld.com\/de\/losungen\/"},{"@type":"ListItem","position":3,"name":"SAP Invoice Management (VIM)"}]},{"@type":"WebSite","@id":"https:\/\/dataworld.com\/de\/#website","url":"https:\/\/dataworld.com\/de\/","name":"dataworld","description":"wir gestalten Ihre S4 Journey","publisher":{"@id":"https:\/\/dataworld.com\/de\/#organization"},"potentialAction":[{"@type":"SearchAction","target":{"@type":"EntryPoint","urlTemplate":"https:\/\/dataworld.com\/de\/?s={search_term_string}"},"query-input":{"@type":"PropertyValueSpecification","valueRequired":true,"valueName":"search_term_string"}}],"inLanguage":"de"},{"@type":"Organization","@id":"https:\/\/dataworld.com\/de\/#organization","name":"Data Work Consulting AG","url":"https:\/\/dataworld.com\/de\/","logo":{"@type":"ImageObject","inLanguage":"de","@id":"https:\/\/dataworld.com\/de\/#\/schema\/logo\/image\/","url":"https:\/\/dataworld.com\/wp-content\/uploads\/2019\/11\/Quadrat.jpg","contentUrl":"https:\/\/dataworld.com\/wp-content\/uploads\/2019\/11\/Quadrat.jpg","width":378,"height":378,"caption":"Data Work Consulting AG"},"image":{"@id":"https:\/\/dataworld.com\/de\/#\/schema\/logo\/image\/"},"sameAs":["https:\/\/www.facebook.com\/dataworldconsulting\/","https:\/\/x.com\/dW_dataworld"]}]}},"_links":{"self":[{"href":"https:\/\/dataworld.com\/de\/wp-json\/wp\/v2\/pages\/2336","targetHints":{"allow":["GET"]}}],"collection":[{"href":"https:\/\/dataworld.com\/de\/wp-json\/wp\/v2\/pages"}],"about":[{"href":"https:\/\/dataworld.com\/de\/wp-json\/wp\/v2\/types\/page"}],"author":[{"embeddable":true,"href":"https:\/\/dataworld.com\/de\/wp-json\/wp\/v2\/users\/2"}],"replies":[{"embeddable":true,"href":"https:\/\/dataworld.com\/de\/wp-json\/wp\/v2\/comments?post=2336"}],"version-history":[{"count":13,"href":"https:\/\/dataworld.com\/de\/wp-json\/wp\/v2\/pages\/2336\/revisions"}],"predecessor-version":[{"id":9854,"href":"https:\/\/dataworld.com\/de\/wp-json\/wp\/v2\/pages\/2336\/revisions\/9854"}],"up":[{"embeddable":true,"href":"https:\/\/dataworld.com\/de\/wp-json\/wp\/v2\/pages\/2330"}],"wp:attachment":[{"href":"https:\/\/dataworld.com\/de\/wp-json\/wp\/v2\/media?parent=2336"}],"curies":[{"name":"wp","href":"https:\/\/api.w.org\/{rel}","templated":true}]}}