{"id":2333,"date":"2019-11-05T21:07:49","date_gmt":"2019-11-05T20:07:49","guid":{"rendered":"https:\/\/dataworld.com\/dokumente-und-prozesse-transformieren-mit-open-text\/"},"modified":"2021-10-28T11:00:40","modified_gmt":"2021-10-28T09:00:40","slug":"dokumente-und-prozesse-transformieren-mit-open-text","status":"publish","type":"page","link":"https:\/\/dataworld.com\/de\/trends\/dokumente-und-prozesse-transformieren-mit-open-text\/","title":{"rendered":"Dokumente und Prozesse transformieren mit Open Text"},"content":{"rendered":"<p><section class=\"kc-elm kc-css-514264 kc_row\"><div class=\"kc-row-container  kc-container\"><div class=\"kc-wrap-columns\"><div class=\"kc-elm kc-css-644230 kc_col-sm-12 kc_column kc_col-sm-12\"><div class=\"kc-col-container\"><div class=\"kc-elm kc-css-632222 kc-raw-code\">\n\t\t\t<!-- START Dokumente Transformieren REVOLUTION SLIDER 6.7.41 --><p class=\"rs-p-wp-fix\"><\/p>\n\t\t\t<rs-module-wrap id=\"rev_slider_41_1_wrapper\" data-source=\"gallery\" style=\"visibility:hidden;background:#b3b3aa;padding:0;margin:0px auto;margin-top:0;margin-bottom:0;\">\n\t\t\t\t<rs-module id=\"rev_slider_41_1\" style=\"\" data-version=\"6.7.41\">\n\t\t\t\t\t<rs-slides style=\"overflow: hidden; position: absolute;\">\n\t\t\t\t\t\t<rs-slide style=\"position: absolute;\" data-key=\"rs-69\" data-title=\"Slide\" data-anim=\"ms:1000;r:0;\" data-in=\"o:0;\" data-out=\"a:false;\">\n\t\t\t\t\t\t\t<img decoding=\"async\" src=\"\/\/dataworld.com\/wp-content\/plugins\/revslider\/sr6\/assets\/assets\/dummy.png\" alt=\"Slide\" title=\"Dokumente und Prozesse transformieren mit Open Text\" class=\"rev-slidebg tp-rs-img rs-lazyload\" data-lazyload=\"\/\/dataworld.com\/wp-content\/plugins\/revslider\/sr6\/assets\/assets\/transparent.png\" data-bg=\"c:#b3b3aa;\" data-no-retina>\n<!--\n\t\t\t\t\t\t\t--><rs-layer\n\t\t\t\t\t\t\t\tid=\"slider-41-slide-69-layer-0\" \n\t\t\t\t\t\t\t\tdata-type=\"text\"\n\t\t\t\t\t\t\t\tdata-rsp_ch=\"on\"\n\t\t\t\t\t\t\t\tdata-xy=\"x:c;yo:100px,82px,62px,38px;\"\n\t\t\t\t\t\t\t\tdata-text=\"w:normal;l:22,18,13,8;\"\n\t\t\t\t\t\t\t\tdata-frame_999=\"o:0;st:w;\"\n\t\t\t\t\t\t\t\tstyle=\"z-index:5;font-family:'Raleway';\"\n\t\t\t\t\t\t\t>DOKUMENTE & PROZESSE TRANSFORMIEREN MIT OPENTEXT \n\t\t\t\t\t\t\t<\/rs-layer><!--\n\n\t\t\t\t\t\t\t--><rs-layer\n\t\t\t\t\t\t\t\tid=\"slider-41-slide-69-layer-1\" \n\t\t\t\t\t\t\t\tdata-type=\"text\"\n\t\t\t\t\t\t\t\tdata-rsp_ch=\"on\"\n\t\t\t\t\t\t\t\tdata-xy=\"x:c;yo:155px,128px,97px,59px;\"\n\t\t\t\t\t\t\t\tdata-text=\"w:normal;s:40,33,25,15;l:40,33,25,15;fw:700;\"\n\t\t\t\t\t\t\t\tdata-frame_999=\"o:0;st:w;\"\n\t\t\t\t\t\t\t\tstyle=\"z-index:6;font-family:'Roboto';\"\n\t\t\t\t\t\t\t>Als OpenText Spezialist sind wir f\u00fcr Sie da \n\t\t\t\t\t\t\t<\/rs-layer><!--\n-->\t\t\t\t\t<\/rs-slide>\n\t\t\t\t\t<\/rs-slides>\n\t\t\t\t<\/rs-module>\n\t\t\t\t<script>\n\t\t\t\t\tsetREVStartSize({c: 'rev_slider_41_1',rl:[1240,1024,778,480],el:[300,768,960,720],gw:[1240,1024,778,480],gh:[300,330,251,155],type:'standard',justify:'',layout:'fullwidth',mh:\"0\"});if (window.RS_MODULES!==undefined && window.RS_MODULES.modules!==undefined && window.RS_MODULES.modules[\"revslider411\"]!==undefined) {window.RS_MODULES.modules[\"revslider411\"].once = false;window.revapi41 = undefined;if (window.RS_MODULES.checkMinimal!==undefined) window.RS_MODULES.checkMinimal()}\n\t\t\t\t<\/script>\n\t\t\t<\/rs-module-wrap>\n\t\t\t<!-- END REVOLUTION SLIDER -->\n<\/div><div class=\"kc-elm kc-css-794671\" style=\"height: 80px; clear: both; width:100%;\"><\/div><\/div><\/div><\/div><\/div><\/section><section class=\"kc-elm kc-css-78341 kc_row\"><div class=\"kc-row-container  kc-container\"><div class=\"kc-wrap-columns\"><div class=\"kc-elm kc-css-830141 kc_col-sm-12 kc_column kc_col-sm-12\"><div class=\"kc-col-container\">\n<div class=\"kc-elm kc-css-770870 kc-title-wrap \">\n\n\t<h1 class=\"kc_title\">Warum OpenText und SAP S\/4HANA perfekt zusammenpassen<\/h1>\n<\/div>\n<div class=\"kc-elm kc-css-307498\" style=\"height: 20px; clear: both; width:100%;\"><\/div><div class=\"kc-elm kc-css-450157 kc_text_block\"><\/p>\n<p>\nIm Zentrum der Digitalisierung steht das informationsgesteuerte, vernetzte, intelligente Unternehmen. Das erfordert eine v\u00f6llig neue Generation von Unternehmensapplikationen, die Daten nicht nur um viele Gr\u00f6\u00dfenordnungen schneller verarbeiten als fr\u00fcher, sondern auch die Echtzeit-Analyse von Informationen erm\u00f6glichen. SAP S\/4HANA ist eine solche neue Generation \u2013 von der zugrundeliegenden Datenbank HANA bis zur Oberfl\u00e4che SAP Fiori. Damit die sch\u00f6ne neue Welt aber nicht auf die Daten beschr\u00e4nkt bleibt, sondern auch alle unstrukturierten Informationen erfasst, werden erg\u00e4nzend die L\u00f6sungen von OpenText ben\u00f6tigt. Die Unternehmen k\u00f6nnen sich darauf verlassen: OpenText hat diese Herausforderung angenommen und meistert sie auf allen Ebenen wie in allen Bereichen. Seit 25 Jahren sind OpenText und SAP das perfekte Duo: auch und gerade f\u00fcr SAP HANA und SAP S\/4HANA.<\/p>\n<p><span style=\"color: #23282d; font-weight: 600; font-style: inherit;\">\u00a0<\/span><\/p>\n<p><span style=\"color: #23282d; font-weight: 600; font-style: inherit;\">Personalisierte Kommunikation<\/span><\/p>\n<p>Schnellere Datenverarbeitung und -auswertung er\u00f6ffnen v\u00f6llig neue M\u00f6glichkeiten der individualisierten Kommunikation, insbesondere mit Kunden. So wird zum Beispiel aus einer langweiligen Rechnung ein modernes Marketinginstrument, das auf Basis des bisherigen Nutzungsverhaltens des jeweiligen Kunden konkrete Vorschl\u00e4ge zu anderen Tarifen oder Tariferg\u00e4nzungen, zu neuen oder anderen Produkten und Services enth\u00e4lt. Neben den altbekannten Listen mit Rechnungsdaten finden sich in solchen Dokumenten \u2013 ob nun online oder auf dem guten alten Postweg zugestellt \u2013 auch Bilder und Verweise auf weitere Online-Assets wie Videos, Podcasts etc. \u2013 alles individuell auf die jeweilige Kundensituation abgestellt.<\/p>\n<p>Dieser Grad an Individualisierung, der die traditionell getrennten Bereiche von Marketing, Kundenservice und Finanzbuchhaltung verbindet, ist jedoch nur mittels Automatisierung und Integration m\u00f6glich \u2013 im Backend wie im Frontend. Denn w\u00e4hrend SAP C\/4HANA und SAP Fiori f\u00fcr die moderne Verarbeitung und Analyse der Kundendaten sowie deren Darstellung sorgen, m\u00fcssen die digitalen Assets wie Bilder, Grafiken, Videos und Audio-Dateien ebenfalls verwaltet und automatisch mit den Daten verkn\u00fcpft und in den individualisierten Online- oder Druckdokumenten zusammengef\u00fchrt werden. Das gelingt mit den OpenText-L\u00f6sungen <a href=\"https:\/\/dataworld.com\/de\/losungen\/sap-digital-asset-management\/\">Digital Asset Management<\/a>, Document Presentment und <a href=\"https:\/\/dataworld.com\/de\/losungen\/sap-enterprise-content-management\/\">Extended ECM<\/a>.<\/p>\n<p><span style=\"color: #23282d; font-weight: 600; font-style: inherit;\">\u00a0<\/span><\/p>\n<p><span style=\"color: #23282d; font-weight: 600; font-style: inherit;\">Automatisierte Eingangskommunikation<\/span><\/p>\n<p>SAP S\/4HANA und SAP C\/4HANA sind die Rennwagen unter den Unternehmensapplikationen. Die Eingangskommunikation erweist sich demgegen\u00fcber in vielen F\u00e4llen als Bremsklotz. Denn dort sind in der Regel weiterhin viele manuelle Schritte n\u00f6tig, die nicht nur zeitraubend, sondern auch fehleranf\u00e4llig sind. Um auch die Eingangskommunikation auf H\u00f6chstgeschwindigkeit zu trimmen, hat OpenText verschiedene L\u00f6sungen und Technologien im Angebot.<\/p>\n<p>Mithilfe selbstlernender Mechanismen erm\u00f6glicht OpenText Business Center Automatisierungsgrade von 90 Prozent und mehr bei der Erfassung und Weiterverarbeitung von Eingangsinformationen. Gleiches gilt f\u00fcr die speziell auf Eingangsrechnungen abgestimmte OpenText-L\u00f6sung <a href=\"https:\/\/dataworld.com\/de\/losungen\/sap-invoice-management-vim\/\">Vendor Invoice Management<\/a>, die direkt auf SAP S\/4HANA Finance aufsetzt und dadurch einen voll automatisierten Prozess von der Rechnungserfassung bis zur Zahlung erm\u00f6glicht \u2013 und das nicht nur On-premise, sondern auch in der S\/4HANA Cloud.<\/p>\n<p><span style=\"color: #23282d; font-weight: 600; font-style: inherit;\">\u00a0<\/span><\/p>\n<p><span style=\"color: #23282d; font-weight: 600; font-style: inherit;\">Content als Teil von Prozessen<\/span><\/p>\n<p>80 Prozent und mehr der Unternehmensinformationen sind Content, das hei\u00dft unstrukturierte Informationen, die in vielen F\u00e4llen immer noch in IT-Silos aufbewahrt werden. Demgegen\u00fcber gelingt es den Unternehmen dank der neuen Generation von Unternehmenssoftware speziell von SAP, ihre Datensilos zu beseitigen. Dieses Missverh\u00e4ltnis verhindert, dass die Unternehmen den vollen Wert ihres Contents realisieren k\u00f6nnen. Denn daf\u00fcr m\u00fcssen auch die unstrukturierten Informationen jenseits von Applikations- und Systemgrenzen zur Verf\u00fcgung stehen \u2013 besser noch: an der richtigen Stelle im Prozess zum richtigen Zeitpunkt aktiv und m\u00f6glichst automatisch zur Verf\u00fcgung gestellt werden. Das ist es, was hinter dem Konzept der \u201econtent-enriched business processes\u201c steckt, dem sich OpenText voll und ganz verschrieben hat.<\/p>\n<p>Illustre Beispiele sind hierf\u00fcr im SAP S\/4HANA-Kontext die L\u00f6sungen OpenText Archiving und Document Access sowie <a href=\"https:\/\/dataworld.com\/de\/losungen\/sap-enterprise-content-management\/\">OpenText Extended ECM<\/a>. Sie nutzen alle SAP HANA als Datenbank. Sie tragen dadurch nicht erst nach der Migration auf SAP S\/4HANA zu einer h\u00f6heren Wertsch\u00f6pfung bei, sondern helfen schon bei der Migration selbst \u2013 etwa durch eine Reduzierung der Datenbankgr\u00f6\u00dfe und damit -kosten, k\u00fcrzeren Stillstandszeiten bei der Umstellung auf die neue Softwaregeneration sowie einem geringeren Administrationsaufwand.<\/p>\n<p><span style=\"color: #23282d; font-weight: 600; font-style: inherit;\">\u00a0<\/span><\/p>\n<p><span style=\"color: #23282d; font-weight: 600; font-style: inherit;\">OpenText und SAP S\/4HANA: zertifiziert und qualifiziert<\/span><\/p>\n<p>Die enge Partnerschaft zwischen OpenText und SAP w\u00e4hrt nun schon 25 Jahre. Kein Anbieter hat mehr L\u00f6sungen im Angebot, die auf der SAP-Preisliste stehen, als OpenText. Alle OpenText-L\u00f6sungen f\u00fcr SAP-Kunden sind f\u00fcr SAP S\/4HANA zertifiziert. Die als L\u00f6sungserweiterungen von SAP selbst vertriebenen OpenText-Angebote sind dar\u00fcber hinaus f\u00fcr SAP S\/4HANA qualifiziert, haben also einen besonders strengen Zertifizierungsprozess durchlaufen.<\/p>\n<p>SAP-Kunden k\u00f6nnen sich deshalb sicher sein, dass ihre Investitionen in OpenText gesch\u00fctzt sind. Dar\u00fcber hinaus aber helfen die OpenText-Angebote f\u00fcr SAP S\/4HANA und SAP C\/4HANA, den Wert der Kundeninvestitionen in die neuen Softwaregenerationen aus Walldorf zu steigern. Denn OpenText l\u00e4uft auf SAP HANA und nutzt dessen Analysef\u00e4higkeiten. Ferner ist OpenText mit SAP S\/4HANA und SAP C\/4HANA sowie SAP Fiori integriert. Unabh\u00e4ngig davon, ob die Kunden sich f\u00fcr die Implementierung in der Cloud oder in der eigenen IT-Umgebung entscheiden, sind sie mit dem Duo OpenText und SAP auf der Seite der Digitalisierungsgewinner.<\/p>\n<p>\n<\/div><div class=\"kc-elm kc-css-662547\" style=\"height: 20px; clear: both; width:100%;\"><\/div><\/div><\/div><\/div><\/div><\/section><\/p>\n","protected":false},"excerpt":{"rendered":"","protected":false},"author":2,"featured_media":0,"parent":2641,"menu_order":0,"comment_status":"closed","ping_status":"closed","template":"","meta":{"footnotes":""},"class_list":["post-2333","page","type-page","status-publish","hentry"],"yoast_head":"<!-- This site is optimized with the Yoast SEO plugin v27.4 - https:\/\/yoast.com\/product\/yoast-seo-wordpress\/ -->\n<title>Dokumente und Prozesse transformieren mit Open Text - dataworld<\/title>\n<meta name=\"description\" content=\"Unstrukturierte Informationen an der richtigen Stelle im Prozess zum richtigen Zeitpunkt aktiv und m\u00f6glichst automatisch zur Verf\u00fcgung stellen\" \/>\n<meta name=\"robots\" content=\"index, follow, max-snippet:-1, max-image-preview:large, max-video-preview:-1\" \/>\n<link rel=\"canonical\" href=\"https:\/\/dataworld.com\/de\/trends\/dokumente-und-prozesse-transformieren-mit-open-text\/\" \/>\n<meta property=\"og:locale\" content=\"de_DE\" \/>\n<meta property=\"og:type\" content=\"article\" \/>\n<meta property=\"og:title\" content=\"Dokumente und Prozesse transformieren mit Open Text - dataworld\" \/>\n<meta property=\"og:description\" content=\"Unstrukturierte Informationen an der richtigen Stelle im Prozess zum richtigen Zeitpunkt aktiv und m\u00f6glichst automatisch zur Verf\u00fcgung stellen\" \/>\n<meta property=\"og:url\" content=\"https:\/\/dataworld.com\/de\/trends\/dokumente-und-prozesse-transformieren-mit-open-text\/\" \/>\n<meta property=\"og:site_name\" content=\"dataworld\" \/>\n<meta property=\"article:publisher\" content=\"https:\/\/www.facebook.com\/dataworldconsulting\/\" \/>\n<meta property=\"article:modified_time\" content=\"2021-10-28T09:00:40+00:00\" \/>\n<meta name=\"twitter:card\" content=\"summary_large_image\" \/>\n<meta name=\"twitter:site\" content=\"@dW_dataworld\" \/>\n<meta name=\"twitter:label1\" content=\"Gesch\u00e4tzte Lesezeit\" \/>\n\t<meta name=\"twitter:data1\" content=\"4\u00a0Minuten\" \/>\n<script type=\"application\/ld+json\" class=\"yoast-schema-graph\">{\"@context\":\"https:\\\/\\\/schema.org\",\"@graph\":[{\"@type\":\"WebPage\",\"@id\":\"https:\\\/\\\/dataworld.com\\\/de\\\/trends\\\/dokumente-und-prozesse-transformieren-mit-open-text\\\/\",\"url\":\"https:\\\/\\\/dataworld.com\\\/de\\\/trends\\\/dokumente-und-prozesse-transformieren-mit-open-text\\\/\",\"name\":\"Dokumente und Prozesse transformieren mit Open Text - dataworld\",\"isPartOf\":{\"@id\":\"https:\\\/\\\/dataworld.com\\\/de\\\/#website\"},\"datePublished\":\"2019-11-05T20:07:49+00:00\",\"dateModified\":\"2021-10-28T09:00:40+00:00\",\"description\":\"Unstrukturierte Informationen an der richtigen Stelle im Prozess zum richtigen Zeitpunkt aktiv und m\u00f6glichst automatisch zur Verf\u00fcgung stellen\",\"breadcrumb\":{\"@id\":\"https:\\\/\\\/dataworld.com\\\/de\\\/trends\\\/dokumente-und-prozesse-transformieren-mit-open-text\\\/#breadcrumb\"},\"inLanguage\":\"de\",\"potentialAction\":[{\"@type\":\"ReadAction\",\"target\":[\"https:\\\/\\\/dataworld.com\\\/de\\\/trends\\\/dokumente-und-prozesse-transformieren-mit-open-text\\\/\"]}]},{\"@type\":\"BreadcrumbList\",\"@id\":\"https:\\\/\\\/dataworld.com\\\/de\\\/trends\\\/dokumente-und-prozesse-transformieren-mit-open-text\\\/#breadcrumb\",\"itemListElement\":[{\"@type\":\"ListItem\",\"position\":1,\"name\":\"Home\",\"item\":\"https:\\\/\\\/dataworld.com\\\/de\\\/\"},{\"@type\":\"ListItem\",\"position\":2,\"name\":\"Trends\",\"item\":\"https:\\\/\\\/dataworld.com\\\/de\\\/trends\\\/\"},{\"@type\":\"ListItem\",\"position\":3,\"name\":\"Dokumente und Prozesse transformieren mit Open Text\"}]},{\"@type\":\"WebSite\",\"@id\":\"https:\\\/\\\/dataworld.com\\\/de\\\/#website\",\"url\":\"https:\\\/\\\/dataworld.com\\\/de\\\/\",\"name\":\"dataworld\",\"description\":\"wir gestalten Ihre S4 Journey\",\"publisher\":{\"@id\":\"https:\\\/\\\/dataworld.com\\\/de\\\/#organization\"},\"potentialAction\":[{\"@type\":\"SearchAction\",\"target\":{\"@type\":\"EntryPoint\",\"urlTemplate\":\"https:\\\/\\\/dataworld.com\\\/de\\\/?s={search_term_string}\"},\"query-input\":{\"@type\":\"PropertyValueSpecification\",\"valueRequired\":true,\"valueName\":\"search_term_string\"}}],\"inLanguage\":\"de\"},{\"@type\":\"Organization\",\"@id\":\"https:\\\/\\\/dataworld.com\\\/de\\\/#organization\",\"name\":\"Data Work Consulting AG\",\"url\":\"https:\\\/\\\/dataworld.com\\\/de\\\/\",\"logo\":{\"@type\":\"ImageObject\",\"inLanguage\":\"de\",\"@id\":\"https:\\\/\\\/dataworld.com\\\/de\\\/#\\\/schema\\\/logo\\\/image\\\/\",\"url\":\"https:\\\/\\\/dataworld.com\\\/wp-content\\\/uploads\\\/2019\\\/11\\\/Quadrat.jpg\",\"contentUrl\":\"https:\\\/\\\/dataworld.com\\\/wp-content\\\/uploads\\\/2019\\\/11\\\/Quadrat.jpg\",\"width\":378,\"height\":378,\"caption\":\"Data Work Consulting AG\"},\"image\":{\"@id\":\"https:\\\/\\\/dataworld.com\\\/de\\\/#\\\/schema\\\/logo\\\/image\\\/\"},\"sameAs\":[\"https:\\\/\\\/www.facebook.com\\\/dataworldconsulting\\\/\",\"https:\\\/\\\/x.com\\\/dW_dataworld\"]}]}<\/script>\n<!-- \/ Yoast SEO plugin. -->","yoast_head_json":{"title":"Dokumente und Prozesse transformieren mit Open Text - dataworld","description":"Unstrukturierte Informationen an der richtigen Stelle im Prozess zum richtigen Zeitpunkt aktiv und m\u00f6glichst automatisch zur Verf\u00fcgung stellen","robots":{"index":"index","follow":"follow","max-snippet":"max-snippet:-1","max-image-preview":"max-image-preview:large","max-video-preview":"max-video-preview:-1"},"canonical":"https:\/\/dataworld.com\/de\/trends\/dokumente-und-prozesse-transformieren-mit-open-text\/","og_locale":"de_DE","og_type":"article","og_title":"Dokumente und Prozesse transformieren mit Open Text - dataworld","og_description":"Unstrukturierte Informationen an der richtigen Stelle im Prozess zum richtigen Zeitpunkt aktiv und m\u00f6glichst automatisch zur Verf\u00fcgung stellen","og_url":"https:\/\/dataworld.com\/de\/trends\/dokumente-und-prozesse-transformieren-mit-open-text\/","og_site_name":"dataworld","article_publisher":"https:\/\/www.facebook.com\/dataworldconsulting\/","article_modified_time":"2021-10-28T09:00:40+00:00","twitter_card":"summary_large_image","twitter_site":"@dW_dataworld","twitter_misc":{"Gesch\u00e4tzte Lesezeit":"4\u00a0Minuten"},"schema":{"@context":"https:\/\/schema.org","@graph":[{"@type":"WebPage","@id":"https:\/\/dataworld.com\/de\/trends\/dokumente-und-prozesse-transformieren-mit-open-text\/","url":"https:\/\/dataworld.com\/de\/trends\/dokumente-und-prozesse-transformieren-mit-open-text\/","name":"Dokumente und Prozesse transformieren mit Open Text - dataworld","isPartOf":{"@id":"https:\/\/dataworld.com\/de\/#website"},"datePublished":"2019-11-05T20:07:49+00:00","dateModified":"2021-10-28T09:00:40+00:00","description":"Unstrukturierte Informationen an der richtigen Stelle im Prozess zum richtigen Zeitpunkt aktiv und m\u00f6glichst automatisch zur Verf\u00fcgung stellen","breadcrumb":{"@id":"https:\/\/dataworld.com\/de\/trends\/dokumente-und-prozesse-transformieren-mit-open-text\/#breadcrumb"},"inLanguage":"de","potentialAction":[{"@type":"ReadAction","target":["https:\/\/dataworld.com\/de\/trends\/dokumente-und-prozesse-transformieren-mit-open-text\/"]}]},{"@type":"BreadcrumbList","@id":"https:\/\/dataworld.com\/de\/trends\/dokumente-und-prozesse-transformieren-mit-open-text\/#breadcrumb","itemListElement":[{"@type":"ListItem","position":1,"name":"Home","item":"https:\/\/dataworld.com\/de\/"},{"@type":"ListItem","position":2,"name":"Trends","item":"https:\/\/dataworld.com\/de\/trends\/"},{"@type":"ListItem","position":3,"name":"Dokumente und Prozesse transformieren mit Open Text"}]},{"@type":"WebSite","@id":"https:\/\/dataworld.com\/de\/#website","url":"https:\/\/dataworld.com\/de\/","name":"dataworld","description":"wir gestalten Ihre S4 Journey","publisher":{"@id":"https:\/\/dataworld.com\/de\/#organization"},"potentialAction":[{"@type":"SearchAction","target":{"@type":"EntryPoint","urlTemplate":"https:\/\/dataworld.com\/de\/?s={search_term_string}"},"query-input":{"@type":"PropertyValueSpecification","valueRequired":true,"valueName":"search_term_string"}}],"inLanguage":"de"},{"@type":"Organization","@id":"https:\/\/dataworld.com\/de\/#organization","name":"Data Work Consulting AG","url":"https:\/\/dataworld.com\/de\/","logo":{"@type":"ImageObject","inLanguage":"de","@id":"https:\/\/dataworld.com\/de\/#\/schema\/logo\/image\/","url":"https:\/\/dataworld.com\/wp-content\/uploads\/2019\/11\/Quadrat.jpg","contentUrl":"https:\/\/dataworld.com\/wp-content\/uploads\/2019\/11\/Quadrat.jpg","width":378,"height":378,"caption":"Data Work Consulting AG"},"image":{"@id":"https:\/\/dataworld.com\/de\/#\/schema\/logo\/image\/"},"sameAs":["https:\/\/www.facebook.com\/dataworldconsulting\/","https:\/\/x.com\/dW_dataworld"]}]}},"_links":{"self":[{"href":"https:\/\/dataworld.com\/de\/wp-json\/wp\/v2\/pages\/2333","targetHints":{"allow":["GET"]}}],"collection":[{"href":"https:\/\/dataworld.com\/de\/wp-json\/wp\/v2\/pages"}],"about":[{"href":"https:\/\/dataworld.com\/de\/wp-json\/wp\/v2\/types\/page"}],"author":[{"embeddable":true,"href":"https:\/\/dataworld.com\/de\/wp-json\/wp\/v2\/users\/2"}],"replies":[{"embeddable":true,"href":"https:\/\/dataworld.com\/de\/wp-json\/wp\/v2\/comments?post=2333"}],"version-history":[{"count":11,"href":"https:\/\/dataworld.com\/de\/wp-json\/wp\/v2\/pages\/2333\/revisions"}],"predecessor-version":[{"id":8090,"href":"https:\/\/dataworld.com\/de\/wp-json\/wp\/v2\/pages\/2333\/revisions\/8090"}],"up":[{"embeddable":true,"href":"https:\/\/dataworld.com\/de\/wp-json\/wp\/v2\/pages\/2641"}],"wp:attachment":[{"href":"https:\/\/dataworld.com\/de\/wp-json\/wp\/v2\/media?parent=2333"}],"curies":[{"name":"wp","href":"https:\/\/api.w.org\/{rel}","templated":true}]}}