{"id":2332,"date":"2019-11-05T21:11:35","date_gmt":"2019-11-05T20:11:35","guid":{"rendered":"https:\/\/dataworld.com\/beratungsleistungen-sap-opentext\/"},"modified":"2023-05-30T10:59:39","modified_gmt":"2023-05-30T08:59:39","slug":"beratungsleistungen-sap-opentext","status":"publish","type":"page","link":"https:\/\/dataworld.com\/de\/dienstleistungen\/beratungsleistungen-sap-opentext\/","title":{"rendered":"Beratungsleistungen SAP \/ OpenText"},"content":{"rendered":"<p><section class=\"kc-elm kc-css-203028 kc_row\"><div class=\"kc-row-container  kc-container\"><div class=\"kc-wrap-columns\"><div class=\"kc-elm kc-css-834127 kc_col-sm-12 kc_column kc_col-sm-12\"><div class=\"kc-col-container\"><div class=\"kc-elm kc-css-197352 kc-raw-code\">\n\t\t\t<!-- START Beratung REVOLUTION SLIDER 6.7.41 --><p class=\"rs-p-wp-fix\"><\/p>\n\t\t\t<rs-module-wrap id=\"rev_slider_36_1_wrapper\" data-source=\"gallery\" style=\"visibility:hidden;background:#b3b3aa;padding:0;margin:0px auto;margin-top:0;margin-bottom:0;\">\n\t\t\t\t<rs-module id=\"rev_slider_36_1\" style=\"\" data-version=\"6.7.41\">\n\t\t\t\t\t<rs-slides style=\"overflow: hidden; position: absolute;\">\n\t\t\t\t\t\t<rs-slide style=\"position: absolute;\" data-key=\"rs-48\" data-title=\"Slide\" data-anim=\"ms:1000;r:0;\" data-in=\"o:0;\" data-out=\"a:false;\">\n\t\t\t\t\t\t\t<img decoding=\"async\" src=\"\/\/dataworld.com\/wp-content\/plugins\/revslider\/sr6\/assets\/assets\/dummy.png\" alt=\"Slide\" title=\"Beratungsleistungen SAP \/ OpenText\" class=\"rev-slidebg tp-rs-img rs-lazyload\" data-lazyload=\"\/\/dataworld.com\/wp-content\/plugins\/revslider\/sr6\/assets\/assets\/transparent.png\" data-bg=\"c:#b3b3aa;\" data-no-retina>\n<!--\n\t\t\t\t\t\t\t--><rs-layer\n\t\t\t\t\t\t\t\tid=\"slider-36-slide-48-layer-0\" \n\t\t\t\t\t\t\t\tdata-type=\"text\"\n\t\t\t\t\t\t\t\tdata-rsp_ch=\"on\"\n\t\t\t\t\t\t\t\tdata-xy=\"x:c;yo:100px,82px,62px,38px;\"\n\t\t\t\t\t\t\t\tdata-text=\"w:normal;l:22,18,13,8;\"\n\t\t\t\t\t\t\t\tdata-frame_999=\"o:0;st:w;\"\n\t\t\t\t\t\t\t\tstyle=\"z-index:5;font-family:'Raleway';\"\n\t\t\t\t\t\t\t>BERATUNGSLEITUNGEN SAP \/ OPENTEXT \n\t\t\t\t\t\t\t<\/rs-layer><!--\n\n\t\t\t\t\t\t\t--><rs-layer\n\t\t\t\t\t\t\t\tid=\"slider-36-slide-48-layer-1\" \n\t\t\t\t\t\t\t\tdata-type=\"text\"\n\t\t\t\t\t\t\t\tdata-rsp_ch=\"on\"\n\t\t\t\t\t\t\t\tdata-xy=\"x:c;yo:155px,128px,97px,59px;\"\n\t\t\t\t\t\t\t\tdata-text=\"w:normal;s:40,33,25,15;l:40,33,25,15;fw:700;\"\n\t\t\t\t\t\t\t\tdata-frame_999=\"o:0;st:w;\"\n\t\t\t\t\t\t\t\tstyle=\"z-index:6;font-family:'Roboto';\"\n\t\t\t\t\t\t\t>Erfahren Sie mehr \u00fcber die Beratungsleistungen der dataworld \n\t\t\t\t\t\t\t<\/rs-layer><!--\n-->\t\t\t\t\t<\/rs-slide>\n\t\t\t\t\t<\/rs-slides>\n\t\t\t\t<\/rs-module>\n\t\t\t\t<script>\n\t\t\t\t\tsetREVStartSize({c: 'rev_slider_36_1',rl:[1240,1024,778,480],el:[300,768,960,720],gw:[1240,1024,778,480],gh:[300,330,251,155],type:'standard',justify:'',layout:'fullwidth',mh:\"0\"});if (window.RS_MODULES!==undefined && window.RS_MODULES.modules!==undefined && window.RS_MODULES.modules[\"revslider361\"]!==undefined) {window.RS_MODULES.modules[\"revslider361\"].once = false;window.revapi36 = undefined;if (window.RS_MODULES.checkMinimal!==undefined) window.RS_MODULES.checkMinimal()}\n\t\t\t\t<\/script>\n\t\t\t<\/rs-module-wrap>\n\t\t\t<!-- END REVOLUTION SLIDER -->\n<\/div><div class=\"kc-elm kc-css-435785\" style=\"height: 80px; clear: both; width:100%;\"><\/div><\/div><\/div><\/div><\/div><\/section><section class=\"kc-elm kc-css-836305 kc_row\"><div class=\"kc-row-container  kc-container\"><div class=\"kc-wrap-columns\"><div class=\"kc-elm kc-css-128543 kc_col-sm-8 kc_column kc_col-sm-8\"><div class=\"kc-col-container\">\n<div class=\"kc-elm kc-css-755457 kc-title-wrap \">\n\n\t<h1 class=\"kc_title\">SAP Services<\/h1>\n<\/div>\n<div class=\"kc-elm kc-css-888527\" style=\"height: 20px; clear: both; width:100%;\"><\/div><div class=\"kc-elm kc-css-486392 kc_text_block\"><\/p>\n<p>\nAls SAP Partner Center of Expertise sind wir in der Lage Sie bei der Planung und Umsetzung der neusten Releases S4 von SAP zu begleiten. Hierbei setzen wir auf die von SAP empfohlene Vorgehensweise und Werkzeuge. Wir unterst\u00fctzen Sie damit \u00fcber alle Schritte bis zur abgeschlossenen Einf\u00fchrung Ihrer S4 L\u00f6sung.<\/p>\n<p>\n<\/div><div class=\"kc-elm kc-css-302418 kc_text_block\"><\/p>\n<p>\nUnsere Berater werden laufend auf den neusten SAP- und OpenText-Versionen weitergebildet. Wir haben viele Kunden, welche keine internen OpenText Ressourcen aufbauen und uns bei Releasewechsel beauftragen. Kunden, welche aufgrund von fehlendem Fachwissen, Engp\u00e4ssen oder \u00dcberlastung, keine eigenen Ressourcen aufbauen wollen, bieten wir individuelle Service Level Agreements an. Von kleiner punktueller Unterst\u00fctzung bis zu einem kompletten Outtasking bieten wir die gesamte Spannweite an.<\/p>\n<p>\n<\/div><div class=\"kc-elm kc-css-544071 kc_text_block\"><\/p>\n<p>\n<strong style=\"font-style: inherit;\">Unsere SAP Services:<\/strong><\/p>\n<ul>\n<li>Architektur SAP Landschaft<\/li>\n<li>SAP Basis inklusive Betrieb multinational<\/li>\n<li>Neueinf\u00fchrung S4 (Green- und Brownfield-Approach)<\/li>\n<li>Conversion auf S4<\/li>\n<li>Alle g\u00e4ngigen Module<\/li>\n<li>SOLMAN (Transportwesen, ALM, ITSM)<\/li>\n<li>SAP Sales \/ Commerce Cloud mit Cloud Integration<\/li>\n<li>Concur implementierung<\/li>\n<\/ul>\n<p>\n<\/div><div class=\"kc-elm kc-css-203127\" style=\"height: 60px; clear: both; width:100%;\"><\/div>\n<div class=\"kc-elm kc-css-483690 kc-title-wrap \">\n\n\t<h1 class=\"kc_title\">OpenText Services<\/h1>\n<\/div>\n<div class=\"kc-elm kc-css-705712\" style=\"height: 20px; clear: both; width:100%;\"><\/div><div class=\"kc-elm kc-css-871942 kc_text_block\"><\/p>\n<p>\n<strong style=\"font-style: inherit;\">Daten- &#038; Dokumentenmanagement<\/strong><\/p>\n<p>Es kann gesetzliche, organisatiorisch oder IT bedingte Gr\u00fcnde geben, um Daten zu archivieren. Wir haben bei der Archivierung von strukturierten und unstrukturierten Daten grosse Erfahrung und k\u00f6nnen Ihnen sowohl bei der Konzeption zur Seite stehen, wie auch deren Umsetzung f\u00fcr Sie \u00fcbernehmen.<\/p>\n<p>\n<\/div><div class=\"kc-elm kc-css-413565 kc_text_block\"><\/p>\n<p>\n<strong style=\"font-style: inherit;\">Archive zusammenf\u00fchren oder auseinandernehmen<\/strong><\/p>\n<p>Aus Erfahrung wissen wir, dass die Annahme, Archive unterliegen keinen Ver\u00e4nderungen, nicht korrekt ist. Immer wieder gibt es in der Gesch\u00e4ftswelt Situationen, in denen Archive zusammengef\u00fchrt oder auseinanderdividiert werden m\u00fcssen.<\/p>\n<ul>\n<li>Verkauf einer Firma \/ Unternehmenseinheit<\/li>\n<li>Ankauf einer Firma \/ Unternehmenseinheit<\/li>\n<li>Neue Zugriffsregeln<\/li>\n<li>Datenschutz<\/li>\n<\/ul>\n<p>Unsere Spezialisten k\u00f6nnen Sie beim Zusammenf\u00fchren oder Auseinanderdividieren optimal unterst\u00fctzen und Ihre Erwartungen erf\u00fcllen.<\/p>\n<p>\n<\/div><div class=\"kc-elm kc-css-896762 kc_text_block\"><\/p>\n<p>\n<strong style=\"font-style: inherit;\">Legacy Archivierung und Systemdekomissionierung<\/strong><\/p>\n<p>Wir haben in mehreren Projekten Kunden bei der Archivierung und beim Stilllegen ihrer alten Legacy Systeme begleitet. So haben wir beispielsweise die SAP-Systeme einer gr\u00f6sseren Bank vor deren Abl\u00f6sung so archiviert, dass die gesetzlichen Bedingungen eingehalten wurden und dem Neusystem diese Archive zug\u00e4nglich gemacht wurden.<\/p>\n<p>\n<\/div><div class=\"kc-elm kc-css-895561\" style=\"height: 20px; clear: both; width:100%;\"><\/div><\/div><\/div><div class=\"kc-elm kc-css-144499 kc_col-sm-4 kc_column kc_col-sm-4\"><div class=\"kc-col-container\"><div class=\"kc-elm kc-css-332627 kc_text_block\"><\/p>\n<h2><strong>Gianni Antenna<\/strong><\/h2>\n<p><img loading=\"lazy\" decoding=\"async\" class=\"alignnone size-medium\" src=\"https:\/\/dataworld.com\/wp-content\/uploads\/2019\/11\/3F0A1138.jpg\" alt=\"\" width=\"2110\" height=\"1407\"><\/p>\n<p>SAP? Genau unser Ding!<\/p>\n<p>+41 58 591 90 00<br \/><a href=\"mailto:gianni.antenna@dataworld.com\">gianni.antenna@dataworld.com<\/a><\/p>\n<p>\n<\/div><div class=\"kc-elm kc-css-24049\" style=\"height: 40px; clear: both; width:100%;\"><\/div><\/div><\/div><\/div><\/div><\/section><\/p>\n","protected":false},"excerpt":{"rendered":"","protected":false},"author":2,"featured_media":0,"parent":3762,"menu_order":0,"comment_status":"closed","ping_status":"closed","template":"","meta":{"footnotes":""},"class_list":["post-2332","page","type-page","status-publish","hentry"],"yoast_head":"<!-- This site is optimized with the Yoast SEO plugin v27.4 - https:\/\/yoast.com\/product\/yoast-seo-wordpress\/ -->\n<title>Beratungsleistungen SAP \/ OpenText - dataworld<\/title>\n<meta name=\"description\" content=\"Von kleiner punktueller Unterst\u00fctzung bis zu einem kompletten Outtasking bieten wir die gesamte Spannweite an.\" \/>\n<meta name=\"robots\" content=\"index, follow, max-snippet:-1, max-image-preview:large, max-video-preview:-1\" \/>\n<link rel=\"canonical\" href=\"https:\/\/dataworld.com\/de\/dienstleistungen\/beratungsleistungen-sap-opentext\/\" \/>\n<meta property=\"og:locale\" content=\"de_DE\" \/>\n<meta property=\"og:type\" content=\"article\" \/>\n<meta property=\"og:title\" content=\"Beratungsleistungen SAP \/ OpenText - dataworld\" \/>\n<meta property=\"og:description\" content=\"Von kleiner punktueller Unterst\u00fctzung bis zu einem kompletten Outtasking bieten wir die gesamte Spannweite an.\" \/>\n<meta property=\"og:url\" content=\"https:\/\/dataworld.com\/de\/dienstleistungen\/beratungsleistungen-sap-opentext\/\" \/>\n<meta property=\"og:site_name\" content=\"dataworld\" \/>\n<meta property=\"article:publisher\" content=\"https:\/\/www.facebook.com\/dataworldconsulting\/\" \/>\n<meta property=\"article:modified_time\" content=\"2023-05-30T08:59:39+00:00\" \/>\n<meta property=\"og:image\" content=\"https:\/\/dataworld.com\/wp-content\/uploads\/2019\/11\/3F0A1138.jpg\" \/>\n<meta name=\"twitter:card\" content=\"summary_large_image\" \/>\n<meta name=\"twitter:site\" content=\"@dW_dataworld\" \/>\n<meta name=\"twitter:label1\" content=\"Gesch\u00e4tzte Lesezeit\" \/>\n\t<meta name=\"twitter:data1\" content=\"2\u00a0Minuten\" \/>\n<script type=\"application\/ld+json\" class=\"yoast-schema-graph\">{\"@context\":\"https:\\\/\\\/schema.org\",\"@graph\":[{\"@type\":\"WebPage\",\"@id\":\"https:\\\/\\\/dataworld.com\\\/de\\\/dienstleistungen\\\/beratungsleistungen-sap-opentext\\\/\",\"url\":\"https:\\\/\\\/dataworld.com\\\/de\\\/dienstleistungen\\\/beratungsleistungen-sap-opentext\\\/\",\"name\":\"Beratungsleistungen SAP \\\/ OpenText - dataworld\",\"isPartOf\":{\"@id\":\"https:\\\/\\\/dataworld.com\\\/de\\\/#website\"},\"primaryImageOfPage\":{\"@id\":\"https:\\\/\\\/dataworld.com\\\/de\\\/dienstleistungen\\\/beratungsleistungen-sap-opentext\\\/#primaryimage\"},\"image\":{\"@id\":\"https:\\\/\\\/dataworld.com\\\/de\\\/dienstleistungen\\\/beratungsleistungen-sap-opentext\\\/#primaryimage\"},\"thumbnailUrl\":\"https:\\\/\\\/dataworld.com\\\/wp-content\\\/uploads\\\/2019\\\/11\\\/3F0A1138.jpg\",\"datePublished\":\"2019-11-05T20:11:35+00:00\",\"dateModified\":\"2023-05-30T08:59:39+00:00\",\"description\":\"Von kleiner punktueller Unterst\u00fctzung bis zu einem kompletten Outtasking bieten wir die gesamte Spannweite an.\",\"breadcrumb\":{\"@id\":\"https:\\\/\\\/dataworld.com\\\/de\\\/dienstleistungen\\\/beratungsleistungen-sap-opentext\\\/#breadcrumb\"},\"inLanguage\":\"de\",\"potentialAction\":[{\"@type\":\"ReadAction\",\"target\":[\"https:\\\/\\\/dataworld.com\\\/de\\\/dienstleistungen\\\/beratungsleistungen-sap-opentext\\\/\"]}]},{\"@type\":\"ImageObject\",\"inLanguage\":\"de\",\"@id\":\"https:\\\/\\\/dataworld.com\\\/de\\\/dienstleistungen\\\/beratungsleistungen-sap-opentext\\\/#primaryimage\",\"url\":\"https:\\\/\\\/dataworld.com\\\/wp-content\\\/uploads\\\/2019\\\/11\\\/3F0A1138.jpg\",\"contentUrl\":\"https:\\\/\\\/dataworld.com\\\/wp-content\\\/uploads\\\/2019\\\/11\\\/3F0A1138.jpg\"},{\"@type\":\"BreadcrumbList\",\"@id\":\"https:\\\/\\\/dataworld.com\\\/de\\\/dienstleistungen\\\/beratungsleistungen-sap-opentext\\\/#breadcrumb\",\"itemListElement\":[{\"@type\":\"ListItem\",\"position\":1,\"name\":\"Home\",\"item\":\"https:\\\/\\\/dataworld.com\\\/de\\\/\"},{\"@type\":\"ListItem\",\"position\":2,\"name\":\"Dienstleistungen\",\"item\":\"https:\\\/\\\/dataworld.com\\\/de\\\/dienstleistungen\\\/\"},{\"@type\":\"ListItem\",\"position\":3,\"name\":\"Beratungsleistungen SAP \\\/ OpenText\"}]},{\"@type\":\"WebSite\",\"@id\":\"https:\\\/\\\/dataworld.com\\\/de\\\/#website\",\"url\":\"https:\\\/\\\/dataworld.com\\\/de\\\/\",\"name\":\"dataworld\",\"description\":\"wir gestalten Ihre S4 Journey\",\"publisher\":{\"@id\":\"https:\\\/\\\/dataworld.com\\\/de\\\/#organization\"},\"potentialAction\":[{\"@type\":\"SearchAction\",\"target\":{\"@type\":\"EntryPoint\",\"urlTemplate\":\"https:\\\/\\\/dataworld.com\\\/de\\\/?s={search_term_string}\"},\"query-input\":{\"@type\":\"PropertyValueSpecification\",\"valueRequired\":true,\"valueName\":\"search_term_string\"}}],\"inLanguage\":\"de\"},{\"@type\":\"Organization\",\"@id\":\"https:\\\/\\\/dataworld.com\\\/de\\\/#organization\",\"name\":\"Data Work Consulting AG\",\"url\":\"https:\\\/\\\/dataworld.com\\\/de\\\/\",\"logo\":{\"@type\":\"ImageObject\",\"inLanguage\":\"de\",\"@id\":\"https:\\\/\\\/dataworld.com\\\/de\\\/#\\\/schema\\\/logo\\\/image\\\/\",\"url\":\"https:\\\/\\\/dataworld.com\\\/wp-content\\\/uploads\\\/2019\\\/11\\\/Quadrat.jpg\",\"contentUrl\":\"https:\\\/\\\/dataworld.com\\\/wp-content\\\/uploads\\\/2019\\\/11\\\/Quadrat.jpg\",\"width\":378,\"height\":378,\"caption\":\"Data Work Consulting AG\"},\"image\":{\"@id\":\"https:\\\/\\\/dataworld.com\\\/de\\\/#\\\/schema\\\/logo\\\/image\\\/\"},\"sameAs\":[\"https:\\\/\\\/www.facebook.com\\\/dataworldconsulting\\\/\",\"https:\\\/\\\/x.com\\\/dW_dataworld\"]}]}<\/script>\n<!-- \/ Yoast SEO plugin. -->","yoast_head_json":{"title":"Beratungsleistungen SAP \/ OpenText - dataworld","description":"Von kleiner punktueller Unterst\u00fctzung bis zu einem kompletten Outtasking bieten wir die gesamte Spannweite an.","robots":{"index":"index","follow":"follow","max-snippet":"max-snippet:-1","max-image-preview":"max-image-preview:large","max-video-preview":"max-video-preview:-1"},"canonical":"https:\/\/dataworld.com\/de\/dienstleistungen\/beratungsleistungen-sap-opentext\/","og_locale":"de_DE","og_type":"article","og_title":"Beratungsleistungen SAP \/ OpenText - dataworld","og_description":"Von kleiner punktueller Unterst\u00fctzung bis zu einem kompletten Outtasking bieten wir die gesamte Spannweite an.","og_url":"https:\/\/dataworld.com\/de\/dienstleistungen\/beratungsleistungen-sap-opentext\/","og_site_name":"dataworld","article_publisher":"https:\/\/www.facebook.com\/dataworldconsulting\/","article_modified_time":"2023-05-30T08:59:39+00:00","og_image":[{"url":"https:\/\/dataworld.com\/wp-content\/uploads\/2019\/11\/3F0A1138.jpg","type":"","width":"","height":""}],"twitter_card":"summary_large_image","twitter_site":"@dW_dataworld","twitter_misc":{"Gesch\u00e4tzte Lesezeit":"2\u00a0Minuten"},"schema":{"@context":"https:\/\/schema.org","@graph":[{"@type":"WebPage","@id":"https:\/\/dataworld.com\/de\/dienstleistungen\/beratungsleistungen-sap-opentext\/","url":"https:\/\/dataworld.com\/de\/dienstleistungen\/beratungsleistungen-sap-opentext\/","name":"Beratungsleistungen SAP \/ OpenText - dataworld","isPartOf":{"@id":"https:\/\/dataworld.com\/de\/#website"},"primaryImageOfPage":{"@id":"https:\/\/dataworld.com\/de\/dienstleistungen\/beratungsleistungen-sap-opentext\/#primaryimage"},"image":{"@id":"https:\/\/dataworld.com\/de\/dienstleistungen\/beratungsleistungen-sap-opentext\/#primaryimage"},"thumbnailUrl":"https:\/\/dataworld.com\/wp-content\/uploads\/2019\/11\/3F0A1138.jpg","datePublished":"2019-11-05T20:11:35+00:00","dateModified":"2023-05-30T08:59:39+00:00","description":"Von kleiner punktueller Unterst\u00fctzung bis zu einem kompletten Outtasking bieten wir die gesamte Spannweite an.","breadcrumb":{"@id":"https:\/\/dataworld.com\/de\/dienstleistungen\/beratungsleistungen-sap-opentext\/#breadcrumb"},"inLanguage":"de","potentialAction":[{"@type":"ReadAction","target":["https:\/\/dataworld.com\/de\/dienstleistungen\/beratungsleistungen-sap-opentext\/"]}]},{"@type":"ImageObject","inLanguage":"de","@id":"https:\/\/dataworld.com\/de\/dienstleistungen\/beratungsleistungen-sap-opentext\/#primaryimage","url":"https:\/\/dataworld.com\/wp-content\/uploads\/2019\/11\/3F0A1138.jpg","contentUrl":"https:\/\/dataworld.com\/wp-content\/uploads\/2019\/11\/3F0A1138.jpg"},{"@type":"BreadcrumbList","@id":"https:\/\/dataworld.com\/de\/dienstleistungen\/beratungsleistungen-sap-opentext\/#breadcrumb","itemListElement":[{"@type":"ListItem","position":1,"name":"Home","item":"https:\/\/dataworld.com\/de\/"},{"@type":"ListItem","position":2,"name":"Dienstleistungen","item":"https:\/\/dataworld.com\/de\/dienstleistungen\/"},{"@type":"ListItem","position":3,"name":"Beratungsleistungen SAP \/ OpenText"}]},{"@type":"WebSite","@id":"https:\/\/dataworld.com\/de\/#website","url":"https:\/\/dataworld.com\/de\/","name":"dataworld","description":"wir gestalten Ihre S4 Journey","publisher":{"@id":"https:\/\/dataworld.com\/de\/#organization"},"potentialAction":[{"@type":"SearchAction","target":{"@type":"EntryPoint","urlTemplate":"https:\/\/dataworld.com\/de\/?s={search_term_string}"},"query-input":{"@type":"PropertyValueSpecification","valueRequired":true,"valueName":"search_term_string"}}],"inLanguage":"de"},{"@type":"Organization","@id":"https:\/\/dataworld.com\/de\/#organization","name":"Data Work Consulting AG","url":"https:\/\/dataworld.com\/de\/","logo":{"@type":"ImageObject","inLanguage":"de","@id":"https:\/\/dataworld.com\/de\/#\/schema\/logo\/image\/","url":"https:\/\/dataworld.com\/wp-content\/uploads\/2019\/11\/Quadrat.jpg","contentUrl":"https:\/\/dataworld.com\/wp-content\/uploads\/2019\/11\/Quadrat.jpg","width":378,"height":378,"caption":"Data Work Consulting AG"},"image":{"@id":"https:\/\/dataworld.com\/de\/#\/schema\/logo\/image\/"},"sameAs":["https:\/\/www.facebook.com\/dataworldconsulting\/","https:\/\/x.com\/dW_dataworld"]}]}},"_links":{"self":[{"href":"https:\/\/dataworld.com\/de\/wp-json\/wp\/v2\/pages\/2332","targetHints":{"allow":["GET"]}}],"collection":[{"href":"https:\/\/dataworld.com\/de\/wp-json\/wp\/v2\/pages"}],"about":[{"href":"https:\/\/dataworld.com\/de\/wp-json\/wp\/v2\/types\/page"}],"author":[{"embeddable":true,"href":"https:\/\/dataworld.com\/de\/wp-json\/wp\/v2\/users\/2"}],"replies":[{"embeddable":true,"href":"https:\/\/dataworld.com\/de\/wp-json\/wp\/v2\/comments?post=2332"}],"version-history":[{"count":13,"href":"https:\/\/dataworld.com\/de\/wp-json\/wp\/v2\/pages\/2332\/revisions"}],"predecessor-version":[{"id":9764,"href":"https:\/\/dataworld.com\/de\/wp-json\/wp\/v2\/pages\/2332\/revisions\/9764"}],"up":[{"embeddable":true,"href":"https:\/\/dataworld.com\/de\/wp-json\/wp\/v2\/pages\/3762"}],"wp:attachment":[{"href":"https:\/\/dataworld.com\/de\/wp-json\/wp\/v2\/media?parent=2332"}],"curies":[{"name":"wp","href":"https:\/\/api.w.org\/{rel}","templated":true}]}}