{"id":2328,"date":"2019-11-05T21:14:41","date_gmt":"2019-11-05T20:14:41","guid":{"rendered":"https:\/\/dataworld.com\/dw-losungen\/"},"modified":"2023-05-30T11:01:31","modified_gmt":"2023-05-30T09:01:31","slug":"dw-losungen","status":"publish","type":"page","link":"https:\/\/dataworld.com\/de\/losungen\/dw-losungen\/","title":{"rendered":"dW L\u00f6sungen"},"content":{"rendered":"<p><section class=\"kc-elm kc-css-156326 kc_row\"><div class=\"kc-row-container  kc-container\"><div class=\"kc-wrap-columns\"><div class=\"kc-elm kc-css-287737 kc_col-sm-12 kc_column kc_col-sm-12\"><div class=\"kc-col-container\"><div class=\"kc-elm kc-css-44204 kc-raw-code\">\n\t\t\t<!-- START DW L\u00f6sungen REVOLUTION SLIDER 6.7.41 --><p class=\"rs-p-wp-fix\"><\/p>\n\t\t\t<rs-module-wrap id=\"rev_slider_32_1_wrapper\" data-source=\"gallery\" style=\"visibility:hidden;background:#b3b3aa;padding:0;margin:0px auto;margin-top:0;margin-bottom:0;\">\n\t\t\t\t<rs-module id=\"rev_slider_32_1\" style=\"\" data-version=\"6.7.41\">\n\t\t\t\t\t<rs-slides style=\"overflow: hidden; position: absolute;\">\n\t\t\t\t\t\t<rs-slide style=\"position: absolute;\" data-key=\"rs-45\" data-title=\"Slide\" data-anim=\"ms:1000;r:0;\" data-in=\"o:0;\" data-out=\"a:false;\">\n\t\t\t\t\t\t\t<img decoding=\"async\" src=\"\/\/dataworld.com\/wp-content\/plugins\/revslider\/sr6\/assets\/assets\/dummy.png\" alt=\"Slide\" title=\"dW L\u00f6sungen\" class=\"rev-slidebg tp-rs-img rs-lazyload\" data-lazyload=\"\/\/dataworld.com\/wp-content\/plugins\/revslider\/sr6\/assets\/assets\/transparent.png\" data-bg=\"c:#b3b3aa;\" data-no-retina>\n<!--\n\t\t\t\t\t\t\t--><rs-layer\n\t\t\t\t\t\t\t\tid=\"slider-32-slide-45-layer-0\" \n\t\t\t\t\t\t\t\tdata-type=\"text\"\n\t\t\t\t\t\t\t\tdata-rsp_ch=\"on\"\n\t\t\t\t\t\t\t\tdata-xy=\"x:c;yo:100px,82px,62px,38px;\"\n\t\t\t\t\t\t\t\tdata-text=\"w:normal;l:22,18,13,8;\"\n\t\t\t\t\t\t\t\tdata-frame_999=\"o:0;st:w;\"\n\t\t\t\t\t\t\t\tstyle=\"z-index:5;font-family:'Raleway';\"\n\t\t\t\t\t\t\t>DW L\u00f6sungen \n\t\t\t\t\t\t\t<\/rs-layer><!--\n\n\t\t\t\t\t\t\t--><rs-layer\n\t\t\t\t\t\t\t\tid=\"slider-32-slide-45-layer-1\" \n\t\t\t\t\t\t\t\tdata-type=\"text\"\n\t\t\t\t\t\t\t\tdata-rsp_ch=\"on\"\n\t\t\t\t\t\t\t\tdata-xy=\"x:c;yo:155px,128px,97px,59px;\"\n\t\t\t\t\t\t\t\tdata-text=\"w:normal;s:40,33,25,15;l:40,33,25,15;fw:700;\"\n\t\t\t\t\t\t\t\tdata-frame_999=\"o:0;st:w;\"\n\t\t\t\t\t\t\t\tstyle=\"z-index:6;font-family:'Roboto';\"\n\t\t\t\t\t\t\t>Alles zu den L\u00f6sungen der dataworld \n\t\t\t\t\t\t\t<\/rs-layer><!--\n-->\t\t\t\t\t<\/rs-slide>\n\t\t\t\t\t<\/rs-slides>\n\t\t\t\t<\/rs-module>\n\t\t\t\t<script>\n\t\t\t\t\tsetREVStartSize({c: 'rev_slider_32_1',rl:[1240,1024,778,480],el:[300,768,960,720],gw:[1240,1024,778,480],gh:[300,330,251,155],type:'standard',justify:'',layout:'fullwidth',mh:\"0\"});if (window.RS_MODULES!==undefined && window.RS_MODULES.modules!==undefined && window.RS_MODULES.modules[\"revslider321\"]!==undefined) {window.RS_MODULES.modules[\"revslider321\"].once = false;window.revapi32 = undefined;if (window.RS_MODULES.checkMinimal!==undefined) window.RS_MODULES.checkMinimal()}\n\t\t\t\t<\/script>\n\t\t\t<\/rs-module-wrap>\n\t\t\t<!-- END REVOLUTION SLIDER -->\n<\/div><div class=\"kc-elm kc-css-325479\" style=\"height: 80px; clear: both; width:100%;\"><\/div><\/div><\/div><\/div><\/div><\/section><section class=\"kc-elm kc-css-941039 kc_row\"><div class=\"kc-row-container  kc-container\"><div class=\"kc-wrap-columns\"><div class=\"kc-elm kc-css-332059 kc_col-sm-8 kc_column kc_col-sm-8\"><div class=\"kc-col-container\"><div class=\"kc-elm kc-css-571903 kc_accordion_wrapper\">\n<div class=\"kc-elm kc-css-971035 kc_accordion_section group \"><h3 class=\"kc_accordion_header ui-accordion-header\"><span class=\"ui-accordion-header-icon ui-icon\"><\/span><a href=\"#dw-sap-gts-archive-loesung\" data-prevent=\"scroll\"><i class=\"\"><\/i> dW - SAP GTS Archive L\u00f6sung<\/a><\/h3><div class=\"kc_accordion_content ui-accordion-content kc_clearfix\"><div class=\"kc-panel-body\"><div class=\"kc-elm kc-css-7193 kc_text_block\"><\/p>\n<p>\n<strong>Digitale Akten rund um SAP GTS\u00a0<\/strong><\/p>\n<p>SAP GTS (Global Trade System) automatisiert die Handelsprozesse in SAP. Der Handel findet heute meist Weltweit statt, Lieferwege gehen \u00fcber mehrere Grenzen und \u00fcber unterschiedliche Transportwege vonstatten. Es fallen eine Vielzahl von Dokumenten, Belegen, Bewilligungen und auftrags- bzw. lieferauftragsbezogene Unterlagen an. Hier den \u00dcberblick zu behalten, ist teilweise eine grosse Herausforderung.<\/p>\n<p>SAP GTS wird meist in einem separaten System installiert, bedient als Backend mehrere ERP-Systeme und Buchungskreise.<\/p>\n<p>DW-GTS Solution erm\u00f6glicht eine zentralisierte Dokumentenerstellung im GTS System und bindet und verlinkt alle relevanten Dokumente an das jeweilig auftragsf\u00fchrende ERP System an. Die Verlinkung von Informationen erm\u00f6glicht es den jeweiligen Benutzern Ihre Aufgaben schnell und in einer hochstehenden Qualit\u00e4t zu bewerkstelligen. Auch werden relevante Zoll-, Fracht- und Speditionsdokumente f\u00fcr das ERP verf\u00fcgbar gemacht und transparent angezeigt.<\/p>\n<p>\n<\/div><div class=\"kc-elm kc-css-774684 kc_text_block\"><\/p>\n<p>\n<strong>Ihre Vorteile auf einen Blick:<\/strong><\/p>\n<ul>\n<li>Durchg\u00e4ngige Prozesssicht im ERP mit GTS-Daten<\/li>\n<li>M\u00f6glichkeit zur Anbindung mehrerer Mandanten<\/li>\n<li>Revisionssichere Archivierung der Daten auf einem externen Archiv<\/li>\n<li>Gesetzeskonforme Archivierung und Ablage der Daten<\/li>\n<\/ul>\n<p>\n<\/div><div class=\"kc-elm kc-css-663355 kc_text_block\"><\/p>\n<p>\n<strong>M\u00f6gliche Prozesse:<\/strong><\/p>\n<ul>\n<li>Unterst\u00fctzung der SAP GTS (Global Trade System) Prozesse<\/li>\n<li>Anbindung dW Kundenakte<\/li>\n<li>Anbindung dW Auftragsakte<\/li>\n<\/ul>\n<p>\n<\/div><\/div><\/div><\/div><div class=\"kc-elm kc-css-526485 kc_accordion_section group \"><h3 class=\"kc_accordion_header ui-accordion-header\"><span class=\"ui-accordion-header-icon ui-icon\"><\/span><a href=\"#easyarchive\" data-prevent=\"scroll\"><i class=\"\"><\/i> EasyArchive<\/a><\/h3><div class=\"kc_accordion_content ui-accordion-content kc_clearfix\"><div class=\"kc-panel-body\"><div class=\"kc-elm kc-css-296271 kc_text_block\"><\/p>\n<p>\nEasyArchive ist eine L\u00f6sungsplattform, die im SAP System als reines Add-On verankert ist. Durch die Implementierung werden keine Modifikationen an SAP-Sourcen notwendig. Sie k\u00f6nnen EasyArchive f\u00fcr jedes von SAP unterst\u00fctzte Datenarchivierungsszenario einsetzen und so den gleichzeitigen Zugriff auf On- und Offline-Daten realisieren.<\/p>\n<p>Resultierend aus unserer langj\u00e4hrigen Projekterfahrung im Umfeld der SAP Datenarchivierung, bieten wir gegenw\u00e4rtig folgende L\u00f6sungskomponente an:<\/p>\n<ul>\n<li>SD Belegfluss<\/li>\n<li>MM Einkaufshistorie<\/li>\n<li>FI Kontensicht<\/li>\n<\/ul>\n<p>\n<\/div><div class=\"kc-elm kc-css-131070 kc_text_block\"><\/p>\n<p>\nDie Data World Consulting AG bietet Ihnen diese Szenarien einzeln oder geb\u00fcndelt mit kompetenter Beraterleistung an. Die Leistung umfasst die Lieferung der SAP Transporte der gew\u00fcnschten Komponenten, zus\u00e4tzlich kann pro Komponente von 2 Beratertagen f\u00fcr die Einf\u00fchrung ausgegangen werden.<\/p>\n<p>In der Beraterleistung enthalten ist:<\/p>\n<ul>\n<li>Die Vorbereitung der Implementierung (telefonisch vorab)<\/li>\n<li>Customizing und Test des SAP Archivinformationssystems<\/li>\n<li>Aktivierung und Test der gew\u00e4hlten Komponente<\/li>\n<li>Administrator-Training<\/li>\n<li>Integration von vorab archivierten Daten in die L\u00f6sung<\/li>\n<li>Aufnahme von Sonderanforderungen<\/li>\n<\/ul>\n<p>Selbstverst\u00e4ndlich k\u00f6nnen diese Leistungen auch im Zuge eines SAP Datenarchivierungsprojektes integriert werden, wodurch Sie zus\u00e4tzlich Kosten einsparen k\u00f6nnen.<\/p>\n<p>Sollten Sie Anforderungen an EasyArchive haben, die durch die bisher verf\u00fcgbaren Beispielszenarien nicht abgedeckt werden oder sollten die Standard-Szenarien umfangreich angepasst werden, dann realisieren wir diese gerne in einem gesonderten Projekt nach Aufwand f\u00fcr Sie.<\/p>\n<p>\n<\/div><\/div><\/div><\/div><div class=\"kc-elm kc-css-462031 kc_accordion_section group \"><h3 class=\"kc_accordion_header ui-accordion-header\"><span class=\"ui-accordion-header-icon ui-icon\"><\/span><a href=\"#migrationsplattform\" data-prevent=\"scroll\"><i class=\"\"><\/i> Migrationsplattform<\/a><\/h3><div class=\"kc_accordion_content ui-accordion-content kc_clearfix\"><div class=\"kc-panel-body\"><div class=\"kc-elm kc-css-190965 kc_text_block\"><\/p>\n<p>\nIm Zuge gr\u00f6sserer Migrationsprojekte haben wir Kunden mit unserer Infrastruktur und einer Migrationsplattform unterst\u00fctzt. Neben der Beratungs- und Programmierungsdienstleistung werden dem Kunden w\u00e4hrend des Migrationsprojekt die tempor\u00e4r ben\u00f6tigte Hardware, sowie Lizenzen und Integrationswerkzeuge von uns zur Verf\u00fcgung gestellt.<\/p>\n<p>Erwarten Sie grosse Ver\u00e4nderungen? Wir bieten Ihnen eine umfangreiche Unterst\u00fctzung in der Planung und Konzeption, sowie bei der Umsetzung und Kontrolle. Gerne erwarten wir Ihre Kontaktaufnahme.<\/p>\n<p>\n<\/div><\/div><\/div><\/div><div class=\"kc-elm kc-css-872286 kc_accordion_section group \"><h3 class=\"kc_accordion_header ui-accordion-header\"><span class=\"ui-accordion-header-icon ui-icon\"><\/span><a href=\"#rearchive\" data-prevent=\"scroll\"><i class=\"\"><\/i> ReArchive<\/a><\/h3><div class=\"kc_accordion_content ui-accordion-content kc_clearfix\"><div class=\"kc-panel-body\"><div class=\"kc-elm kc-css-665917 kc_text_block\"><\/p>\n<p>\nWird die Archivierung von ausgehenden Dokumenten im Bereich Materials Management und Sales Distribution nicht mit Einf\u00fchrung des SAP-Systems begonnen, besteht h\u00e4ufig der Wunsch eine Nach\u00adarchivierung aller bisher gedruckten ausgehenden Belege durchzuf\u00fchren. Diese Anforderung wird von unserem L\u00f6sungspaket Rearchive for SAP erf\u00fcllt.<\/p>\n<p>Das in diesem L\u00f6sungspaket angebotene Programm erm\u00f6glicht die Nacharchivierung folgender Objekte im SAP:<\/p>\n<ul>\n<li>Einkaufsdokumente<\/li>\n<li>Verkaufsdokumente<\/li>\n<li>Versanddokumente<\/li>\n<li>Fakturierungsdokumente<\/li>\n<\/ul>\n<p>\n<\/div><div class=\"kc-elm kc-css-724874 kc_text_block\"><\/p>\n<p>\nDas Programm arbeitet mit den aktuell verf\u00fcgbaren Daten. Bei \u00c4nderungen der Daten nach dem Druck werden Belege mit den ver\u00e4nderten Daten archiviert. Dies gilt sowohl f\u00fcr die SAP-Script als auch f\u00fcr Formulare in der OpenText-Formularverwaltung. Die L\u00f6sung beinhaltet die Lieferung des Programms zusammen mit einer ausf\u00fchrlichen Dokumentation per Mail.<\/p>\n<p>Damit eine Nacharchivierung m\u00f6glich ist, m\u00fcssen folgende Voraussetzungen erf\u00fcllt sein:<\/p>\n<ul>\n<li>Alle dazu ben\u00f6tigten Daten m\u00fcssen noch im System vorhanden sein.<\/li>\n<li>Alle gedruckten Belege m\u00fcssen \u00fcber die Nachrichtensteuerung ausgegeben worden sein.<\/li>\n<li>Alle gedruckten Belege m\u00fcssen noch in der Tabelle NAST vorhanden sein.<\/li>\n<li>Das Customizing zur Archivierung der entsprechenden Nachrichtenarten muss vorhanden sein, da dieses Customizing zur Findung der richtigen Dokumentart bei der Archivierung herangezogen wird.<\/li>\n<\/ul>\n<p>\n<\/div><\/div><\/div><\/div><\/div>\n<div class=\"kc-elm kc-css-974785\" style=\"height: 40px; clear: both; width:100%;\"><\/div><\/div><\/div><div class=\"kc-elm kc-css-556636 kc_col-sm-4 kc_column kc_col-sm-4\"><div class=\"kc-col-container\"><div class=\"kc-elm kc-css-621810 kc_text_block\"><\/p>\n<h2><strong>Gianni Antenna<\/strong><\/h2>\n<p><img loading=\"lazy\" decoding=\"async\" class=\"alignnone size-medium\" src=\"https:\/\/dataworld.com\/wp-content\/uploads\/2019\/11\/3F0A1138.jpg\" alt=\"\" width=\"2110\" height=\"1407\">Kontaktieren Sie mich f\u00fcr weitere Informationen:<br \/>+41 58 591 90 00<br \/><a href=\"mailto:gianni.antenna@dataworld.com\">gianni.antenna@dataworld.com<\/a><\/p>\n<p>\n<\/div><div class=\"kc-elm kc-css-712498\" style=\"height: 20px; clear: both; width:100%;\"><\/div><div class=\"kc-elm kc-css-977210 list-post-type list-post category \">No posts found<\/div><\/div><\/div><\/div><\/div><\/section><\/p>\n","protected":false},"excerpt":{"rendered":"","protected":false},"author":2,"featured_media":0,"parent":2330,"menu_order":0,"comment_status":"closed","ping_status":"closed","template":"","meta":{"footnotes":""},"class_list":["post-2328","page","type-page","status-publish","hentry"],"yoast_head":"<!-- This site is optimized with the Yoast SEO plugin v27.4 - https:\/\/yoast.com\/product\/yoast-seo-wordpress\/ -->\n<title>dW L\u00f6sungen - dataworld<\/title>\n<meta name=\"description\" content=\"Resultierend aus unserer langj\u00e4hrigen Projekterfahrung im Umfeld der SAP Datenarchivierung bieten wir gegenw\u00e4rtig folgende L\u00f6sungskomponente an:\" \/>\n<meta name=\"robots\" content=\"index, follow, max-snippet:-1, max-image-preview:large, max-video-preview:-1\" \/>\n<link rel=\"canonical\" href=\"https:\/\/dataworld.com\/de\/losungen\/dw-losungen\/\" \/>\n<meta property=\"og:locale\" content=\"de_DE\" \/>\n<meta property=\"og:type\" content=\"article\" \/>\n<meta property=\"og:title\" content=\"dW L\u00f6sungen - dataworld\" \/>\n<meta property=\"og:description\" content=\"Resultierend aus unserer langj\u00e4hrigen Projekterfahrung im Umfeld der SAP Datenarchivierung bieten wir gegenw\u00e4rtig folgende L\u00f6sungskomponente an:\" \/>\n<meta property=\"og:url\" content=\"https:\/\/dataworld.com\/de\/losungen\/dw-losungen\/\" \/>\n<meta property=\"og:site_name\" content=\"dataworld\" \/>\n<meta property=\"article:publisher\" content=\"https:\/\/www.facebook.com\/dataworldconsulting\/\" \/>\n<meta property=\"article:modified_time\" content=\"2023-05-30T09:01:31+00:00\" \/>\n<meta property=\"og:image\" content=\"https:\/\/dataworld.com\/wp-content\/uploads\/2019\/11\/3F0A1138.jpg\" \/>\n<meta name=\"twitter:card\" content=\"summary_large_image\" \/>\n<meta name=\"twitter:site\" content=\"@dW_dataworld\" \/>\n<meta name=\"twitter:label1\" content=\"Gesch\u00e4tzte Lesezeit\" \/>\n\t<meta name=\"twitter:data1\" content=\"3\u00a0Minuten\" \/>\n<script type=\"application\/ld+json\" class=\"yoast-schema-graph\">{\"@context\":\"https:\\\/\\\/schema.org\",\"@graph\":[{\"@type\":\"WebPage\",\"@id\":\"https:\\\/\\\/dataworld.com\\\/de\\\/losungen\\\/dw-losungen\\\/\",\"url\":\"https:\\\/\\\/dataworld.com\\\/de\\\/losungen\\\/dw-losungen\\\/\",\"name\":\"dW L\u00f6sungen - dataworld\",\"isPartOf\":{\"@id\":\"https:\\\/\\\/dataworld.com\\\/de\\\/#website\"},\"primaryImageOfPage\":{\"@id\":\"https:\\\/\\\/dataworld.com\\\/de\\\/losungen\\\/dw-losungen\\\/#primaryimage\"},\"image\":{\"@id\":\"https:\\\/\\\/dataworld.com\\\/de\\\/losungen\\\/dw-losungen\\\/#primaryimage\"},\"thumbnailUrl\":\"https:\\\/\\\/dataworld.com\\\/wp-content\\\/uploads\\\/2019\\\/11\\\/3F0A1138.jpg\",\"datePublished\":\"2019-11-05T20:14:41+00:00\",\"dateModified\":\"2023-05-30T09:01:31+00:00\",\"description\":\"Resultierend aus unserer langj\u00e4hrigen Projekterfahrung im Umfeld der SAP Datenarchivierung bieten wir gegenw\u00e4rtig folgende L\u00f6sungskomponente an:\",\"breadcrumb\":{\"@id\":\"https:\\\/\\\/dataworld.com\\\/de\\\/losungen\\\/dw-losungen\\\/#breadcrumb\"},\"inLanguage\":\"de\",\"potentialAction\":[{\"@type\":\"ReadAction\",\"target\":[\"https:\\\/\\\/dataworld.com\\\/de\\\/losungen\\\/dw-losungen\\\/\"]}]},{\"@type\":\"ImageObject\",\"inLanguage\":\"de\",\"@id\":\"https:\\\/\\\/dataworld.com\\\/de\\\/losungen\\\/dw-losungen\\\/#primaryimage\",\"url\":\"https:\\\/\\\/dataworld.com\\\/wp-content\\\/uploads\\\/2019\\\/11\\\/3F0A1138.jpg\",\"contentUrl\":\"https:\\\/\\\/dataworld.com\\\/wp-content\\\/uploads\\\/2019\\\/11\\\/3F0A1138.jpg\"},{\"@type\":\"BreadcrumbList\",\"@id\":\"https:\\\/\\\/dataworld.com\\\/de\\\/losungen\\\/dw-losungen\\\/#breadcrumb\",\"itemListElement\":[{\"@type\":\"ListItem\",\"position\":1,\"name\":\"Home\",\"item\":\"https:\\\/\\\/dataworld.com\\\/de\\\/\"},{\"@type\":\"ListItem\",\"position\":2,\"name\":\"L\u00f6sungen\",\"item\":\"https:\\\/\\\/dataworld.com\\\/de\\\/losungen\\\/\"},{\"@type\":\"ListItem\",\"position\":3,\"name\":\"dW L\u00f6sungen\"}]},{\"@type\":\"WebSite\",\"@id\":\"https:\\\/\\\/dataworld.com\\\/de\\\/#website\",\"url\":\"https:\\\/\\\/dataworld.com\\\/de\\\/\",\"name\":\"dataworld\",\"description\":\"wir gestalten Ihre S4 Journey\",\"publisher\":{\"@id\":\"https:\\\/\\\/dataworld.com\\\/de\\\/#organization\"},\"potentialAction\":[{\"@type\":\"SearchAction\",\"target\":{\"@type\":\"EntryPoint\",\"urlTemplate\":\"https:\\\/\\\/dataworld.com\\\/de\\\/?s={search_term_string}\"},\"query-input\":{\"@type\":\"PropertyValueSpecification\",\"valueRequired\":true,\"valueName\":\"search_term_string\"}}],\"inLanguage\":\"de\"},{\"@type\":\"Organization\",\"@id\":\"https:\\\/\\\/dataworld.com\\\/de\\\/#organization\",\"name\":\"Data Work Consulting AG\",\"url\":\"https:\\\/\\\/dataworld.com\\\/de\\\/\",\"logo\":{\"@type\":\"ImageObject\",\"inLanguage\":\"de\",\"@id\":\"https:\\\/\\\/dataworld.com\\\/de\\\/#\\\/schema\\\/logo\\\/image\\\/\",\"url\":\"https:\\\/\\\/dataworld.com\\\/wp-content\\\/uploads\\\/2019\\\/11\\\/Quadrat.jpg\",\"contentUrl\":\"https:\\\/\\\/dataworld.com\\\/wp-content\\\/uploads\\\/2019\\\/11\\\/Quadrat.jpg\",\"width\":378,\"height\":378,\"caption\":\"Data Work Consulting AG\"},\"image\":{\"@id\":\"https:\\\/\\\/dataworld.com\\\/de\\\/#\\\/schema\\\/logo\\\/image\\\/\"},\"sameAs\":[\"https:\\\/\\\/www.facebook.com\\\/dataworldconsulting\\\/\",\"https:\\\/\\\/x.com\\\/dW_dataworld\"]}]}<\/script>\n<!-- \/ Yoast SEO plugin. -->","yoast_head_json":{"title":"dW L\u00f6sungen - dataworld","description":"Resultierend aus unserer langj\u00e4hrigen Projekterfahrung im Umfeld der SAP Datenarchivierung bieten wir gegenw\u00e4rtig folgende L\u00f6sungskomponente an:","robots":{"index":"index","follow":"follow","max-snippet":"max-snippet:-1","max-image-preview":"max-image-preview:large","max-video-preview":"max-video-preview:-1"},"canonical":"https:\/\/dataworld.com\/de\/losungen\/dw-losungen\/","og_locale":"de_DE","og_type":"article","og_title":"dW L\u00f6sungen - dataworld","og_description":"Resultierend aus unserer langj\u00e4hrigen Projekterfahrung im Umfeld der SAP Datenarchivierung bieten wir gegenw\u00e4rtig folgende L\u00f6sungskomponente an:","og_url":"https:\/\/dataworld.com\/de\/losungen\/dw-losungen\/","og_site_name":"dataworld","article_publisher":"https:\/\/www.facebook.com\/dataworldconsulting\/","article_modified_time":"2023-05-30T09:01:31+00:00","og_image":[{"url":"https:\/\/dataworld.com\/wp-content\/uploads\/2019\/11\/3F0A1138.jpg","type":"","width":"","height":""}],"twitter_card":"summary_large_image","twitter_site":"@dW_dataworld","twitter_misc":{"Gesch\u00e4tzte Lesezeit":"3\u00a0Minuten"},"schema":{"@context":"https:\/\/schema.org","@graph":[{"@type":"WebPage","@id":"https:\/\/dataworld.com\/de\/losungen\/dw-losungen\/","url":"https:\/\/dataworld.com\/de\/losungen\/dw-losungen\/","name":"dW L\u00f6sungen - dataworld","isPartOf":{"@id":"https:\/\/dataworld.com\/de\/#website"},"primaryImageOfPage":{"@id":"https:\/\/dataworld.com\/de\/losungen\/dw-losungen\/#primaryimage"},"image":{"@id":"https:\/\/dataworld.com\/de\/losungen\/dw-losungen\/#primaryimage"},"thumbnailUrl":"https:\/\/dataworld.com\/wp-content\/uploads\/2019\/11\/3F0A1138.jpg","datePublished":"2019-11-05T20:14:41+00:00","dateModified":"2023-05-30T09:01:31+00:00","description":"Resultierend aus unserer langj\u00e4hrigen Projekterfahrung im Umfeld der SAP Datenarchivierung bieten wir gegenw\u00e4rtig folgende L\u00f6sungskomponente an:","breadcrumb":{"@id":"https:\/\/dataworld.com\/de\/losungen\/dw-losungen\/#breadcrumb"},"inLanguage":"de","potentialAction":[{"@type":"ReadAction","target":["https:\/\/dataworld.com\/de\/losungen\/dw-losungen\/"]}]},{"@type":"ImageObject","inLanguage":"de","@id":"https:\/\/dataworld.com\/de\/losungen\/dw-losungen\/#primaryimage","url":"https:\/\/dataworld.com\/wp-content\/uploads\/2019\/11\/3F0A1138.jpg","contentUrl":"https:\/\/dataworld.com\/wp-content\/uploads\/2019\/11\/3F0A1138.jpg"},{"@type":"BreadcrumbList","@id":"https:\/\/dataworld.com\/de\/losungen\/dw-losungen\/#breadcrumb","itemListElement":[{"@type":"ListItem","position":1,"name":"Home","item":"https:\/\/dataworld.com\/de\/"},{"@type":"ListItem","position":2,"name":"L\u00f6sungen","item":"https:\/\/dataworld.com\/de\/losungen\/"},{"@type":"ListItem","position":3,"name":"dW L\u00f6sungen"}]},{"@type":"WebSite","@id":"https:\/\/dataworld.com\/de\/#website","url":"https:\/\/dataworld.com\/de\/","name":"dataworld","description":"wir gestalten Ihre S4 Journey","publisher":{"@id":"https:\/\/dataworld.com\/de\/#organization"},"potentialAction":[{"@type":"SearchAction","target":{"@type":"EntryPoint","urlTemplate":"https:\/\/dataworld.com\/de\/?s={search_term_string}"},"query-input":{"@type":"PropertyValueSpecification","valueRequired":true,"valueName":"search_term_string"}}],"inLanguage":"de"},{"@type":"Organization","@id":"https:\/\/dataworld.com\/de\/#organization","name":"Data Work Consulting AG","url":"https:\/\/dataworld.com\/de\/","logo":{"@type":"ImageObject","inLanguage":"de","@id":"https:\/\/dataworld.com\/de\/#\/schema\/logo\/image\/","url":"https:\/\/dataworld.com\/wp-content\/uploads\/2019\/11\/Quadrat.jpg","contentUrl":"https:\/\/dataworld.com\/wp-content\/uploads\/2019\/11\/Quadrat.jpg","width":378,"height":378,"caption":"Data Work Consulting AG"},"image":{"@id":"https:\/\/dataworld.com\/de\/#\/schema\/logo\/image\/"},"sameAs":["https:\/\/www.facebook.com\/dataworldconsulting\/","https:\/\/x.com\/dW_dataworld"]}]}},"_links":{"self":[{"href":"https:\/\/dataworld.com\/de\/wp-json\/wp\/v2\/pages\/2328","targetHints":{"allow":["GET"]}}],"collection":[{"href":"https:\/\/dataworld.com\/de\/wp-json\/wp\/v2\/pages"}],"about":[{"href":"https:\/\/dataworld.com\/de\/wp-json\/wp\/v2\/types\/page"}],"author":[{"embeddable":true,"href":"https:\/\/dataworld.com\/de\/wp-json\/wp\/v2\/users\/2"}],"replies":[{"embeddable":true,"href":"https:\/\/dataworld.com\/de\/wp-json\/wp\/v2\/comments?post=2328"}],"version-history":[{"count":9,"href":"https:\/\/dataworld.com\/de\/wp-json\/wp\/v2\/pages\/2328\/revisions"}],"predecessor-version":[{"id":9767,"href":"https:\/\/dataworld.com\/de\/wp-json\/wp\/v2\/pages\/2328\/revisions\/9767"}],"up":[{"embeddable":true,"href":"https:\/\/dataworld.com\/de\/wp-json\/wp\/v2\/pages\/2330"}],"wp:attachment":[{"href":"https:\/\/dataworld.com\/de\/wp-json\/wp\/v2\/media?parent=2328"}],"curies":[{"name":"wp","href":"https:\/\/api.w.org\/{rel}","templated":true}]}}