{"id":2327,"date":"2019-11-05T21:15:41","date_gmt":"2019-11-05T20:15:41","guid":{"rendered":"https:\/\/dataworld.com\/sap-digital-asset-management\/"},"modified":"2023-05-30T12:58:45","modified_gmt":"2023-05-30T10:58:45","slug":"sap-digital-asset-management","status":"publish","type":"page","link":"https:\/\/dataworld.com\/de\/losungen\/sap-digital-asset-management\/","title":{"rendered":"SAP Digital Asset Management"},"content":{"rendered":"<p><section class=\"kc-elm kc-css-693514 kc_row\"><div class=\"kc-row-container  kc-container\"><div class=\"kc-wrap-columns\"><div class=\"kc-elm kc-css-336779 kc_col-sm-12 kc_column kc_col-sm-12\"><div class=\"kc-col-container\"><div class=\"kc-elm kc-css-480318 kc-raw-code\">\n\t\t\t<!-- START SAP DAM REVOLUTION SLIDER 6.7.41 --><p class=\"rs-p-wp-fix\"><\/p>\n\t\t\t<rs-module-wrap id=\"rev_slider_30_1_wrapper\" data-source=\"gallery\" style=\"visibility:hidden;background:#b3b3aa;padding:0;margin:0px auto;margin-top:0;margin-bottom:0;\">\n\t\t\t\t<rs-module id=\"rev_slider_30_1\" style=\"\" data-version=\"6.7.41\">\n\t\t\t\t\t<rs-slides style=\"overflow: hidden; position: absolute;\">\n\t\t\t\t\t\t<rs-slide style=\"position: absolute;\" data-key=\"rs-43\" data-title=\"Slide\" data-anim=\"ms:1000;r:0;\" data-in=\"o:0;\" data-out=\"a:false;\">\n\t\t\t\t\t\t\t<img decoding=\"async\" src=\"\/\/dataworld.com\/wp-content\/plugins\/revslider\/sr6\/assets\/assets\/dummy.png\" alt=\"Slide\" title=\"SAP Digital Asset Management\" class=\"rev-slidebg tp-rs-img rs-lazyload\" data-lazyload=\"\/\/dataworld.com\/wp-content\/plugins\/revslider\/sr6\/assets\/assets\/transparent.png\" data-bg=\"c:#b3b3aa;\" data-no-retina>\n<!--\n\t\t\t\t\t\t\t--><rs-layer\n\t\t\t\t\t\t\t\tid=\"slider-30-slide-43-layer-0\" \n\t\t\t\t\t\t\t\tdata-type=\"text\"\n\t\t\t\t\t\t\t\tdata-rsp_ch=\"on\"\n\t\t\t\t\t\t\t\tdata-xy=\"x:c;yo:100px,82px,62px,38px;\"\n\t\t\t\t\t\t\t\tdata-text=\"w:normal;l:22,18,13,8;\"\n\t\t\t\t\t\t\t\tdata-frame_999=\"o:0;st:w;\"\n\t\t\t\t\t\t\t\tstyle=\"z-index:5;font-family:'Raleway';\"\n\t\t\t\t\t\t\t>SAP DAM \n\t\t\t\t\t\t\t<\/rs-layer><!--\n\n\t\t\t\t\t\t\t--><rs-layer\n\t\t\t\t\t\t\t\tid=\"slider-30-slide-43-layer-1\" \n\t\t\t\t\t\t\t\tdata-type=\"text\"\n\t\t\t\t\t\t\t\tdata-rsp_ch=\"on\"\n\t\t\t\t\t\t\t\tdata-xy=\"x:c;yo:155px,128px,97px,59px;\"\n\t\t\t\t\t\t\t\tdata-text=\"w:normal;s:40,33,25,15;l:40,33,25,15;fw:700;\"\n\t\t\t\t\t\t\t\tdata-frame_999=\"o:0;st:w;\"\n\t\t\t\t\t\t\t\tstyle=\"z-index:6;font-family:'Roboto';\"\n\t\t\t\t\t\t\t>Alles rund um Digital Asset Management \n\t\t\t\t\t\t\t<\/rs-layer><!--\n-->\t\t\t\t\t<\/rs-slide>\n\t\t\t\t\t<\/rs-slides>\n\t\t\t\t<\/rs-module>\n\t\t\t\t<script>\n\t\t\t\t\tsetREVStartSize({c: 'rev_slider_30_1',rl:[1240,1024,778,480],el:[300,768,960,720],gw:[1240,1024,778,480],gh:[300,330,251,155],type:'standard',justify:'',layout:'fullwidth',mh:\"0\"});if (window.RS_MODULES!==undefined && window.RS_MODULES.modules!==undefined && window.RS_MODULES.modules[\"revslider301\"]!==undefined) {window.RS_MODULES.modules[\"revslider301\"].once = false;window.revapi30 = undefined;if (window.RS_MODULES.checkMinimal!==undefined) window.RS_MODULES.checkMinimal()}\n\t\t\t\t<\/script>\n\t\t\t<\/rs-module-wrap>\n\t\t\t<!-- END REVOLUTION SLIDER -->\n<\/div><div class=\"kc-elm kc-css-20976\" style=\"height: 80px; clear: both; width:100%;\"><\/div><\/div><\/div><\/div><\/div><\/section><section class=\"kc-elm kc-css-653069 kc_row\"><div class=\"kc-row-container  kc-container\"><div class=\"kc-wrap-columns\"><div class=\"kc-elm kc-css-661584 kc_col-sm-8 kc_column kc_col-sm-8\"><div class=\"kc-col-container\">\n<div class=\"kc-elm kc-css-266381 kc-title-wrap \">\n\n\t<h1 class=\"kc_title\">Was ist SAP Digital Management?<\/h1>\n<\/div>\n<div class=\"kc-elm kc-css-738358\" style=\"height: 20px; clear: both; width:100%;\"><\/div><div class=\"kc-elm kc-css-659953 kc_text_block\"><\/p>\n<p>Die SAP\u00ae Digital Asset Management L\u00f6sung von OpenText unterst\u00fctzt Werbe-, Marketing- und Vertriebsorganisationen bei der Optimierung des Managements von Medienressourcen, wie z.B. Texte, Bilder, Grafiken, Videos, Layouts und vielen mehr. Sie k\u00f6nnen Inhalte unternehmensweit \u2013 und \u00fcber alle Kan\u00e4le hinweg \u2013 effizient erstellen, zentral verwalten und wiederverwenden, indem Sie Verkn\u00fcpfungen zwischen digitalen Assets und Ihren Produkt- und Kundendaten in Unternehmensanwendungen herstellen. Das Ergebnis ist eine h\u00f6here Produktivit\u00e4t und Kreativit\u00e4t, eine bessere Kontrolle der Marken- und Messsteuerung \u00fcber alle Kan\u00e4le hinweg, niedrigere Kosten und h\u00f6here Ertr\u00e4ge bei digitalen Assets.\u00a0<\/p>\n<p>Import und Export von Dateien, sowie deren Anreicherung mit Zusatzinformationen, z\u00e4hlen zu den Hauptfunktionen eines SAP\u00ae Digital Asset Management-System. Weitere wichtige Funktionen stellen das Suchen und Anzeigen von Inhalten dar. DAM erm\u00f6glicht Ihnen eine schnelle und zielgerichtete Suche und steigert so die Produktivit\u00e4t der Mitarbeitenden.<\/p>\n<p>\n<\/div><div class=\"kc-elm kc-css-224172\" style=\"height: 40px; clear: both; width:100%;\"><\/div>\n<div class=\"kc-elm kc-css-910239 kc-title-wrap \">\n\n\t<h1 class=\"kc_title\">Funktionen des Digital Asset Managements<\/h1>\n<\/div>\n<div class=\"kc-elm kc-css-618419\" style=\"height: 20px; clear: both; width:100%;\"><\/div><div class=\"kc-elm kc-css-835206 kc_text_block\"><\/p>\n<p>Import und Export von Dateien, sowie deren Anreicherung mit Zusatzinformationen, z\u00e4hlen zu den Hauptfunktionen eines SAP\u00ae Digital Asset Management-System. Weitere wichtige Funktionen stellen das Suchen und Anzeigen von Inhalten dar. DAM erm\u00f6glicht Ihnen eine schnelle und zielgerichtete Suche und steigert so die Produktivit\u00e4t der Mitarbeitenden.<\/p>\n<p>\n<\/div><div class=\"kc-elm kc-css-898971\" style=\"height: 20px; clear: both; width:100%;\"><\/div><div class=\"kc-elm kc-css-821768 kc-raw-code\"><style>.embed-container { position: relative; padding-bottom: 56.25%; height: 0; overflow: hidden; max-width: 100%; } .embed-container iframe, .embed-container object, .embed-container embed { position: absolute; top: 0; left: 0; width: 100%; height: 100%; }<\/style><div class='embed-container'><iframe src='https:\/\/www.youtube.com\/embed\/8tIFM3fULbw' frameborder='0' allowfullscreen><\/iframe><\/div><\/div><div class=\"kc-elm kc-css-639815\" style=\"height: 80px; clear: both; width:100%;\"><\/div>\n<div class=\"kc-elm kc-css-344977 kc-title-wrap \">\n\n\t<h1 class=\"kc_title\">Wieso ben\u00f6tigen Sie ein DAM System?<\/h1>\n<\/div>\n<div class=\"kc-elm kc-css-630445\" style=\"height: 20px; clear: both; width:100%;\"><\/div><div class=\"kc-elm kc-css-291937 kc_text_block\"><\/p>\n<p>Bei steigendem Umfang der digitalen Assets steigt auch der Koordinationsaufwand und die Gefahr der Doppelspurigkeit. Das Digital Asset Management f\u00fcr SAP-L\u00f6sungen kann hier Abhilfe verschaffen. Durch die zentrale Speicherung der Assets k\u00f6nnen verschiedene Parteien auf die gleichen Inhalte zugreifen und diese analog der im System gesetzten Berechtigungen bearbeiten. Somit werden dezentral gespeicherte Dateien und unterschiedliche Versionen konsolidiert.\u00a0<\/p>\n<p>\n<\/div><div class=\"kc-elm kc-css-82094\" style=\"height: 40px; clear: both; width:100%;\"><\/div>\n<div class=\"kc-elm kc-css-566254\">\n\t<a class=\"kc_button\" href=\"https:\/\/dataworld.com\/wp-content\/uploads\/2019\/11\/Digital-Asset-Management.pdf\" target=\"_self\" title=\"\" onclick=\"\">\n\t\tErfahren Sie mehr im SAP Solution Brief\t<\/a>\n<\/div>\n<div class=\"kc-elm kc-css-376854\" style=\"height: 80px; clear: both; width:100%;\"><\/div><\/div><\/div><div class=\"kc-elm kc-css-831456 kc_col-sm-4 kc_column kc_col-sm-4\"><div class=\"kc-col-container\"><div class=\"kc-elm kc-css-835808 kc_text_block\"><\/p>\n<h2><strong>\u00a0Ismael Hares<\/strong><\/h2>\n<p><img loading=\"lazy\" decoding=\"async\" class=\"alignnone size-medium\" src=\"https:\/\/dataworld.com\/wp-content\/uploads\/2022\/08\/iha_website_v1.2.jpg\" alt=\"\" width=\"865\" height=\"579\" \/><\/p>\n<p style=\"text-align: left;\">\u00a0Kontaktieren Sie mich f\u00fcr weitere\u00a0 \u00a0 \u00a0 \u00a0 \u00a0 \u00a0 \u00a0 \u00a0 \u00a0 \u00a0 \u00a0Informationen:\u00a0<\/p>\n<p style=\"text-align: left;\">\u00a0t <span style=\"font-style: inherit;\">+49 89 205 095 920\u00a0 \u00a0<a href=\"http:\/\/linkedin.com\/in\/ismaelhares\" target=\"_blank\" rel=\"noopener\"><span class=\"ui-provider gr b c d e f g h i j k l m n o p q r s t u v w x y z ab ac ae af ag ah ai aj ak\" dir=\"ltr\">linkedin.com\/in\/ismaelhares<\/span><\/a><\/span><span style=\"font-style: inherit;\">\u00a0 \u00a0 \u00a0 \u00a0 \u00a0 \u00a0 \u00a0 \u00a0 \u00a0 \u00a0 \u00a0 \u00a0 \u00a0\u00a0<\/span><\/p>\n<p>\n<\/div>\n<div class=\"kc-elm kc-css-221828 divider_line\">\n\t<div class=\"divider_inner divider_line1\">\n\t\t\t<\/div>\n<\/div>\n<div class=\"kc-elm kc-css-334732 list-post-type list-post category \">No posts found<\/div><\/div><\/div><\/div><\/div><\/section><section class=\"kc-elm kc-css-934246 kc_row\"><div class=\"kc-row-container  kc-container\"><div class=\"kc-wrap-columns\"><div class=\"kc-elm kc-css-240542 kc_col-sm-4 kc_column kc_col-sm-4\"><div class=\"kc-col-container\"><div class=\"kc-elm kc-css-750501\" style=\"height: 40px; clear: both; width:100%;\"><\/div><div class=\"kc-elm kc-css-192099 kc_shortcode kc_single_image\">\n\n        <a rel=\"prettyPhoto\" class=\"kc-pretty-photo\" href=\"https:\/\/dataworld.com\/wp-content\/uploads\/2019\/11\/opentext-dam-1.png\" title=\"\" target=\"\">\n        <img decoding=\"async\" src=\"https:\/\/dataworld.com\/wp-content\/uploads\/2019\/11\/opentext-dam-1.png\" class=\"\" alt=\"\" \/>    <\/a>\n    <\/div>\n<div class=\"kc-elm kc-css-70075\" style=\"height: 20px; clear: both; width:100%;\"><\/div><\/div><\/div><div class=\"kc-elm kc-css-982350 kc_col-sm-4 kc_column kc_col-sm-4\"><div class=\"kc-col-container\"><div class=\"kc-elm kc-css-596293\" style=\"height: 40px; clear: both; width:100%;\"><\/div><div class=\"kc-elm kc-css-13620 kc_shortcode kc_single_image\">\n\n        <a rel=\"prettyPhoto\" class=\"kc-pretty-photo\" href=\"https:\/\/dataworld.com\/wp-content\/uploads\/2019\/11\/dam.png\" title=\"\" target=\"\">\n        <img decoding=\"async\" src=\"https:\/\/dataworld.com\/wp-content\/uploads\/2019\/11\/dam.png\" class=\"\" alt=\"\" \/>    <\/a>\n    <\/div>\n<\/div><\/div><div class=\"kc-elm kc-css-70544 kc_col-sm-4 kc_column kc_col-sm-4\"><div class=\"kc-col-container\"><div class=\"kc-elm kc-css-481934\" style=\"height: 40px; clear: both; width:100%;\"><\/div><\/div><\/div><\/div><\/div><\/section><\/p>\n","protected":false},"excerpt":{"rendered":"","protected":false},"author":2,"featured_media":0,"parent":2330,"menu_order":0,"comment_status":"closed","ping_status":"closed","template":"","meta":{"footnotes":""},"class_list":["post-2327","page","type-page","status-publish","hentry"],"yoast_head":"<!-- This site is optimized with the Yoast SEO plugin v27.4 - https:\/\/yoast.com\/product\/yoast-seo-wordpress\/ -->\n<title>SAP Digital Asset Management - dataworld<\/title>\n<meta name=\"description\" content=\"Schnelle und zielgerichtete Suche nach Inhalten durch Import und Export von Dateien, sowie deren Anreicherung mit Zusatzinformationen.\" \/>\n<meta name=\"robots\" content=\"index, follow, max-snippet:-1, max-image-preview:large, max-video-preview:-1\" \/>\n<link rel=\"canonical\" href=\"https:\/\/dataworld.com\/de\/losungen\/sap-digital-asset-management\/\" \/>\n<meta property=\"og:locale\" content=\"de_DE\" \/>\n<meta property=\"og:type\" content=\"article\" \/>\n<meta property=\"og:title\" content=\"SAP Digital Asset Management - dataworld\" \/>\n<meta property=\"og:description\" content=\"Schnelle und zielgerichtete Suche nach Inhalten durch Import und Export von Dateien, sowie deren Anreicherung mit Zusatzinformationen.\" \/>\n<meta property=\"og:url\" content=\"https:\/\/dataworld.com\/de\/losungen\/sap-digital-asset-management\/\" \/>\n<meta property=\"og:site_name\" content=\"dataworld\" \/>\n<meta property=\"article:publisher\" content=\"https:\/\/www.facebook.com\/dataworldconsulting\/\" \/>\n<meta property=\"article:modified_time\" content=\"2023-05-30T10:58:45+00:00\" \/>\n<meta property=\"og:image\" content=\"https:\/\/dataworld.com\/wp-content\/uploads\/2022\/08\/iha_website_v1.2.jpg\" \/>\n<meta name=\"twitter:card\" content=\"summary_large_image\" \/>\n<meta name=\"twitter:site\" content=\"@dW_dataworld\" \/>\n<meta name=\"twitter:label1\" content=\"Gesch\u00e4tzte Lesezeit\" \/>\n\t<meta name=\"twitter:data1\" content=\"3\u00a0Minuten\" \/>\n<script type=\"application\/ld+json\" class=\"yoast-schema-graph\">{\"@context\":\"https:\\\/\\\/schema.org\",\"@graph\":[{\"@type\":\"WebPage\",\"@id\":\"https:\\\/\\\/dataworld.com\\\/de\\\/losungen\\\/sap-digital-asset-management\\\/\",\"url\":\"https:\\\/\\\/dataworld.com\\\/de\\\/losungen\\\/sap-digital-asset-management\\\/\",\"name\":\"SAP Digital Asset Management - dataworld\",\"isPartOf\":{\"@id\":\"https:\\\/\\\/dataworld.com\\\/de\\\/#website\"},\"primaryImageOfPage\":{\"@id\":\"https:\\\/\\\/dataworld.com\\\/de\\\/losungen\\\/sap-digital-asset-management\\\/#primaryimage\"},\"image\":{\"@id\":\"https:\\\/\\\/dataworld.com\\\/de\\\/losungen\\\/sap-digital-asset-management\\\/#primaryimage\"},\"thumbnailUrl\":\"https:\\\/\\\/dataworld.com\\\/wp-content\\\/uploads\\\/2022\\\/08\\\/iha_website_v1.2.jpg\",\"datePublished\":\"2019-11-05T20:15:41+00:00\",\"dateModified\":\"2023-05-30T10:58:45+00:00\",\"description\":\"Schnelle und zielgerichtete Suche nach Inhalten durch Import und Export von Dateien, sowie deren Anreicherung mit Zusatzinformationen.\",\"breadcrumb\":{\"@id\":\"https:\\\/\\\/dataworld.com\\\/de\\\/losungen\\\/sap-digital-asset-management\\\/#breadcrumb\"},\"inLanguage\":\"de\",\"potentialAction\":[{\"@type\":\"ReadAction\",\"target\":[\"https:\\\/\\\/dataworld.com\\\/de\\\/losungen\\\/sap-digital-asset-management\\\/\"]}]},{\"@type\":\"ImageObject\",\"inLanguage\":\"de\",\"@id\":\"https:\\\/\\\/dataworld.com\\\/de\\\/losungen\\\/sap-digital-asset-management\\\/#primaryimage\",\"url\":\"https:\\\/\\\/dataworld.com\\\/wp-content\\\/uploads\\\/2022\\\/08\\\/iha_website_v1.2.jpg\",\"contentUrl\":\"https:\\\/\\\/dataworld.com\\\/wp-content\\\/uploads\\\/2022\\\/08\\\/iha_website_v1.2.jpg\"},{\"@type\":\"BreadcrumbList\",\"@id\":\"https:\\\/\\\/dataworld.com\\\/de\\\/losungen\\\/sap-digital-asset-management\\\/#breadcrumb\",\"itemListElement\":[{\"@type\":\"ListItem\",\"position\":1,\"name\":\"Home\",\"item\":\"https:\\\/\\\/dataworld.com\\\/de\\\/\"},{\"@type\":\"ListItem\",\"position\":2,\"name\":\"L\u00f6sungen\",\"item\":\"https:\\\/\\\/dataworld.com\\\/de\\\/losungen\\\/\"},{\"@type\":\"ListItem\",\"position\":3,\"name\":\"SAP Digital Asset Management\"}]},{\"@type\":\"WebSite\",\"@id\":\"https:\\\/\\\/dataworld.com\\\/de\\\/#website\",\"url\":\"https:\\\/\\\/dataworld.com\\\/de\\\/\",\"name\":\"dataworld\",\"description\":\"wir gestalten Ihre S4 Journey\",\"publisher\":{\"@id\":\"https:\\\/\\\/dataworld.com\\\/de\\\/#organization\"},\"potentialAction\":[{\"@type\":\"SearchAction\",\"target\":{\"@type\":\"EntryPoint\",\"urlTemplate\":\"https:\\\/\\\/dataworld.com\\\/de\\\/?s={search_term_string}\"},\"query-input\":{\"@type\":\"PropertyValueSpecification\",\"valueRequired\":true,\"valueName\":\"search_term_string\"}}],\"inLanguage\":\"de\"},{\"@type\":\"Organization\",\"@id\":\"https:\\\/\\\/dataworld.com\\\/de\\\/#organization\",\"name\":\"Data Work Consulting AG\",\"url\":\"https:\\\/\\\/dataworld.com\\\/de\\\/\",\"logo\":{\"@type\":\"ImageObject\",\"inLanguage\":\"de\",\"@id\":\"https:\\\/\\\/dataworld.com\\\/de\\\/#\\\/schema\\\/logo\\\/image\\\/\",\"url\":\"https:\\\/\\\/dataworld.com\\\/wp-content\\\/uploads\\\/2019\\\/11\\\/Quadrat.jpg\",\"contentUrl\":\"https:\\\/\\\/dataworld.com\\\/wp-content\\\/uploads\\\/2019\\\/11\\\/Quadrat.jpg\",\"width\":378,\"height\":378,\"caption\":\"Data Work Consulting AG\"},\"image\":{\"@id\":\"https:\\\/\\\/dataworld.com\\\/de\\\/#\\\/schema\\\/logo\\\/image\\\/\"},\"sameAs\":[\"https:\\\/\\\/www.facebook.com\\\/dataworldconsulting\\\/\",\"https:\\\/\\\/x.com\\\/dW_dataworld\"]}]}<\/script>\n<!-- \/ Yoast SEO plugin. -->","yoast_head_json":{"title":"SAP Digital Asset Management - dataworld","description":"Schnelle und zielgerichtete Suche nach Inhalten durch Import und Export von Dateien, sowie deren Anreicherung mit Zusatzinformationen.","robots":{"index":"index","follow":"follow","max-snippet":"max-snippet:-1","max-image-preview":"max-image-preview:large","max-video-preview":"max-video-preview:-1"},"canonical":"https:\/\/dataworld.com\/de\/losungen\/sap-digital-asset-management\/","og_locale":"de_DE","og_type":"article","og_title":"SAP Digital Asset Management - dataworld","og_description":"Schnelle und zielgerichtete Suche nach Inhalten durch Import und Export von Dateien, sowie deren Anreicherung mit Zusatzinformationen.","og_url":"https:\/\/dataworld.com\/de\/losungen\/sap-digital-asset-management\/","og_site_name":"dataworld","article_publisher":"https:\/\/www.facebook.com\/dataworldconsulting\/","article_modified_time":"2023-05-30T10:58:45+00:00","og_image":[{"url":"https:\/\/dataworld.com\/wp-content\/uploads\/2022\/08\/iha_website_v1.2.jpg","type":"","width":"","height":""}],"twitter_card":"summary_large_image","twitter_site":"@dW_dataworld","twitter_misc":{"Gesch\u00e4tzte Lesezeit":"3\u00a0Minuten"},"schema":{"@context":"https:\/\/schema.org","@graph":[{"@type":"WebPage","@id":"https:\/\/dataworld.com\/de\/losungen\/sap-digital-asset-management\/","url":"https:\/\/dataworld.com\/de\/losungen\/sap-digital-asset-management\/","name":"SAP Digital Asset Management - dataworld","isPartOf":{"@id":"https:\/\/dataworld.com\/de\/#website"},"primaryImageOfPage":{"@id":"https:\/\/dataworld.com\/de\/losungen\/sap-digital-asset-management\/#primaryimage"},"image":{"@id":"https:\/\/dataworld.com\/de\/losungen\/sap-digital-asset-management\/#primaryimage"},"thumbnailUrl":"https:\/\/dataworld.com\/wp-content\/uploads\/2022\/08\/iha_website_v1.2.jpg","datePublished":"2019-11-05T20:15:41+00:00","dateModified":"2023-05-30T10:58:45+00:00","description":"Schnelle und zielgerichtete Suche nach Inhalten durch Import und Export von Dateien, sowie deren Anreicherung mit Zusatzinformationen.","breadcrumb":{"@id":"https:\/\/dataworld.com\/de\/losungen\/sap-digital-asset-management\/#breadcrumb"},"inLanguage":"de","potentialAction":[{"@type":"ReadAction","target":["https:\/\/dataworld.com\/de\/losungen\/sap-digital-asset-management\/"]}]},{"@type":"ImageObject","inLanguage":"de","@id":"https:\/\/dataworld.com\/de\/losungen\/sap-digital-asset-management\/#primaryimage","url":"https:\/\/dataworld.com\/wp-content\/uploads\/2022\/08\/iha_website_v1.2.jpg","contentUrl":"https:\/\/dataworld.com\/wp-content\/uploads\/2022\/08\/iha_website_v1.2.jpg"},{"@type":"BreadcrumbList","@id":"https:\/\/dataworld.com\/de\/losungen\/sap-digital-asset-management\/#breadcrumb","itemListElement":[{"@type":"ListItem","position":1,"name":"Home","item":"https:\/\/dataworld.com\/de\/"},{"@type":"ListItem","position":2,"name":"L\u00f6sungen","item":"https:\/\/dataworld.com\/de\/losungen\/"},{"@type":"ListItem","position":3,"name":"SAP Digital Asset Management"}]},{"@type":"WebSite","@id":"https:\/\/dataworld.com\/de\/#website","url":"https:\/\/dataworld.com\/de\/","name":"dataworld","description":"wir gestalten Ihre S4 Journey","publisher":{"@id":"https:\/\/dataworld.com\/de\/#organization"},"potentialAction":[{"@type":"SearchAction","target":{"@type":"EntryPoint","urlTemplate":"https:\/\/dataworld.com\/de\/?s={search_term_string}"},"query-input":{"@type":"PropertyValueSpecification","valueRequired":true,"valueName":"search_term_string"}}],"inLanguage":"de"},{"@type":"Organization","@id":"https:\/\/dataworld.com\/de\/#organization","name":"Data Work Consulting AG","url":"https:\/\/dataworld.com\/de\/","logo":{"@type":"ImageObject","inLanguage":"de","@id":"https:\/\/dataworld.com\/de\/#\/schema\/logo\/image\/","url":"https:\/\/dataworld.com\/wp-content\/uploads\/2019\/11\/Quadrat.jpg","contentUrl":"https:\/\/dataworld.com\/wp-content\/uploads\/2019\/11\/Quadrat.jpg","width":378,"height":378,"caption":"Data Work Consulting AG"},"image":{"@id":"https:\/\/dataworld.com\/de\/#\/schema\/logo\/image\/"},"sameAs":["https:\/\/www.facebook.com\/dataworldconsulting\/","https:\/\/x.com\/dW_dataworld"]}]}},"_links":{"self":[{"href":"https:\/\/dataworld.com\/de\/wp-json\/wp\/v2\/pages\/2327","targetHints":{"allow":["GET"]}}],"collection":[{"href":"https:\/\/dataworld.com\/de\/wp-json\/wp\/v2\/pages"}],"about":[{"href":"https:\/\/dataworld.com\/de\/wp-json\/wp\/v2\/types\/page"}],"author":[{"embeddable":true,"href":"https:\/\/dataworld.com\/de\/wp-json\/wp\/v2\/users\/2"}],"replies":[{"embeddable":true,"href":"https:\/\/dataworld.com\/de\/wp-json\/wp\/v2\/comments?post=2327"}],"version-history":[{"count":13,"href":"https:\/\/dataworld.com\/de\/wp-json\/wp\/v2\/pages\/2327\/revisions"}],"predecessor-version":[{"id":9859,"href":"https:\/\/dataworld.com\/de\/wp-json\/wp\/v2\/pages\/2327\/revisions\/9859"}],"up":[{"embeddable":true,"href":"https:\/\/dataworld.com\/de\/wp-json\/wp\/v2\/pages\/2330"}],"wp:attachment":[{"href":"https:\/\/dataworld.com\/de\/wp-json\/wp\/v2\/media?parent=2327"}],"curies":[{"name":"wp","href":"https:\/\/api.w.org\/{rel}","templated":true}]}}